{"id":17840,"date":"2016-10-02T12:35:13","date_gmt":"2016-10-02T17:35:13","guid":{"rendered":"https:\/\/blog.espol.edu.ec\/algoritmos101\/?page_id=17840"},"modified":"2026-03-28T15:23:29","modified_gmt":"2026-03-28T20:23:29","slug":"ss-acerca-de","status":"publish","type":"page","link":"https:\/\/blog.espol.edu.ec\/algoritmos101\/senales\/ss-acerca-de\/","title":{"rendered":"Acerca de SS"},"content":{"rendered":"\n<hr class=\"wp-block-separator has-alpha-channel-opacity\" \/>\n\n\n\n<div class=\"wp-block-group has-medium-font-size is-layout-flex wp-block-group-is-layout-flex\">\n<p><a href=\"#bibliografia\">Bibliograf\u00eda<\/a><\/p>\n\n\n\n<p><a href=\"#syllabus\">Syllabus<\/a><\/p>\n<\/div>\n\n\n\n<hr class=\"wp-block-separator has-alpha-channel-opacity\" \/>\n\n\n\n<h2 class=\"wp-block-heading\" id=\"bibliografia\">Bibliograf\u00eda<\/h2>\n\n\n\n<p><strong>Lathi<\/strong> B.P and Green R.A.(2018). Linear Systems and Signals Third Edition. Oxford University Press. <span class=\"a-size-base a-color-base a-text-bold\">ISBN-13:<\/span> <span class=\"a-size-base a-color-base\"> 978-0190200176, <\/span><span class=\"a-size-base a-color-base a-text-bold\">ISBN-10:<\/span> <span class=\"a-size-base a-color-base\"> 0190200170<\/span><\/p>\n\n\n\n<p><span dir=\"ltr\"><strong>Oppenheim<\/strong>, Alan V. &amp; Willsky, Alan S. &amp; Young, Ian T.(1997) Signals and systems 2nd edition) <\/span><span class=\"a-size-base a-color-base a-text-bold\">ISBN-13:<\/span> <span class=\"a-size-base a-color-base\"> 978-0138147570, <\/span><span class=\"a-size-base a-color-base a-text-bold\">ISBN-10:<\/span> <span class=\"a-size-base a-color-base\"> 0138147574<\/span><\/p>\n\n\n\n<p><strong>Hsu<\/strong> P. Hwei, (1995) Schaum's Outline of Signals and Systems 1st Edition, <span class=\"a-size-base a-color-base a-text-bold\">ISBN-13:<\/span> <span class=\"a-size-base a-color-base\"> 978-0070306417, <\/span><span class=\"a-size-base a-color-base a-text-bold\">ISBN-10:<\/span> <span class=\"a-size-base a-color-base\"> 0070306419<\/span><\/p>\n\n\n\n<p><em>Complementarios<\/em>:<\/p>\n\n\n\n<p><strong>Lathi<\/strong> B.P. (1998) Linear Systems and Signals. Berkeley-Cambridge Press. ISBN-0941413357<\/p>\n\n\n\n<p><strong>Oppenheim<\/strong>, Willsky, Nawab. (1998) Se\u00f1ales y Sistemas. Segunda edici\u00f3n. Prentice-Hall. 1998.<\/p>\n\n\n\n<p><strong>Kuo<\/strong>, Benjam\u00edn. (1997) Sistemas de Control Autom\u00e1tico 7ma Ed. \u200e Prentice-Hall. ISBN-13:978-9688807231, ISBN-10:9688807230<\/p>\n\n\n\n<p><strong>Chapra<\/strong> &amp; R. Canale (2010),&nbsp;M\u00e9todos Num\u00e9ricos para Ingenieros. Sexta Edici\u00f3n. Editorial Mc-Graw Hill. M\u00e9xico.<\/p>\n\n\n\n<hr class=\"wp-block-separator has-alpha-channel-opacity\" \/>\n\n\n\n<div class=\"wp-block-group has-medium-font-size is-layout-flex wp-block-group-is-layout-flex\">\n<p><a href=\"#bibliografia\">Bibliograf\u00eda<\/a><\/p>\n\n\n\n<p><a href=\"#syllabus\">Syllabus<\/a><\/p>\n<\/div>\n\n\n\n<hr class=\"wp-block-separator has-alpha-channel-opacity\" \/>\n\n\n\n<h2 class=\"wp-block-heading\" id=\"syllabus\">Syllabus<\/h2>\n\n\n\n<p>Contenido de los cursos modificados por reformas a mallas curriculares.<\/p>\n\n\n\n<p>- <a href=\"http:\/\/www.gestioncurso.espol.edu.ec\/wr-resource\/Contenidocurso\/Archivos\/Spa\/1097\/solicitudaprobadacpEspanol.pdf\">TELG1037<\/a>&nbsp;Se\u00f1ales y Sistemas, <strong><em>desde<\/em><\/strong> 2020<\/p>\n\n\n\n<p>- <a href=\"http:\/\/blog.espol.edu.ec\/algoritmos101\/files\/2025\/12\/TELG1001SenalesYSistemasSyllabus.pdf\">TELG1001<\/a> Se\u00f1ales y Sistemas 2016-2019<\/p>\n\n\n\n<p>- <a href=\"https:\/\/www.fiec.espol.edu.ec\/resources\/syllabus\/telecomunicaciones\/FIEC05058_SISTEMAS_LINEALES.pdf\">FIEC05058<\/a> Sistemas Lineales, 2009-2015<\/p>\n\n\n\n<hr class=\"wp-block-separator has-alpha-channel-opacity\" \/>\n\n\n\n<div class=\"wp-block-group has-medium-font-size is-layout-flex wp-block-group-is-layout-flex\">\n<p><a href=\"#bibliografia\">Bibliograf\u00eda<\/a><\/p>\n\n\n\n<p><a href=\"#syllabus\">Syllabus<\/a><\/p>\n<\/div>\n\n\n\n<hr class=\"wp-block-separator has-alpha-channel-opacity\" \/>\n","protected":false},"excerpt":{"rendered":"<p>Bibliograf\u00eda Syllabus Bibliograf\u00eda Lathi B.P and Green R.A.(2018). Linear Systems and Signals Third Edition. Oxford University Press. ISBN-13: 978-0190200176, ISBN-10: 0190200170 Oppenheim, Alan V. &amp; Willsky, Alan S. &amp; Young, Ian T.(1997) Signals and systems 2nd edition) ISBN-13: 978-0138147570, ISBN-10: 0138147574 Hsu P. Hwei, (1995) Schaum's Outline of Signals and Systems 1st Edition, ISBN-13: 978-0070306417, [&hellip;]<\/p>\n","protected":false},"author":8043,"featured_media":0,"parent":17838,"menu_order":0,"comment_status":"closed","ping_status":"closed","template":"wp-custom-template-p-ginas-ss","meta":{"footnotes":""},"class_list":["post-17840","page","type-page","status-publish","hentry"],"_links":{"self":[{"href":"https:\/\/blog.espol.edu.ec\/algoritmos101\/wp-json\/wp\/v2\/pages\/17840","targetHints":{"allow":["GET"]}}],"collection":[{"href":"https:\/\/blog.espol.edu.ec\/algoritmos101\/wp-json\/wp\/v2\/pages"}],"about":[{"href":"https:\/\/blog.espol.edu.ec\/algoritmos101\/wp-json\/wp\/v2\/types\/page"}],"author":[{"embeddable":true,"href":"https:\/\/blog.espol.edu.ec\/algoritmos101\/wp-json\/wp\/v2\/users\/8043"}],"replies":[{"embeddable":true,"href":"https:\/\/blog.espol.edu.ec\/algoritmos101\/wp-json\/wp\/v2\/comments?post=17840"}],"version-history":[{"count":4,"href":"https:\/\/blog.espol.edu.ec\/algoritmos101\/wp-json\/wp\/v2\/pages\/17840\/revisions"}],"predecessor-version":[{"id":23206,"href":"https:\/\/blog.espol.edu.ec\/algoritmos101\/wp-json\/wp\/v2\/pages\/17840\/revisions\/23206"}],"up":[{"embeddable":true,"href":"https:\/\/blog.espol.edu.ec\/algoritmos101\/wp-json\/wp\/v2\/pages\/17838"}],"wp:attachment":[{"href":"https:\/\/blog.espol.edu.ec\/algoritmos101\/wp-json\/wp\/v2\/media?parent=17840"}],"curies":[{"name":"wp","href":"https:\/\/api.w.org\/{rel}","templated":true}]}}