{"id":17848,"date":"2016-10-04T12:58:00","date_gmt":"2016-10-04T17:58:00","guid":{"rendered":"https:\/\/blog.espol.edu.ec\/algoritmos101\/?page_id=17848"},"modified":"2026-04-06T09:38:10","modified_gmt":"2026-04-06T14:38:10","slug":"ss-recursos","status":"publish","type":"page","link":"https:\/\/blog.espol.edu.ec\/algoritmos101\/senales\/ss-recursos\/","title":{"rendered":"Recursos SS"},"content":{"rendered":"\n<p><a href=\"https:\/\/blog.espol.edu.ec\/algoritmos101\/fprogramacion\/fp-recursos\/\" data-type=\"page\" data-id=\"13584\">Instalar - Python<\/a>  (Fundamentos de Programaci\u00f3n)<\/p>\n\n\n\n<p><a href=\"https:\/\/blog.espol.edu.ec\/algoritmos101\/mnumericos\/mn-recursos\/\" data-type=\"page\" data-id=\"12739\">Resumen - librer\u00edas Python<\/a> (M\u00e9todos Num\u00e9ricos)<\/p>\n\n\n\n<hr class=\"wp-block-separator has-alpha-channel-opacity\" \/>\n\n\n\n<p><a href=\"https:\/\/blog.espol.edu.ec\/algoritmos101\/senales\/recursos-ss\/ss-tablas\/\" data-type=\"page\" data-id=\"17850\">Tablas de transformadas<\/a> Laplace, Fourier, z, Convoluci\u00f3n<\/p>\n\n\n\n<p><a href=\"https:\/\/blog.espol.edu.ec\/algoritmos101\/senales\/algoritmos-telg1001-py\/\" data-type=\"page\" data-id=\"17852\">Algoritmos y funciones: telg1001.py<\/a><\/p>\n","protected":false},"excerpt":{"rendered":"<p>Instalar - Python (Fundamentos de Programaci\u00f3n) Resumen - librer\u00edas Python (M\u00e9todos Num\u00e9ricos) Tablas de transformadas Laplace, Fourier, z, Convoluci\u00f3n Algoritmos y funciones: telg1001.py<\/p>\n","protected":false},"author":8043,"featured_media":0,"parent":17838,"menu_order":0,"comment_status":"closed","ping_status":"closed","template":"wp-custom-template-p-ginas-ss","meta":{"footnotes":""},"class_list":["post-17848","page","type-page","status-publish","hentry"],"_links":{"self":[{"href":"https:\/\/blog.espol.edu.ec\/algoritmos101\/wp-json\/wp\/v2\/pages\/17848","targetHints":{"allow":["GET"]}}],"collection":[{"href":"https:\/\/blog.espol.edu.ec\/algoritmos101\/wp-json\/wp\/v2\/pages"}],"about":[{"href":"https:\/\/blog.espol.edu.ec\/algoritmos101\/wp-json\/wp\/v2\/types\/page"}],"author":[{"embeddable":true,"href":"https:\/\/blog.espol.edu.ec\/algoritmos101\/wp-json\/wp\/v2\/users\/8043"}],"replies":[{"embeddable":true,"href":"https:\/\/blog.espol.edu.ec\/algoritmos101\/wp-json\/wp\/v2\/comments?post=17848"}],"version-history":[{"count":4,"href":"https:\/\/blog.espol.edu.ec\/algoritmos101\/wp-json\/wp\/v2\/pages\/17848\/revisions"}],"predecessor-version":[{"id":24056,"href":"https:\/\/blog.espol.edu.ec\/algoritmos101\/wp-json\/wp\/v2\/pages\/17848\/revisions\/24056"}],"up":[{"embeddable":true,"href":"https:\/\/blog.espol.edu.ec\/algoritmos101\/wp-json\/wp\/v2\/pages\/17838"}],"wp:attachment":[{"href":"https:\/\/blog.espol.edu.ec\/algoritmos101\/wp-json\/wp\/v2\/media?parent=17848"}],"curies":[{"name":"wp","href":"https:\/\/api.w.org\/{rel}","templated":true}]}}