{"id":17850,"date":"2016-10-06T12:59:42","date_gmt":"2016-10-06T17:59:42","guid":{"rendered":"https:\/\/blog.espol.edu.ec\/algoritmos101\/?page_id=17850"},"modified":"2026-04-05T23:58:38","modified_gmt":"2026-04-06T04:58:38","slug":"ss-tablas","status":"publish","type":"page","link":"https:\/\/blog.espol.edu.ec\/algoritmos101\/senales\/ss-tablas\/","title":{"rendered":"Tablas de transformadas y convoluci\u00f3n"},"content":{"rendered":"\n<h3 class=\"wp-block-heading\">Convoluci\u00f3n<\/h3>\n\n\n\n<p><a href=\"https:\/\/blog.espol.edu.ec\/algoritmos101\/ss-u03\/convolucion-integrales-tabla\/\" data-type=\"post\" data-id=\"1286\">Convoluci\u00f3n Integrales - Tabla de pares<\/a><\/p>\n\n\n\n<p><a href=\"https:\/\/blog.espol.edu.ec\/algoritmos101\/ss-u03\/convolucion-tabla-de-propiedades\/\" data-type=\"post\" data-id=\"2043\">Convoluci\u00f3n - Tabla de Propiedades<\/a><\/p>\n\n\n\n<p><a href=\"https:\/\/blog.espol.edu.ec\/algoritmos101\/ss-u06\/convolucion-de-sumas-tabla\/\" data-type=\"post\" data-id=\"1219\">Convoluci\u00f3n de sumas - Tabla<\/a><\/p>\n\n\n\n<h3 class=\"wp-block-heading\">Transformada de Laplace<\/h3>\n\n\n\n<p><a href=\"https:\/\/blog.espol.edu.ec\/algoritmos101\/ss-u04\/transformada-laplace-tabla\/\" data-type=\"post\" data-id=\"1344\">Transformada de Laplace - Tabla de pares<\/a><\/p>\n\n\n\n<p><a href=\"https:\/\/blog.espol.edu.ec\/algoritmos101\/ss-u04\/transformada-laplace-tabla-de-propiedades\/\" data-type=\"post\" data-id=\"1354\">Transformada de Laplace - Tabla de propiedades<\/a><\/p>\n\n\n\n<h3 class=\"wp-block-heading\">Transformada z<\/h3>\n\n\n\n<p><a href=\"https:\/\/blog.espol.edu.ec\/algoritmos101\/ss-u07\/transformada-z-tabla\/\" data-type=\"post\" data-id=\"1413\">Transformada z - Tabla de pares<\/a><\/p>\n\n\n\n<p><a href=\"https:\/\/blog.espol.edu.ec\/algoritmos101\/ss-u07\/transformada-z-tabla-de-propiedades\/\" data-type=\"post\" data-id=\"17811\">Transformada z - Tabla de Propiedades<\/a><\/p>\n\n\n\n<h3 class=\"wp-block-heading\">Transformada de Fourier<\/h3>\n\n\n\n<p><a href=\"https:\/\/blog.espol.edu.ec\/algoritmos101\/ss-u05\/transformada-fourier-tabla\/\" data-type=\"post\" data-id=\"1493\">Transformada de Fourier - Tabla de pares<\/a><\/p>\n\n\n\n<p><a href=\"https:\/\/blog.espol.edu.ec\/algoritmos101\/ss-u05\/transformada-fourier-tabla-de-propiedades\/\" data-type=\"post\" data-id=\"1515\">Transformada de Fourier - Tabla de Propiedades<\/a><\/p>\n\n\n\n<p>&nbsp;<\/p>\n\n\n\n<p><a href=\"https:\/\/blog.espol.edu.ec\/algoritmos101\/ss-u07\/sumatorias-tabla\/\" data-type=\"post\" data-id=\"5287\">Tabla de F\u00f3rmulas Matem\u00e1ticas<\/a><\/p>\n","protected":false},"excerpt":{"rendered":"<p>Convoluci\u00f3n Convoluci\u00f3n Integrales - Tabla de pares Convoluci\u00f3n - Tabla de Propiedades Convoluci\u00f3n de sumas - Tabla Transformada de Laplace Transformada de Laplace - Tabla de pares Transformada de Laplace - Tabla de propiedades Transformada z Transformada z - Tabla de pares Transformada z - Tabla de Propiedades Transformada de Fourier Transformada de Fourier - [&hellip;]<\/p>\n","protected":false},"author":8043,"featured_media":0,"parent":17838,"menu_order":0,"comment_status":"closed","ping_status":"closed","template":"wp-custom-template-p-ginas-ss","meta":{"footnotes":""},"class_list":["post-17850","page","type-page","status-publish","hentry"],"_links":{"self":[{"href":"https:\/\/blog.espol.edu.ec\/algoritmos101\/wp-json\/wp\/v2\/pages\/17850","targetHints":{"allow":["GET"]}}],"collection":[{"href":"https:\/\/blog.espol.edu.ec\/algoritmos101\/wp-json\/wp\/v2\/pages"}],"about":[{"href":"https:\/\/blog.espol.edu.ec\/algoritmos101\/wp-json\/wp\/v2\/types\/page"}],"author":[{"embeddable":true,"href":"https:\/\/blog.espol.edu.ec\/algoritmos101\/wp-json\/wp\/v2\/users\/8043"}],"replies":[{"embeddable":true,"href":"https:\/\/blog.espol.edu.ec\/algoritmos101\/wp-json\/wp\/v2\/comments?post=17850"}],"version-history":[{"count":5,"href":"https:\/\/blog.espol.edu.ec\/algoritmos101\/wp-json\/wp\/v2\/pages\/17850\/revisions"}],"predecessor-version":[{"id":24029,"href":"https:\/\/blog.espol.edu.ec\/algoritmos101\/wp-json\/wp\/v2\/pages\/17850\/revisions\/24029"}],"up":[{"embeddable":true,"href":"https:\/\/blog.espol.edu.ec\/algoritmos101\/wp-json\/wp\/v2\/pages\/17838"}],"wp:attachment":[{"href":"https:\/\/blog.espol.edu.ec\/algoritmos101\/wp-json\/wp\/v2\/media?parent=17850"}],"curies":[{"name":"wp","href":"https:\/\/api.w.org\/{rel}","templated":true}]}}