{"id":18007,"date":"2016-10-16T15:26:24","date_gmt":"2016-10-16T20:26:24","guid":{"rendered":"https:\/\/blog.espol.edu.ec\/algoritmos101\/?page_id=18007"},"modified":"2026-04-06T07:01:58","modified_gmt":"2026-04-06T12:01:58","slug":"ss-ejemplos-2da-evaluacion","status":"publish","type":"page","link":"https:\/\/blog.espol.edu.ec\/algoritmos101\/senales\/ss-ejemplos-2da-evaluacion\/","title":{"rendered":"Ejemplos 2da Evaluaci\u00f3n SS"},"content":{"rendered":"\n<div class=\"wp-block-group alignfull is-style-section-1 has-background has-global-padding is-content-justification-center is-layout-constrained wp-container-core-group-is-layout-2e14306a wp-block-group-is-layout-constrained is-style-section-1--1\" style=\"background-color:#deffde;margin-top:0;margin-bottom:0;padding-top:var(--wp--preset--spacing--30);padding-bottom:var(--wp--preset--spacing--30)\">\n<div data-wp-context=\"{}\" data-wp-interactive=\"core\/query\" data-wp-key=\"9\" data-wp-router-region=\"query-9\" class=\"wp-block-query alignwide is-layout-flow wp-block-query-is-layout-flow\">\n<div class=\"wp-block-group is-nowrap is-layout-flex wp-container-core-group-is-layout-6c531013 wp-block-group-is-layout-flex\"><div class=\"wp-block-query-total\">8 resultados encontrados<\/div>\n\n<div class=\"wp-block-query-total\">Mostrando 1 \u2013 8 de 8<\/div><\/div>\n\n\n\n\n<ul class=\"wp-block-post-template is-layout-flow wp-container-core-post-template-is-layout-3ee800f6 wp-block-post-template-is-layout-flow\"><li data-wp-key=\"post-template-item-2298\" class=\"wp-block-post post-2298 post type-post status-publish format-standard hentry category-ss-s2eva tag-senalessistemas\">\n\n<div class=\"wp-block-group is-nowrap is-layout-flex wp-container-core-group-is-layout-e021f648 wp-block-group-is-layout-flex\" style=\"border-bottom-width:1px;padding-top:var(--wp--preset--spacing--20);padding-bottom:var(--wp--preset--spacing--20)\"><h3 class=\"has-text-align-left no-underline wp-block-post-title has-medium-font-size wp-container-content-9cfa9a5a\"><a href=\"https:\/\/blog.espol.edu.ec\/algoritmos101\/ss-s2eva\/s2eva2016tii_t4-resolver-dominio-frecuencia\/\" target=\"_self\" >s2Eva2016TII_T4 resolver en dominio de frecuencia<\/a><\/h3>\n\n<div class=\"taxonomy-post_tag wp-block-post-terms\"><a href=\"https:\/\/blog.espol.edu.ec\/algoritmos101\/tag\/senalessistemas\/\" rel=\"tag\">se\u00f1ales y sistemas<\/a><\/div><\/div>\n\n<\/li><li data-wp-key=\"post-template-item-2282\" class=\"wp-block-post post-2282 post type-post status-publish format-standard hentry category-ss-s2eva tag-senalessistemas\">\n\n<div class=\"wp-block-group is-nowrap is-layout-flex wp-container-core-group-is-layout-e021f648 wp-block-group-is-layout-flex\" style=\"border-bottom-width:1px;padding-top:var(--wp--preset--spacing--20);padding-bottom:var(--wp--preset--spacing--20)\"><h3 class=\"has-text-align-left no-underline wp-block-post-title has-medium-font-size wp-container-content-9cfa9a5a\"><a href=\"https:\/\/blog.espol.edu.ec\/algoritmos101\/ss-s2eva\/s2eva2016tii_t3-lti-dt-sistemas-en-serie\/\" target=\"_self\" >s2Eva2016TII_T3 LTI DT sistemas en serie<\/a><\/h3>\n\n<div class=\"taxonomy-post_tag wp-block-post-terms\"><a href=\"https:\/\/blog.espol.edu.ec\/algoritmos101\/tag\/senalessistemas\/\" rel=\"tag\">se\u00f1ales y sistemas<\/a><\/div><\/div>\n\n<\/li><li data-wp-key=\"post-template-item-2259\" class=\"wp-block-post post-2259 post type-post status-publish format-standard hentry category-ss-s2eva tag-senalessistemas\">\n\n<div class=\"wp-block-group is-nowrap is-layout-flex wp-container-core-group-is-layout-e021f648 wp-block-group-is-layout-flex\" style=\"border-bottom-width:1px;padding-top:var(--wp--preset--spacing--20);padding-bottom:var(--wp--preset--spacing--20)\"><h3 class=\"has-text-align-left no-underline wp-block-post-title has-medium-font-size wp-container-content-9cfa9a5a\"><a href=\"https:\/\/blog.espol.edu.ec\/algoritmos101\/ss-s2eva\/s2eva2016tii_t2-lti-ct-circuito-rc-respuesta-de-frecuencia-h%cf%89-impulso-ht\/\" target=\"_self\" >s2Eva2016TII_T2 LTI CT Circuito RC respuesta de frecuencia H(\u03c9), impulso h(t)<\/a><\/h3>\n\n<div class=\"taxonomy-post_tag wp-block-post-terms\"><a href=\"https:\/\/blog.espol.edu.ec\/algoritmos101\/tag\/senalessistemas\/\" rel=\"tag\">se\u00f1ales y sistemas<\/a><\/div><\/div>\n\n<\/li><li data-wp-key=\"post-template-item-2832\" class=\"wp-block-post post-2832 post type-post status-publish format-standard hentry category-ss-s2eva tag-senalessistemas\">\n\n<div class=\"wp-block-group is-nowrap is-layout-flex wp-container-core-group-is-layout-e021f648 wp-block-group-is-layout-flex\" style=\"border-bottom-width:1px;padding-top:var(--wp--preset--spacing--20);padding-bottom:var(--wp--preset--spacing--20)\"><h3 class=\"has-text-align-left no-underline wp-block-post-title has-medium-font-size wp-container-content-9cfa9a5a\"><a href=\"https:\/\/blog.espol.edu.ec\/algoritmos101\/ss-s2eva\/s2eva2012ti_t3-lti-dt-causal-coeficientes-de-respuesta-impulso-hn\/\" target=\"_self\" >s2Eva2012TI_T3 LTI DT causal, coeficientes de respuesta impulso h[n]<\/a><\/h3>\n\n<div class=\"taxonomy-post_tag wp-block-post-terms\"><a href=\"https:\/\/blog.espol.edu.ec\/algoritmos101\/tag\/senalessistemas\/\" rel=\"tag\">se\u00f1ales y sistemas<\/a><\/div><\/div>\n\n<\/li><li data-wp-key=\"post-template-item-2814\" class=\"wp-block-post post-2814 post type-post status-publish format-standard hentry category-ss-s2eva tag-senalessistemas\">\n\n<div class=\"wp-block-group is-nowrap is-layout-flex wp-container-core-group-is-layout-e021f648 wp-block-group-is-layout-flex\" style=\"border-bottom-width:1px;padding-top:var(--wp--preset--spacing--20);padding-bottom:var(--wp--preset--spacing--20)\"><h3 class=\"has-text-align-left no-underline wp-block-post-title has-medium-font-size wp-container-content-9cfa9a5a\"><a href=\"https:\/\/blog.espol.edu.ec\/algoritmos101\/ss-s2eva\/s2eva2011ti_t2-lti-dt-determinar-hz-desde-bloques\/\" target=\"_self\" >s2Eva2011TI_T2 LTI DT Determinar H[z] desde bloques<\/a><\/h3>\n\n<div class=\"taxonomy-post_tag wp-block-post-terms\"><a href=\"https:\/\/blog.espol.edu.ec\/algoritmos101\/tag\/senalessistemas\/\" rel=\"tag\">se\u00f1ales y sistemas<\/a><\/div><\/div>\n\n<\/li><li data-wp-key=\"post-template-item-3175\" class=\"wp-block-post post-3175 post type-post status-publish format-standard hentry category-ss-s2eva tag-senalessistemas\">\n\n<div class=\"wp-block-group is-nowrap is-layout-flex wp-container-core-group-is-layout-e021f648 wp-block-group-is-layout-flex\" style=\"border-bottom-width:1px;padding-top:var(--wp--preset--spacing--20);padding-bottom:var(--wp--preset--spacing--20)\"><h3 class=\"has-text-align-left no-underline wp-block-post-title has-medium-font-size wp-container-content-9cfa9a5a\"><a href=\"https:\/\/blog.espol.edu.ec\/algoritmos101\/ss-s2eva\/s2eva2010ti_t3-lti-ct-simplificar-hs-por-bloques\/\" target=\"_self\" >s2Eva2010TI_T3 LTI CT simplificar H(s) por Bloques<\/a><\/h3>\n\n<div class=\"taxonomy-post_tag wp-block-post-terms\"><a href=\"https:\/\/blog.espol.edu.ec\/algoritmos101\/tag\/senalessistemas\/\" rel=\"tag\">se\u00f1ales y sistemas<\/a><\/div><\/div>\n\n<\/li><li data-wp-key=\"post-template-item-2799\" class=\"wp-block-post post-2799 post type-post status-publish format-standard hentry category-ss-s2eva tag-senalessistemas\">\n\n<div class=\"wp-block-group is-nowrap is-layout-flex wp-container-core-group-is-layout-e021f648 wp-block-group-is-layout-flex\" style=\"border-bottom-width:1px;padding-top:var(--wp--preset--spacing--20);padding-bottom:var(--wp--preset--spacing--20)\"><h3 class=\"has-text-align-left no-underline wp-block-post-title has-medium-font-size wp-container-content-9cfa9a5a\"><a href=\"https:\/\/blog.espol.edu.ec\/algoritmos101\/ss-s2eva\/s2eva2010ti_t1-lti-dt-bloqueshz-ecuacion-diferencias\/\" target=\"_self\" >s2Eva2010TI_T1 LTI DT Bloques de H[z] para ecuaci\u00f3n de diferencias<\/a><\/h3>\n\n<div class=\"taxonomy-post_tag wp-block-post-terms\"><a href=\"https:\/\/blog.espol.edu.ec\/algoritmos101\/tag\/senalessistemas\/\" rel=\"tag\">se\u00f1ales y sistemas<\/a><\/div><\/div>\n\n<\/li><li data-wp-key=\"post-template-item-2763\" class=\"wp-block-post post-2763 post type-post status-publish format-standard hentry category-ss-s2eva tag-senalessistemas\">\n\n<div class=\"wp-block-group is-nowrap is-layout-flex wp-container-core-group-is-layout-e021f648 wp-block-group-is-layout-flex\" style=\"border-bottom-width:1px;padding-top:var(--wp--preset--spacing--20);padding-bottom:var(--wp--preset--spacing--20)\"><h3 class=\"has-text-align-left no-underline wp-block-post-title has-medium-font-size wp-container-content-9cfa9a5a\"><a href=\"https:\/\/blog.espol.edu.ec\/algoritmos101\/ss-s2eva\/s2eva2009tii_t2-lti-dt-hnyn-determine-xn\/\" target=\"_self\" >s2Eva2009TII_T2 LTI DT Dado h[n], y[n] determine x[n]<\/a><\/h3>\n\n<div class=\"taxonomy-post_tag wp-block-post-terms\"><a href=\"https:\/\/blog.espol.edu.ec\/algoritmos101\/tag\/senalessistemas\/\" rel=\"tag\">se\u00f1ales y sistemas<\/a><\/div><\/div>\n\n<\/li><\/ul>\n\n\n<div class=\"wp-block-group has-global-padding is-layout-constrained wp-block-group-is-layout-constrained\" style=\"padding-top:var(--wp--preset--spacing--20);padding-bottom:var(--wp--preset--spacing--20)\"><\/div>\n\n\n<\/div>\n<\/div>\n\n\n\n<div class=\"wp-block-columns alignwide are-vertically-aligned-top has-background is-layout-flex wp-container-core-columns-is-layout-28f84493 wp-block-columns-is-layout-flex\" style=\"background-color:#deffde\">\n<div class=\"wp-block-column is-vertically-aligned-top is-layout-flow wp-block-column-is-layout-flow\">\n<h2 class=\"wp-block-heading\" id=\"ejercicios\">Ejercicios - Evaluaciones<\/h2>\n\n\n\n<p><a href=\"https:\/\/blog.espol.edu.ec\/algoritmos101\/senales\/ss-ejercicios-1ra-evaluacion\/\" data-type=\"page\" data-id=\"17996\">Ejercicios 1ra Evaluaci\u00f3n<\/a><\/p>\n\n\n\n<p><a href=\"https:\/\/blog.espol.edu.ec\/algoritmos101\/senales\/ss-ejercicios-2da-evaluacion\/\" data-type=\"page\" data-id=\"17998\">Ejercicios 2da Evaluaci\u00f3n<\/a><\/p>\n\n\n\n<p><a href=\"https:\/\/blog.espol.edu.ec\/algoritmos101\/senales\/ss-ejercicios-3ra-evaluacion\/\" data-type=\"page\" data-id=\"18000\">Ejercicios 3ra Evaluaci\u00f3n<\/a><\/p>\n<\/div>\n\n\n\n<div class=\"wp-block-column is-vertically-aligned-top is-layout-flow wp-block-column-is-layout-flow\">\n<h2 class=\"wp-block-heading\" id=\"ejemplos\">Ejemplos -  Ejercicios resueltos<\/h2>\n\n\n\n<p><a href=\"https:\/\/blog.espol.edu.ec\/algoritmos101\/senales\/ss-ejemplos-1ra-evaluacion\/\" data-type=\"page\" data-id=\"18005\">Ejemplos 1ra Evaluaci\u00f3n<\/a><\/p>\n\n\n\n<p><a href=\"https:\/\/blog.espol.edu.ec\/algoritmos101\/senales\/ss-ejemplos-2da-evaluacion\/\" data-type=\"page\" data-id=\"18007\">Ejemplos 2da Evaluaci\u00f3n<\/a><\/p>\n\n\n\n<p><a href=\"https:\/\/blog.espol.edu.ec\/algoritmos101\/senales\/ss-ejemplos-3ra-evaluacion\/\" data-type=\"page\" data-id=\"18009\">Ejemplos 3ra Evaluaci\u00f3n<\/a><\/p>\n<\/div>\n<\/div>\n","protected":false},"excerpt":{"rendered":"<p>Ejercicios - Evaluaciones Ejercicios 1ra Evaluaci\u00f3n Ejercicios 2da Evaluaci\u00f3n Ejercicios 3ra Evaluaci\u00f3n Ejemplos - Ejercicios resueltos Ejemplos 1ra Evaluaci\u00f3n Ejemplos 2da Evaluaci\u00f3n Ejemplos 3ra Evaluaci\u00f3n<\/p>\n","protected":false},"author":8043,"featured_media":0,"parent":17838,"menu_order":0,"comment_status":"closed","ping_status":"closed","template":"wp-custom-template-p-ginas-ss","meta":{"footnotes":""},"class_list":["post-18007","page","type-page","status-publish","hentry"],"_links":{"self":[{"href":"https:\/\/blog.espol.edu.ec\/algoritmos101\/wp-json\/wp\/v2\/pages\/18007","targetHints":{"allow":["GET"]}}],"collection":[{"href":"https:\/\/blog.espol.edu.ec\/algoritmos101\/wp-json\/wp\/v2\/pages"}],"about":[{"href":"https:\/\/blog.espol.edu.ec\/algoritmos101\/wp-json\/wp\/v2\/types\/page"}],"author":[{"embeddable":true,"href":"https:\/\/blog.espol.edu.ec\/algoritmos101\/wp-json\/wp\/v2\/users\/8043"}],"replies":[{"embeddable":true,"href":"https:\/\/blog.espol.edu.ec\/algoritmos101\/wp-json\/wp\/v2\/comments?post=18007"}],"version-history":[{"count":5,"href":"https:\/\/blog.espol.edu.ec\/algoritmos101\/wp-json\/wp\/v2\/pages\/18007\/revisions"}],"predecessor-version":[{"id":24053,"href":"https:\/\/blog.espol.edu.ec\/algoritmos101\/wp-json\/wp\/v2\/pages\/18007\/revisions\/24053"}],"up":[{"embeddable":true,"href":"https:\/\/blog.espol.edu.ec\/algoritmos101\/wp-json\/wp\/v2\/pages\/17838"}],"wp:attachment":[{"href":"https:\/\/blog.espol.edu.ec\/algoritmos101\/wp-json\/wp\/v2\/media?parent=18007"}],"curies":[{"name":"wp","href":"https:\/\/api.w.org\/{rel}","templated":true}]}}