{"id":18009,"date":"2016-10-16T15:28:19","date_gmt":"2016-10-16T20:28:19","guid":{"rendered":"https:\/\/blog.espol.edu.ec\/algoritmos101\/?page_id=18009"},"modified":"2026-04-06T07:02:15","modified_gmt":"2026-04-06T12:02:15","slug":"ss-ejemplos-3ra-evaluacion","status":"publish","type":"page","link":"https:\/\/blog.espol.edu.ec\/algoritmos101\/senales\/ss-ejemplos-3ra-evaluacion\/","title":{"rendered":"Ejemplos 3ra Evaluaci\u00f3n SS"},"content":{"rendered":"\n<div class=\"wp-block-group alignfull is-style-section-1 has-background has-global-padding is-content-justification-center is-layout-constrained wp-container-core-group-is-layout-2e14306a wp-block-group-is-layout-constrained is-style-section-1--1\" style=\"background-color:#deffde;margin-top:0;margin-bottom:0;padding-top:var(--wp--preset--spacing--30);padding-bottom:var(--wp--preset--spacing--30)\">\n<div data-wp-context=\"{}\" data-wp-interactive=\"core\/query\" data-wp-key=\"9\" data-wp-router-region=\"query-9\" class=\"wp-block-query alignwide is-layout-flow wp-block-query-is-layout-flow\">\n<div class=\"wp-block-group is-nowrap is-layout-flex wp-container-core-group-is-layout-6c531013 wp-block-group-is-layout-flex\"><div class=\"wp-block-query-total\">3 resultados encontrados<\/div>\n\n<div class=\"wp-block-query-total\">Mostrando 1 \u2013 3 de 3<\/div><\/div>\n\n\n\n\n<ul class=\"wp-block-post-template is-layout-flow wp-container-core-post-template-is-layout-3ee800f6 wp-block-post-template-is-layout-flow\"><li data-wp-key=\"post-template-item-5132\" class=\"wp-block-post post-5132 post type-post status-publish format-standard hentry category-ss-s3eva tag-senalessistemas\">\n\n<div class=\"wp-block-group is-nowrap is-layout-flex wp-container-core-group-is-layout-e021f648 wp-block-group-is-layout-flex\" style=\"border-bottom-width:1px;padding-top:var(--wp--preset--spacing--20);padding-bottom:var(--wp--preset--spacing--20)\"><h3 class=\"has-text-align-left no-underline wp-block-post-title has-medium-font-size wp-container-content-9cfa9a5a\"><a href=\"https:\/\/blog.espol.edu.ec\/algoritmos101\/ss-s3eva\/s3eva2016ti_t4-rampa%cf%89-transformada-inversa-fourier\/\" target=\"_self\" >s3Eva2016TI_T4 rampa(\u03c9) - transformada inversa de Fourier<\/a><\/h3>\n\n<div class=\"taxonomy-post_tag wp-block-post-terms\"><a href=\"https:\/\/blog.espol.edu.ec\/algoritmos101\/tag\/senalessistemas\/\" rel=\"tag\">se\u00f1ales y sistemas<\/a><\/div><\/div>\n\n<\/li><li data-wp-key=\"post-template-item-5120\" class=\"wp-block-post post-5120 post type-post status-publish format-standard hentry category-ss-s3eva tag-senalessistemas\">\n\n<div class=\"wp-block-group is-nowrap is-layout-flex wp-container-core-group-is-layout-e021f648 wp-block-group-is-layout-flex\" style=\"border-bottom-width:1px;padding-top:var(--wp--preset--spacing--20);padding-bottom:var(--wp--preset--spacing--20)\"><h3 class=\"has-text-align-left no-underline wp-block-post-title has-medium-font-size wp-container-content-9cfa9a5a\"><a href=\"https:\/\/blog.espol.edu.ec\/algoritmos101\/ss-s3eva\/s3eva2016ti_t3-lti-ct-circuito-rl-respuesta-de-frecuencia\/\" target=\"_self\" >s3Eva2016TI_T3 LTI CT Circuito RL respuesta de frecuencia<\/a><\/h3>\n\n<div class=\"taxonomy-post_tag wp-block-post-terms\"><a href=\"https:\/\/blog.espol.edu.ec\/algoritmos101\/tag\/senalessistemas\/\" rel=\"tag\">se\u00f1ales y sistemas<\/a><\/div><\/div>\n\n<\/li><li data-wp-key=\"post-template-item-5101\" class=\"wp-block-post post-5101 post type-post status-publish format-standard hentry category-ss-s3eva tag-senalessistemas\">\n\n<div class=\"wp-block-group is-nowrap is-layout-flex wp-container-core-group-is-layout-e021f648 wp-block-group-is-layout-flex\" style=\"border-bottom-width:1px;padding-top:var(--wp--preset--spacing--20);padding-bottom:var(--wp--preset--spacing--20)\"><h3 class=\"has-text-align-left no-underline wp-block-post-title has-medium-font-size wp-container-content-9cfa9a5a\"><a href=\"https:\/\/blog.espol.edu.ec\/algoritmos101\/ss-s3eva\/s3eva2016ti_t2-lti-ct-subsistemas-multiplicados-fourier\/\" target=\"_self\" >s3Eva2016TI_T2 LTI CT sub-sistemas h(t) multiplicados con Fourier<\/a><\/h3>\n\n<div class=\"taxonomy-post_tag wp-block-post-terms\"><a href=\"https:\/\/blog.espol.edu.ec\/algoritmos101\/tag\/senalessistemas\/\" rel=\"tag\">se\u00f1ales y sistemas<\/a><\/div><\/div>\n\n<\/li><\/ul>\n\n\n<div class=\"wp-block-group has-global-padding is-layout-constrained wp-block-group-is-layout-constrained\" style=\"padding-top:var(--wp--preset--spacing--20);padding-bottom:var(--wp--preset--spacing--20)\"><\/div>\n\n\n<\/div>\n<\/div>\n\n\n\n<div class=\"wp-block-columns alignwide are-vertically-aligned-top has-background is-layout-flex wp-container-core-columns-is-layout-28f84493 wp-block-columns-is-layout-flex\" style=\"background-color:#deffde\">\n<div class=\"wp-block-column is-vertically-aligned-top is-layout-flow wp-block-column-is-layout-flow\">\n<h2 class=\"wp-block-heading\" id=\"ejercicios\">Ejercicios - Evaluaciones<\/h2>\n\n\n\n<p><a href=\"https:\/\/blog.espol.edu.ec\/algoritmos101\/senales\/ss-ejercicios-1ra-evaluacion\/\" data-type=\"page\" data-id=\"17996\">Ejercicios 1ra Evaluaci\u00f3n<\/a><\/p>\n\n\n\n<p><a href=\"https:\/\/blog.espol.edu.ec\/algoritmos101\/senales\/ss-ejercicios-2da-evaluacion\/\" data-type=\"page\" data-id=\"17998\">Ejercicios 2da Evaluaci\u00f3n<\/a><\/p>\n\n\n\n<p><a href=\"https:\/\/blog.espol.edu.ec\/algoritmos101\/senales\/ss-ejercicios-3ra-evaluacion\/\" data-type=\"page\" data-id=\"18000\">Ejercicios 3ra Evaluaci\u00f3n<\/a><\/p>\n<\/div>\n\n\n\n<div class=\"wp-block-column is-vertically-aligned-top is-layout-flow wp-block-column-is-layout-flow\">\n<h2 class=\"wp-block-heading\" id=\"ejemplos\">Ejemplos -  Ejercicios resueltos<\/h2>\n\n\n\n<p><a href=\"https:\/\/blog.espol.edu.ec\/algoritmos101\/senales\/ss-ejemplos-1ra-evaluacion\/\" data-type=\"page\" data-id=\"18005\">Ejemplos 1ra Evaluaci\u00f3n<\/a><\/p>\n\n\n\n<p><a href=\"https:\/\/blog.espol.edu.ec\/algoritmos101\/senales\/ss-ejemplos-2da-evaluacion\/\" data-type=\"page\" data-id=\"18007\">Ejemplos 2da Evaluaci\u00f3n<\/a><\/p>\n\n\n\n<p><a href=\"https:\/\/blog.espol.edu.ec\/algoritmos101\/senales\/ss-ejemplos-3ra-evaluacion\/\" data-type=\"page\" data-id=\"18009\">Ejemplos 3ra Evaluaci\u00f3n<\/a><\/p>\n<\/div>\n<\/div>\n","protected":false},"excerpt":{"rendered":"<p>Ejercicios - Evaluaciones Ejercicios 1ra Evaluaci\u00f3n Ejercicios 2da Evaluaci\u00f3n Ejercicios 3ra Evaluaci\u00f3n Ejemplos - Ejercicios resueltos Ejemplos 1ra Evaluaci\u00f3n Ejemplos 2da Evaluaci\u00f3n Ejemplos 3ra Evaluaci\u00f3n<\/p>\n","protected":false},"author":8043,"featured_media":0,"parent":17838,"menu_order":0,"comment_status":"closed","ping_status":"closed","template":"wp-custom-template-p-ginas-ss","meta":{"footnotes":""},"class_list":["post-18009","page","type-page","status-publish","hentry"],"_links":{"self":[{"href":"https:\/\/blog.espol.edu.ec\/algoritmos101\/wp-json\/wp\/v2\/pages\/18009","targetHints":{"allow":["GET"]}}],"collection":[{"href":"https:\/\/blog.espol.edu.ec\/algoritmos101\/wp-json\/wp\/v2\/pages"}],"about":[{"href":"https:\/\/blog.espol.edu.ec\/algoritmos101\/wp-json\/wp\/v2\/types\/page"}],"author":[{"embeddable":true,"href":"https:\/\/blog.espol.edu.ec\/algoritmos101\/wp-json\/wp\/v2\/users\/8043"}],"replies":[{"embeddable":true,"href":"https:\/\/blog.espol.edu.ec\/algoritmos101\/wp-json\/wp\/v2\/comments?post=18009"}],"version-history":[{"count":4,"href":"https:\/\/blog.espol.edu.ec\/algoritmos101\/wp-json\/wp\/v2\/pages\/18009\/revisions"}],"predecessor-version":[{"id":24054,"href":"https:\/\/blog.espol.edu.ec\/algoritmos101\/wp-json\/wp\/v2\/pages\/18009\/revisions\/24054"}],"up":[{"embeddable":true,"href":"https:\/\/blog.espol.edu.ec\/algoritmos101\/wp-json\/wp\/v2\/pages\/17838"}],"wp:attachment":[{"href":"https:\/\/blog.espol.edu.ec\/algoritmos101\/wp-json\/wp\/v2\/media?parent=18009"}],"curies":[{"name":"wp","href":"https:\/\/api.w.org\/{rel}","templated":true}]}}