{"id":18293,"date":"2024-10-14T08:05:36","date_gmt":"2024-10-14T13:05:36","guid":{"rendered":"https:\/\/blog.espol.edu.ec\/algoritmos101\/?page_id=18293"},"modified":"2026-03-27T21:33:36","modified_gmt":"2026-03-28T02:33:36","slug":"dsp-unidades","status":"publish","type":"page","link":"https:\/\/blog.espol.edu.ec\/algoritmos101\/dsp-senales\/dsp-unidades\/","title":{"rendered":"Unidades DSP"},"content":{"rendered":"\n<div class=\"wp-block-columns alignwide has-background is-layout-flex wp-container-core-columns-is-layout-28f84493 wp-block-columns-is-layout-flex\" style=\"background-color:#bf701b3d\">\n<div class=\"wp-block-column is-layout-flow wp-block-column-is-layout-flow\">\n<p>1 <a href=\"#unidad1\">Introducci\u00f3n DSP<\/a><\/p>\n\n\n\n<p>2 <a href=\"#unidad2\">Muestreo y Cuantizaci\u00f3n<\/a><\/p>\n\n\n\n<p>3 <a href=\"#unidad3\">An\u00e1lisis espectral<\/a><\/p>\n<\/div>\n\n\n\n<div class=\"wp-block-column is-layout-flow wp-block-column-is-layout-flow\">\n<p>4 <a href=\"#unidad4\">Filtros Digitales<\/a><\/p>\n\n\n\n<p>5 Aplicaciones<\/p>\n<\/div>\n<\/div>\n\n\n\n<hr class=\"wp-block-separator alignwide has-alpha-channel-opacity\" \/>\n\n\n\n<h2 class=\"wp-block-heading has-text-align-center\" id=\"unidad1\">Unidad 1 Introducci\u00f3n DSP<\/h2>\n\n\n\n<div class=\"wp-block-columns alignwide is-layout-flex wp-container-core-columns-is-layout-28f84493 wp-block-columns-is-layout-flex\">\n<div class=\"wp-block-column is-layout-flow wp-block-column-is-layout-flow\">\n<p>1.1 <a href=\"https:\/\/blog.espol.edu.ec\/algoritmos101\/dsp-unidades\/parametros-de-sinusoides\/\">Se\u00f1al - Par\u00e1metros de sinusoides con Sympy<\/a><\/p>\n\n\n\n<p>1.2 <a href=\"https:\/\/blog.espol.edu.ec\/algoritmos101\/dsp-unidades\/periodo-y-desplazamiento-en-tiempo\/\">Se\u00f1al - Periodo y Desplazamiento en tiempo con Sympy<\/a><\/p>\n\n\n\n<p>1.3 <a href=\"https:\/\/blog.espol.edu.ec\/algoritmos101\/dsp-unidades\/senales-suma-por-fasores\/\">Se\u00f1al - Suma por Fasores de igual frecuencia con Sympy<\/a><\/p>\n\n\n\n<p>1.4 <a href=\"https:\/\/blog.espol.edu.ec\/algoritmos101\/dsp-unidades\/espectro-suma-de-sinusoides\/\">Espectro - Suma de sinusoides y la f\u00f3rmula de Euler con Sympy<\/a><\/p>\n<\/div>\n\n\n\n<div class=\"wp-block-column is-layout-flow wp-block-column-is-layout-flow\">\n<p>1.5 <a href=\"https:\/\/blog.espol.edu.ec\/algoritmos101\/dsp-unidades\/espectro-producto-de-sinusoides\/\">Espectro - Producto de sinusoides, AM y BW con Sympy<\/a><\/p>\n\n\n\n<p>1.6 <a href=\"https:\/\/blog.espol.edu.ec\/algoritmos101\/dsp-unidades\/espectro-formato-euler-a-cosenot\/\">Espectro - Formato Euler a coseno(t) con Sympy<\/a><\/p>\n\n\n\n<p>1.7 <a href=\"https:\/\/blog.espol.edu.ec\/algoritmos101\/dsp-unidades\/espectro-operaciones-tiempo-frecuencia\/\">Espectro - Operaciones en dominio de tiempo y frecuencia<\/a><\/p>\n\n\n\n<p>1.8 <a href=\"https:\/\/blog.espol.edu.ec\/algoritmos101\/dsp-unidades\/senales-periodicas-frecuencia-fundamental\/\">Se\u00f1ales Peri\u00f3dicas - frecuencia fundamental<\/a><\/p>\n<\/div>\n<\/div>\n\n\n\n<hr class=\"wp-block-separator alignwide has-alpha-channel-opacity\" \/>\n\n\n\n<div class=\"wp-block-group alignwide has-background has-medium-font-size is-content-justification-center is-layout-flex wp-container-core-group-is-layout-b14ed6ee wp-block-group-is-layout-flex\" style=\"background-color:#bf701b3d;padding-top:var(--wp--preset--spacing--20);padding-bottom:var(--wp--preset--spacing--20)\">\n<p>1 <a href=\"#unidad1\">Introducci\u00f3n<\/a><\/p>\n\n\n\n<p>2 <a href=\"#unidad2\">Muestreo y Cuantizaci\u00f3n<\/a><\/p>\n\n\n\n<p>3 <a href=\"#unidad3\">An\u00e1lisis espectral<\/a><\/p>\n\n\n\n<p>4 <a href=\"#unidad4\">Filtros Digitales<\/a><\/p>\n<\/div>\n\n\n\n<hr class=\"wp-block-separator alignwide has-alpha-channel-opacity\" \/>\n\n\n\n<h2 class=\"wp-block-heading has-text-align-center\" id=\"unidad2\">Unidad 2 Muestreo y Cuantizaci\u00f3n<\/h2>\n\n\n\n<div class=\"wp-block-columns alignwide is-layout-flex wp-container-core-columns-is-layout-28f84493 wp-block-columns-is-layout-flex\">\n<div class=\"wp-block-column is-layout-flow wp-block-column-is-layout-flow\">\n<p>2.1 <a href=\"https:\/\/blog.espol.edu.ec\/algoritmos101\/dsp-unidades\/muestreo-con-python\/\">Muestreo con Python<\/a><\/p>\n\n\n\n<p>2.2 <a href=\"https:\/\/blog.espol.edu.ec\/algoritmos101\/dsp-unidades\/aliasing-con-python\/\">Aliasing con Python<\/a><\/p>\n\n\n\n<p>2.3 <a href=\"https:\/\/blog.espol.edu.ec\/algoritmos101\/dsp-unidades\/espectro-xn-senal-discreta-en-tiempo\/\">Espectro x[n] - Se\u00f1al discreta en tiempo<\/a><\/p>\n\n\n\n<p>2.4 <a href=\"https:\/\/blog.espol.edu.ec\/algoritmos101\/dsp-unidades\/muestreo-reconstruccion-tiempo-sub-sobre-muestreo\/\">Muestreo - Reconstrucci\u00f3n en tiempo, sub y sobre muestreo<\/a><\/p>\n<\/div>\n\n\n\n<div class=\"wp-block-column is-layout-flow wp-block-column-is-layout-flow\">\n<p>2.5 <a href=\"https:\/\/blog.espol.edu.ec\/algoritmos101\/dsp-unidades\/interpola-con-pulso-rectangular\/\">D-to-C - Interpolaci\u00f3n Zero-Order Hold o con pulso rectangular<\/a><\/p>\n\n\n\n<p>2.6 <a href=\"https:\/\/blog.espol.edu.ec\/algoritmos101\/dsp-unidades\/interpolacion-con-pulso-triangular\/\">D-to-C - Interpolaci\u00f3n con pulso triangular<\/a><\/p>\n\n\n\n<p>2.7 <a href=\"https:\/\/blog.espol.edu.ec\/algoritmos101\/dsp-unidades\/interpolacion-con-pulso-sinct\/\">D-to-C - Interpolaci\u00f3n con pulso Sinc(t)<\/a><\/p>\n<\/div>\n<\/div>\n\n\n\n<hr class=\"wp-block-separator alignwide has-alpha-channel-opacity\" \/>\n\n\n\n<div class=\"wp-block-group alignwide has-background has-medium-font-size is-content-justification-center is-layout-flex wp-container-core-group-is-layout-b14ed6ee wp-block-group-is-layout-flex\" style=\"background-color:#bf701b3d;padding-top:var(--wp--preset--spacing--20);padding-bottom:var(--wp--preset--spacing--20)\">\n<p>1 <a href=\"#unidad1\">Introducci\u00f3n<\/a><\/p>\n\n\n\n<p>2 <a href=\"#unidad2\">Muestreo y Cuantizaci\u00f3n<\/a><\/p>\n\n\n\n<p>3 <a href=\"#unidad3\">An\u00e1lisis espectral<\/a><\/p>\n\n\n\n<p>4 <a href=\"#unidad4\">Filtros Digitales<\/a><\/p>\n<\/div>\n\n\n\n<hr class=\"wp-block-separator alignwide has-alpha-channel-opacity\" \/>\n\n\n\n<h2 class=\"wp-block-heading has-text-align-center\" id=\"unidad3\">Unidad 3 An\u00e1lisis espectral<\/h2>\n\n\n\n<div class=\"wp-block-columns alignwide is-layout-flex wp-container-core-columns-is-layout-28f84493 wp-block-columns-is-layout-flex\">\n<div class=\"wp-block-column is-layout-flow wp-block-column-is-layout-flow\">\n<p>3.1 <a href=\"https:\/\/blog.espol.edu.ec\/algoritmos101\/dsp-unidades\/dft-transformada-fourier-discreta-python\/\" data-type=\"link\" data-id=\"https:\/\/blog.espol.edu.ec\/algoritmos101\/dsp-unidades\/dsp-u03\/dft-transformada-fourier-discreta-python\/\">DFT\/IDFT - Transformada de Fourier Discreta con Python<\/a><\/p>\n\n\n\n<p>3.2 <a href=\"https:\/\/blog.espol.edu.ec\/algoritmos101\/dsp-unidades\/dft-pares-dft-dtft-con-python\/\">DFT - Pares DFT \u2194 DTFT con Python<\/a><\/p>\n<\/div>\n\n\n\n<div class=\"wp-block-column is-layout-flow wp-block-column-is-layout-flow\">\n<p>3.3 <a href=\"https:\/\/blog.espol.edu.ec\/algoritmos101\/dsp-unidades\/dft-propiedades-fft-con-python\/\">DFT - Propiedades - FFT con Python<\/a><\/p>\n\n\n\n<p>3.4 <a href=\"https:\/\/blog.espol.edu.ec\/algoritmos101\/dsp-unidades\/idft-propiedades-ifft-con-python\/\">IDFT \u2013 Propiedades \u2013 IFFT con Python<\/a><\/p>\n<\/div>\n<\/div>\n\n\n\n<p><a href=\"https:\/\/blog.espol.edu.ec\/algoritmos101\/dsp-unidades\/dft-tablas-transformadas-fourier-discretas\/\">DFT - Tablas de Transformadas de Fourier Discretas<\/a><\/p>\n\n\n\n<hr class=\"wp-block-separator alignwide has-alpha-channel-opacity\" \/>\n\n\n\n<div class=\"wp-block-group alignwide has-background has-medium-font-size is-content-justification-center is-layout-flex wp-container-core-group-is-layout-b14ed6ee wp-block-group-is-layout-flex\" style=\"background-color:#bf701b3d;padding-top:var(--wp--preset--spacing--20);padding-bottom:var(--wp--preset--spacing--20)\">\n<p>1 <a href=\"#unidad1\">Introducci\u00f3n<\/a><\/p>\n\n\n\n<p>2 <a href=\"#unidad2\">Muestreo y Cuantizaci\u00f3n<\/a><\/p>\n\n\n\n<p>3 <a href=\"#unidad3\">An\u00e1lisis espectral<\/a><\/p>\n\n\n\n<p>4 <a href=\"#unidad4\">Filtros Digitales<\/a><\/p>\n<\/div>\n\n\n\n<hr class=\"wp-block-separator alignwide has-alpha-channel-opacity\" \/>\n\n\n\n<h2 class=\"wp-block-heading has-text-align-center\" id=\"unidad4\">Unidad 4 Filtros Digitales<\/h2>\n\n\n\n<div class=\"wp-block-columns alignwide is-layout-flex wp-container-core-columns-is-layout-28f84493 wp-block-columns-is-layout-flex\">\n<div class=\"wp-block-column is-layout-flow wp-block-column-is-layout-flow\">\n<p>4.1 <a href=\"https:\/\/blog.espol.edu.ec\/algoritmos101\/dsp-unidades\/fir-filtro-de-medias-moviles\/\">FIR - Filtro de Medias M\u00f3viles<\/a><\/p>\n\n\n\n<p><a href=\"https:\/\/blog.espol.edu.ec\/algoritmos101\/dsp-unidades\/fir-filtros-y-convolucion\/\">4.2 FIR \u2013 Filtros y Convoluci\u00f3n<\/a><\/p>\n<\/div>\n\n\n\n<div class=\"wp-block-column is-layout-flow wp-block-column-is-layout-flow\">\n<p><a href=\"https:\/\/blog.espol.edu.ec\/algoritmos101\/dsp-unidades\/fir-respuesta-de-frecuencia\/\">4.3 FIR - Respuesta de frecuencia y superposici\u00f3n<\/a><\/p>\n<\/div>\n<\/div>\n\n\n\n<hr class=\"wp-block-separator alignwide has-alpha-channel-opacity\" \/>\n\n\n\n<div style=\"height:36px\" aria-hidden=\"true\" class=\"wp-block-spacer\"><\/div>\n\n\n\n<hr class=\"wp-block-separator alignwide has-alpha-channel-opacity\" \/>\n\n\n\n<h2 class=\"wp-block-heading has-text-align-center\">Unidades DSP<\/h2>\n\n\n\n<div class=\"wp-block-columns alignwide has-background is-layout-flex wp-container-core-columns-is-layout-28f84493 wp-block-columns-is-layout-flex\" style=\"background-color:#bf701b3d\">\n<div class=\"wp-block-column is-layout-flow wp-block-column-is-layout-flow\">\n<p>1 <a href=\"#unidad1\">Introducci\u00f3n DSP<\/a><\/p>\n\n\n\n<p>2 <a href=\"#unidad2\">Muestreo y Cuantizaci\u00f3n<\/a><\/p>\n\n\n\n<p>3 <a href=\"#unidad3\">An\u00e1lisis espectral<\/a><\/p>\n<\/div>\n\n\n\n<div class=\"wp-block-column is-layout-flow wp-block-column-is-layout-flow\">\n<p>4 <a href=\"#unidad4\">Filtros Digitales<\/a><\/p>\n\n\n\n<p>5 Aplicaciones<\/p>\n<\/div>\n<\/div>\n","protected":false},"excerpt":{"rendered":"<p>1 Introducci\u00f3n DSP 2 Muestreo y Cuantizaci\u00f3n 3 An\u00e1lisis espectral 4 Filtros Digitales 5 Aplicaciones Unidad 1 Introducci\u00f3n DSP 1.1 Se\u00f1al - Par\u00e1metros de sinusoides con Sympy 1.2 Se\u00f1al - Periodo y Desplazamiento en tiempo con Sympy 1.3 Se\u00f1al - Suma por Fasores de igual frecuencia con Sympy 1.4 Espectro - Suma de sinusoides y [&hellip;]<\/p>\n","protected":false},"author":8043,"featured_media":0,"parent":2,"menu_order":0,"comment_status":"closed","ping_status":"closed","template":"wp-custom-template-p-ginas-dsp","meta":{"footnotes":""},"class_list":["post-18293","page","type-page","status-publish","hentry"],"_links":{"self":[{"href":"https:\/\/blog.espol.edu.ec\/algoritmos101\/wp-json\/wp\/v2\/pages\/18293","targetHints":{"allow":["GET"]}}],"collection":[{"href":"https:\/\/blog.espol.edu.ec\/algoritmos101\/wp-json\/wp\/v2\/pages"}],"about":[{"href":"https:\/\/blog.espol.edu.ec\/algoritmos101\/wp-json\/wp\/v2\/types\/page"}],"author":[{"embeddable":true,"href":"https:\/\/blog.espol.edu.ec\/algoritmos101\/wp-json\/wp\/v2\/users\/8043"}],"replies":[{"embeddable":true,"href":"https:\/\/blog.espol.edu.ec\/algoritmos101\/wp-json\/wp\/v2\/comments?post=18293"}],"version-history":[{"count":18,"href":"https:\/\/blog.espol.edu.ec\/algoritmos101\/wp-json\/wp\/v2\/pages\/18293\/revisions"}],"predecessor-version":[{"id":23154,"href":"https:\/\/blog.espol.edu.ec\/algoritmos101\/wp-json\/wp\/v2\/pages\/18293\/revisions\/23154"}],"up":[{"embeddable":true,"href":"https:\/\/blog.espol.edu.ec\/algoritmos101\/wp-json\/wp\/v2\/pages\/2"}],"wp:attachment":[{"href":"https:\/\/blog.espol.edu.ec\/algoritmos101\/wp-json\/wp\/v2\/media?parent=18293"}],"curies":[{"name":"wp","href":"https:\/\/api.w.org\/{rel}","templated":true}]}}