{"id":2,"date":"2024-10-01T20:33:33","date_gmt":"2024-10-02T01:33:33","guid":{"rendered":"http:\/\/blog.espol.edu.ec\/telg1034\/?page_id=2"},"modified":"2026-03-06T05:25:03","modified_gmt":"2026-03-06T10:25:03","slug":"dsp-senales","status":"publish","type":"page","link":"https:\/\/blog.espol.edu.ec\/algoritmos101\/dsp-senales\/","title":{"rendered":"Procesamiento Digital de Se\u00f1ales DSP"},"content":{"rendered":"\n<div class=\"wp-block-media-text alignfull has-media-on-the-right is-stacked-on-mobile has-base-color has-text-color has-background has-link-color wp-elements-b2df2df0efd8a29669e71a19e7fde51c\" style=\"background:linear-gradient(135deg,rgb(190,111,26) 0%,rgb(255,255,255) 100%);padding-top:var(--wp--preset--spacing--20);padding-right:var(--wp--preset--spacing--20);padding-bottom:var(--wp--preset--spacing--20);padding-left:var(--wp--preset--spacing--20)\"><div class=\"wp-block-media-text__content\">\n<p>En esta asignatura\u00a0 se hace una introducci\u00f3n al <strong>Procesamiento Digital de Se\u00f1ales<\/strong> (<strong>DSP<\/strong>, TELG1034), as\u00ed como la simulaci\u00f3n y an\u00e1lisis de los sistemas discretos en el tiempo y frecuencia haciendo \u00e9nfasis en los dise\u00f1os y caracter\u00edsticas de filtros digitales FIR e IIR.<\/p>\n\n\n\n<p>Tambi\u00e9n se analiza la transformada r\u00e1pida de Fourier, culminando en el tratamiento de casos de aplicaci\u00f3n DSP.<\/p>\n<\/div><figure class=\"wp-block-media-text__media\"><img loading=\"lazy\" decoding=\"async\" width=\"640\" height=\"480\" src=\"http:\/\/blog.espol.edu.ec\/algoritmos101\/files\/2024\/11\/espectro_n_coseno_animate.gif\" alt=\"espectro n coseno animate\" class=\"wp-image-18249 size-full\" \/><\/figure><\/div>\n\n\n\n<p><\/p>\n\n\n\n<p><\/p>\n\n\n\n<p><\/p>\n","protected":false},"excerpt":{"rendered":"<p>En esta asignatura\u00a0 se hace una introducci\u00f3n al Procesamiento Digital de Se\u00f1ales (DSP, TELG1034), as\u00ed como la simulaci\u00f3n y an\u00e1lisis de los sistemas discretos en el tiempo y frecuencia haciendo \u00e9nfasis en los dise\u00f1os y caracter\u00edsticas de filtros digitales FIR e IIR. Tambi\u00e9n se analiza la transformada r\u00e1pida de Fourier, culminando en el tratamiento de [&hellip;]<\/p>\n","protected":false},"author":8043,"featured_media":0,"parent":0,"menu_order":0,"comment_status":"closed","ping_status":"closed","template":"wp-custom-template-p-ginas-dsp","meta":{"footnotes":""},"class_list":["post-2","page","type-page","status-publish","hentry"],"_links":{"self":[{"href":"https:\/\/blog.espol.edu.ec\/algoritmos101\/wp-json\/wp\/v2\/pages\/2","targetHints":{"allow":["GET"]}}],"collection":[{"href":"https:\/\/blog.espol.edu.ec\/algoritmos101\/wp-json\/wp\/v2\/pages"}],"about":[{"href":"https:\/\/blog.espol.edu.ec\/algoritmos101\/wp-json\/wp\/v2\/types\/page"}],"author":[{"embeddable":true,"href":"https:\/\/blog.espol.edu.ec\/algoritmos101\/wp-json\/wp\/v2\/users\/8043"}],"replies":[{"embeddable":true,"href":"https:\/\/blog.espol.edu.ec\/algoritmos101\/wp-json\/wp\/v2\/comments?post=2"}],"version-history":[{"count":4,"href":"https:\/\/blog.espol.edu.ec\/algoritmos101\/wp-json\/wp\/v2\/pages\/2\/revisions"}],"predecessor-version":[{"id":21121,"href":"https:\/\/blog.espol.edu.ec\/algoritmos101\/wp-json\/wp\/v2\/pages\/2\/revisions\/21121"}],"wp:attachment":[{"href":"https:\/\/blog.espol.edu.ec\/algoritmos101\/wp-json\/wp\/v2\/media?parent=2"}],"curies":[{"name":"wp","href":"https:\/\/api.w.org\/{rel}","templated":true}]}}