{"id":21446,"date":"2024-10-04T06:17:00","date_gmt":"2024-10-04T11:17:00","guid":{"rendered":"https:\/\/blog.espol.edu.ec\/algoritmos101\/?page_id=21446"},"modified":"2026-04-06T10:41:46","modified_gmt":"2026-04-06T15:41:46","slug":"dsp-recursos","status":"publish","type":"page","link":"https:\/\/blog.espol.edu.ec\/algoritmos101\/dsp-senales\/dsp-recursos\/","title":{"rendered":"Recursos DSP"},"content":{"rendered":"\n<p><a href=\"https:\/\/blog.espol.edu.ec\/algoritmos101\/fprogramacion\/fp-recursos\/\" data-type=\"page\" data-id=\"13584\">Instalar - Python<\/a> (Fundamentos de Programaci\u00f3n)<\/p>\n\n\n\n<p><a href=\"https:\/\/blog.espol.edu.ec\/algoritmos101\/mnumericos\/mn-recursos\/\" data-type=\"page\" data-id=\"12739\">Resumen - librer\u00edas Python<\/a> (M\u00e9todos Num\u00e9ricos)<\/p>\n\n\n\n<p><a href=\"https:\/\/blog.espol.edu.ec\/algoritmos101\/dsp-senales\/dsp-algoritmos-telg1034-py\/\" data-type=\"page\" data-id=\"18266\">Algoritmos y Funciones: telg1034.py<\/a><\/p>\n","protected":false},"excerpt":{"rendered":"<p>Instalar - Python (Fundamentos de Programaci\u00f3n) Resumen - librer\u00edas Python (M\u00e9todos Num\u00e9ricos) Algoritmos y Funciones: telg1034.py<\/p>\n","protected":false},"author":8043,"featured_media":0,"parent":2,"menu_order":0,"comment_status":"closed","ping_status":"closed","template":"wp-custom-template-p-ginas-dsp","meta":{"footnotes":""},"class_list":["post-21446","page","type-page","status-publish","hentry"],"_links":{"self":[{"href":"https:\/\/blog.espol.edu.ec\/algoritmos101\/wp-json\/wp\/v2\/pages\/21446","targetHints":{"allow":["GET"]}}],"collection":[{"href":"https:\/\/blog.espol.edu.ec\/algoritmos101\/wp-json\/wp\/v2\/pages"}],"about":[{"href":"https:\/\/blog.espol.edu.ec\/algoritmos101\/wp-json\/wp\/v2\/types\/page"}],"author":[{"embeddable":true,"href":"https:\/\/blog.espol.edu.ec\/algoritmos101\/wp-json\/wp\/v2\/users\/8043"}],"replies":[{"embeddable":true,"href":"https:\/\/blog.espol.edu.ec\/algoritmos101\/wp-json\/wp\/v2\/comments?post=21446"}],"version-history":[{"count":3,"href":"https:\/\/blog.espol.edu.ec\/algoritmos101\/wp-json\/wp\/v2\/pages\/21446\/revisions"}],"predecessor-version":[{"id":24105,"href":"https:\/\/blog.espol.edu.ec\/algoritmos101\/wp-json\/wp\/v2\/pages\/21446\/revisions\/24105"}],"up":[{"embeddable":true,"href":"https:\/\/blog.espol.edu.ec\/algoritmos101\/wp-json\/wp\/v2\/pages\/2"}],"wp:attachment":[{"href":"https:\/\/blog.espol.edu.ec\/algoritmos101\/wp-json\/wp\/v2\/media?parent=21446"}],"curies":[{"name":"wp","href":"https:\/\/api.w.org\/{rel}","templated":true}]}}