{"id":22066,"date":"2018-03-25T03:00:13","date_gmt":"2018-03-25T08:00:13","guid":{"rendered":"http:\/\/blog.espol.edu.ec\/estg1003\/?page_id=2"},"modified":"2026-03-31T19:25:34","modified_gmt":"2026-04-01T00:25:34","slug":"estocasticos","status":"publish","type":"page","link":"https:\/\/blog.espol.edu.ec\/algoritmos101\/estocasticos\/","title":{"rendered":"Procesos Estoc\u00e1sticos"},"content":{"rendered":"\n<p>Analizar procesos estoc\u00e1sticos utilizados con mayor frecuencia para modelar matem\u00e1ticamente situaciones o fen\u00f3menos naturales con el fin de que el estudiante establezca la idoneidad para predecir el comportamiento futuro.<\/p>\n\n\n\n<figure class=\"wp-block-image aligncenter size-full\"><img loading=\"lazy\" decoding=\"async\" width=\"664\" height=\"416\" src=\"http:\/\/blog.espol.edu.ec\/algoritmos101\/files\/2023\/09\/CallcenterDiagramaMarkov01.png\" alt=\"Call center Diagrama Markov\" class=\"wp-image-17619\" \/><\/figure>\n","protected":false},"excerpt":{"rendered":"<p>Analizar procesos estoc\u00e1sticos utilizados con mayor frecuencia para modelar matem\u00e1ticamente situaciones o fen\u00f3menos naturales con el fin de que el estudiante establezca la idoneidad para predecir el comportamiento futuro.<\/p>\n","protected":false},"author":8043,"featured_media":0,"parent":0,"menu_order":0,"comment_status":"closed","ping_status":"closed","template":"paginas-stp","meta":{"footnotes":""},"class_list":["post-22066","page","type-page","status-publish","hentry"],"_links":{"self":[{"href":"https:\/\/blog.espol.edu.ec\/algoritmos101\/wp-json\/wp\/v2\/pages\/22066","targetHints":{"allow":["GET"]}}],"collection":[{"href":"https:\/\/blog.espol.edu.ec\/algoritmos101\/wp-json\/wp\/v2\/pages"}],"about":[{"href":"https:\/\/blog.espol.edu.ec\/algoritmos101\/wp-json\/wp\/v2\/types\/page"}],"author":[{"embeddable":true,"href":"https:\/\/blog.espol.edu.ec\/algoritmos101\/wp-json\/wp\/v2\/users\/8043"}],"replies":[{"embeddable":true,"href":"https:\/\/blog.espol.edu.ec\/algoritmos101\/wp-json\/wp\/v2\/comments?post=22066"}],"version-history":[{"count":3,"href":"https:\/\/blog.espol.edu.ec\/algoritmos101\/wp-json\/wp\/v2\/pages\/22066\/revisions"}],"predecessor-version":[{"id":23262,"href":"https:\/\/blog.espol.edu.ec\/algoritmos101\/wp-json\/wp\/v2\/pages\/22066\/revisions\/23262"}],"wp:attachment":[{"href":"https:\/\/blog.espol.edu.ec\/algoritmos101\/wp-json\/wp\/v2\/media?parent=22066"}],"curies":[{"name":"wp","href":"https:\/\/api.w.org\/{rel}","templated":true}]}}