{"id":22067,"date":"2018-03-25T16:00:00","date_gmt":"2018-03-25T21:00:00","guid":{"rendered":"https:\/\/blog.espol.edu.ec\/estg1003\/?page_id=2498"},"modified":"2026-03-05T08:05:26","modified_gmt":"2026-03-05T13:05:26","slug":"stp-u02eva-menu","status":"publish","type":"page","link":"https:\/\/blog.espol.edu.ec\/algoritmos101\/estocasticos\/stp-u02eva-menu\/","title":{"rendered":"Unidades 2da Evaluaci\u00f3n STP"},"content":{"rendered":"\n<div data-wp-context=\"{}\" data-wp-interactive=\"core\/query\" data-wp-key=\"9\" data-wp-router-region=\"query-9\" class=\"wp-block-query alignwide is-layout-flow wp-block-query-is-layout-flow\">\n<div class=\"wp-block-group is-nowrap is-layout-flex wp-container-core-group-is-layout-6c531013 wp-block-group-is-layout-flex\"><div class=\"wp-block-query-total\">27 resultados encontrados<\/div>\n\n<div class=\"wp-block-query-total\">Mostrando 1 \u2013 20 de 27<\/div><\/div>\n\n\n<nav class=\"aligncenter wp-block-query-pagination is-layout-flex wp-block-query-pagination-is-layout-flex\" aria-label=\"Paginaci\u00f3n\">\n\n\n<div class=\"wp-block-query-pagination-numbers\"><span data-wp-key=\"index-0\" aria-current=\"page\" class=\"page-numbers current\">1<\/span>\n<a data-wp-key=\"index-1\" data-wp-on--click=\"core\/query::actions.navigate\" class=\"page-numbers\" href=\"?query-9-page=2\">2<\/a><\/div>\n\n<a data-wp-key=\"query-pagination-next\" data-wp-on--click=\"core\/query::actions.navigate\" data-wp-on-async--mouseenter=\"core\/query::actions.prefetch\" data-wp-watch=\"core\/query::callbacks.prefetch\" href=\"\/algoritmos101\/wp-json\/wp\/v2\/pages\/22067?query-9-page=2\" class=\"wp-block-query-pagination-next\">P\u00e1gina siguiente<\/a>\n<\/nav>\n\n<ul class=\"wp-block-post-template is-layout-flow wp-container-core-post-template-is-layout-3ee800f6 wp-block-post-template-is-layout-flow\"><li data-wp-key=\"post-template-item-495\" class=\"wp-block-post post-495 post type-post status-publish format-standard hentry category-stp-u02eva\">\n\n<div class=\"wp-block-group is-nowrap is-layout-flex wp-container-core-group-is-layout-f434bd35 wp-block-group-is-layout-flex\" style=\"border-bottom-width:1px;padding-top:20px;padding-bottom:20px\"><h3 class=\"has-text-align-left no-underline wp-block-post-title has-medium-font-size wp-container-content-9cfa9a5a\"><a href=\"https:\/\/blog.espol.edu.ec\/algoritmos101\/stp-u02eva\/varianza-aleatorias-continuas-discretas\/\" target=\"_self\" >Varianza v.a. Continuas y Discretas<\/a><\/h3>\n\n<\/div>\n\n<\/li><li data-wp-key=\"post-template-item-22019\" class=\"wp-block-post post-22019 post type-post status-publish format-standard hentry category-stp-u02eva\">\n\n<div class=\"wp-block-group is-nowrap is-layout-flex wp-container-core-group-is-layout-f434bd35 wp-block-group-is-layout-flex\" style=\"border-bottom-width:1px;padding-top:20px;padding-bottom:20px\"><h3 class=\"has-text-align-left no-underline wp-block-post-title has-medium-font-size wp-container-content-9cfa9a5a\"><a href=\"https:\/\/blog.espol.edu.ec\/algoritmos101\/stp-u02eva\/variables-aleatorias-continuas\/\" target=\"_self\" >Variables Aleatorias Cont\u00ednuas<\/a><\/h3>\n\n<\/div>\n\n<\/li><li data-wp-key=\"post-template-item-1223\" class=\"wp-block-post post-1223 post type-post status-publish format-standard hentry category-stp-u02eva\">\n\n<div class=\"wp-block-group is-nowrap is-layout-flex wp-container-core-group-is-layout-f434bd35 wp-block-group-is-layout-flex\" style=\"border-bottom-width:1px;padding-top:20px;padding-bottom:20px\"><h3 class=\"has-text-align-left no-underline wp-block-post-title has-medium-font-size wp-container-content-9cfa9a5a\"><a href=\"https:\/\/blog.espol.edu.ec\/algoritmos101\/stp-u02eva\/psd-densidad-espectral-potencia-pm\/\" target=\"_self\" >PSD Densidad espectral de Potencia de PM<\/a><\/h3>\n\n<\/div>\n\n<\/li><li data-wp-key=\"post-template-item-1218\" class=\"wp-block-post post-1218 post type-post status-publish format-standard hentry category-stp-u02eva\">\n\n<div class=\"wp-block-group is-nowrap is-layout-flex wp-container-core-group-is-layout-f434bd35 wp-block-group-is-layout-flex\" style=\"border-bottom-width:1px;padding-top:20px;padding-bottom:20px\"><h3 class=\"has-text-align-left no-underline wp-block-post-title has-medium-font-size wp-container-content-9cfa9a5a\"><a href=\"https:\/\/blog.espol.edu.ec\/algoritmos101\/stp-u02eva\/psd-densidad-espectral-potencia\/\" target=\"_self\" >PSD Densidad Espectral de Potencia Concepto<\/a><\/h3>\n\n<\/div>\n\n<\/li><li data-wp-key=\"post-template-item-22025\" class=\"wp-block-post post-22025 post type-post status-publish format-standard hentry category-stp-u02eva\">\n\n<div class=\"wp-block-group is-nowrap is-layout-flex wp-container-core-group-is-layout-f434bd35 wp-block-group-is-layout-flex\" style=\"border-bottom-width:1px;padding-top:20px;padding-bottom:20px\"><h3 class=\"has-text-align-left no-underline wp-block-post-title has-medium-font-size wp-container-content-9cfa9a5a\"><a href=\"https:\/\/blog.espol.edu.ec\/algoritmos101\/stp-u02eva\/psd-rectangular-triangular\/\" target=\"_self\" >PSD - Rectangular y Triangular<\/a><\/h3>\n\n<\/div>\n\n<\/li><li data-wp-key=\"post-template-item-1247\" class=\"wp-block-post post-1247 post type-post status-publish format-standard hentry category-stp-u02eva\">\n\n<div class=\"wp-block-group is-nowrap is-layout-flex wp-container-core-group-is-layout-f434bd35 wp-block-group-is-layout-flex\" style=\"border-bottom-width:1px;padding-top:20px;padding-bottom:20px\"><h3 class=\"has-text-align-left no-underline wp-block-post-title has-medium-font-size wp-container-content-9cfa9a5a\"><a href=\"https:\/\/blog.espol.edu.ec\/algoritmos101\/stp-u02eva\/procesos-estocasticos-suma-retraso\/\" target=\"_self\" >Procesos Estoc\u00e1sticos - Suma y Retraso<\/a><\/h3>\n\n<\/div>\n\n<\/li><li data-wp-key=\"post-template-item-22022\" class=\"wp-block-post post-22022 post type-post status-publish format-standard hentry category-stp-u02eva\">\n\n<div class=\"wp-block-group is-nowrap is-layout-flex wp-container-core-group-is-layout-f434bd35 wp-block-group-is-layout-flex\" style=\"border-bottom-width:1px;padding-top:20px;padding-bottom:20px\"><h3 class=\"has-text-align-left no-underline wp-block-post-title has-medium-font-size wp-container-content-9cfa9a5a\"><a href=\"https:\/\/blog.espol.edu.ec\/algoritmos101\/stp-u02eva\/proceso-aleatorio-estacionario\/\" target=\"_self\" >Proceso aleatorio estacionario<\/a><\/h3>\n\n<\/div>\n\n<\/li><li data-wp-key=\"post-template-item-22020\" class=\"wp-block-post post-22020 post type-post status-publish format-standard hentry category-stp-u02eva\">\n\n<div class=\"wp-block-group is-nowrap is-layout-flex wp-container-core-group-is-layout-f434bd35 wp-block-group-is-layout-flex\" style=\"border-bottom-width:1px;padding-top:20px;padding-bottom:20px\"><h3 class=\"has-text-align-left no-underline wp-block-post-title has-medium-font-size wp-container-content-9cfa9a5a\"><a href=\"https:\/\/blog.espol.edu.ec\/algoritmos101\/stp-u02eva\/probabilidades-conjuntas-y-marginales-discretas\/\" target=\"_self\" >Probabilidades conjuntas y marginales discretas<\/a><\/h3>\n\n<\/div>\n\n<\/li><li data-wp-key=\"post-template-item-1435\" class=\"wp-block-post post-1435 post type-post status-publish format-standard hentry category-stp-u02eva\">\n\n<div class=\"wp-block-group is-nowrap is-layout-flex wp-container-core-group-is-layout-f434bd35 wp-block-group-is-layout-flex\" style=\"border-bottom-width:1px;padding-top:20px;padding-bottom:20px\"><h3 class=\"has-text-align-left no-underline wp-block-post-title has-medium-font-size wp-container-content-9cfa9a5a\"><a href=\"https:\/\/blog.espol.edu.ec\/algoritmos101\/stp-u02eva\/pmf-modulacion-qpsk\/\" target=\"_self\" >pmf - Modulaci\u00f3n QPSK<\/a><\/h3>\n\n<\/div>\n\n<\/li><li data-wp-key=\"post-template-item-1431\" class=\"wp-block-post post-1431 post type-post status-publish format-standard hentry category-stp-u02eva\">\n\n<div class=\"wp-block-group is-nowrap is-layout-flex wp-container-core-group-is-layout-f434bd35 wp-block-group-is-layout-flex\" style=\"border-bottom-width:1px;padding-top:20px;padding-bottom:20px\"><h3 class=\"has-text-align-left no-underline wp-block-post-title has-medium-font-size wp-container-content-9cfa9a5a\"><a href=\"https:\/\/blog.espol.edu.ec\/algoritmos101\/stp-u02eva\/pmf-modulacion-bpsk\/\" target=\"_self\" >pmf - Modulaci\u00f3n BPSK<\/a><\/h3>\n\n<\/div>\n\n<\/li><li data-wp-key=\"post-template-item-687\" class=\"wp-block-post post-687 post type-post status-publish format-standard hentry category-stp-u02eva\">\n\n<div class=\"wp-block-group is-nowrap is-layout-flex wp-container-core-group-is-layout-f434bd35 wp-block-group-is-layout-flex\" style=\"border-bottom-width:1px;padding-top:20px;padding-bottom:20px\"><h3 class=\"has-text-align-left no-underline wp-block-post-title has-medium-font-size wp-container-content-9cfa9a5a\"><a href=\"https:\/\/blog.espol.edu.ec\/algoritmos101\/stp-u02eva\/pdf-univariada-ejercicio\/\" target=\"_self\" >pdf - univariada Ejercicio<\/a><\/h3>\n\n<\/div>\n\n<\/li><li data-wp-key=\"post-template-item-697\" class=\"wp-block-post post-697 post type-post status-publish format-standard hentry category-stp-u02eva\">\n\n<div class=\"wp-block-group is-nowrap is-layout-flex wp-container-core-group-is-layout-f434bd35 wp-block-group-is-layout-flex\" style=\"border-bottom-width:1px;padding-top:20px;padding-bottom:20px\"><h3 class=\"has-text-align-left no-underline wp-block-post-title has-medium-font-size wp-container-content-9cfa9a5a\"><a href=\"https:\/\/blog.espol.edu.ec\/algoritmos101\/stp-u02eva\/pdf-bivariada-ejercicio\/\" target=\"_self\" >pdf - Bivariada Ejercicios<\/a><\/h3>\n\n<\/div>\n\n<\/li><li data-wp-key=\"post-template-item-561\" class=\"wp-block-post post-561 post type-post status-publish format-standard hentry category-stp-u02eva\">\n\n<div class=\"wp-block-group is-nowrap is-layout-flex wp-container-core-group-is-layout-f434bd35 wp-block-group-is-layout-flex\" style=\"border-bottom-width:1px;padding-top:20px;padding-bottom:20px\"><h3 class=\"has-text-align-left no-underline wp-block-post-title has-medium-font-size wp-container-content-9cfa9a5a\"><a href=\"https:\/\/blog.espol.edu.ec\/algoritmos101\/stp-u02eva\/pares-de-variables-aleatorias-continuas\/\" target=\"_self\" >Pares de variables aleatorias cont\u00ednuas<\/a><\/h3>\n\n<\/div>\n\n<\/li><li data-wp-key=\"post-template-item-22021\" class=\"wp-block-post post-22021 post type-post status-publish format-standard hentry category-stp-u02eva\">\n\n<div class=\"wp-block-group is-nowrap is-layout-flex wp-container-core-group-is-layout-f434bd35 wp-block-group-is-layout-flex\" style=\"border-bottom-width:1px;padding-top:20px;padding-bottom:20px\"><h3 class=\"has-text-align-left no-underline wp-block-post-title has-medium-font-size wp-container-content-9cfa9a5a\"><a href=\"https:\/\/blog.espol.edu.ec\/algoritmos101\/stp-u02eva\/metodo-de-la-transformada\/\" target=\"_self\" >Metodo de la Transformada<\/a><\/h3>\n\n<\/div>\n\n<\/li><li data-wp-key=\"post-template-item-1139\" class=\"wp-block-post post-1139 post type-post status-publish format-standard hentry category-stp-u02eva\">\n\n<div class=\"wp-block-group is-nowrap is-layout-flex wp-container-core-group-is-layout-f434bd35 wp-block-group-is-layout-flex\" style=\"border-bottom-width:1px;padding-top:20px;padding-bottom:20px\"><h3 class=\"has-text-align-left no-underline wp-block-post-title has-medium-font-size wp-container-content-9cfa9a5a\"><a href=\"https:\/\/blog.espol.edu.ec\/algoritmos101\/stp-u02eva\/funciones-variable-aleatoria\/\" target=\"_self\" >Funciones de una Variable aleatoria<\/a><\/h3>\n\n<\/div>\n\n<\/li><li data-wp-key=\"post-template-item-711\" class=\"wp-block-post post-711 post type-post status-publish format-standard hentry category-stp-u02eva\">\n\n<div class=\"wp-block-group is-nowrap is-layout-flex wp-container-core-group-is-layout-f434bd35 wp-block-group-is-layout-flex\" style=\"border-bottom-width:1px;padding-top:20px;padding-bottom:20px\"><h3 class=\"has-text-align-left no-underline wp-block-post-title has-medium-font-size wp-container-content-9cfa9a5a\"><a href=\"https:\/\/blog.espol.edu.ec\/algoritmos101\/stp-u02eva\/covarianza-bivariada\/\" target=\"_self\" >Covarianza bivariada<\/a><\/h3>\n\n<\/div>\n\n<\/li><li data-wp-key=\"post-template-item-1612\" class=\"wp-block-post post-1612 post type-post status-publish format-standard hentry category-stp-u02eva\">\n\n<div class=\"wp-block-group is-nowrap is-layout-flex wp-container-core-group-is-layout-f434bd35 wp-block-group-is-layout-flex\" style=\"border-bottom-width:1px;padding-top:20px;padding-bottom:20px\"><h3 class=\"has-text-align-left no-underline wp-block-post-title has-medium-font-size wp-container-content-9cfa9a5a\"><a href=\"https:\/\/blog.espol.edu.ec\/algoritmos101\/stp-u02eva\/correlacion-suma-de-procesos\/\" target=\"_self\" >correlacion suma de procesos<\/a><\/h3>\n\n<\/div>\n\n<\/li><li data-wp-key=\"post-template-item-22026\" class=\"wp-block-post post-22026 post type-post status-publish format-standard hentry category-stp-u02eva\">\n\n<div class=\"wp-block-group is-nowrap is-layout-flex wp-container-core-group-is-layout-f434bd35 wp-block-group-is-layout-flex\" style=\"border-bottom-width:1px;padding-top:20px;padding-bottom:20px\"><h3 class=\"has-text-align-left no-underline wp-block-post-title has-medium-font-size wp-container-content-9cfa9a5a\"><a href=\"https:\/\/blog.espol.edu.ec\/algoritmos101\/stp-u02eva\/correlacion-multiplicacion-de-procesos\/\" target=\"_self\" >correlacion multiplicaci\u00f3n de procesos<\/a><\/h3>\n\n<\/div>\n\n<\/li><li data-wp-key=\"post-template-item-2137\" class=\"wp-block-post post-2137 post type-post status-publish format-standard hentry category-stp-u02eva\">\n\n<div class=\"wp-block-group is-nowrap is-layout-flex wp-container-core-group-is-layout-f434bd35 wp-block-group-is-layout-flex\" style=\"border-bottom-width:1px;padding-top:20px;padding-bottom:20px\"><h3 class=\"has-text-align-left no-underline wp-block-post-title has-medium-font-size wp-container-content-9cfa9a5a\"><a href=\"https:\/\/blog.espol.edu.ec\/algoritmos101\/stp-u02eva\/correlacion-ejercicio-estacion-meteorologica\/\" target=\"_self\" >Correlaci\u00f3n con Python - Ejercicio Estaci\u00f3n Meteorol\u00f3gica<\/a><\/h3>\n\n<\/div>\n\n<\/li><li data-wp-key=\"post-template-item-735\" class=\"wp-block-post post-735 post type-post status-publish format-standard hentry category-stp-u02eva\">\n\n<div class=\"wp-block-group is-nowrap is-layout-flex wp-container-core-group-is-layout-f434bd35 wp-block-group-is-layout-flex\" style=\"border-bottom-width:1px;padding-top:20px;padding-bottom:20px\"><h3 class=\"has-text-align-left no-underline wp-block-post-title has-medium-font-size wp-container-content-9cfa9a5a\"><a href=\"https:\/\/blog.espol.edu.ec\/algoritmos101\/stp-u02eva\/correlacion\/\" target=\"_self\" >Correlaci\u00f3n<\/a><\/h3>\n\n<\/div>\n\n<\/li><\/ul>\n\n\n<div class=\"wp-block-group has-global-padding is-layout-constrained wp-block-group-is-layout-constrained\" style=\"padding-top:var(--wp--preset--spacing--20);padding-bottom:var(--wp--preset--spacing--20)\"><\/div>\n\n\n<nav class=\"aligncenter wp-block-query-pagination is-layout-flex wp-block-query-pagination-is-layout-flex\" aria-label=\"Paginaci\u00f3n\">\n\n\n<div class=\"wp-block-query-pagination-numbers\"><span data-wp-key=\"index-0\" aria-current=\"page\" class=\"page-numbers current\">1<\/span>\n<a data-wp-key=\"index-1\" data-wp-on--click=\"core\/query::actions.navigate\" class=\"page-numbers\" href=\"?query-9-page=2\">2<\/a><\/div>\n\n<a data-wp-key=\"query-pagination-next\" data-wp-on--click=\"core\/query::actions.navigate\" data-wp-on-async--mouseenter=\"core\/query::actions.prefetch\" data-wp-watch=\"core\/query::callbacks.prefetch\" href=\"\/algoritmos101\/wp-json\/wp\/v2\/pages\/22067?query-9-page=2\" class=\"wp-block-query-pagination-next\">P\u00e1gina siguiente<\/a>\n<\/nav><\/div>\n\n\n\n<p><\/p>\n","protected":false},"excerpt":{"rendered":"","protected":false},"author":8043,"featured_media":0,"parent":22066,"menu_order":0,"comment_status":"closed","ping_status":"closed","template":"paginas-stp","meta":{"footnotes":""},"class_list":["post-22067","page","type-page","status-publish","hentry"],"_links":{"self":[{"href":"https:\/\/blog.espol.edu.ec\/algoritmos101\/wp-json\/wp\/v2\/pages\/22067","targetHints":{"allow":["GET"]}}],"collection":[{"href":"https:\/\/blog.espol.edu.ec\/algoritmos101\/wp-json\/wp\/v2\/pages"}],"about":[{"href":"https:\/\/blog.espol.edu.ec\/algoritmos101\/wp-json\/wp\/v2\/types\/page"}],"author":[{"embeddable":true,"href":"https:\/\/blog.espol.edu.ec\/algoritmos101\/wp-json\/wp\/v2\/users\/8043"}],"replies":[{"embeddable":true,"href":"https:\/\/blog.espol.edu.ec\/algoritmos101\/wp-json\/wp\/v2\/comments?post=22067"}],"version-history":[{"count":4,"href":"https:\/\/blog.espol.edu.ec\/algoritmos101\/wp-json\/wp\/v2\/pages\/22067\/revisions"}],"predecessor-version":[{"id":22721,"href":"https:\/\/blog.espol.edu.ec\/algoritmos101\/wp-json\/wp\/v2\/pages\/22067\/revisions\/22721"}],"up":[{"embeddable":true,"href":"https:\/\/blog.espol.edu.ec\/algoritmos101\/wp-json\/wp\/v2\/pages\/22066"}],"wp:attachment":[{"href":"https:\/\/blog.espol.edu.ec\/algoritmos101\/wp-json\/wp\/v2\/media?parent=22067"}],"curies":[{"name":"wp","href":"https:\/\/api.w.org\/{rel}","templated":true}]}}