{"id":2295,"date":"2018-03-25T11:00:00","date_gmt":"2018-03-25T16:00:00","guid":{"rendered":"https:\/\/blog.espol.edu.ec\/estg1003\/?page_id=2295"},"modified":"2026-03-05T08:04:50","modified_gmt":"2026-03-05T13:04:50","slug":"stp-ejercicios-y-ejemplos","status":"publish","type":"page","link":"https:\/\/blog.espol.edu.ec\/algoritmos101\/estocasticos\/stp-ejercicios-y-ejemplos\/","title":{"rendered":"Ejercicios y Ejemplos STP"},"content":{"rendered":"\n<h2 class=\"wp-block-heading\" id=\"ejercicios\">Ejercicios<\/h2>\n\n\n\n<p><a href=\"https:\/\/blog.espol.edu.ec\/algoritmos101\/estocasticos\/stp-ejercicios-1eva\/\" data-type=\"page\" data-id=\"2281\">1ra Evaluaci\u00f3n<\/a><\/p>\n\n\n\n<p><a href=\"https:\/\/blog.espol.edu.ec\/algoritmos101\/estocasticos\/stp-ejercicios-2eva\/\" data-type=\"page\" data-id=\"2286\">2da Evaluaci\u00f3n<\/a><\/p>\n\n\n\n<p><a href=\"https:\/\/blog.espol.edu.ec\/algoritmos101\/estocasticos\/stp-ejercicios-3eva\/\" data-type=\"page\" data-id=\"2289\">3ra Evaluaci\u00f3n<\/a><\/p>\n\n\n\n<h2 class=\"wp-block-heading\" id=\"ejemplos\"><a href=\"https:\/\/blog.espol.edu.ec\/algoritmos101\/estocasticos\/stp-ejemplos-menu\/\" data-type=\"page\" data-id=\"2277\">Ejemplos<\/a><\/h2>\n","protected":false},"excerpt":{"rendered":"<p>Ejercicios 1ra Evaluaci\u00f3n 2da Evaluaci\u00f3n 3ra Evaluaci\u00f3n Ejemplos<\/p>\n","protected":false},"author":8043,"featured_media":0,"parent":22066,"menu_order":0,"comment_status":"closed","ping_status":"closed","template":"paginas-stp","meta":{"footnotes":""},"class_list":["post-2295","page","type-page","status-publish","hentry"],"_links":{"self":[{"href":"https:\/\/blog.espol.edu.ec\/algoritmos101\/wp-json\/wp\/v2\/pages\/2295","targetHints":{"allow":["GET"]}}],"collection":[{"href":"https:\/\/blog.espol.edu.ec\/algoritmos101\/wp-json\/wp\/v2\/pages"}],"about":[{"href":"https:\/\/blog.espol.edu.ec\/algoritmos101\/wp-json\/wp\/v2\/types\/page"}],"author":[{"embeddable":true,"href":"https:\/\/blog.espol.edu.ec\/algoritmos101\/wp-json\/wp\/v2\/users\/8043"}],"replies":[{"embeddable":true,"href":"https:\/\/blog.espol.edu.ec\/algoritmos101\/wp-json\/wp\/v2\/comments?post=2295"}],"version-history":[{"count":4,"href":"https:\/\/blog.espol.edu.ec\/algoritmos101\/wp-json\/wp\/v2\/pages\/2295\/revisions"}],"predecessor-version":[{"id":22718,"href":"https:\/\/blog.espol.edu.ec\/algoritmos101\/wp-json\/wp\/v2\/pages\/2295\/revisions\/22718"}],"up":[{"embeddable":true,"href":"https:\/\/blog.espol.edu.ec\/algoritmos101\/wp-json\/wp\/v2\/pages\/22066"}],"wp:attachment":[{"href":"https:\/\/blog.espol.edu.ec\/algoritmos101\/wp-json\/wp\/v2\/media?parent=2295"}],"curies":[{"name":"wp","href":"https:\/\/api.w.org\/{rel}","templated":true}]}}