{"id":2302,"date":"2018-03-25T04:00:00","date_gmt":"2018-03-25T09:00:00","guid":{"rendered":"https:\/\/blog.espol.edu.ec\/estg1003\/?page_id=2302"},"modified":"2026-03-31T15:06:51","modified_gmt":"2026-03-31T20:06:51","slug":"stp-acerca-de","status":"publish","type":"page","link":"https:\/\/blog.espol.edu.ec\/algoritmos101\/estocasticos\/stp-acerca-de\/","title":{"rendered":"Acerca de STP"},"content":{"rendered":"\n<hr class=\"wp-block-separator has-alpha-channel-opacity\" \/>\n\n\n\n<div class=\"wp-block-group is-nowrap is-layout-flex wp-container-core-group-is-layout-6c531013 wp-block-group-is-layout-flex\">\n<p><a href=\"#bibliografia\">Bibliograf\u00eda<\/a><\/p>\n\n\n\n<p><a href=\"#syllabus\">Syllabus<\/a><\/p>\n<\/div>\n\n\n\n<hr class=\"wp-block-separator has-alpha-channel-opacity\" \/>\n\n\n\n<h2 class=\"wp-block-heading\" id=\"bibliografia\">Bibliograf\u00eda<\/h2>\n\n\n\n<p>Ross, S. M. (2014). <i>Introduction to probability models<\/i>. Academic press.<\/p>\n\n\n\n<p>Parzen, E. (1999). <i>Stochastic processes<\/i>. Society for Industrial and Applied Mathematics.<\/p>\n\n\n\n<p>Gubner, J. A. (2006). <i>Probability and random processes for electrical and computer engineers<\/i>. Cambridge University Press.<\/p>\n\n\n\n<p>Leon-Garcia, A., &amp; Alberto. Leon-Garcia. (2008). <i>Probability, statistics, and random processes for electrical engineering<\/i>. 3rd ed. Upper Saddle River, NJ: Pearson\/Prentice Hall.<\/p>\n\n\n\n<p>Hsu, H. P. (1997). Theory and problems of probability, random variables, and random processes. <i>Schaums Outline Series<\/i>, <i>47<\/i>.<\/p>\n\n\n\n<p>Couch, L. W. L. W. (2008). Sistemas de comunicaci\u00f3n digitales y anal\u00f3gicos. Pearson Educaci\u00f3n.<\/p>\n\n\n\n<hr class=\"wp-block-separator has-alpha-channel-opacity\" \/>\n\n\n\n<h2 class=\"wp-block-heading\" id=\"syllabus\">Syllabus<\/h2>\n\n\n\n<p>ESTG1003-PROCESOS ESTOCASTICOS<\/p>\n\n\n\n<p><a href=\"https:\/\/blog.espol.edu.ec\/algoritmos101\/files\/2017\/05\/FIEC03236_PROBABILIDADES_Y_PROCESOS_ESTOCASTICOS.pdf\">FIEC03236-PROBABILIDADES Y PROCESOS_ESTOC\u00c1STICOS<\/a><\/p>\n\n\n\n<hr class=\"wp-block-separator has-alpha-channel-opacity\" \/>\n","protected":false},"excerpt":{"rendered":"<p>Bibliograf\u00eda Syllabus Bibliograf\u00eda Ross, S. M. (2014). Introduction to probability models. Academic press. Parzen, E. (1999). Stochastic processes. Society for Industrial and Applied Mathematics. Gubner, J. A. (2006). Probability and random processes for electrical and computer engineers. Cambridge University Press. Leon-Garcia, A., &amp; Alberto. Leon-Garcia. (2008). Probability, statistics, and random processes for electrical engineering. 3rd [&hellip;]<\/p>\n","protected":false},"author":8043,"featured_media":0,"parent":22066,"menu_order":0,"comment_status":"closed","ping_status":"closed","template":"paginas-stp","meta":{"footnotes":""},"class_list":["post-2302","page","type-page","status-publish","hentry"],"_links":{"self":[{"href":"https:\/\/blog.espol.edu.ec\/algoritmos101\/wp-json\/wp\/v2\/pages\/2302","targetHints":{"allow":["GET"]}}],"collection":[{"href":"https:\/\/blog.espol.edu.ec\/algoritmos101\/wp-json\/wp\/v2\/pages"}],"about":[{"href":"https:\/\/blog.espol.edu.ec\/algoritmos101\/wp-json\/wp\/v2\/types\/page"}],"author":[{"embeddable":true,"href":"https:\/\/blog.espol.edu.ec\/algoritmos101\/wp-json\/wp\/v2\/users\/8043"}],"replies":[{"embeddable":true,"href":"https:\/\/blog.espol.edu.ec\/algoritmos101\/wp-json\/wp\/v2\/comments?post=2302"}],"version-history":[{"count":7,"href":"https:\/\/blog.espol.edu.ec\/algoritmos101\/wp-json\/wp\/v2\/pages\/2302\/revisions"}],"predecessor-version":[{"id":23245,"href":"https:\/\/blog.espol.edu.ec\/algoritmos101\/wp-json\/wp\/v2\/pages\/2302\/revisions\/23245"}],"up":[{"embeddable":true,"href":"https:\/\/blog.espol.edu.ec\/algoritmos101\/wp-json\/wp\/v2\/pages\/22066"}],"wp:attachment":[{"href":"https:\/\/blog.espol.edu.ec\/algoritmos101\/wp-json\/wp\/v2\/media?parent=2302"}],"curies":[{"name":"wp","href":"https:\/\/api.w.org\/{rel}","templated":true}]}}