{"id":23184,"date":"2026-03-28T14:33:13","date_gmt":"2026-03-28T19:33:13","guid":{"rendered":"https:\/\/blog.espol.edu.ec\/algoritmos101\/?page_id=23184"},"modified":"2026-03-28T14:52:22","modified_gmt":"2026-03-28T19:52:22","slug":"fisica-basica","status":"publish","type":"page","link":"https:\/\/blog.espol.edu.ec\/algoritmos101\/fisica-basica\/","title":{"rendered":"F\u00edsica B\u00e1sica - Apuntes con Python"},"content":{"rendered":"\n<div class=\"wp-block-group alignwide is-style-section-1 has-global-padding is-layout-constrained wp-block-group-is-layout-constrained is-style-section-1--1\">\n<div data-wp-context=\"{}\" data-wp-interactive=\"core\/query\" data-wp-key=\"9\" data-wp-router-region=\"query-9\" class=\"wp-block-query alignwide is-layout-flow wp-block-query-is-layout-flow\">\n<div class=\"wp-block-group is-nowrap is-layout-flex wp-container-core-group-is-layout-6c531013 wp-block-group-is-layout-flex\"><div class=\"wp-block-query-total\">6 resultados encontrados<\/div>\n\n<div class=\"wp-block-query-total\">Mostrando 1 \u2013 6 de 6<\/div><\/div>\n\n\n\n\n<ul class=\"wp-block-post-template is-layout-flow wp-container-core-post-template-is-layout-3ee800f6 wp-block-post-template-is-layout-flow\"><li data-wp-key=\"post-template-item-11320\" class=\"wp-block-post post-11320 post type-post status-publish format-standard hentry category-fs-unidades\">\n\n<div class=\"wp-block-group is-nowrap is-layout-flex wp-container-core-group-is-layout-f434bd35 wp-block-group-is-layout-flex\" style=\"border-bottom-width:1px;padding-top:20px;padding-bottom:20px\"><h3 class=\"has-text-align-left no-underline wp-block-post-title has-medium-font-size wp-container-content-9cfa9a5a\"><a href=\"https:\/\/blog.espol.edu.ec\/algoritmos101\/fs-unidades\/fisica-simulacion-python\/\" target=\"_self\" >9.1 F\u00edsica B\u00e1sica - Simulaci\u00f3n con Python<\/a><\/h3>\n\n<\/div>\n\n<\/li><li data-wp-key=\"post-template-item-11327\" class=\"wp-block-post post-11327 post type-post status-publish format-standard hentry category-fs-unidades\">\n\n<div class=\"wp-block-group is-nowrap is-layout-flex wp-container-core-group-is-layout-f434bd35 wp-block-group-is-layout-flex\" style=\"border-bottom-width:1px;padding-top:20px;padding-bottom:20px\"><h3 class=\"has-text-align-left no-underline wp-block-post-title has-medium-font-size wp-container-content-9cfa9a5a\"><a href=\"https:\/\/blog.espol.edu.ec\/algoritmos101\/fs-unidades\/cinematica-linea-recta\/\" target=\"_self\" >9.2 Cinem\u00e1tica - l\u00ednea recta<\/a><\/h3>\n\n<\/div>\n\n<\/li><li data-wp-key=\"post-template-item-11344\" class=\"wp-block-post post-11344 post type-post status-publish format-standard hentry category-fs-unidades\">\n\n<div class=\"wp-block-group is-nowrap is-layout-flex wp-container-core-group-is-layout-f434bd35 wp-block-group-is-layout-flex\" style=\"border-bottom-width:1px;padding-top:20px;padding-bottom:20px\"><h3 class=\"has-text-align-left no-underline wp-block-post-title has-medium-font-size wp-container-content-9cfa9a5a\"><a href=\"https:\/\/blog.espol.edu.ec\/algoritmos101\/fs-unidades\/cinematica-subgraficas\/\" target=\"_self\" >9.3 Cinem\u00e1tica - Gr\u00e1ficas y subgr\u00e1ficas<\/a><\/h3>\n\n<\/div>\n\n<\/li><li data-wp-key=\"post-template-item-11353\" class=\"wp-block-post post-11353 post type-post status-publish format-standard hentry category-fs-unidades\">\n\n<div class=\"wp-block-group is-nowrap is-layout-flex wp-container-core-group-is-layout-f434bd35 wp-block-group-is-layout-flex\" style=\"border-bottom-width:1px;padding-top:20px;padding-bottom:20px\"><h3 class=\"has-text-align-left no-underline wp-block-post-title has-medium-font-size wp-container-content-9cfa9a5a\"><a href=\"https:\/\/blog.espol.edu.ec\/algoritmos101\/fs-unidades\/equilibrio-fuerzas-grafica-vectores\/\" target=\"_self\" >9.4 Equilibrio Fuerzas - Gr\u00e1fica Vectores con Python<\/a><\/h3>\n\n<\/div>\n\n<\/li><li data-wp-key=\"post-template-item-11358\" class=\"wp-block-post post-11358 post type-post status-publish format-standard hentry category-fs-unidades\">\n\n<div class=\"wp-block-group is-nowrap is-layout-flex wp-container-core-group-is-layout-f434bd35 wp-block-group-is-layout-flex\" style=\"border-bottom-width:1px;padding-top:20px;padding-bottom:20px\"><h3 class=\"has-text-align-left no-underline wp-block-post-title has-medium-font-size wp-container-content-9cfa9a5a\"><a href=\"https:\/\/blog.espol.edu.ec\/algoritmos101\/fs-unidades\/movimiento-circular-particula\/\" target=\"_self\" >9.5 Movimiento circular - Una part\u00edcula<\/a><\/h3>\n\n<\/div>\n\n<\/li><li data-wp-key=\"post-template-item-11520\" class=\"wp-block-post post-11520 post type-post status-publish format-standard hentry category-fs-unidades\">\n\n<div class=\"wp-block-group is-nowrap is-layout-flex wp-container-core-group-is-layout-f434bd35 wp-block-group-is-layout-flex\" style=\"border-bottom-width:1px;padding-top:20px;padding-bottom:20px\"><h3 class=\"has-text-align-left no-underline wp-block-post-title has-medium-font-size wp-container-content-9cfa9a5a\"><a href=\"https:\/\/blog.espol.edu.ec\/algoritmos101\/fs-unidades\/optica-rayo-reflejado\/\" target=\"_self\" >9.6 \u00d3ptica - Rayo reflejado en plano<\/a><\/h3>\n\n<\/div>\n\n<\/li><\/ul>\n\n\n<div class=\"wp-block-group has-global-padding is-layout-constrained wp-block-group-is-layout-constrained\" style=\"padding-top:var(--wp--preset--spacing--20);padding-bottom:var(--wp--preset--spacing--20)\"><\/div>\n\n\n<\/div>\n<\/div>\n","protected":false},"excerpt":{"rendered":"","protected":false},"author":8043,"featured_media":0,"parent":0,"menu_order":0,"comment_status":"closed","ping_status":"closed","template":"wp-custom-template-p-ginas-fp","meta":{"footnotes":""},"class_list":["post-23184","page","type-page","status-publish","hentry"],"_links":{"self":[{"href":"https:\/\/blog.espol.edu.ec\/algoritmos101\/wp-json\/wp\/v2\/pages\/23184","targetHints":{"allow":["GET"]}}],"collection":[{"href":"https:\/\/blog.espol.edu.ec\/algoritmos101\/wp-json\/wp\/v2\/pages"}],"about":[{"href":"https:\/\/blog.espol.edu.ec\/algoritmos101\/wp-json\/wp\/v2\/types\/page"}],"author":[{"embeddable":true,"href":"https:\/\/blog.espol.edu.ec\/algoritmos101\/wp-json\/wp\/v2\/users\/8043"}],"replies":[{"embeddable":true,"href":"https:\/\/blog.espol.edu.ec\/algoritmos101\/wp-json\/wp\/v2\/comments?post=23184"}],"version-history":[{"count":2,"href":"https:\/\/blog.espol.edu.ec\/algoritmos101\/wp-json\/wp\/v2\/pages\/23184\/revisions"}],"predecessor-version":[{"id":23188,"href":"https:\/\/blog.espol.edu.ec\/algoritmos101\/wp-json\/wp\/v2\/pages\/23184\/revisions\/23188"}],"wp:attachment":[{"href":"https:\/\/blog.espol.edu.ec\/algoritmos101\/wp-json\/wp\/v2\/media?parent=23184"}],"curies":[{"name":"wp","href":"https:\/\/api.w.org\/{rel}","templated":true}]}}