{"id":2378,"date":"2018-03-25T14:00:16","date_gmt":"2018-03-25T19:00:16","guid":{"rendered":"https:\/\/blog.espol.edu.ec\/estg1003\/?page_id=2378"},"modified":"2026-03-05T08:03:45","modified_gmt":"2026-03-05T13:03:45","slug":"stp-aplicaciones-menu","status":"publish","type":"page","link":"https:\/\/blog.espol.edu.ec\/algoritmos101\/estocasticos\/stp-aplicaciones-menu\/","title":{"rendered":"Aplicaciones STP"},"content":{"rendered":"\n<div data-wp-context=\"{}\" data-wp-interactive=\"core\/query\" data-wp-key=\"9\" data-wp-router-region=\"query-9\" class=\"wp-block-query alignwide is-layout-flow wp-block-query-is-layout-flow\">\n<div class=\"wp-block-group is-nowrap is-layout-flex wp-container-core-group-is-layout-6c531013 wp-block-group-is-layout-flex\"><div class=\"wp-block-query-total\">11 resultados encontrados<\/div>\n\n<div class=\"wp-block-query-total\">Mostrando 1 \u2013 11 de 11<\/div><\/div>\n\n\n\n\n<ul class=\"wp-block-post-template is-layout-flow wp-container-core-post-template-is-layout-3ee800f6 wp-block-post-template-is-layout-flow\"><li data-wp-key=\"post-template-item-30\" class=\"wp-block-post post-30 post type-post status-publish format-standard hentry category-stp-aplica\">\n\n<div class=\"wp-block-group is-nowrap is-layout-flex wp-container-core-group-is-layout-f434bd35 wp-block-group-is-layout-flex\" style=\"border-bottom-width:1px;padding-top:20px;padding-bottom:20px\"><h3 class=\"has-text-align-left no-underline wp-block-post-title has-medium-font-size wp-container-content-9cfa9a5a\"><a href=\"https:\/\/blog.espol.edu.ec\/algoritmos101\/stp-aplica\/morse-codificador-decodificador\/\" target=\"_self\" >1. Morse - Codificador y Decodificador con Python<\/a><\/h3>\n\n<\/div>\n\n<\/li><li data-wp-key=\"post-template-item-42\" class=\"wp-block-post post-42 post type-post status-publish format-standard hentry category-stp-aplica\">\n\n<div class=\"wp-block-group is-nowrap is-layout-flex wp-container-core-group-is-layout-f434bd35 wp-block-group-is-layout-flex\" style=\"border-bottom-width:1px;padding-top:20px;padding-bottom:20px\"><h3 class=\"has-text-align-left no-underline wp-block-post-title has-medium-font-size wp-container-content-9cfa9a5a\"><a href=\"https:\/\/blog.espol.edu.ec\/algoritmos101\/stp-aplica\/morse-tonos-codec-deco\/\" target=\"_self\" >1.1. Morse por Tonos - codec y deco con Python<\/a><\/h3>\n\n<\/div>\n\n<\/li><li data-wp-key=\"post-template-item-21987\" class=\"wp-block-post post-21987 post type-post status-publish format-standard hentry category-stp-aplica\">\n\n<div class=\"wp-block-group is-nowrap is-layout-flex wp-container-core-group-is-layout-f434bd35 wp-block-group-is-layout-flex\" style=\"border-bottom-width:1px;padding-top:20px;padding-bottom:20px\"><h3 class=\"has-text-align-left no-underline wp-block-post-title has-medium-font-size wp-container-content-9cfa9a5a\"><a href=\"https:\/\/blog.espol.edu.ec\/algoritmos101\/stp-aplica\/morse-decodificador-sonido\/\" target=\"_self\" >1.2 Morse - Decodificador de sonido a mensaje con Python<\/a><\/h3>\n\n<\/div>\n\n<\/li><li data-wp-key=\"post-template-item-21988\" class=\"wp-block-post post-21988 post type-post status-publish format-standard hentry category-stp-aplica\">\n\n<div class=\"wp-block-group is-nowrap is-layout-flex wp-container-core-group-is-layout-f434bd35 wp-block-group-is-layout-flex\" style=\"border-bottom-width:1px;padding-top:20px;padding-bottom:20px\"><h3 class=\"has-text-align-left no-underline wp-block-post-title has-medium-font-size wp-container-content-9cfa9a5a\"><a href=\"https:\/\/blog.espol.edu.ec\/algoritmos101\/stp-aplica\/alfabeto-teclado-qwery-pmf\/\" target=\"_self\" >2. Alfabeto - Teclado Qwerty PMF<\/a><\/h3>\n\n<\/div>\n\n<\/li><li data-wp-key=\"post-template-item-21990\" class=\"wp-block-post post-21990 post type-post status-publish format-standard hentry category-stp-aplica\">\n\n<div class=\"wp-block-group is-nowrap is-layout-flex wp-container-core-group-is-layout-f434bd35 wp-block-group-is-layout-flex\" style=\"border-bottom-width:1px;padding-top:20px;padding-bottom:20px\"><h3 class=\"has-text-align-left no-underline wp-block-post-title has-medium-font-size wp-container-content-9cfa9a5a\"><a href=\"https:\/\/blog.espol.edu.ec\/algoritmos101\/stp-aplica\/alfabeto-teclado-matriz-transicion\/\" target=\"_self\" >2.1 Alfabeto - Matriz Transici\u00f3n<\/a><\/h3>\n\n<\/div>\n\n<\/li><li data-wp-key=\"post-template-item-1142\" class=\"wp-block-post post-1142 post type-post status-publish format-standard hentry category-stp-aplica\">\n\n<div class=\"wp-block-group is-nowrap is-layout-flex wp-container-core-group-is-layout-f434bd35 wp-block-group-is-layout-flex\" style=\"border-bottom-width:1px;padding-top:20px;padding-bottom:20px\"><h3 class=\"has-text-align-left no-underline wp-block-post-title has-medium-font-size wp-container-content-9cfa9a5a\"><a href=\"https:\/\/blog.espol.edu.ec\/algoritmos101\/stp-aplica\/convertidor-analogico-digital\/\" target=\"_self\" >Convertidor Anal\u00f3gico Digital<\/a><\/h3>\n\n<\/div>\n\n<\/li><li data-wp-key=\"post-template-item-1639\" class=\"wp-block-post post-1639 post type-post status-publish format-standard hentry category-stp-aplica\">\n\n<div class=\"wp-block-group is-nowrap is-layout-flex wp-container-core-group-is-layout-f434bd35 wp-block-group-is-layout-flex\" style=\"border-bottom-width:1px;padding-top:20px;padding-bottom:20px\"><h3 class=\"has-text-align-left no-underline wp-block-post-title has-medium-font-size wp-container-content-9cfa9a5a\"><a href=\"https:\/\/blog.espol.edu.ec\/algoritmos101\/stp-aplica\/midi-formato-musica-teclas\/\" target=\"_self\" >MIDI Formato m\u00fasica - teclas<\/a><\/h3>\n\n<\/div>\n\n<\/li><li data-wp-key=\"post-template-item-1499\" class=\"wp-block-post post-1499 post type-post status-publish format-standard hentry category-stp-aplica\">\n\n<div class=\"wp-block-group is-nowrap is-layout-flex wp-container-core-group-is-layout-f434bd35 wp-block-group-is-layout-flex\" style=\"border-bottom-width:1px;padding-top:20px;padding-bottom:20px\"><h3 class=\"has-text-align-left no-underline wp-block-post-title has-medium-font-size wp-container-content-9cfa9a5a\"><a href=\"https:\/\/blog.espol.edu.ec\/algoritmos101\/stp-aplica\/pam-a-psk-ejercicio-stp\/\" target=\"_self\" >PAM a PSK - Ejercicio<\/a><\/h3>\n\n<\/div>\n\n<\/li><li data-wp-key=\"post-template-item-21989\" class=\"wp-block-post post-21989 post type-post status-publish format-standard hentry category-stp-aplica\">\n\n<div class=\"wp-block-group is-nowrap is-layout-flex wp-container-core-group-is-layout-f434bd35 wp-block-group-is-layout-flex\" style=\"border-bottom-width:1px;padding-top:20px;padding-bottom:20px\"><h3 class=\"has-text-align-left no-underline wp-block-post-title has-medium-font-size wp-container-content-9cfa9a5a\"><a href=\"https:\/\/blog.espol.edu.ec\/algoritmos101\/stp-aplica\/senal-sonido-pmf-cdf\/\" target=\"_self\" >Se\u00f1al Sonido - cdf<\/a><\/h3>\n\n<\/div>\n\n<\/li><li data-wp-key=\"post-template-item-1481\" class=\"wp-block-post post-1481 post type-post status-publish format-standard hentry category-stp-aplica\">\n\n<div class=\"wp-block-group is-nowrap is-layout-flex wp-container-core-group-is-layout-f434bd35 wp-block-group-is-layout-flex\" style=\"border-bottom-width:1px;padding-top:20px;padding-bottom:20px\"><h3 class=\"has-text-align-left no-underline wp-block-post-title has-medium-font-size wp-container-content-9cfa9a5a\"><a href=\"https:\/\/blog.espol.edu.ec\/algoritmos101\/stp-aplica\/senal-sonido-correlacion-2senales\/\" target=\"_self\" >Se\u00f1al Sonido - Correlaci\u00f3n entre dos se\u00f1ales de audio<\/a><\/h3>\n\n<\/div>\n\n<\/li><li data-wp-key=\"post-template-item-62\" class=\"wp-block-post post-62 post type-post status-publish format-standard hentry category-stp-aplica\">\n\n<div class=\"wp-block-group is-nowrap is-layout-flex wp-container-core-group-is-layout-f434bd35 wp-block-group-is-layout-flex\" style=\"border-bottom-width:1px;padding-top:20px;padding-bottom:20px\"><h3 class=\"has-text-align-left no-underline wp-block-post-title has-medium-font-size wp-container-content-9cfa9a5a\"><a href=\"https:\/\/blog.espol.edu.ec\/algoritmos101\/stp-aplica\/sigma-delta-codec-deco-python\/\" target=\"_self\" >Sigma-Delta Codificador y decodificador con Python<\/a><\/h3>\n\n<\/div>\n\n<\/li><\/ul>\n\n\n<div class=\"wp-block-group has-global-padding is-layout-constrained wp-block-group-is-layout-constrained\" style=\"padding-top:var(--wp--preset--spacing--20);padding-bottom:var(--wp--preset--spacing--20)\"><\/div>\n\n\n<\/div>\n","protected":false},"excerpt":{"rendered":"","protected":false},"author":8043,"featured_media":0,"parent":22066,"menu_order":0,"comment_status":"closed","ping_status":"closed","template":"paginas-stp","meta":{"footnotes":""},"class_list":["post-2378","page","type-page","status-publish","hentry"],"_links":{"self":[{"href":"https:\/\/blog.espol.edu.ec\/algoritmos101\/wp-json\/wp\/v2\/pages\/2378","targetHints":{"allow":["GET"]}}],"collection":[{"href":"https:\/\/blog.espol.edu.ec\/algoritmos101\/wp-json\/wp\/v2\/pages"}],"about":[{"href":"https:\/\/blog.espol.edu.ec\/algoritmos101\/wp-json\/wp\/v2\/types\/page"}],"author":[{"embeddable":true,"href":"https:\/\/blog.espol.edu.ec\/algoritmos101\/wp-json\/wp\/v2\/users\/8043"}],"replies":[{"embeddable":true,"href":"https:\/\/blog.espol.edu.ec\/algoritmos101\/wp-json\/wp\/v2\/comments?post=2378"}],"version-history":[{"count":3,"href":"https:\/\/blog.espol.edu.ec\/algoritmos101\/wp-json\/wp\/v2\/pages\/2378\/revisions"}],"predecessor-version":[{"id":22712,"href":"https:\/\/blog.espol.edu.ec\/algoritmos101\/wp-json\/wp\/v2\/pages\/2378\/revisions\/22712"}],"up":[{"embeddable":true,"href":"https:\/\/blog.espol.edu.ec\/algoritmos101\/wp-json\/wp\/v2\/pages\/22066"}],"wp:attachment":[{"href":"https:\/\/blog.espol.edu.ec\/algoritmos101\/wp-json\/wp\/v2\/media?parent=2378"}],"curies":[{"name":"wp","href":"https:\/\/api.w.org\/{rel}","templated":true}]}}