{"id":3438,"date":"2017-10-05T08:59:25","date_gmt":"2017-10-05T13:59:25","guid":{"rendered":"http:\/\/blog.espol.edu.ec\/matg1013\/?page_id=3438"},"modified":"2026-03-28T15:13:37","modified_gmt":"2026-03-28T20:13:37","slug":"mn-acerca-de","status":"publish","type":"page","link":"https:\/\/blog.espol.edu.ec\/algoritmos101\/mnumericos\/mn-acerca-de\/","title":{"rendered":"Acerca de MN"},"content":{"rendered":"\n<hr class=\"wp-block-separator has-alpha-channel-opacity\" \/>\n\n\n\n<div class=\"wp-block-group has-medium-font-size is-layout-flex wp-block-group-is-layout-flex\">\n<p><a href=\"#bibliografia\">Bibliograf\u00eda<\/a><\/p>\n\n\n\n<p><a href=\"#syllabus\">Syllabus<\/a><\/p>\n\n\n\n<p><a href=\"https:\/\/blog.espol.edu.ec\/algoritmos101\/mn-acerca-de\/mn-politicas-del-curso\/\" data-type=\"page\" data-id=\"8968\">Pol\u00edticas del curso<\/a><\/p>\n\n\n\n<p><a href=\"https:\/\/blog.espol.edu.ec\/algoritmos101\/mn-acerca-de\/mn-resultado-de-aprendizaje\/\" data-type=\"page\" data-id=\"12721\">Resultado de aprendizaje<\/a><\/p>\n<\/div>\n\n\n\n<hr class=\"wp-block-separator has-alpha-channel-opacity\" \/>\n\n\n\n<h2 class=\"wp-block-heading\" id=\"bibliografia\">Bibliograf\u00eda<\/h2>\n\n\n\n<figure class=\"wp-block-image alignright size-full is-resized\" style=\"margin-top:0;margin-right:0;margin-bottom:0;margin-left:0\"><a href=\"https:\/\/www.cib.espol.edu.ec\/\"><img loading=\"lazy\" decoding=\"async\" width=\"621\" height=\"804\" src=\"http:\/\/blog.espol.edu.ec\/algoritmos101\/files\/2025\/11\/bibliotecaespol2025.png\" alt=\"biblioteca espol 2025\" class=\"wp-image-12714\" style=\"width:300px\" \/><\/a><\/figure>\n\n\n\n<p><strong>Burden<\/strong> Richard L. , Faires J. Douglas , Annete M. Burden (2017), An\u00e1lisis Num\u00e9rico (Spanish Edition) 10ma edici\u00f3n, Cengage Learning Editores S.A. ISBN-13: 978-6075264042, ISBN-10: 6075264043<\/p>\n\n\n\n<p><strong>Chapra<\/strong> &amp; R. Canale (2010),&nbsp;M\u00e9todos Num\u00e9ricos para Ingenieros. Sexta Edici\u00f3n. Editorial Mc-Graw Hill. M\u00e9xico.<\/p>\n\n\n\n<p><strong>Rodr\u00edguez<\/strong>, L. (2016) \u201c<a href=\"http:\/\/www.fcnm.espol.edu.ec\/sites\/fcnm.espol.edu.ec\/files\/ANALISIS_NUMERICO_BASICO_V4P4.pdf\">AN\u00c1LISIS NUM\u00c9RICO B\u00c1SICO Un enfoque algor\u00edtmico con el soporte de Python<\/a>\u201d, Libro digital, Versi\u00f3n 4.4 \u2013 2016 , Departamento de Matem\u00e1ticas, Facultad de Ciencias Naturales y Matem\u00e1ticas (FCNM), ESPOL<\/p>\n\n\n\n<p><strong><em>Complementarios<\/em><\/strong>:<\/p>\n\n\n\n<p><strong>Zill<\/strong> Dennis G (2018), Ecuaciones Diferenciales con aplicaciones de modelado, 11 Edici\u00f3n, Cengage Learning Editores S.A. ISBN-13 (impreso): 9786075266312<\/p>\n\n\n\n<p><strong>Boyce<\/strong> William E. , <strong>DiPrima<\/strong> Richard C.(2000), Ecuaciones diferenciales y problemas con valores en la frontera, 4ta Edici\u00f3n, Wiley, Limusa. ISBN 9681849744<\/p>\n\n\n\n<hr class=\"wp-block-separator has-alpha-channel-opacity\" \/>\n\n\n\n<div class=\"wp-block-group has-medium-font-size is-layout-flex wp-block-group-is-layout-flex\">\n<p><a href=\"#bibliografia\">Bibliograf\u00eda<\/a><\/p>\n\n\n\n<p><a href=\"#syllabus\">Syllabus<\/a><\/p>\n\n\n\n<p><a href=\"https:\/\/blog.espol.edu.ec\/algoritmos101\/mn-acerca-de\/mn-politicas-del-curso\/\" data-type=\"page\" data-id=\"8968\">Pol\u00edticas del curso<\/a><\/p>\n\n\n\n<p><a href=\"https:\/\/blog.espol.edu.ec\/algoritmos101\/mn-acerca-de\/mn-resultado-de-aprendizaje\/\" data-type=\"page\" data-id=\"12721\">Resultado de aprendizaje<\/a><\/p>\n<\/div>\n\n\n\n<hr class=\"wp-block-separator has-alpha-channel-opacity\" \/>\n\n\n\n<h2 class=\"wp-block-heading\" id=\"syllabus\">Syllabus<\/h2>\n\n\n\n<p>\u2013 <a href=\"http:\/\/blog.espol.edu.ec\/algoritmos101\/files\/2025\/11\/MATG1052MetodosNumericos2020.pdf\">MATG1052<\/a> M\u00e9todos Num\u00e9ricos, desde el a\u00f1o 2020<br>\u2013 <a href=\"http:\/\/blog.espol.edu.ec\/algoritmos101\/files\/2025\/11\/MATG1076AnalisisNumerico2020.pdf\">MATG1076<\/a> An\u00e1lisis Num\u00e9rico, desde el a\u00f1o 2020<br>\u2013 <a href=\"http:\/\/blog.espol.edu.ec\/algoritmos101\/files\/2026\/02\/MATG1013AnalisisNumericoContenido.pdf\">MATG1013<\/a> An\u00e1lisis Num\u00e9rico, 2017-2019<br>\u2013 <a href=\"http:\/\/blog.espol.edu.ec\/algoritmos101\/files\/2026\/02\/ICM00158AnalisisNumerico.pdf\">ICM00158<\/a> An\u00e1lisis Num\u00e9rico, 2005-2016<br>\u2013 ICM02188 M\u00e9todos Num\u00e9ricos, 2005-2016<\/p>\n\n\n\n<hr class=\"wp-block-separator has-alpha-channel-opacity\" \/>\n\n\n\n<div class=\"wp-block-group has-medium-font-size is-layout-flex wp-block-group-is-layout-flex\">\n<p><a href=\"#bibliografia\">Bibliograf\u00eda<\/a><\/p>\n\n\n\n<p><a href=\"#syllabus\">Syllabus<\/a><\/p>\n\n\n\n<p><a href=\"https:\/\/blog.espol.edu.ec\/algoritmos101\/mn-acerca-de\/mn-politicas-del-curso\/\" data-type=\"page\" data-id=\"8968\">Pol\u00edticas del curso<\/a><\/p>\n\n\n\n<p><a href=\"https:\/\/blog.espol.edu.ec\/algoritmos101\/mn-acerca-de\/mn-resultado-de-aprendizaje\/\" data-type=\"page\" data-id=\"12721\">Resultado de aprendizaje<\/a><\/p>\n<\/div>\n\n\n\n<hr class=\"wp-block-separator has-alpha-channel-opacity\" \/>\n","protected":false},"excerpt":{"rendered":"<p>Bibliograf\u00eda Syllabus Pol\u00edticas del curso Resultado de aprendizaje Bibliograf\u00eda Burden Richard L. , Faires J. Douglas , Annete M. Burden (2017), An\u00e1lisis Num\u00e9rico (Spanish Edition) 10ma edici\u00f3n, Cengage Learning Editores S.A. ISBN-13: 978-6075264042, ISBN-10: 6075264043 Chapra &amp; R. Canale (2010),&nbsp;M\u00e9todos Num\u00e9ricos para Ingenieros. Sexta Edici\u00f3n. Editorial Mc-Graw Hill. M\u00e9xico. Rodr\u00edguez, L. (2016) \u201cAN\u00c1LISIS NUM\u00c9RICO B\u00c1SICO [&hellip;]<\/p>\n","protected":false},"author":8043,"featured_media":0,"parent":8,"menu_order":0,"comment_status":"closed","ping_status":"closed","template":"wp-custom-template-p-ginas-mn","meta":{"footnotes":""},"class_list":["post-3438","page","type-page","status-publish","hentry"],"_links":{"self":[{"href":"https:\/\/blog.espol.edu.ec\/algoritmos101\/wp-json\/wp\/v2\/pages\/3438","targetHints":{"allow":["GET"]}}],"collection":[{"href":"https:\/\/blog.espol.edu.ec\/algoritmos101\/wp-json\/wp\/v2\/pages"}],"about":[{"href":"https:\/\/blog.espol.edu.ec\/algoritmos101\/wp-json\/wp\/v2\/types\/page"}],"author":[{"embeddable":true,"href":"https:\/\/blog.espol.edu.ec\/algoritmos101\/wp-json\/wp\/v2\/users\/8043"}],"replies":[{"embeddable":true,"href":"https:\/\/blog.espol.edu.ec\/algoritmos101\/wp-json\/wp\/v2\/comments?post=3438"}],"version-history":[{"count":9,"href":"https:\/\/blog.espol.edu.ec\/algoritmos101\/wp-json\/wp\/v2\/pages\/3438\/revisions"}],"predecessor-version":[{"id":23199,"href":"https:\/\/blog.espol.edu.ec\/algoritmos101\/wp-json\/wp\/v2\/pages\/3438\/revisions\/23199"}],"up":[{"embeddable":true,"href":"https:\/\/blog.espol.edu.ec\/algoritmos101\/wp-json\/wp\/v2\/pages\/8"}],"wp:attachment":[{"href":"https:\/\/blog.espol.edu.ec\/algoritmos101\/wp-json\/wp\/v2\/media?parent=3438"}],"curies":[{"name":"wp","href":"https:\/\/api.w.org\/{rel}","templated":true}]}}