{"id":5207,"date":"2014-03-01T08:00:34","date_gmt":"2014-03-01T13:00:34","guid":{"rendered":"http:\/\/blog.espol.edu.ec\/ccpg1001\/?page_id=5207"},"modified":"2026-04-14T05:51:02","modified_gmt":"2026-04-14T10:51:02","slug":"fprogramacion","status":"publish","type":"page","link":"https:\/\/blog.espol.edu.ec\/algoritmos101\/fprogramacion\/","title":{"rendered":"Fundamentos de Programaci\u00f3n"},"content":{"rendered":"\n<div class=\"wp-block-group alignfull is-style-section-5 has-background has-global-padding is-layout-constrained wp-block-group-is-layout-constrained is-style-section-5--1\" style=\"background:linear-gradient(35deg,rgb(80,58,168) 0%,rgba(0,0,0,0) 100%);min-height:30vh;margin-top:0;margin-bottom:0\">\n<div class=\"wp-block-columns alignfull is-layout-flex wp-container-core-columns-is-layout-28f84493 wp-block-columns-is-layout-flex\">\n<div class=\"wp-block-column is-vertically-aligned-center is-layout-flow wp-block-column-is-layout-flow\">\n<div class=\"wp-block-group is-layout-flow wp-block-group-is-layout-flow\" style=\"padding-top:var(--wp--preset--spacing--50);padding-right:var(--wp--preset--spacing--50);padding-bottom:var(--wp--preset--spacing--50);padding-left:var(--wp--preset--spacing--50)\">\n<p>El curso de formaci\u00f3n b\u00e1sica presenta estrategias para la resoluci\u00f3n de problemas comunes en diversos campos profesionales por medio del dise\u00f1o e implementaci\u00f3n de soluciones basadas en el uso de algoritmos estructurados e implementados con <strong>Python<\/strong>.<\/p>\n<\/div>\n<\/div>\n\n\n\n<div class=\"wp-block-column is-layout-flow wp-block-column-is-layout-flow\">\n<figure class=\"wp-block-image size-full\" style=\"margin-top:var(--wp--preset--spacing--20);margin-right:var(--wp--preset--spacing--20);margin-bottom:var(--wp--preset--spacing--20);margin-left:var(--wp--preset--spacing--20)\"><img loading=\"lazy\" decoding=\"async\" width=\"746\" height=\"227\" src=\"http:\/\/blog.espol.edu.ec\/algoritmos101\/files\/2026\/03\/bannerpynotes101fc.gif\" alt=\"Fundamentos de Programaci\u00f3n Banner 01\" class=\"wp-image-23041\" \/><\/figure>\n<\/div>\n<\/div>\n<\/div>\n\n\n\n<div class=\"wp-block-group alignfull is-style-default has-background has-global-padding is-layout-constrained wp-block-group-is-layout-constrained\" style=\"background:linear-gradient(35deg,rgb(255,255,255) 0%,rgb(80,58,168) 100%);min-height:30vh;margin-top:0;margin-bottom:0;padding-top:var(--wp--preset--spacing--20);padding-bottom:var(--wp--preset--spacing--20)\">\n<div class=\"wp-block-columns alignfull is-layout-flex wp-container-core-columns-is-layout-28f84493 wp-block-columns-is-layout-flex\">\n<div class=\"wp-block-column is-layout-flow wp-block-column-is-layout-flow\">\n<figure class=\"wp-block-image size-full\" style=\"margin-top:var(--wp--preset--spacing--20);margin-right:var(--wp--preset--spacing--20);margin-bottom:var(--wp--preset--spacing--20);margin-left:var(--wp--preset--spacing--20)\"><img loading=\"lazy\" decoding=\"async\" width=\"747\" height=\"227\" src=\"http:\/\/blog.espol.edu.ec\/algoritmos101\/files\/2026\/03\/bannerpynotes101fc_02.gif\" alt=\"Fundamentos de Programaci\u00f3n banner 02\" class=\"wp-image-23042\" \/><\/figure>\n<\/div>\n\n\n\n<div class=\"wp-block-column is-vertically-aligned-center is-layout-flow wp-block-column-is-layout-flow\">\n<div class=\"wp-block-group is-layout-flow wp-block-group-is-layout-flow\" style=\"padding-top:var(--wp--preset--spacing--50);padding-right:var(--wp--preset--spacing--50);padding-bottom:var(--wp--preset--spacing--50);padding-left:var(--wp--preset--spacing--50)\">\n<p class=\"has-base-color has-text-color has-link-color wp-elements-26a346021cac71975e0402093a6c0888\">Los mas de 400 ejercicios de programaci\u00f3n y mas de 200 ejercicios resueltos de algoritmos se desarrollan con Python.<\/p>\n<\/div>\n<\/div>\n<\/div>\n<\/div>\n\n\n\n<p>CCPG1043 \u2013 Fundamentos de Programaci\u00f3n, <a href=\"https:\/\/www.fiec.espol.edu.ec\/\">FIEC<\/a> desde el 2020<\/p>\n\n\n\n<p><em><strong>CCPG1001<\/strong> \u2013 Fundamentos de Programaci\u00f3n, <a href=\"https:\/\/www.fiec.espol.edu.ec\/\">FIEC<\/a> desde el 2016-2019<\/em><\/p>\n\n\n\n<p><em>ICM00794 \u2013 Fundamentos de Computaci\u00f3n, <a href=\"https:\/\/www.fcnm.espol.edu.ec\/\">FCNM<\/a> hasta el 2001-2015<\/em> <\/p>\n","protected":false},"excerpt":{"rendered":"<p>El curso de formaci\u00f3n b\u00e1sica presenta estrategias para la resoluci\u00f3n de problemas comunes en diversos campos profesionales por medio del dise\u00f1o e implementaci\u00f3n de soluciones basadas en el uso de algoritmos estructurados e implementados con Python. Los mas de 400 ejercicios de programaci\u00f3n y mas de 200 ejercicios resueltos de algoritmos se desarrollan con Python. [&hellip;]<\/p>\n","protected":false},"author":8043,"featured_media":0,"parent":0,"menu_order":0,"comment_status":"closed","ping_status":"closed","template":"wp-custom-template-p-ginas-fp","meta":{"footnotes":""},"class_list":["post-5207","page","type-page","status-publish","hentry"],"_links":{"self":[{"href":"https:\/\/blog.espol.edu.ec\/algoritmos101\/wp-json\/wp\/v2\/pages\/5207","targetHints":{"allow":["GET"]}}],"collection":[{"href":"https:\/\/blog.espol.edu.ec\/algoritmos101\/wp-json\/wp\/v2\/pages"}],"about":[{"href":"https:\/\/blog.espol.edu.ec\/algoritmos101\/wp-json\/wp\/v2\/types\/page"}],"author":[{"embeddable":true,"href":"https:\/\/blog.espol.edu.ec\/algoritmos101\/wp-json\/wp\/v2\/users\/8043"}],"replies":[{"embeddable":true,"href":"https:\/\/blog.espol.edu.ec\/algoritmos101\/wp-json\/wp\/v2\/comments?post=5207"}],"version-history":[{"count":7,"href":"https:\/\/blog.espol.edu.ec\/algoritmos101\/wp-json\/wp\/v2\/pages\/5207\/revisions"}],"predecessor-version":[{"id":23043,"href":"https:\/\/blog.espol.edu.ec\/algoritmos101\/wp-json\/wp\/v2\/pages\/5207\/revisions\/23043"}],"wp:attachment":[{"href":"https:\/\/blog.espol.edu.ec\/algoritmos101\/wp-json\/wp\/v2\/media?parent=5207"}],"curies":[{"name":"wp","href":"https:\/\/api.w.org\/{rel}","templated":true}]}}