{"id":6133,"date":"2017-10-09T16:19:36","date_gmt":"2017-10-09T21:19:36","guid":{"rendered":"http:\/\/blog.espol.edu.ec\/analisisnumerico\/?page_id=6133"},"modified":"2026-04-06T17:22:51","modified_gmt":"2026-04-06T22:22:51","slug":"mn-formato-tareas-taller","status":"publish","type":"page","link":"https:\/\/blog.espol.edu.ec\/algoritmos101\/mnumericos\/mn-formato-tareas-taller\/","title":{"rendered":"Formato Tareas\/Taller"},"content":{"rendered":"\n<h2 class=\"wp-block-heading\">1. Ejercicios a l\u00e1piz y papel<\/h2>\n\n\n\n<p>Para los ejercicios que se realizan a l\u00e1piz y papel se mantendr\u00e1 un formato de presentaci\u00f3n para facilitar el registro, identificaci\u00f3n de cada actividad.<\/p>\n\n\n\n<p>En una hoja de su cuaderno, nueva y sin escribir, <em><strong>no la arranque<\/strong><\/em>, en forma ordenada en su encabezada escriba los datos correspondiente a:<\/p>\n\n\n\n<figure class=\"wp-block-table\"><table><tbody><tr><td>Tarea\/Taller N\u00famero<\/td><td>Semana N\u00famero<\/td><td>Paralelo N\u00famero<\/td><td>Fecha: a\u00f1o\/mes\/d\u00eda<\/td><\/tr><tr><td colspan=\"2\">Apellidos<\/td><td colspan=\"2\">Nombres<\/td><\/tr><tr><td>Referencia del Ejercicio:<\/td><td colspan=\"3\">Libro, cap. p\u00e1g. o Evaluaci\u00f3n<\/td><\/tr><\/tbody><\/table><\/figure>\n\n\n\n<h3 class=\"wp-block-heading\">Ejemplo:<\/h3>\n\n\n\n<figure class=\"wp-block-table\"><table><tbody><tr><td><strong>Tarea 1<\/strong><\/td><td>Semana 1<\/td><td>Paralelo 4<\/td><td>2025\/Junio\/01<\/td><\/tr><tr><td colspan=\"2\">Piguave P\u00e9rez<\/td><td colspan=\"2\">Pedro Pablo<\/td><\/tr><tr><td colspan=\"4\">1Eva_IIT2010_T1&nbsp;Aproximar con polinomio<\/td><\/tr><\/tbody><\/table><\/figure>\n\n\n\n<p>Con la referencia al ejercicio es suficiente y no requiere copiar el enunciado completo del ejercicio. Ejemplo: <strong><em>1Eva2010TII_T1 Aproximar con polinomio<\/em><\/strong><\/p>\n\n\n\n<p>En adelante escriba el desarrollo ordenado tradicional anal\u00edtico, f\u00f3rmulas, operaciones, iteraciones en la hoja.<\/p>\n\n\n\n<p>De necesitar usar m\u00e1s de una hoja, en las siguientes hojas solo indique su apellido y n\u00famero de hoja al inicio y contin\u00fae su desarrollo.<\/p>\n\n\n\n<h3 class=\"wp-block-heading\">Env\u00edos de im\u00e1genes de hojas<\/h3>\n\n\n\n<p>Para el envi\u00f3 de la evidencia de su desarrollo, tome una foto a las hojas usadas y suba los archivos al AulaVirtual en formato .jpg o png. Trate que cada archivo tenga una resoluci\u00f3n razonable que permita distinguir lo que ha escrito.<\/p>\n\n\n\n<p>NO exagere, un archivo entre 1 y 2 MB es suficiente.<\/p>\n\n\n\n<hr class=\"wp-block-separator has-alpha-channel-opacity\" \/>\n\n\n\n<h2 class=\"wp-block-heading\">2. Envi\u00f3 de Algoritmos de tarea\/taller<\/h2>\n\n\n\n<p>En esta parte se espera que en cada ejercicio disponga como resultado de tres (3) archivos, con nombre ejemplo: taller1apellidoNombre.py<\/p>\n\n\n\n<figure class=\"wp-block-table\"><table><tbody><tr><td>taller1PiguaveJuan.py<\/td><td>el <strong><em>algoritmo.py<\/em><\/strong><\/td><\/tr><tr><td>taller1PiguaveJuan.txt<\/td><td>el resultado de la <em><strong>ejecuci\u00f3n.txt<\/strong><\/em><\/td><\/tr><tr><td>taller1PiguaveJuan.png<\/td><td>la <strong><em>gr\u00e1fica.png<\/em><\/strong><\/td><\/tr><\/tbody><\/table><\/figure>\n\n\n\n<p>Se espera que suba los archivos&nbsp;al \"AulaVirtual\" en la secci\u00f3n trabajos, tarea o taller correspondiente a la semana hasta la fecha y hora indicadas en la plataforma.<\/p>\n\n\n\n<p><strong>NO se aceptar\u00e1n entregas atrasadas<\/strong>. Considere que el reloj de la plataforma, puede diferir de el registrado en su computadora, por lo que se recomienda que sea enviado al menos con una hora de anticipaci\u00f3n a la hora l\u00edmite. Se recomienda subir lo que tenga realizado hasta la hora indicada, si lo deja vaci\u00f3 la calificaci\u00f3n es cero.<\/p>\n","protected":false},"excerpt":{"rendered":"<p>1. Ejercicios a l\u00e1piz y papel Para los ejercicios que se realizan a l\u00e1piz y papel se mantendr\u00e1 un formato de presentaci\u00f3n para facilitar el registro, identificaci\u00f3n de cada actividad. En una hoja de su cuaderno, nueva y sin escribir, no la arranque, en forma ordenada en su encabezada escriba los datos correspondiente a: Tarea\/Taller [&hellip;]<\/p>\n","protected":false},"author":8043,"featured_media":0,"parent":8,"menu_order":0,"comment_status":"closed","ping_status":"closed","template":"wp-custom-template-p-ginas-mn","meta":{"footnotes":""},"class_list":["post-6133","page","type-page","status-publish","hentry"],"_links":{"self":[{"href":"https:\/\/blog.espol.edu.ec\/algoritmos101\/wp-json\/wp\/v2\/pages\/6133","targetHints":{"allow":["GET"]}}],"collection":[{"href":"https:\/\/blog.espol.edu.ec\/algoritmos101\/wp-json\/wp\/v2\/pages"}],"about":[{"href":"https:\/\/blog.espol.edu.ec\/algoritmos101\/wp-json\/wp\/v2\/types\/page"}],"author":[{"embeddable":true,"href":"https:\/\/blog.espol.edu.ec\/algoritmos101\/wp-json\/wp\/v2\/users\/8043"}],"replies":[{"embeddable":true,"href":"https:\/\/blog.espol.edu.ec\/algoritmos101\/wp-json\/wp\/v2\/comments?post=6133"}],"version-history":[{"count":3,"href":"https:\/\/blog.espol.edu.ec\/algoritmos101\/wp-json\/wp\/v2\/pages\/6133\/revisions"}],"predecessor-version":[{"id":12986,"href":"https:\/\/blog.espol.edu.ec\/algoritmos101\/wp-json\/wp\/v2\/pages\/6133\/revisions\/12986"}],"up":[{"embeddable":true,"href":"https:\/\/blog.espol.edu.ec\/algoritmos101\/wp-json\/wp\/v2\/pages\/8"}],"wp:attachment":[{"href":"https:\/\/blog.espol.edu.ec\/algoritmos101\/wp-json\/wp\/v2\/media?parent=6133"}],"curies":[{"name":"wp","href":"https:\/\/api.w.org\/{rel}","templated":true}]}}