{"id":7064,"date":"2014-03-06T07:41:03","date_gmt":"2014-03-06T12:41:03","guid":{"rendered":"http:\/\/blog.espol.edu.ec\/ccpg1001\/?page_id=7064"},"modified":"2026-04-14T05:52:57","modified_gmt":"2026-04-14T10:52:57","slug":"fp-python-instalar-paso-a-paso","status":"publish","type":"page","link":"https:\/\/blog.espol.edu.ec\/algoritmos101\/fprogramacion\/fp-python-instalar-paso-a-paso\/","title":{"rendered":"Python - descargar e instalar paso a paso"},"content":{"rendered":"\n<hr class=\"wp-block-separator has-alpha-channel-opacity\" \/>\n\n\n\n<div class=\"wp-block-group has-medium-font-size is-layout-flex wp-block-group-is-layout-flex\">\n<p><a href=\"#descargar\">Descargar<\/a><\/p>\n\n\n\n<p><a href=\"#instalar\">instalar<\/a><\/p>\n\n\n\n<p><a href=\"#icono\">\u00edcono a inicio<\/a><\/p>\n<\/div>\n\n\n\n<hr class=\"wp-block-separator has-alpha-channel-opacity\" \/>\n\n\n\n<h2 class=\"wp-block-heading\" id=\"descargar\">Descargar instalador de Python<\/h2>\n\n\n\n<p>Instrucciones paso a paso para descargar e instalar Python para principiantes, actualizadas y revisadas para Windows 11 hasta Febrero-2026.<\/p>\n\n\n\n<p>1. Descargue Python del sitio web oficial en una carpeta conocida, Ejemplo: \\descargas\\<\/p>\n\n\n\n<p><a href=\"https:\/\/www.python.org\">https:\/\/www.python.org<\/a><\/p>\n\n\n\n<figure class=\"wp-block-image aligncenter size-full\"><img loading=\"lazy\" decoding=\"async\" width=\"1033\" height=\"546\" src=\"http:\/\/blog.espol.edu.ec\/algoritmos101\/files\/2026\/03\/instalarpython01.gif\" alt=\"instalar python p\u00e1gina web\" class=\"wp-image-21897\" \/><\/figure>\n\n\n\n<hr class=\"wp-block-separator has-alpha-channel-opacity\" \/>\n\n\n\n<div class=\"wp-block-group has-medium-font-size is-layout-flex wp-block-group-is-layout-flex\">\n<p><a href=\"#descargar\">Descargar<\/a><\/p>\n\n\n\n<p><a href=\"#instalar\">instalar<\/a><\/p>\n\n\n\n<p><a href=\"#icono\">\u00edcono a inicio<\/a><\/p>\n<\/div>\n\n\n\n<hr class=\"wp-block-separator has-alpha-channel-opacity\" \/>\n\n\n\n<h2 class=\"wp-block-heading\" id=\"instalar\">Instalar desde archivo descargado<\/h2>\n\n\n\n<p>2. Desde la carpeta de descargas, sobre el archivo de instalaci\u00f3n use click derecho (bot\u00f3n del mouse) y seleccione ejecutar como administrador:<\/p>\n\n\n\n<figure class=\"wp-block-image aligncenter size-full\"><img loading=\"lazy\" decoding=\"async\" width=\"877\" height=\"588\" src=\"http:\/\/blog.espol.edu.ec\/algoritmos101\/files\/2026\/03\/instalarpython02.gif\" alt=\"instalar python directorio descargado\" class=\"wp-image-21899\" \/><\/figure>\n\n\n\n<p>3. Se recomienda seleccionar \"a\u00f1adir la ruta al sistema\", para que el llamado a Python sea simplificado \"Add Python 3.14.3 to PATH\". Seleccione la forma de instalaci\u00f3n personalizada \"Customize installation\", principalmente para decidir d\u00f3nde instalar, pues la ruta predeterminada es m\u00e1s complicada. La ruta seleccionada puede ser \"c:\\Python314\", por la versi\u00f3n 3.14.<\/p>\n\n\n\n<p>En adelante las <em><strong>instrucciones e im\u00e1genes de instalaci\u00f3n son las mismas que en versiones anteriore<\/strong><strong>s<\/strong><\/em>.<\/p>\n\n\n\n<figure class=\"wp-block-image aligncenter size-full\"><img loading=\"lazy\" decoding=\"async\" width=\"654\" height=\"400\" src=\"http:\/\/blog.espol.edu.ec\/algoritmos101\/files\/2026\/03\/instalarpython03.gif\" alt=\"instalar python opciones proceso\" class=\"wp-image-21900\" \/><\/figure>\n\n\n\n<p>4. La siguiente ventana tiene todas las opciones marcadas, solo continua al siguiente paso:<\/p>\n\n\n\n<figure class=\"wp-block-image aligncenter size-full\"><img loading=\"lazy\" decoding=\"async\" width=\"655\" height=\"402\" src=\"http:\/\/blog.espol.edu.ec\/algoritmos101\/files\/2026\/03\/instalarpython04.gif\" alt=\"instalar python seleccionar configuraci\u00f3n opcional\" class=\"wp-image-21901\" \/><\/figure>\n\n\n\n<p>5. Seleccione la ruta de instalaci\u00f3n, se recomienda \"c:\\Python314\" por ser m\u00e1s sencilla de ubicar respecto a la predeterminada.<\/p>\n\n\n\n<figure class=\"wp-block-image aligncenter size-full\"><img loading=\"lazy\" decoding=\"async\" width=\"655\" height=\"402\" src=\"http:\/\/blog.espol.edu.ec\/algoritmos101\/files\/2026\/03\/instalarpython05.gif\" alt=\"instalar python opciones avanzadas\" class=\"wp-image-21902\" \/><\/figure>\n\n\n\n<p>6. Espere mientras se completa el proceso de instalaci\u00f3n y copia de archivos.<\/p>\n\n\n\n<figure class=\"wp-block-image aligncenter size-full\"><img loading=\"lazy\" decoding=\"async\" width=\"652\" height=\"401\" src=\"http:\/\/blog.espol.edu.ec\/algoritmos101\/files\/2026\/03\/instalarpython06.gif\" alt=\"instalar python avance proceso\" class=\"wp-image-21903\" \/><\/figure>\n\n\n\n<p>7. El proceso se termina cuando se muestra el mensaje siguiente. Si tiene la opci\u00f3n mostrada en el \u00f3valo en rojo, debe activarla, pues facilitar\u00e1 el uso de rutas de archivos.<\/p>\n\n\n\n<figure class=\"wp-block-image aligncenter size-full\"><img loading=\"lazy\" decoding=\"async\" width=\"653\" height=\"401\" src=\"http:\/\/blog.espol.edu.ec\/algoritmos101\/files\/2026\/03\/instalarpython07.gif\" alt=\"instalar python proceso terminado\" class=\"wp-image-21904\" \/><\/figure>\n\n\n\n<hr class=\"wp-block-separator has-alpha-channel-opacity\" \/>\n\n\n\n<hr class=\"wp-block-separator has-alpha-channel-opacity\" \/>\n\n\n\n<div class=\"wp-block-group has-medium-font-size is-layout-flex wp-block-group-is-layout-flex\">\n<p><a href=\"#descargar\">Descargar<\/a><\/p>\n\n\n\n<p><a href=\"#instalar\">instalar<\/a><\/p>\n\n\n\n<p><a href=\"#icono\">\u00edcono a inicio<\/a><\/p>\n<\/div>\n\n\n\n<hr class=\"wp-block-separator has-alpha-channel-opacity\" \/>\n\n\n\n<h2 class=\"wp-block-heading\" id=\"icono\">\u00cdcono a Men\u00fa de inicio<\/h2>\n\n\n\n<p>8. Para usar el programa, puede ir al directorio donde se instal\u00f3 el programa y usar \"IDLE\". Otra opci\u00f3n es buscar con Windows (LUPA en barra de tareas) y escribir IDLE, se mostrar\u00e1 el programa.<\/p>\n\n\n\n<figure class=\"wp-block-image aligncenter size-full is-resized\"><img loading=\"lazy\" decoding=\"async\" width=\"1340\" height=\"826\" src=\"http:\/\/blog.espol.edu.ec\/algoritmos101\/files\/2026\/03\/instalarpython08.gif\" alt=\"instalar python buscar directorio\" class=\"wp-image-21905\" style=\"aspect-ratio:1;width:325px;height:auto\" \/><\/figure>\n\n\n\n<p>9. Si quiere tener un \u00edcono disponible en el men\u00fa de inicio, usando la b\u00fasqueda puede dar click derecho (bot\u00f3n del mouse) y seleccionar \"Anclar a Inicio\", se crear\u00e1 el \u00edcono respectivo.<\/p>\n\n\n\n<figure class=\"wp-block-image aligncenter size-full\"><img loading=\"lazy\" decoding=\"async\" width=\"771\" height=\"720\" src=\"http:\/\/blog.espol.edu.ec\/algoritmos101\/files\/2026\/03\/instalarpython09.gif\" alt=\"instalar python a\u00f1adir a men\u00fa inicio\" class=\"wp-image-21906\" \/><\/figure>\n\n\n\n<p>as\u00ed tendr\u00e1 el \u00edcono para uso futuro.<\/p>\n\n\n\n<figure class=\"wp-block-image aligncenter size-full\"><img loading=\"lazy\" decoding=\"async\" width=\"637\" height=\"784\" src=\"http:\/\/blog.espol.edu.ec\/algoritmos101\/files\/2026\/03\/instalarpython10.gif\" alt=\"instalar Python anclar a men\u00fa de inicio\" class=\"wp-image-21908\" \/><\/figure>\n\n\n\n<hr class=\"wp-block-separator has-alpha-channel-opacity\" \/>\n\n\n\n<p>La instalaci\u00f3n de otras librer\u00edas que se usan para el curso de detallan en las otras secciones.<\/p>\n\n\n\n<p>Para probar Python puede iniciar con: <a href=\"https:\/\/blog.espol.edu.ec\/algoritmos101\/fp-u02\/operaciones-basicas\/\" data-type=\"post\" data-id=\"7875\">Operaciones b\u00e1sicas<\/a><\/p>\n\n\n\n<hr class=\"wp-block-separator has-alpha-channel-opacity\" \/>\n\n\n\n<div class=\"wp-block-group has-medium-font-size is-layout-flex wp-block-group-is-layout-flex\">\n<p><a href=\"#descargar\">Descargar<\/a><\/p>\n\n\n\n<p><a href=\"#instalar\">instalar<\/a><\/p>\n\n\n\n<p><a href=\"#icono\">\u00edcono a inicio<\/a><\/p>\n<\/div>\n\n\n\n<hr class=\"wp-block-separator has-alpha-channel-opacity\" \/>\n","protected":false},"excerpt":{"rendered":"<p>Descargar instalar \u00edcono a inicio Descargar instalador de Python Instrucciones paso a paso para descargar e instalar Python para principiantes, actualizadas y revisadas para Windows 11 hasta Febrero-2026. 1. Descargue Python del sitio web oficial en una carpeta conocida, Ejemplo: \\descargas\\ https:\/\/www.python.org Descargar instalar \u00edcono a inicio Instalar desde archivo descargado 2. Desde la carpeta [&hellip;]<\/p>\n","protected":false},"author":8043,"featured_media":0,"parent":5207,"menu_order":0,"comment_status":"closed","ping_status":"closed","template":"wp-custom-template-p-ginas-fp","meta":{"footnotes":""},"class_list":["post-7064","page","type-page","status-publish","hentry"],"_links":{"self":[{"href":"https:\/\/blog.espol.edu.ec\/algoritmos101\/wp-json\/wp\/v2\/pages\/7064","targetHints":{"allow":["GET"]}}],"collection":[{"href":"https:\/\/blog.espol.edu.ec\/algoritmos101\/wp-json\/wp\/v2\/pages"}],"about":[{"href":"https:\/\/blog.espol.edu.ec\/algoritmos101\/wp-json\/wp\/v2\/types\/page"}],"author":[{"embeddable":true,"href":"https:\/\/blog.espol.edu.ec\/algoritmos101\/wp-json\/wp\/v2\/users\/8043"}],"replies":[{"embeddable":true,"href":"https:\/\/blog.espol.edu.ec\/algoritmos101\/wp-json\/wp\/v2\/comments?post=7064"}],"version-history":[{"count":7,"href":"https:\/\/blog.espol.edu.ec\/algoritmos101\/wp-json\/wp\/v2\/pages\/7064\/revisions"}],"predecessor-version":[{"id":24111,"href":"https:\/\/blog.espol.edu.ec\/algoritmos101\/wp-json\/wp\/v2\/pages\/7064\/revisions\/24111"}],"up":[{"embeddable":true,"href":"https:\/\/blog.espol.edu.ec\/algoritmos101\/wp-json\/wp\/v2\/pages\/5207"}],"wp:attachment":[{"href":"https:\/\/blog.espol.edu.ec\/algoritmos101\/wp-json\/wp\/v2\/media?parent=7064"}],"curies":[{"name":"wp","href":"https:\/\/api.w.org\/{rel}","templated":true}]}}