{"id":7066,"date":"2014-03-07T07:42:31","date_gmt":"2014-03-07T12:42:31","guid":{"rendered":"http:\/\/blog.espol.edu.ec\/ccpg1001\/?page_id=7066"},"modified":"2026-04-14T05:53:08","modified_gmt":"2026-04-14T10:53:08","slug":"fp-pip-instalar-librerias-python","status":"publish","type":"page","link":"https:\/\/blog.espol.edu.ec\/algoritmos101\/fprogramacion\/fp-pip-instalar-librerias-python\/","title":{"rendered":"PIP - instalar librer\u00edas en Python"},"content":{"rendered":"\n<hr class=\"wp-block-separator has-alpha-channel-opacity\" \/>\n\n\n\n<div class=\"wp-block-group has-medium-font-size is-layout-flex wp-block-group-is-layout-flex\">\n<p><strong><em>pip:<\/em><\/strong><\/p>\n\n\n\n<p><a href=\"#pipinstall\">instalar<\/a><\/p>\n\n\n\n<p><a href=\"#pipnumpy\">Numpy<\/a><\/p>\n\n\n\n<p><a href=\"#pipmatplotlib\">matplotlib<\/a><\/p>\n\n\n\n<p><a href=\"#pipscipy\">Scipy<\/a><\/p>\n\n\n\n<p><a href=\"#piplistar\">listar<\/a><\/p>\n\n\n\n<p><a href=\"#pipactualiza\">actualizar<\/a><\/p>\n\n\n\n<p> <a href=\"#pipwinpython\">winpython<\/a><\/p>\n<\/div>\n\n\n\n<hr class=\"wp-block-separator has-alpha-channel-opacity\" \/>\n\n\n\n<h2 class=\"wp-block-heading\" id=\"pipinstall\">PIP - instalar librer\u00eda<\/h2>\n\n\n\n<p>PIP es una forma simple de instalar una librer\u00eda, solo requiere el uso de una ventana \u201cs\u00edmbolo de sistema\u201d como la mostrado en la figura y la conexi\u00f3n a internet. En la ventana se escribe<\/p>\n\n\n\n<pre class=\"wp-block-code\"><code>pip install libreria<\/code><\/pre>\n\n\n\n<p>Para el ejemplo se puede instalar la librer\u00eda Numpy,  Sympy, Matplotlib, Scipy, Pandas,etc.<\/p>\n\n\n\n<hr class=\"wp-block-separator has-alpha-channel-opacity\" \/>\n\n\n\n<div class=\"wp-block-group has-medium-font-size is-layout-flex wp-block-group-is-layout-flex\">\n<p><strong><em>pip:<\/em><\/strong><\/p>\n\n\n\n<p><a href=\"#pipinstall\">instalar<\/a><\/p>\n\n\n\n<p><a href=\"#pipnumpy\">Numpy<\/a><\/p>\n\n\n\n<p><a href=\"#pipmatplotlib\">matplotlib<\/a><\/p>\n\n\n\n<p><a href=\"#pipscipy\">Scipy<\/a><\/p>\n\n\n\n<p><a href=\"#piplistar\">listar<\/a><\/p>\n\n\n\n<p><a href=\"#pipactualiza\">actualizar<\/a><\/p>\n\n\n\n<p> <a href=\"#pipwinpython\">winpython<\/a><\/p>\n<\/div>\n\n\n\n<hr class=\"wp-block-separator has-alpha-channel-opacity\" \/>\n\n\n\n<h2 class=\"wp-block-heading\" id=\"pipnumpy\">Numpy \u2013 Instalar con PIP<\/h2>\n\n\n\n<figure class=\"wp-block-image alignright size-full\"><img loading=\"lazy\" decoding=\"async\" width=\"736\" height=\"210\" src=\"http:\/\/blog.espol.edu.ec\/algoritmos101\/files\/2026\/03\/pipnumpy01a.gif\" alt=\"pip install numpy en consola de windows\" class=\"wp-image-21888\" \/><\/figure>\n\n\n\n<p>Numpy es la librer\u00eda de Python para usar vectores y matrices en matem\u00e1ticas o \u00e1lgebra. En los pasos de instalaci\u00f3n se supone que dispone de lo siguiente:<\/p>\n\n\n\n<ul class=\"wp-block-list\">\n<li>usa Windows (probado hasta versi\u00f3n 11),<\/li>\n\n\n\n<li>tiene instalado Python 3.13.2 o superior, revisado a Febrero\/2025 y<\/li>\n\n\n\n<li>tiene <strong>conexi\u00f3n con internet<\/strong>.<\/li>\n<\/ul>\n\n\n\n<p>Si descarg\u00f3 e instal\u00f3 la versi\u00f3n de <strong>WinPython<\/strong> que trae incorporada la librer\u00eda de Numpy, <strong><em>no se requieren estos pasos<\/em><\/strong>.<\/p>\n\n\n\n<pre class=\"wp-block-code\"><code>c:\\&gt;pip install numpy<\/code><\/pre>\n\n\n\n<figure class=\"wp-block-image alignright size-full is-resized\"><img loading=\"lazy\" decoding=\"async\" width=\"526\" height=\"756\" src=\"http:\/\/blog.espol.edu.ec\/algoritmos101\/files\/2025\/12\/buscacmd.png\" alt=\"buscar cmd\" class=\"wp-image-15913\" style=\"width:auto;height:450px\" \/><\/figure>\n\n\n\n<ol class=\"wp-block-list\">\n<li>La ventana&nbsp; de \"s\u00edmbolo de sistema\" se obtiene en el men\u00fa para buscar (lupa),<\/li>\n\n\n\n<li>escribe \u00abcmd\u00bb, se abrir\u00e1 una ventana como la mostrada.<\/li>\n\n\n\n<li>En la ventana \u00abs\u00edmbolo de sistema\u00bb como lo mostrado en la figura, escribe: <\/li>\n<\/ol>\n\n\n\n<pre class=\"wp-block-code\"><code>pip install numpy<\/code><\/pre>\n\n\n\n<p>La instrucci\u00f3n descarga la versi\u00f3n m\u00e1s actualizada y compatible con la versi\u00f3n de Python que se encuentre en el equipo, solo debes esperar que termine el proceso.<\/p>\n\n\n\n<figure class=\"wp-block-image size-full\"><img loading=\"lazy\" decoding=\"async\" width=\"693\" height=\"247\" src=\"http:\/\/blog.espol.edu.ec\/algoritmos101\/files\/2025\/12\/pipnumpy01.png\" alt=\"pip numpy instrucci\u00f3n\" class=\"wp-image-15914\" \/><\/figure>\n\n\n\n<p>Se prueba si Python lo puede invocar desde la consola IDLE con la instrucci\u00f3n <strong>import<\/strong> como se muestra en la imagen:<\/p>\n\n\n\n<figure class=\"wp-block-image aligncenter size-full\"><img loading=\"lazy\" decoding=\"async\" width=\"1089\" height=\"384\" src=\"http:\/\/blog.espol.edu.ec\/algoritmos101\/files\/2026\/03\/pipnumpy03.gif\" alt=\"pip numpy install version\" class=\"wp-image-21889\" \/><\/figure>\n\n\n\n<hr class=\"wp-block-separator has-alpha-channel-opacity\" \/>\n\n\n\n<div class=\"wp-block-group has-medium-font-size is-layout-flex wp-block-group-is-layout-flex\">\n<p><strong><em>pip:<\/em><\/strong><\/p>\n\n\n\n<p><a href=\"#pipinstall\">instalar<\/a><\/p>\n\n\n\n<p><a href=\"#pipnumpy\">Numpy<\/a><\/p>\n\n\n\n<p><a href=\"#pipmatplotlib\">matplotlib<\/a><\/p>\n\n\n\n<p><a href=\"#pipscipy\">Scipy<\/a><\/p>\n\n\n\n<p><a href=\"#piplistar\">listar<\/a><\/p>\n\n\n\n<p><a href=\"#pipactualiza\">actualizar<\/a> <\/p>\n\n\n\n<p><a href=\"#pipwinpython\">winpython<\/a><\/p>\n<\/div>\n\n\n\n<hr class=\"wp-block-separator has-alpha-channel-opacity\" \/>\n\n\n\n<h2 class=\"wp-block-heading\" id=\"pipmatplotlib\">Matplotlib \u2013 Instalar con PIP<\/h2>\n\n\n\n<figure class=\"wp-block-image alignright size-full\"><img loading=\"lazy\" decoding=\"async\" width=\"480\" height=\"88\" src=\"http:\/\/blog.espol.edu.ec\/algoritmos101\/files\/2015\/06\/matplotlib_org.png\" alt=\"matplotlib_org\" class=\"wp-image-16110\" \/><\/figure>\n\n\n\n<p>Matplotlib es la librer\u00eda de Python para realizar gr\u00e1ficas de funciones matem\u00e1ticas. Instalar <strong>matplolib<\/strong> es necesaria para los ejercicios presentados<\/p>\n\n\n\n<figure class=\"wp-block-image alignright size-full is-resized\"><img loading=\"lazy\" decoding=\"async\" width=\"640\" height=\"480\" src=\"http:\/\/blog.espol.edu.ec\/algoritmos101\/files\/2017\/11\/1EIIIT2001T3FactorizarPolinomio01.png\" alt=\"1Eva2001TIII_T3 Factorizar Polinomio 01\" class=\"wp-image-21397\" style=\"width:300px\" \/><\/figure>\n\n\n\n<p>Para los pasos de instalaci\u00f3n se supone que dispone de lo siguiente:<\/p>\n\n\n\n<ul class=\"wp-block-list\">\n<li>Windows como sistema operativo de PC, (probado hasta versi\u00f3n 11)<\/li>\n\n\n\n<li>est\u00e1 instalado Python 3.13.1 o superior, revisado a Febrero\/2025 y<\/li>\n\n\n\n<li>dispone de <strong>conexi\u00f3n a internet<\/strong>.<\/li>\n<\/ul>\n\n\n\n<p>Matplotlib se descarga e instala con <strong><em>una sola instrucci\u00f3n<\/em><\/strong> desde una consola de s\u00edmbolo de sistema:<\/p>\n\n\n\n<pre class=\"wp-block-code\"><code><strong>c:\\&gt;pip install matplotlib<\/strong><\/code><\/pre>\n\n\n\n<figure class=\"wp-block-image alignright size-full is-resized\"><img loading=\"lazy\" decoding=\"async\" width=\"526\" height=\"756\" src=\"http:\/\/blog.espol.edu.ec\/algoritmos101\/files\/2025\/12\/buscacmd.png\" alt=\"buscar cmd\" class=\"wp-image-15913\" style=\"width:auto;height:450px\" \/><\/figure>\n\n\n\n<p>Pasos:<\/p>\n\n\n\n<p>1. Abrir s\u00edmbolo de sistema:<br>En el men\u00fa para buscar (lupa),<br> escriba \"<strong><em>cmd<\/em><\/strong>\", <br>se abrir\u00e1 una ventana como la mostrada.<\/p>\n\n\n\n<p>2. En la ventana \"S\u00edmbolo de sistema\", <br>use la siguiente instrucci\u00f3n y <br>espere a que termine el proceso:<\/p>\n\n\n\n<pre class=\"wp-block-code\"><code><strong>pip install<\/strong> matplotlib<\/code><\/pre>\n\n\n\n<p>Se descarga la versi\u00f3n m\u00e1s actualizada y compatible con la versi\u00f3n de Python que se encuentre en el equipo.<\/p>\n\n\n\n<figure class=\"wp-block-image size-full\"><img loading=\"lazy\" decoding=\"async\" width=\"736\" height=\"210\" src=\"http:\/\/blog.espol.edu.ec\/algoritmos101\/files\/2026\/03\/pip_matplotlib01.gif\" alt=\"pip matplotlib en consola de windows\" class=\"wp-image-21890\" \/><\/figure>\n\n\n\n<figure class=\"wp-block-image size-full\"><img loading=\"lazy\" decoding=\"async\" width=\"695\" height=\"389\" src=\"http:\/\/blog.espol.edu.ec\/algoritmos101\/files\/2026\/03\/pip_matplotlib02.gif\" alt=\"pip install matplolib proceso\" class=\"wp-image-21891\" \/><\/figure>\n\n\n\n<p>Se prueba si Python lo puede invocar desde la consola IDLE con la instrucci\u00f3n <strong>import<\/strong> o con los ejemplos presentados en:<\/p>\n\n\n\n<p>Ejemplos:<\/p>\n\n\n\n<p><a href=\"https:\/\/blog.espol.edu.ec\/algoritmos101\/fp-u08\/graficas-2d-linea\/\" data-type=\"post\" data-id=\"7956\">Gr\u00e1ficas 2D - l\u00ednea para funciones matem\u00e1ticas<\/a><\/p>\n\n\n\n<p><a href=\"https:\/\/blog.espol.edu.ec\/algoritmos101\/fp-u08\/graficas-3d-en-python\/\" data-type=\"post\" data-id=\"14372\">Gr\u00e1ficas 3D en Python<\/a><\/p>\n\n\n\n<p><strong>Referencia<\/strong>: <a href=\"http:\/\/matplotlib.org\/users\/installing.html#windows\">http:\/\/matplotlib.org\/users\/installing.html#windows<\/a><a name=\"scipypip\"><\/a><\/p>\n\n\n\n<hr class=\"wp-block-separator has-alpha-channel-opacity\" \/>\n\n\n\n<div class=\"wp-block-group has-medium-font-size is-layout-flex wp-block-group-is-layout-flex\">\n<p><strong><em>pip:<\/em><\/strong><\/p>\n\n\n\n<p><a href=\"#pipinstall\">instalar<\/a><\/p>\n\n\n\n<p><a href=\"#pipnumpy\">Numpy<\/a><\/p>\n\n\n\n<p><a href=\"#pipmatplotlib\">matplotlib<\/a><\/p>\n\n\n\n<p><a href=\"#pipscipy\">Scipy<\/a><\/p>\n\n\n\n<p><a href=\"#piplistar\">listar<\/a><\/p>\n\n\n\n<p><a href=\"#pipactualiza\">actualizar<\/a><\/p>\n\n\n\n<p> <a href=\"#pipwinpython\">winpython<\/a><\/p>\n<\/div>\n\n\n\n<hr class=\"wp-block-separator has-alpha-channel-opacity\" \/>\n\n\n\n<h2 class=\"wp-block-heading\" id=\"pipscipy\">Scipy - Cient\u00edfico. Instalaci\u00f3n con pip paso a paso<\/h2>\n\n\n\n<figure class=\"wp-block-image alignright size-full\"><img loading=\"lazy\" decoding=\"async\" width=\"64\" height=\"64\" src=\"http:\/\/blog.espol.edu.ec\/algoritmos101\/files\/2025\/12\/scipy_logo01.png\" alt=\"scipy_logo01\" class=\"wp-image-15915\" \/><\/figure>\n\n\n\n<p>Para los pasos descritos a continuaci\u00f3n supondremos que:<\/p>\n\n\n\n<ul class=\"wp-block-list\">\n<li>usa Windows (probado hasta versi\u00f3n 10),<\/li>\n\n\n\n<li>est\u00e1 instalado Python 3.10.2 o superior, revisado a febrero\/2022 y<\/li>\n\n\n\n<li>tiene <strong>conexi\u00f3n con internet<\/strong>.<\/li>\n<\/ul>\n\n\n\n<h2 class=\"wp-block-heading\">Instalar Scipy con conexi\u00f3n a internet:<\/h2>\n\n\n\n<p>Instala Scipy usando una sola instrucci\u00f3n en una consola de s\u00edmbolo de sistema:<\/p>\n\n\n\n<pre class=\"wp-block-code\"><code><strong>c:\\&gt;pip install scipy<\/strong><\/code><\/pre>\n\n\n\n<figure class=\"wp-block-image alignright size-full is-resized\"><img loading=\"lazy\" decoding=\"async\" width=\"526\" height=\"756\" src=\"http:\/\/blog.espol.edu.ec\/algoritmos101\/files\/2025\/12\/buscacmd.png\" alt=\"buscar cmd\" class=\"wp-image-15913\" style=\"width:auto;height:450px\" \/><\/figure>\n\n\n\n<p>Pasos:<br>1. Abrir s\u00edmbolo de sistema:<br>En el men\u00fa para buscar (lupa), escribe \u201ccmd\u201d, se abrir\u00e1 una ventana como la mostrada.<\/p>\n\n\n\n<p>2. En la ventana \u201cs\u00edmbolo de sistema\u201d como lo mostrado en la figura, escribe:<\/p>\n\n\n\n<pre class=\"wp-block-code\"><code>pip install scipy<\/code><\/pre>\n\n\n\n<p>La instrucci\u00f3n descarga la versi\u00f3n m\u00e1s actualizada y compatible con la versi\u00f3n de Python que se encuentre en el equipo, solo debes esperar que termine el proceso.<\/p>\n\n\n\n<figure class=\"wp-block-image size-full\"><img loading=\"lazy\" decoding=\"async\" width=\"693\" height=\"294\" src=\"http:\/\/blog.espol.edu.ec\/algoritmos101\/files\/2025\/12\/pipscipy01.png\" alt=\"pip install scipy\" class=\"wp-image-15916\" \/><\/figure>\n\n\n\n<p>se completa el proceso,<\/p>\n\n\n\n<figure class=\"wp-block-image size-full\"><img loading=\"lazy\" decoding=\"async\" width=\"694\" height=\"276\" src=\"http:\/\/blog.espol.edu.ec\/algoritmos101\/files\/2025\/12\/pipscipy02.png\" alt=\"pipscipy02\" class=\"wp-image-15917\" \/><\/figure>\n\n\n\n<p>Se puede probar con las instrucciones mostradas:<\/p>\n\n\n\n<figure class=\"wp-block-image size-full\"><img loading=\"lazy\" decoding=\"async\" width=\"1195\" height=\"392\" src=\"http:\/\/blog.espol.edu.ec\/algoritmos101\/files\/2026\/03\/pipscipy03.gif\" alt=\"pip install scipy revisar version\" class=\"wp-image-21895\" \/><\/figure>\n\n\n\n<p><em><strong>Referencia<\/strong><\/em>: <a href=\"https:\/\/pypi.org\/project\/scipy\/\">https:\/\/pypi.org\/project\/scipy\/<\/a><\/p>\n\n\n\n<hr class=\"wp-block-separator has-alpha-channel-opacity\" \/>\n\n\n\n<div class=\"wp-block-group has-medium-font-size is-layout-flex wp-block-group-is-layout-flex\">\n<p><strong><em>pip:<\/em><\/strong><\/p>\n\n\n\n<p><a href=\"#pipinstall\">instalar<\/a><\/p>\n\n\n\n<p><a href=\"#pipnumpy\">Numpy<\/a><\/p>\n\n\n\n<p><a href=\"#pipmatplotlib\">matplotlib<\/a><\/p>\n\n\n\n<p><a href=\"#pipscipy\">Scipy<\/a><\/p>\n\n\n\n<p><a href=\"#piplistar\">listar<\/a><\/p>\n\n\n\n<p><a href=\"#pipactualiza\">actualizar<\/a><\/p>\n\n\n\n<p> <a href=\"#pipwinpython\">winpython<\/a><\/p>\n<\/div>\n\n\n\n<hr class=\"wp-block-separator has-alpha-channel-opacity\" \/>\n\n\n\n<h2 class=\"wp-block-heading\" id=\"piplistar\">\u00bfC\u00f3mo saber si una librer\u00eda esta instalada en Python?<\/h2>\n\n\n\n<p>Revisando si es posible hacer el llamado o <code>import<\/code> a la librer\u00eda desde la l\u00ednea de comandos (shell). Por ejemplo para llamar a Numpy:<\/p>\n\n\n\n<figure class=\"wp-block-image aligncenter size-full\"><img loading=\"lazy\" decoding=\"async\" width=\"586\" height=\"284\" src=\"http:\/\/blog.espol.edu.ec\/algoritmos101\/files\/2025\/12\/pip_module_installed01.png\" alt=\"pip_module_installed01\" class=\"wp-image-15919\" \/><\/figure>\n\n\n\n<p>o usando la instrucci\u00f3n <code>pip freeze<\/code> desde <code>cmd<\/code> de Windows.<\/p>\n\n\n\n<figure class=\"wp-block-image aligncenter size-full\"><img loading=\"lazy\" decoding=\"async\" width=\"475\" height=\"213\" src=\"http:\/\/blog.espol.edu.ec\/algoritmos101\/files\/2025\/12\/pip_freeze01.png\" alt=\"pip freeze \" class=\"wp-image-15920\" \/><\/figure>\n\n\n\n<p>Usar Numpy:\u00a0 <a href=\"https:\/\/blog.espol.edu.ec\/algoritmos101\/fp-u04\/vectores-arreglos-una-dimension\/\" data-type=\"post\" data-id=\"7915\">Vectores \u2013 Arreglos de una dimensi\u00f3n en Python<\/a><\/p>\n\n\n\n<hr class=\"wp-block-separator has-alpha-channel-opacity\" \/>\n\n\n\n<div class=\"wp-block-group has-medium-font-size is-layout-flex wp-block-group-is-layout-flex\">\n<p><strong><em>pip:<\/em><\/strong><\/p>\n\n\n\n<p><a href=\"#pipinstall\">instalar<\/a><\/p>\n\n\n\n<p><a href=\"#pipnumpy\">Numpy<\/a><\/p>\n\n\n\n<p><a href=\"#pipmatplotlib\">matplotlib<\/a><\/p>\n\n\n\n<p><a href=\"#pipscipy\">Scipy<\/a><\/p>\n\n\n\n<p><a href=\"#piplistar\">listar<\/a><\/p>\n\n\n\n<p><a href=\"#pipactualiza\">actualizar<\/a><\/p>\n\n\n\n<p><a href=\"#pipwinpython\">winpython<\/a><\/p>\n<\/div>\n\n\n\n<hr class=\"wp-block-separator has-alpha-channel-opacity\" \/>\n\n\n\n<h2 class=\"wp-block-heading\" id=\"pipactualiza\">PIP \u2013 Actualizar versi\u00f3n<\/h2>\n\n\n\n<p>En caso de requerir actualizar la versi\u00f3n de <code>pip<\/code> se usa la instrucci\u00f3n:<\/p>\n\n\n\n<pre class=\"wp-block-code\"><code>pip install -upgrade pip<\/code><\/pre>\n\n\n\n<hr class=\"wp-block-separator has-alpha-channel-opacity\" \/>\n\n\n\n<div class=\"wp-block-group has-medium-font-size is-layout-flex wp-block-group-is-layout-flex\">\n<p><strong><em>pip:<\/em><\/strong><\/p>\n\n\n\n<p><a href=\"\/algoritmos101\/#pipinstall\">instalar<\/a><\/p>\n\n\n\n<p><a href=\"\/algoritmos101\/#pipnumpy\">Numpy<\/a><\/p>\n\n\n\n<p><a href=\"\/algoritmos101\/#pipmatplotlib\">matplotlib<\/a><\/p>\n\n\n\n<p><a href=\"\/algoritmos101\/#pipscipy\">Scipy<\/a><\/p>\n\n\n\n<p><a href=\"\/algoritmos101\/#piplistar\">listar<\/a><\/p>\n\n\n\n<p><a href=\"\/algoritmos101\/#pipactualiza\">actualizar<\/a> <\/p>\n\n\n\n<p><a href=\"\/algoritmos101\/#pipwinpython\">winpython<\/a><\/p>\n<\/div>\n\n\n\n<hr class=\"wp-block-separator has-alpha-channel-opacity\" \/>\n\n\n\n<h2 class=\"wp-block-heading\" id=\"pipwinpython\">PIP en WinPython<\/h2>\n\n\n\n<p>En el caso de usar WinPython, que ya viene con las librer\u00edas cient\u00edficas instaladas y por alg\u00fan motivo requiere usar <code><strong>PIP<\/strong><\/code>, el procedimiento se realiza sobre una ventana de <code>cmd<\/code> dentro del directorio de WinPython.<\/p>\n\n\n\n<p>Primero ubique el directorio de WinPython en la unidad de disco, por ejemplo:<\/p>\n\n\n\n<figure class=\"wp-block-image aligncenter size-full\"><img loading=\"lazy\" decoding=\"async\" width=\"622\" height=\"244\" src=\"http:\/\/blog.espol.edu.ec\/algoritmos101\/files\/2026\/03\/pip_winpython01.gif\" alt=\"pip en winpython\" class=\"wp-image-21892\" \/><\/figure>\n\n\n\n<p>Segundo, en el directorio, se muestra \"<code>WinPython Command Prompt<\/code>\" que es la ventana que permite usar <code><strong>PIP<\/strong><\/code> con WinPython<\/p>\n\n\n\n<figure class=\"wp-block-image aligncenter size-full\"><img loading=\"lazy\" decoding=\"async\" width=\"622\" height=\"472\" src=\"http:\/\/blog.espol.edu.ec\/algoritmos101\/files\/2026\/03\/pip_winpython02.gif\" alt=\"\" class=\"wp-image-21893\" \/><\/figure>\n\n\n\n<p>Tercero, compruebe que dispone de PIP revisando la versi\u00f3n con la instrucci\u00f3n:<\/p>\n\n\n\n<pre class=\"wp-block-code\"><code>pip -V<\/code><\/pre>\n\n\n\n<figure class=\"wp-block-image size-full\"><img loading=\"lazy\" decoding=\"async\" width=\"977\" height=\"135\" src=\"http:\/\/blog.espol.edu.ec\/algoritmos101\/files\/2026\/03\/pip_winpython03.gif\" alt=\"pip wn winpython version\" class=\"wp-image-21894\" \/><\/figure>\n\n\n\n<p>con lo que puede usar la instrucci\u00f3n de PIP que requiera, por ejemplo para actualizar una librer\u00eda o m\u00f3dulo.<\/p>\n\n\n\n<p><strong>Referencia<\/strong>: <a href=\"https:\/\/docs.python.org\/es\/3\/installing\/index.html\">https:\/\/docs.python.org\/es\/3\/installing\/index.html<\/a><\/p>\n\n\n\n<hr class=\"wp-block-separator has-alpha-channel-opacity\" \/>\n\n\n\n<div class=\"wp-block-group has-medium-font-size is-layout-flex wp-block-group-is-layout-flex\">\n<p><strong><em>pip:<\/em><\/strong><\/p>\n\n\n\n<p><a href=\"#pipinstall\">instalar<\/a><\/p>\n\n\n\n<p><a href=\"#pipnumpy\">Numpy<\/a><\/p>\n\n\n\n<p><a href=\"#pipmatplotlib\">matplotlib<\/a><\/p>\n\n\n\n<p><a href=\"#pipscipy\">Scipy<\/a><\/p>\n\n\n\n<p><a href=\"#piplistar\">listar<\/a><\/p>\n\n\n\n<p><a href=\"#pipactualiza\">actualizar<\/a> <\/p>\n\n\n\n<p><a href=\"#pipwinpython\">winpython<\/a><\/p>\n<\/div>\n\n\n\n<hr class=\"wp-block-separator has-alpha-channel-opacity\" \/>\n","protected":false},"excerpt":{"rendered":"<p>pip: instalar Numpy matplotlib Scipy listar actualizar winpython PIP - instalar librer\u00eda PIP es una forma simple de instalar una librer\u00eda, solo requiere el uso de una ventana \u201cs\u00edmbolo de sistema\u201d como la mostrado en la figura y la conexi\u00f3n a internet. En la ventana se escribe Para el ejemplo se puede instalar la librer\u00eda [&hellip;]<\/p>\n","protected":false},"author":8043,"featured_media":0,"parent":5207,"menu_order":0,"comment_status":"closed","ping_status":"closed","template":"wp-custom-template-p-ginas-fp","meta":{"footnotes":""},"class_list":["post-7066","page","type-page","status-publish","hentry"],"_links":{"self":[{"href":"https:\/\/blog.espol.edu.ec\/algoritmos101\/wp-json\/wp\/v2\/pages\/7066","targetHints":{"allow":["GET"]}}],"collection":[{"href":"https:\/\/blog.espol.edu.ec\/algoritmos101\/wp-json\/wp\/v2\/pages"}],"about":[{"href":"https:\/\/blog.espol.edu.ec\/algoritmos101\/wp-json\/wp\/v2\/types\/page"}],"author":[{"embeddable":true,"href":"https:\/\/blog.espol.edu.ec\/algoritmos101\/wp-json\/wp\/v2\/users\/8043"}],"replies":[{"embeddable":true,"href":"https:\/\/blog.espol.edu.ec\/algoritmos101\/wp-json\/wp\/v2\/comments?post=7066"}],"version-history":[{"count":18,"href":"https:\/\/blog.espol.edu.ec\/algoritmos101\/wp-json\/wp\/v2\/pages\/7066\/revisions"}],"predecessor-version":[{"id":24113,"href":"https:\/\/blog.espol.edu.ec\/algoritmos101\/wp-json\/wp\/v2\/pages\/7066\/revisions\/24113"}],"up":[{"embeddable":true,"href":"https:\/\/blog.espol.edu.ec\/algoritmos101\/wp-json\/wp\/v2\/pages\/5207"}],"wp:attachment":[{"href":"https:\/\/blog.espol.edu.ec\/algoritmos101\/wp-json\/wp\/v2\/media?parent=7066"}],"curies":[{"name":"wp","href":"https:\/\/api.w.org\/{rel}","templated":true}]}}