{"id":7074,"date":"2014-03-05T07:48:41","date_gmt":"2014-03-05T12:48:41","guid":{"rendered":"http:\/\/blog.espol.edu.ec\/ccpg1001\/?page_id=7074"},"modified":"2026-04-14T05:52:32","modified_gmt":"2026-04-14T10:52:32","slug":"fp-winpython-sincomplicaciones","status":"publish","type":"page","link":"https:\/\/blog.espol.edu.ec\/algoritmos101\/fprogramacion\/fp-winpython-sincomplicaciones\/","title":{"rendered":"WinPython - instalar sin complicaciones"},"content":{"rendered":"\n<hr class=\"wp-block-separator has-alpha-channel-opacity\" \/>\n\n\n\n<div class=\"wp-block-group has-medium-font-size is-layout-flex wp-block-group-is-layout-flex\">\n<p><a href=\"#descargar\">Descargar<\/a><\/p>\n\n\n\n<p><a href=\"#32o64\">\u00bf32 o 64 bits?<\/a><\/p>\n\n\n\n<p><a href=\"#archivo\">Descargado<\/a><\/p>\n\n\n\n<p><a href=\"#inicioinstalacion\">Instalaci\u00f3n<\/a><\/p>\n\n\n\n<p><a href=\"#abrirprograma\">IDLE<\/a><\/p>\n\n\n\n<p><a href=\"#icono\">\u00cdcono-Inicio<\/a><\/p>\n<\/div>\n\n\n\n<hr class=\"wp-block-separator has-alpha-channel-opacity\" \/>\n\n\n\n<p>Instalador de Python para Windows con librer\u00edas integradas: Numpy, Matplotlib, Scipy, IPython, entre otros\u2026<\/p>\n\n\n\n<figure class=\"wp-block-image alignright\"><a href=\"https:\/\/winpython.github.io\/\"><img decoding=\"async\" src=\"https:\/\/winpython.github.io\/images\/winpython_title.png\" alt=\"WinPython\" \/><\/a><\/figure>\n\n\n\n<p>Solo requiere que se descomprima el archivo y usa un solo directorio de trabajo. NO se requiere permisos de administrador, tan solo un directorio con permisos de escritura. Olv\u00eddese de procedimientos de instalaci\u00f3n por cada librer\u00eda. Es portable en una memoria USB, es decir funciona desde la USB y no requiere instalaci\u00f3n adicional.<\/p>\n\n\n\n<p>Es recomendable que se instale en el disco duro para que funcione m\u00e1s r\u00e1pido. Por ejemplo en una partici\u00f3n o disco de datos d:\\winpython.<\/p>\n\n\n\n<hr class=\"wp-block-separator has-alpha-channel-opacity\" \/>\n\n\n\n<div class=\"wp-block-group has-medium-font-size is-layout-flex wp-block-group-is-layout-flex\">\n<p><a href=\"#descargar\">Descargar<\/a><\/p>\n\n\n\n<p><a href=\"#32o64\">\u00bf32 o 64 bits?<\/a><\/p>\n\n\n\n<p><a href=\"#archivo\">Descargado<\/a><\/p>\n\n\n\n<p><a href=\"#inicioinstalacion\">Instalaci\u00f3n<\/a><\/p>\n\n\n\n<p><a href=\"#abrirprograma\">IDLE<\/a><\/p>\n\n\n\n<p><a href=\"#icono\">\u00cdcono-Inicio<\/a><\/p>\n<\/div>\n\n\n\n<hr class=\"wp-block-separator has-alpha-channel-opacity\" \/>\n\n\n\n<h2 class=\"wp-block-heading\" id=\"descargar\"><a name=\"descargar\"><\/a>Descargar<\/h2>\n\n\n\n<p>en: <a href=\"https:\/\/sourceforge.net\/projects\/winpython\/files\/WinPython_3.12\/3.12.4.1\/\">https:\/\/sourceforge.net\/projects\/winpython\/files\/WinPython_3.12\/3.12.4.1\/<\/a><\/p>\n\n\n\n<p>Descargue el instalador de 32bits o 64bits, acorde a su sistema operativo, 64bits es la m\u00e1s descargada, sin embargo no olvide revisar ese detalle. Una vez descargado el archivo de instalaci\u00f3n contin\u00fae:<\/p>\n\n\n\n<figure class=\"wp-block-image size-full\"><img loading=\"lazy\" decoding=\"async\" width=\"1044\" height=\"565\" src=\"http:\/\/blog.espol.edu.ec\/algoritmos101\/files\/2025\/12\/instalarwinpython02.png\" alt=\"instalar winpython 02\" class=\"wp-image-18924\" \/><\/figure>\n\n\n\n<p>dando click a descarga se abre la ventana:<\/p>\n\n\n\n<figure class=\"wp-block-image aligncenter size-full\"><img loading=\"lazy\" decoding=\"async\" width=\"781\" height=\"235\" src=\"http:\/\/blog.espol.edu.ec\/algoritmos101\/files\/2026\/03\/instalarwinpython03.png\" alt=\"winpython descargar y guardar archivo\" class=\"wp-image-21872\" \/><\/figure>\n\n\n\n<hr class=\"wp-block-separator has-alpha-channel-opacity\" \/>\n\n\n\n<div class=\"wp-block-group has-medium-font-size is-layout-flex wp-block-group-is-layout-flex\">\n<p><a href=\"#descargar\">Descargar<\/a><\/p>\n\n\n\n<p><a href=\"#32o64\">\u00bf32 o 64 bits?<\/a><\/p>\n\n\n\n<p><a href=\"#archivo\">Descargado<\/a><\/p>\n\n\n\n<p><a href=\"#inicioinstalacion\">Instalaci\u00f3n<\/a><\/p>\n\n\n\n<p><a href=\"#abrirprograma\">IDLE<\/a><\/p>\n\n\n\n<p><a href=\"#icono\">\u00cdcono-Inicio<\/a><\/p>\n<\/div>\n\n\n\n<hr class=\"wp-block-separator has-alpha-channel-opacity\" \/>\n\n\n\n<h2 class=\"wp-block-heading\" id=\"32o64\"><a name=\"32o64\"><\/a>\u00bf32 o 64 bits?<\/h2>\n\n\n\n<p>Para conocer lo cu\u00e1l opci\u00f3n seleccionar, en su explorador de archivos, sobre \"Este Equipo\" seleccione \"propiedades\" haciendo clic derecho del mouse.<\/p>\n\n\n\n<figure class=\"wp-block-image aligncenter\"><img loading=\"lazy\" decoding=\"async\" width=\"646\" height=\"592\" src=\"http:\/\/blog.espol.edu.ec\/algoritmos101\/files\/2018\/02\/WinpythonInstalar03.png\" alt=\"winpython 32 y 64 bits\" class=\"wp-image-4562\" \/><\/figure>\n\n\n\n<p>y obtiene el tipo de sistema operativo que dispone:<\/p>\n\n\n\n<figure class=\"wp-block-image aligncenter size-full\"><img loading=\"lazy\" decoding=\"async\" width=\"1247\" height=\"854\" src=\"http:\/\/blog.espol.edu.ec\/algoritmos101\/files\/2026\/03\/WinpythonInstalar03.gif\" alt=\"Windows version de sistema operativo\" class=\"wp-image-21875\" \/><\/figure>\n\n\n\n<hr class=\"wp-block-separator has-alpha-channel-opacity\" \/>\n\n\n\n<div class=\"wp-block-group has-medium-font-size is-layout-flex wp-block-group-is-layout-flex\">\n<p><a href=\"#descargar\">Descargar<\/a><\/p>\n\n\n\n<p><a href=\"#32o64\">\u00bf32 o 64 bits?<\/a><\/p>\n\n\n\n<p><a href=\"#archivo\">Descargado<\/a><\/p>\n\n\n\n<p><a href=\"#inicioinstalacion\">Instalaci\u00f3n<\/a><\/p>\n\n\n\n<p><a href=\"#abrirprograma\">IDLE<\/a><\/p>\n\n\n\n<p><a href=\"#icono\">\u00cdcono-Inicio<\/a><\/p>\n<\/div>\n\n\n\n<hr class=\"wp-block-separator has-alpha-channel-opacity\" \/>\n\n\n\n<h2 class=\"wp-block-heading\" id=\"archivo\">Archivo Descargado<\/h2>\n\n\n\n<p>Ubique el archivo descargado, <strong>de la versi\u00f3n que seleccion\u00f3<\/strong> y ejecute la aplicaci\u00f3n.<\/p>\n\n\n\n<p><em>Las siguientes im\u00e1genes representan el proceso, para la versi\u00f3n 3.12.4.1 los pasos son los mismos que para otras versiones anteriores.<\/em><\/p>\n\n\n\n<figure class=\"wp-block-image aligncenter size-full\"><img loading=\"lazy\" decoding=\"async\" width=\"751\" height=\"513\" src=\"http:\/\/blog.espol.edu.ec\/algoritmos101\/files\/2026\/03\/WinpythonInstalar04.gif\" alt=\"Winpython archivo descargado\" class=\"wp-image-21876\" \/><\/figure>\n\n\n\n<hr class=\"wp-block-separator has-alpha-channel-opacity\" \/>\n\n\n\n<div class=\"wp-block-group has-medium-font-size is-layout-flex wp-block-group-is-layout-flex\">\n<p><a href=\"#descargar\">Descargar<\/a><\/p>\n\n\n\n<p><a href=\"#32o64\">\u00bf32 o 64 bits?<\/a><\/p>\n\n\n\n<p><a href=\"#archivo\">Descargado<\/a><\/p>\n\n\n\n<p><a href=\"#inicioinstalacion\">Instalaci\u00f3n<\/a><\/p>\n\n\n\n<p><a href=\"#abrirprograma\">IDLE<\/a><\/p>\n\n\n\n<p><a href=\"#icono\">\u00cdcono-Inicio<\/a><\/p>\n<\/div>\n\n\n\n<hr class=\"wp-block-separator has-alpha-channel-opacity\" \/>\n\n\n\n<h2 class=\"wp-block-heading\" id=\"inicioinstalacion\"><a name=\"inicioinstalacion\"><\/a>Inicio de Instalaci\u00f3n<\/h2>\n\n\n\n<p>Luego de doble click en el archivo del instalador marcado en la imagen anterior, se solicita indicar el directorio de instalaci\u00f3n del programa.<\/p>\n\n\n\n<figure class=\"wp-block-image aligncenter size-full\"><img loading=\"lazy\" decoding=\"async\" width=\"386\" height=\"157\" src=\"http:\/\/blog.espol.edu.ec\/algoritmos101\/files\/2026\/03\/WinpythonInstalar05.gif\" alt=\"winpython directorio de instalaci\u00f3n\" class=\"wp-image-21877\" \/><\/figure>\n\n\n\n<p>Una opci\u00f3n es el ra\u00edz del disco \"c:\\\".<\/p>\n\n\n\n<p>Se contin\u00faa al presionar el bot\u00f3n \"<strong>Extract<\/strong>\". Hay que esperar a que se complete el proceso. La ventana de extracci\u00f3n de archivos es semejante a la siguiente:<\/p>\n\n\n\n<figure class=\"wp-block-image aligncenter size-full\"><img loading=\"lazy\" decoding=\"async\" width=\"566\" height=\"364\" src=\"http:\/\/blog.espol.edu.ec\/algoritmos101\/files\/2026\/03\/WinpythonInstalar06.gif\" alt=\"Winpython extrayendo archivos\" class=\"wp-image-21878\" \/><\/figure>\n\n\n\n<p>Continuando con el proceso de extracci\u00f3n, solo hay que esperar, pues al instalar todas las librer\u00edas se toma su tiempo. Esto evita que luego tenga trabajo adicional de descargar e instalar cada librer\u00eda.<\/p>\n\n\n\n<p>Al finalizar, se cierra la ventana, quedando el programa listo para usar en el directorio indicado en el paso inicial.<\/p>\n\n\n\n<figure class=\"wp-block-image size-full\"><img loading=\"lazy\" decoding=\"async\" width=\"751\" height=\"513\" src=\"http:\/\/blog.espol.edu.ec\/algoritmos101\/files\/2026\/03\/WinpythonInstalar07.gif\" alt=\"Winpython directorio de programa disponible.\" class=\"wp-image-21879\" \/><\/figure>\n\n\n\n<div class=\"wp-block-group has-medium-font-size is-layout-flex wp-block-group-is-layout-flex\">\n<p><a href=\"#descargar\">Descargar<\/a><\/p>\n\n\n\n<p><a href=\"#32o64\">\u00bf32 o 64 bits?<\/a><\/p>\n\n\n\n<p><a href=\"#archivo\">Descargado<\/a><\/p>\n\n\n\n<p><a href=\"#inicioinstalacion\">Instalaci\u00f3n<\/a><\/p>\n\n\n\n<p><a href=\"#abrirprograma\">IDLE<\/a><\/p>\n\n\n\n<p><a href=\"#icono\">\u00cdcono-Inicio<\/a><\/p>\n<\/div>\n\n\n\n<hr class=\"wp-block-separator has-alpha-channel-opacity\" \/>\n\n\n\n<h2 class=\"wp-block-heading\" id=\"abrirprograma\">Abrir el programa Python con IDLEX<\/h2>\n\n\n\n<p>El archivo del programa est\u00e1 disponible en el directorio de instalaci\u00f3n indicado en los pasos anteriores.<\/p>\n\n\n\n<p>Para abrir o iniciar el programa se selecciona \"IDLE\" y se presenta el la ventana del programa, con lo lo que se complet\u00f3 el proceso.<\/p>\n\n\n\n<figure class=\"wp-block-image aligncenter size-full\"><img loading=\"lazy\" decoding=\"async\" width=\"1089\" height=\"368\" src=\"http:\/\/blog.espol.edu.ec\/algoritmos101\/files\/2026\/03\/WinpythonInstalar08.gif\" alt=\"Winpython IDLE consola de trabajo\" class=\"wp-image-21880\" \/><\/figure>\n\n\n\n<hr class=\"wp-block-separator has-alpha-channel-opacity\" \/>\n\n\n\n<div class=\"wp-block-group has-medium-font-size is-layout-flex wp-block-group-is-layout-flex\">\n<p><a href=\"#descargar\">Descargar<\/a><\/p>\n\n\n\n<p><a href=\"#32o64\">\u00bf32 o 64 bits?<\/a><\/p>\n\n\n\n<p><a href=\"#archivo\">Descargado<\/a><\/p>\n\n\n\n<p><a href=\"#inicioinstalacion\">Instalaci\u00f3n<\/a><\/p>\n\n\n\n<p><a href=\"#abrirprograma\">IDLE<\/a><\/p>\n\n\n\n<p><a href=\"#icono\">\u00cdcono-Inicio<\/a><\/p>\n<\/div>\n\n\n\n<hr class=\"wp-block-separator has-alpha-channel-opacity\" \/>\n\n\n\n<h2 class=\"wp-block-heading\" id=\"icono\"><a name=\"icono\"><\/a>\u00cdcono en el Men\u00fa de Inicio<\/h2>\n\n\n\n<p>Para poner el programa en el men\u00fa de inicio, se da clic derecho sobre IDLE seleccionando \"Anclar el Inicio\" se dispondr\u00e1 del bot\u00f3n correspondiente en el men\u00fa:<\/p>\n\n\n\n<figure class=\"wp-block-image aligncenter size-full\"><img loading=\"lazy\" decoding=\"async\" width=\"750\" height=\"731\" src=\"http:\/\/blog.espol.edu.ec\/algoritmos101\/files\/2026\/03\/WinpythonInstalar09.gif\" alt=\"Winpython IDLE a\u00f1adir en men\u00fa de inicio\" class=\"wp-image-21882\" \/><\/figure>\n\n\n\n<p>Con lo que se obtiene el \u00edcono como el mostrado:<\/p>\n\n\n\n<figure class=\"wp-block-image aligncenter size-full\"><img loading=\"lazy\" decoding=\"async\" width=\"830\" height=\"713\" src=\"http:\/\/blog.espol.edu.ec\/algoritmos101\/files\/2026\/03\/WinpythonInstalar10.gif\" alt=\"Winpython en men\u00fa de inicio\" class=\"wp-image-21884\" \/><\/figure>\n\n\n\n<p>Ahora puede continuar con los temas de fundamentos de programaci\u00f3n o los otros cursos con Python<\/p>\n\n\n\n<p><a href=\"https:\/\/blog.espol.edu.ec\/algoritmos101\/fp-u03\/estructuras-de-control\/\" data-type=\"post\" data-id=\"7885\">Estructuras de Control en programaci\u00f3n<\/a><\/p>\n\n\n\n<hr class=\"wp-block-separator has-alpha-channel-opacity\" \/>\n\n\n\n<div class=\"wp-block-group has-medium-font-size is-layout-flex wp-block-group-is-layout-flex\">\n<p><a href=\"#descargar\">Descargar<\/a><\/p>\n\n\n\n<p><a href=\"#32o64\">\u00bf32 o 64 bits?<\/a><\/p>\n\n\n\n<p><a href=\"#archivo\">Descargado<\/a><\/p>\n\n\n\n<p><a href=\"#inicioinstalacion\">Instalaci\u00f3n<\/a><\/p>\n\n\n\n<p><a href=\"#abrirprograma\">IDLE<\/a><\/p>\n\n\n\n<p><a href=\"#icono\">\u00cdcono-Inicio<\/a><\/p>\n<\/div>\n\n\n\n<hr class=\"wp-block-separator has-alpha-channel-opacity\" \/>\n","protected":false},"excerpt":{"rendered":"<p>Descargar \u00bf32 o 64 bits? Descargado Instalaci\u00f3n IDLE \u00cdcono-Inicio Instalador de Python para Windows con librer\u00edas integradas: Numpy, Matplotlib, Scipy, IPython, entre otros\u2026 Solo requiere que se descomprima el archivo y usa un solo directorio de trabajo. NO se requiere permisos de administrador, tan solo un directorio con permisos de escritura. Olv\u00eddese de procedimientos de [&hellip;]<\/p>\n","protected":false},"author":8043,"featured_media":0,"parent":5207,"menu_order":0,"comment_status":"closed","ping_status":"closed","template":"wp-custom-template-p-ginas-fp","meta":{"footnotes":""},"class_list":["post-7074","page","type-page","status-publish","hentry"],"_links":{"self":[{"href":"https:\/\/blog.espol.edu.ec\/algoritmos101\/wp-json\/wp\/v2\/pages\/7074","targetHints":{"allow":["GET"]}}],"collection":[{"href":"https:\/\/blog.espol.edu.ec\/algoritmos101\/wp-json\/wp\/v2\/pages"}],"about":[{"href":"https:\/\/blog.espol.edu.ec\/algoritmos101\/wp-json\/wp\/v2\/types\/page"}],"author":[{"embeddable":true,"href":"https:\/\/blog.espol.edu.ec\/algoritmos101\/wp-json\/wp\/v2\/users\/8043"}],"replies":[{"embeddable":true,"href":"https:\/\/blog.espol.edu.ec\/algoritmos101\/wp-json\/wp\/v2\/comments?post=7074"}],"version-history":[{"count":8,"href":"https:\/\/blog.espol.edu.ec\/algoritmos101\/wp-json\/wp\/v2\/pages\/7074\/revisions"}],"predecessor-version":[{"id":24110,"href":"https:\/\/blog.espol.edu.ec\/algoritmos101\/wp-json\/wp\/v2\/pages\/7074\/revisions\/24110"}],"up":[{"embeddable":true,"href":"https:\/\/blog.espol.edu.ec\/algoritmos101\/wp-json\/wp\/v2\/pages\/5207"}],"wp:attachment":[{"href":"https:\/\/blog.espol.edu.ec\/algoritmos101\/wp-json\/wp\/v2\/media?parent=7074"}],"curies":[{"name":"wp","href":"https:\/\/api.w.org\/{rel}","templated":true}]}}