{"id":8,"date":"2017-10-01T02:18:36","date_gmt":"2017-10-01T07:18:36","guid":{"rendered":"https:\/\/blog.espol.edu.ec\/algoritmos101\/?page_id=8"},"modified":"2025-12-16T07:11:22","modified_gmt":"2025-12-16T12:11:22","slug":"mnumericos","status":"publish","type":"page","link":"https:\/\/blog.espol.edu.ec\/algoritmos101\/mnumericos\/","title":{"rendered":"M\u00e9todos Num\u00e9ricos"},"content":{"rendered":"\n<div class=\"wp-block-group alignfull is-style-section-1 has-background has-global-padding is-layout-constrained wp-block-group-is-layout-constrained is-style-section-1--1\" style=\"background:linear-gradient(135deg,rgb(0,2,144) 0%,rgb(255,255,255) 100%);min-height:25px;margin-top:0;margin-bottom:0;padding-top:var(--wp--preset--spacing--20);padding-bottom:var(--wp--preset--spacing--20)\">\n<div class=\"wp-block-columns alignfull is-layout-flex wp-container-core-columns-is-layout-0d2466c3 wp-block-columns-is-layout-flex\" style=\"padding-top:var(--wp--preset--spacing--20);padding-right:var(--wp--preset--spacing--20);padding-bottom:var(--wp--preset--spacing--20);padding-left:var(--wp--preset--spacing--20)\">\n<div class=\"wp-block-column is-vertically-aligned-center is-layout-flow wp-block-column-is-layout-flow\" style=\"flex-basis:50%\">\n<div class=\"wp-block-group is-layout-flow wp-block-group-is-layout-flow\" style=\"padding-top:var(--wp--preset--spacing--40);padding-right:var(--wp--preset--spacing--40);padding-bottom:var(--wp--preset--spacing--40);padding-left:var(--wp--preset--spacing--40)\">\n<p class=\"has-base-color has-text-color has-link-color wp-elements-f5f4aa612b1416918c2760da5fc1a947\">El curso de <strong>M\u00e9todos Num\u00e9rico<\/strong>s trata sobre la <em>teor\u00eda<\/em> y los <em>algoritmos<\/em> propios para el desarrollo de <strong>m\u00e9todos num\u00e9ricos<\/strong> que permiten resolver problemas de la ingenier\u00eda con exactitud controlada y con un soporte computacional (actualmente <strong>Python<\/strong>).<\/p>\n<\/div>\n<\/div>\n\n\n\n<div class=\"wp-block-column is-layout-flow wp-block-column-is-layout-flow\" style=\"padding-top:0;padding-bottom:0\">\n<figure class=\"wp-block-gallery has-nested-images columns-default is-cropped wp-block-gallery-2 is-layout-flex wp-block-gallery-is-layout-flex\" style=\"margin-top:var(--wp--preset--spacing--20);margin-right:var(--wp--preset--spacing--20);margin-bottom:var(--wp--preset--spacing--20);margin-left:var(--wp--preset--spacing--20)\">\n<figure class=\"wp-block-image size-full is-resized\" style=\"margin-top:0;margin-bottom:0\"><img loading=\"lazy\" decoding=\"async\" width=\"571\" height=\"229\" data-id=\"16265\" src=\"http:\/\/blog.espol.edu.ec\/algoritmos101\/files\/2025\/12\/mn_ibm702.jpg\" alt=\"Computadores en siglo XX\" class=\"wp-image-16265\" style=\"aspect-ratio:2.2437151258549006;object-fit:cover;width:auto;height:200px\" \/><\/figure>\n<\/figure>\n\n\n\n<div class=\"wp-block-group has-global-padding is-content-justification-left is-layout-constrained wp-container-core-group-is-layout-75cfd1be wp-block-group-is-layout-constrained\" style=\"margin-top:-25%\">\n<figure class=\"wp-block-image alignleft size-full is-resized\" style=\"margin-top:var(--wp--preset--spacing--20);margin-bottom:var(--wp--preset--spacing--20)\"><img loading=\"lazy\" decoding=\"async\" width=\"1057\" height=\"581\" src=\"http:\/\/blog.espol.edu.ec\/algoritmos101\/files\/2025\/11\/mn_tablet01.gif\" alt=\"tablet con Python\" class=\"wp-image-13\" style=\"width:auto;height:180px\" \/><\/figure>\n<\/div>\n<\/div>\n<\/div>\n<\/div>\n\n\n\n<div class=\"wp-block-group alignfull is-style-section-1 has-background has-global-padding is-layout-constrained wp-block-group-is-layout-constrained is-style-section-1--3\" style=\"border-style:none;border-width:0px;background:linear-gradient(135deg,rgb(254,254,254) 0%,rgb(0,3,144) 100%);min-height:10px;margin-top:0;margin-bottom:0;padding-top:var(--wp--preset--spacing--20);padding-bottom:var(--wp--preset--spacing--20)\">\n<div class=\"wp-block-columns alignfull is-layout-flex wp-container-core-columns-is-layout-d840c512 wp-block-columns-is-layout-flex\" style=\"padding-top:var(--wp--preset--spacing--30);padding-right:var(--wp--preset--spacing--20);padding-bottom:var(--wp--preset--spacing--30);padding-left:var(--wp--preset--spacing--20)\">\n<div class=\"wp-block-column is-layout-flow wp-block-column-is-layout-flow\">\n<figure class=\"wp-block-gallery has-nested-images columns-default wp-block-gallery-4 is-layout-flex wp-block-gallery-is-layout-flex\" style=\"margin-top:0;margin-right:0;margin-bottom:0;margin-left:0\">\n<figure class=\"wp-block-image size-full is-resized is-style-default\" style=\"margin-top:0;margin-right:0;margin-bottom:0;margin-left:0\"><img loading=\"lazy\" decoding=\"async\" width=\"716\" height=\"300\" data-id=\"12\" src=\"http:\/\/blog.espol.edu.ec\/algoritmos101\/files\/2025\/11\/mn_pizarra01.png\" alt=\"pizarra y tiza\" class=\"wp-image-12\" style=\"aspect-ratio:2.3865374065973057;object-fit:contain;width:auto;height:200px\" \/><\/figure>\n<\/figure>\n\n\n\n<div class=\"wp-block-group has-global-padding is-layout-constrained wp-block-group-is-layout-constrained\" style=\"margin-top:-15vw\">\n<figure class=\"wp-block-image alignright size-full is-resized is-style-default\" style=\"margin-top:0;margin-bottom:0\"><img loading=\"lazy\" decoding=\"async\" width=\"640\" height=\"480\" src=\"http:\/\/blog.espol.edu.ec\/algoritmos101\/files\/2025\/11\/taylor01_animado.gif\" alt=\"Serie de Taylor gr\u00e1fico animado\" class=\"wp-image-14\" style=\"width:250px\" \/><\/figure>\n<\/div>\n<\/div>\n\n\n\n<div class=\"wp-block-column is-layout-flow wp-block-column-is-layout-flow\" style=\"padding-top:var(--wp--preset--spacing--40);padding-right:var(--wp--preset--spacing--40);padding-bottom:var(--wp--preset--spacing--40);padding-left:var(--wp--preset--spacing--40)\">\n<p class=\"has-text-align-left has-base-color has-text-color has-link-color wp-elements-a21cdbd937a586b4d52e95e9d1d21a4e\" style=\"margin-top:var(--wp--preset--spacing--20);margin-right:var(--wp--preset--spacing--20);margin-bottom:var(--wp--preset--spacing--20);margin-left:var(--wp--preset--spacing--20)\">Se hace \u00e9nfasis en la resoluci\u00f3n computacional a trav\u00e9s de programas de c\u00e1lculo num\u00e9rico y simb\u00f3lico (<strong>Python<\/strong>), los cuales resultan altamente eficientes para la instrumentaci\u00f3n de los algoritmos num\u00e9ricos planteados.<\/p>\n<\/div>\n<\/div>\n<\/div>\n\n\n\n<p>Contiene material de estudio, ejercicios y soluciones algor\u00edtmicas de evaluaciones de a\u00f1os anteriores en los cursos:<\/p>\n\n\n\n<ul class=\"wp-block-list\">\n<li><strong>MATG1052 - M\u00e9todos Num\u00e9ricos<\/strong>, desde el a\u00f1o 2020<\/li>\n\n\n\n<li>MATG1076 - An\u00e1lisis Num\u00e9rico, desde el a\u00f1o 2020<\/li>\n\n\n\n<li><em><strong>MATG1013 - An\u00e1lisis Num\u00e9rico<\/strong>, 2017-2019<\/em><\/li>\n\n\n\n<li>ICM00158 - An\u00e1lisis Num\u00e9rico, 2005-2016<\/li>\n\n\n\n<li>ICM02188 - M\u00e9todos Num\u00e9ricos, 2005-2016<\/li>\n<\/ul>\n","protected":false},"excerpt":{"rendered":"<p>El curso de M\u00e9todos Num\u00e9ricos trata sobre la teor\u00eda y los algoritmos propios para el desarrollo de m\u00e9todos num\u00e9ricos que permiten resolver problemas de la ingenier\u00eda con exactitud controlada y con un soporte computacional (actualmente Python). Se hace \u00e9nfasis en la resoluci\u00f3n computacional a trav\u00e9s de programas de c\u00e1lculo num\u00e9rico y simb\u00f3lico (Python), los cuales [&hellip;]<\/p>\n","protected":false},"author":8043,"featured_media":0,"parent":0,"menu_order":0,"comment_status":"closed","ping_status":"closed","template":"wp-custom-template-p-ginas-mn","meta":{"footnotes":""},"class_list":["post-8","page","type-page","status-publish","hentry"],"_links":{"self":[{"href":"https:\/\/blog.espol.edu.ec\/algoritmos101\/wp-json\/wp\/v2\/pages\/8","targetHints":{"allow":["GET"]}}],"collection":[{"href":"https:\/\/blog.espol.edu.ec\/algoritmos101\/wp-json\/wp\/v2\/pages"}],"about":[{"href":"https:\/\/blog.espol.edu.ec\/algoritmos101\/wp-json\/wp\/v2\/types\/page"}],"author":[{"embeddable":true,"href":"https:\/\/blog.espol.edu.ec\/algoritmos101\/wp-json\/wp\/v2\/users\/8043"}],"replies":[{"embeddable":true,"href":"https:\/\/blog.espol.edu.ec\/algoritmos101\/wp-json\/wp\/v2\/comments?post=8"}],"version-history":[{"count":13,"href":"https:\/\/blog.espol.edu.ec\/algoritmos101\/wp-json\/wp\/v2\/pages\/8\/revisions"}],"predecessor-version":[{"id":16267,"href":"https:\/\/blog.espol.edu.ec\/algoritmos101\/wp-json\/wp\/v2\/pages\/8\/revisions\/16267"}],"wp:attachment":[{"href":"https:\/\/blog.espol.edu.ec\/algoritmos101\/wp-json\/wp\/v2\/media?parent=8"}],"curies":[{"name":"wp","href":"https:\/\/api.w.org\/{rel}","templated":true}]}}