{"id":8968,"date":"2017-10-04T06:58:57","date_gmt":"2017-10-04T11:58:57","guid":{"rendered":"http:\/\/blog.espol.edu.ec\/analisisnumerico\/?page_id=8968"},"modified":"2026-04-06T17:18:59","modified_gmt":"2026-04-06T22:18:59","slug":"mn-politicas-del-curso","status":"publish","type":"page","link":"https:\/\/blog.espol.edu.ec\/algoritmos101\/mnumericos\/mn-politicas-del-curso\/","title":{"rendered":"Pol\u00edticas del curso MN"},"content":{"rendered":"\n<h2 class=\"wp-block-heading\">Clases<\/h2>\n\n\n\n<ol class=\"wp-block-list\">\n<li>La asistencia a clases es obligatoria, se registra y est\u00e1 disponible para revisi\u00f3n\u00a0 en \u00ab<a href=\"https:\/\/aulavirtual.espol.edu.ec\/\">aulavirtual<\/a>\u00bb secci\u00f3n \u00abregistro de asistencia\u00bb.<\/li>\n\n\n\n<li>Se dispondr\u00e1 de 5 minutos de espera antes de iniciar cada sesi\u00f3n.<\/li>\n\n\n\n<li>No se permite el uso de celulares durante la clase. Favor colocar sus tel\u00e9fonos en modo \u201csilencio\u201d y tener en cuenta las \u00abalarmas\u00bb.<\/li>\n\n\n\n<li>El horario de clase es el establecido y presencial, salvo casos \u00abfortuitos\u00bb cambia a virtual cuando la instituci\u00f3n lo disponga. En caso de recuperaci\u00f3n de clases por caso fortuito, el horario se acuerda entre profesor y estudiantes para la recuperaci\u00f3n.<\/li>\n\n\n\n<li>Cuando un estudiante hubiere faltado a un n\u00famero de horas de clases que sea igual o mayor al cuarenta por ciento (40%) del n\u00famero de horas de clases programadas durante el desarrollo del curso, autom\u00e1ticamente reprueba dicha materia.\u00a0 [1, 2]<\/li>\n<\/ol>\n\n\n\n<p><em><strong>Referencias<\/strong><\/em>: [1] Reglamento de grado c\u00f3digo:REG-ACA-VRA-035, T\u00edtulo 2. https:\/\/www.bienestar.espol.edu.ec\/sites\/bienestar.espol.edu.ec\/files\/Reglamento%20de%20Grado.pdf<br>[2] Art\u00edculo 35<\/p>\n\n\n\n<h2 class=\"wp-block-heading\">Consultas<\/h2>\n\n\n\n<p>Es importante que las consultas sobre contenido, tareas o actividades, se realicen en la clase. En otros horarios puede hacer uso del foro de discusi\u00f3n de \u00ab<a href=\"https:\/\/aulavirtual.espol.edu.ec\/\">aulavirtual<\/a>\u00ab. El foro permite compartir las inquietudes y aportes con los compa\u00f1eros de clases y ayudante, independiente del tema a responder en horas de oficina o las horas de ayudant\u00eda.<\/p>\n\n\n\n<h2 class=\"wp-block-heading\">Evaluaciones<\/h2>\n\n\n\n<p>La ponderaci\u00f3n de las calificaciones del curso es la siguiente [1, 3]:<\/p>\n\n\n\n<p>La <strong>calificaci\u00f3n final<\/strong> del curso tiene componentes te\u00f3rico y pr\u00e1ctico<\/p>\n\n\n\n<figure class=\"wp-block-table\"><table><tbody><tr><td>Componente te\u00f3rico<\/td><td>70% de la calificaci\u00f3n final<\/td><td>El valor est\u00e1 dado por el promedio de las dos mejores calificaciones entre las evaluaciones <em>1ra<\/em>, <em>2da<\/em>, y <em>3ra<\/em>.<\/td><\/tr><tr><td>Componente pr\u00e1ctico<\/td><td>30% de la calificaci\u00f3n final<\/td><td>El valor est\u00e1 dado por la suma ponderada de talleres y actividades asignadas para \u00e9ste componente y seleccionadas a lo largo del curso.<\/td><\/tr><\/tbody><\/table><\/figure>\n\n\n\n<p>El componente te\u00f3rico para la <strong>1ra y 2da evaluaci\u00f3n<\/strong> tiene como ponderaci\u00f3n<\/p>\n\n\n\n<figure class=\"wp-block-table\"><table><tbody><tr><td>Tareas<\/td><td>20%<\/td><td>Son actividades individuales que est\u00e1n compuestas de ejercicios de evaluaciones anteriores.<\/td><\/tr><tr><td>Talleres<\/td><td>10%<\/td><td>Son actividades individuales o grupales que est\u00e1n compuestas de ejercicios de evaluaciones anteriores. Se las realizan durante las sesiones de clases semanales.<\/td><\/tr><tr><td>Lecciones<\/td><td>20%<\/td><td>Son actividades individuales que est\u00e1n compuestas de ejercicios semejantes a los talleres.<\/td><\/tr><tr><td>Examen<\/td><td>50%<\/td><td>El examen es una evaluaci\u00f3n elaborada por la coordinaci\u00f3n de la asignatura con el apoyo de todos los profesores de la asignatura y est\u00e1 basado en preguntas conceptuales o resoluci\u00f3n de ejercicios.<\/td><\/tr><\/tbody><\/table><\/figure>\n\n\n\n<p>El componente te\u00f3rico para la <strong>3ra evaluaci\u00f3n<\/strong> est\u00e1 compuesto <strong>100% por el examen<\/strong>. El examen es una evaluaci\u00f3n elaborada por la coordinaci\u00f3n de la asignatura con el apoyo de todos los profesores de la asignatura y est\u00e1 basado en preguntas conceptuales o resoluci\u00f3n de ejercicios.<\/p>\n\n\n\n<p>El <strong>componente pr\u00e1ctico<\/strong> tiene las siguientes actividades:<\/p>\n\n\n\n<figure class=\"wp-block-table\"><table><tbody><tr><td>Talleres pr\u00e1cticos<\/td><td>30%<\/td><td>Son actividades individuales que est\u00e1n compuestas de ejercicios de evaluaciones anteriores.<\/td><\/tr><tr><td>Trabajos aut\u00f3nomos pr\u00e1cticos<\/td><td>70%<\/td><td>Son actividades individuales o grupales que consisten en analizar, plantear, desarrollar iteraciones en papel y con algoritmos de computadora.<\/td><\/tr><\/tbody><\/table><\/figure>\n\n\n\n<h2 class=\"wp-block-heading\">Actividades<\/h2>\n\n\n\n<ol class=\"wp-block-list\">\n<li>Las actividades de tareas, talleres, proyectos ser\u00e1n publicados y recibidos en <a href=\"https:\/\/aulavirtual.espol.edu.ec\/\">aulavirtual<\/a> de la materia, los detalles de cada actividad se comparten en el <a href=\"https:\/\/blog.espol.edu.ec\/algoritmos101\/analisisnumerico\/\">Blog del curso<\/a><\/li>\n\n\n\n<li>Toda actividad debe incluir las referencias bibliogr\u00e1ficas respectivas. En el caso de c\u00f3digo fuente, se utilizar\u00e1 el formato de comentarios y en el caso de investigaci\u00f3n o tareas te\u00f3ricas se utilizar\u00e1 el formato de citas bibliogr\u00e1ficas.<\/li>\n<\/ol>\n\n\n\n<h2 class=\"wp-block-heading\">Ex\u00e1menes, Talleres y Lecciones<\/h2>\n\n\n\n<ol class=\"wp-block-list\">\n<li>Los ex\u00e1menes, talleres y lecciones ser\u00e1n dados en el aula de clase durante el horario especificado.<\/li>\n\n\n\n<li>Una vez empezadas las evaluaciones ning\u00fan estudiante podr\u00e1 entrar o salir del aula hasta que el examen, taller o lecci\u00f3n termine.<\/li>\n\n\n\n<li>La evaluaci\u00f3n empieza en el momento que el profesor entrega o explica cualquier tema a cualquier estudiante presente<\/li>\n<\/ol>\n\n\n\n<p><em><strong>Referencias<\/strong><\/em>:&nbsp; [3] Reglamento de grado c\u00f3digo:REG-ACA-VRA-035, T\u00edtulo 2 Art 39 - 42<br>[4] <a href=\"https:\/\/www.dspace.espol.edu.ec\/bitstream\/123456789\/50173\/3\/REGLAMENTO%20DE%20DISCIPLINA%20%20%20%20.pdf\">Reglamento de disciplina de espol<\/a>. Cap\u00edtulo 5. Art 40. Faltas disciplinarias<\/p>\n","protected":false},"excerpt":{"rendered":"<p>Clases Referencias: [1] Reglamento de grado c\u00f3digo:REG-ACA-VRA-035, T\u00edtulo 2. https:\/\/www.bienestar.espol.edu.ec\/sites\/bienestar.espol.edu.ec\/files\/Reglamento%20de%20Grado.pdf[2] Art\u00edculo 35 Consultas Es importante que las consultas sobre contenido, tareas o actividades, se realicen en la clase. En otros horarios puede hacer uso del foro de discusi\u00f3n de \u00abaulavirtual\u00ab. El foro permite compartir las inquietudes y aportes con los compa\u00f1eros de clases y ayudante, [&hellip;]<\/p>\n","protected":false},"author":8043,"featured_media":0,"parent":8,"menu_order":0,"comment_status":"closed","ping_status":"closed","template":"wp-custom-template-p-ginas-mn","meta":{"footnotes":""},"class_list":["post-8968","page","type-page","status-publish","hentry"],"_links":{"self":[{"href":"https:\/\/blog.espol.edu.ec\/algoritmos101\/wp-json\/wp\/v2\/pages\/8968","targetHints":{"allow":["GET"]}}],"collection":[{"href":"https:\/\/blog.espol.edu.ec\/algoritmos101\/wp-json\/wp\/v2\/pages"}],"about":[{"href":"https:\/\/blog.espol.edu.ec\/algoritmos101\/wp-json\/wp\/v2\/types\/page"}],"author":[{"embeddable":true,"href":"https:\/\/blog.espol.edu.ec\/algoritmos101\/wp-json\/wp\/v2\/users\/8043"}],"replies":[{"embeddable":true,"href":"https:\/\/blog.espol.edu.ec\/algoritmos101\/wp-json\/wp\/v2\/comments?post=8968"}],"version-history":[{"count":2,"href":"https:\/\/blog.espol.edu.ec\/algoritmos101\/wp-json\/wp\/v2\/pages\/8968\/revisions"}],"predecessor-version":[{"id":12728,"href":"https:\/\/blog.espol.edu.ec\/algoritmos101\/wp-json\/wp\/v2\/pages\/8968\/revisions\/12728"}],"up":[{"embeddable":true,"href":"https:\/\/blog.espol.edu.ec\/algoritmos101\/wp-json\/wp\/v2\/pages\/8"}],"wp:attachment":[{"href":"https:\/\/blog.espol.edu.ec\/algoritmos101\/wp-json\/wp\/v2\/media?parent=8968"}],"curies":[{"name":"wp","href":"https:\/\/api.w.org\/{rel}","templated":true}]}}