{"id":2,"date":"2016-05-26T19:04:38","date_gmt":"2016-05-26T19:04:38","guid":{"rendered":"http:\/\/blog.espol.edu.ec\/alguzman\/?page_id=2"},"modified":"2016-06-02T16:54:22","modified_gmt":"2016-06-02T16:54:22","slug":"pagina-ejemplo","status":"publish","type":"page","link":"https:\/\/blog.espol.edu.ec\/alguzman\/pagina-ejemplo\/","title":{"rendered":"Misi\u00f3n y Visi\u00f3n"},"content":{"rendered":"<p><strong>Misi\u00f3n<\/strong> La mision de este blog es dar a conocer la variedad que existe en cuanto a la tematica de la gastronomia.<\/p>\n<p><strong>Visi\u00f3n <\/strong> Comprometerse a estar actualizados con los nuevos platos que puedan ser inventados por los grandes actores del arte culinario en los diversos paises, en la categoria que sea.<\/p>\n","protected":false},"excerpt":{"rendered":"<p>Misi\u00f3n La mision de este blog es dar a conocer la variedad que existe en cuanto a la tematica de la gastronomia. Visi\u00f3n Comprometerse a estar actualizados con los nuevos platos que puedan ser inventados por los grandes actores del arte culinario en los diversos paises, en la categoria que sea.<\/p>\n","protected":false},"author":10416,"featured_media":0,"parent":0,"menu_order":0,"comment_status":"closed","ping_status":"open","template":"","meta":{"footnotes":""},"class_list":["post-2","page","type-page","status-publish","hentry"],"_links":{"self":[{"href":"https:\/\/blog.espol.edu.ec\/alguzman\/wp-json\/wp\/v2\/pages\/2","targetHints":{"allow":["GET"]}}],"collection":[{"href":"https:\/\/blog.espol.edu.ec\/alguzman\/wp-json\/wp\/v2\/pages"}],"about":[{"href":"https:\/\/blog.espol.edu.ec\/alguzman\/wp-json\/wp\/v2\/types\/page"}],"author":[{"embeddable":true,"href":"https:\/\/blog.espol.edu.ec\/alguzman\/wp-json\/wp\/v2\/users\/10416"}],"replies":[{"embeddable":true,"href":"https:\/\/blog.espol.edu.ec\/alguzman\/wp-json\/wp\/v2\/comments?post=2"}],"version-history":[{"count":4,"href":"https:\/\/blog.espol.edu.ec\/alguzman\/wp-json\/wp\/v2\/pages\/2\/revisions"}],"predecessor-version":[{"id":95,"href":"https:\/\/blog.espol.edu.ec\/alguzman\/wp-json\/wp\/v2\/pages\/2\/revisions\/95"}],"wp:attachment":[{"href":"https:\/\/blog.espol.edu.ec\/alguzman\/wp-json\/wp\/v2\/media?parent=2"}],"curies":[{"name":"wp","href":"https:\/\/api.w.org\/{rel}","templated":true}]}}