{"id":46,"date":"2016-10-25T16:57:19","date_gmt":"2016-10-25T16:57:19","guid":{"rendered":"http:\/\/blog.espol.edu.ec\/allennaeg\/?page_id=46"},"modified":"2016-10-28T19:01:30","modified_gmt":"2016-10-28T19:01:30","slug":"salvemos-a-los-animales-ecuador","status":"publish","type":"page","link":"https:\/\/blog.espol.edu.ec\/allennaeg\/salvemos-a-los-animales-ecuador\/","title":{"rendered":"Salvemos a los animales Ecuador"},"content":{"rendered":"<p><strong>Protecci\u00f3n Animal Ecuador (<a href=\"http:\/\/www.pae.ec\">PAE<\/a>)<\/strong><\/p>\n<p>La fundaci\u00f3n Protecci\u00f3n Animal Ecuador, PAE, se fund\u00f3 y legaliz\u00f3 en Quito el 3 de agosto de 1984 ante el Ministerio de Inclusi\u00f3n Social y Econ\u00f3mica bajo la figura original de asociaci\u00f3n y posteriormente reformada a fundaci\u00f3n el 2 de marzo de 2005 con Acuerdo Ministerial # 4883, como una entidad apol\u00edtica, arreligiosa, con personer\u00eda jur\u00eddica, de derecho privado y sin fines de lucro, fundada para la defensa y protecci\u00f3n de los animales.<\/p>\n<p><strong>Fundaci\u00f3n Rescate Ecuador (<a href=\"http:\/\/www.rescateanimal.org.ec\">RA<\/a>)<\/strong><\/p>\n<p>Fundaci\u00f3n sin fines de lucro, de derecho privado, con personer\u00eda jur\u00eddica, aprobada mediante Acuerdo N.- 029-2012 del Ministerio de Agricultura, Ganader\u00eda, Acuacultura y Pesca el 25 de junio del 2012, que naci\u00f3 en la ciudad de Guayaquil con el objetivo de luchar por el bienestar de los animales y fomentar una cultura de tolerancia y respeto hacia ellos.<\/p>\n<p><strong>Ministerio del Ambiente (<a href=\"http:\/\/www.ambiente.gob.ec\/11699\/\">MAE<\/a>)<\/strong><\/p>\n<p>El Ministerio del Ambiente propone la campa\u00f1a \u201cProtege Ecuador, la responsabilidad es de todos\u201d, con el objetivo de informar a la poblaci\u00f3n sobre las especies en peligro de extinci\u00f3n y fomentar su protecci\u00f3n.<\/p>\n<p>&nbsp;<\/p>\n","protected":false},"excerpt":{"rendered":"<p>Protecci\u00f3n Animal Ecuador (PAE) La fundaci\u00f3n Protecci\u00f3n Animal Ecuador, PAE, se fund\u00f3 y legaliz\u00f3 en Quito el 3 de agosto de 1984 ante el Ministerio de Inclusi\u00f3n Social y Econ\u00f3mica bajo la figura original de asociaci\u00f3n y posteriormente reformada a fundaci\u00f3n el 2 de marzo de 2005 con Acuerdo Ministerial # 4883, como una entidad [&hellip;]<\/p>\n","protected":false},"author":10624,"featured_media":0,"parent":0,"menu_order":0,"comment_status":"closed","ping_status":"closed","template":"","meta":{"footnotes":""},"class_list":["post-46","page","type-page","status-publish","hentry"],"_links":{"self":[{"href":"https:\/\/blog.espol.edu.ec\/allennaeg\/wp-json\/wp\/v2\/pages\/46","targetHints":{"allow":["GET"]}}],"collection":[{"href":"https:\/\/blog.espol.edu.ec\/allennaeg\/wp-json\/wp\/v2\/pages"}],"about":[{"href":"https:\/\/blog.espol.edu.ec\/allennaeg\/wp-json\/wp\/v2\/types\/page"}],"author":[{"embeddable":true,"href":"https:\/\/blog.espol.edu.ec\/allennaeg\/wp-json\/wp\/v2\/users\/10624"}],"replies":[{"embeddable":true,"href":"https:\/\/blog.espol.edu.ec\/allennaeg\/wp-json\/wp\/v2\/comments?post=46"}],"version-history":[{"count":4,"href":"https:\/\/blog.espol.edu.ec\/allennaeg\/wp-json\/wp\/v2\/pages\/46\/revisions"}],"predecessor-version":[{"id":58,"href":"https:\/\/blog.espol.edu.ec\/allennaeg\/wp-json\/wp\/v2\/pages\/46\/revisions\/58"}],"wp:attachment":[{"href":"https:\/\/blog.espol.edu.ec\/allennaeg\/wp-json\/wp\/v2\/media?parent=46"}],"curies":[{"name":"wp","href":"https:\/\/api.w.org\/{rel}","templated":true}]}}