{"id":48,"date":"2016-10-25T16:59:28","date_gmt":"2016-10-25T16:59:28","guid":{"rendered":"http:\/\/blog.espol.edu.ec\/allennaeg\/?page_id=48"},"modified":"2016-10-25T16:59:28","modified_gmt":"2016-10-25T16:59:28","slug":"consejos","status":"publish","type":"page","link":"https:\/\/blog.espol.edu.ec\/allennaeg\/consejos\/","title":{"rendered":"Consejos"},"content":{"rendered":"<h2>1. \u00bfC\u00f3mo debo alimentar a mi gato?<\/h2>\n<p>Puedes alimentar a tu gato con pienso, alimentos balanceados secos o alimento h\u00famedo. Existen multitud de sabores, presentaciones y marcas. Elige el\u00a0alimento adecuado para su edad\u00a0(cachorro, adulto o senior ) y su estado fisiol\u00f3gico (cr\u00eda, gestaci\u00f3n, lactancia, castrado, etc.). Debes dejarle comida todo el d\u00eda en un lugar que sea de f\u00e1cil acceso para \u00e9l y donde no haya insectos o roedores. Tiene que disponer de\u00a0agua fresca y limpia en otro recipiente, aunque a los gatos les encanta beber de corrientes de agua en movimiento, como peque\u00f1as gotas que caen de un grifo mal cerrado. No conviene alimentarlos con dietas caseras, ya que es m\u00e1s complicado garantizar un correcto equilibrio nutricional.<\/p>\n<h3>2. \u00bfCu\u00e1l es la mejor forma de cuidar la salud de mi gato?<\/h3>\n<p>Debes vacunar y desparasitar a tu gato siguiendo las indicaciones del veterinario. En general, un adulto debe vacunarse anualmente contra las enfermedades respiratorias, la leucemia y la rabia, aunque las pautas var\u00edan en funci\u00f3n del sitio en donde residas, y\u00a0desparasitarse 4 veces al a\u00f1o\u00a0para evitar los par\u00e1sitos internos. Para los par\u00e1sitos externos como las pulgas, piojos o garrapatas existen varios productos de f\u00e1cil aplicaci\u00f3n. Antes de utilizarlos, debemos\u00a0consultar con nuestro veterinario\u00a0para elegir el producto que mejor se adapte a nuestro gato y a nuestras necesidades. Otro aspecto fundamental para mantener sano y feliz a tu gato es la higiene.\u00a0Debes tener una bandeja sanitaria y cambiar diariamente la arena para gatos, ya que no les gusta usarla sucia y probablemente buscar\u00e1 otro sitio donde hacer sus necesidades.<\/p>\n<h3>3. \u00bfQu\u00e9 son las bolas de pelo?<\/h3>\n<p>No es necesario que ba\u00f1es a tu gato, ya que\u00a0los gatos son animales muy limpios\u00a0que se acicalan continuamente a lo largo del d\u00eda. Sin embargo, cuanto m\u00e1s lo cepilles mejor ser\u00e1 para su piel y su pelo. Tendr\u00e1 un manto m\u00e1s fuerte, espeso, brillante, sano y sin bolas de pelo. Los gatos que viven en la calle sometidos a los cambios de temperatura estacional y a las variaciones de luz pierden menos pelo en comparaci\u00f3n con los que viven en casa a una temperatura constante y con luz artificial. Esta p\u00e9rdida de pelo y el lavado o lamido de los gatos hace que muchas veces se formen estas\u00a0acumulaciones de pelo o tricobezoares. Suelen expulsarse normalmente, pero si esto no ocurre, su presencia en el tracto gastrointestinal puede provocar alteraciones como v\u00f3mitos, diarreas, obstrucciones y falta de apetito entre otros s\u00edntomas.<\/p>\n<h3>4. \u00bfCada cu\u00e1nto tiempo debo cepillar y ba\u00f1ar a mi gato?<\/h3>\n<p>Cepilla frecuentemente a tu gato\u00a0para eliminar su pelo muerto y dale malta felina para evitar la formaci\u00f3n de bolas de pelo. Con 2 o 3 veces por semana ser\u00e1 suficiente y le ayudar\u00e1s a mantener un buen tr\u00e1nsito gastrointestinal. Existen tambi\u00e9n\u00a0piensos especiales\u00a0para estos casos. Se llaman Hairball, no son medicados y los hay de varios sabores y marcas.<\/p>\n<p>No es necesario que ba\u00f1es a tu gato, ya que\u00a0los gatos son animales muy limpios\u00a0que se acicalan continuamente a lo largo del d\u00eda. Sin embargo, cuanto m\u00e1s lo cepilles mejor ser\u00e1 para su piel y su pelo. Tendr\u00e1 un manto m\u00e1s fuerte, espeso, brillante, sano y sin nudos. Si quieres ba\u00f1arlo, puedes hacerlo con un\u00a0champ\u00fa especial para gatos\u00a0y secarlo con una toalla o un secador de pelo manual. Generalmente a los gatos no les gusta el agua \u00a1habitualmente el due\u00f1o acaba m\u00e1s mojado que el gato despu\u00e9s del ba\u00f1o!<\/p>\n","protected":false},"excerpt":{"rendered":"<p>1. \u00bfC\u00f3mo debo alimentar a mi gato? Puedes alimentar a tu gato con pienso, alimentos balanceados secos o alimento h\u00famedo. Existen multitud de sabores, presentaciones y marcas. Elige el\u00a0alimento adecuado para su edad\u00a0(cachorro, adulto o senior ) y su estado fisiol\u00f3gico (cr\u00eda, gestaci\u00f3n, lactancia, castrado, etc.). Debes dejarle comida todo el d\u00eda en un lugar [&hellip;]<\/p>\n","protected":false},"author":10624,"featured_media":0,"parent":0,"menu_order":0,"comment_status":"closed","ping_status":"closed","template":"","meta":{"footnotes":""},"class_list":["post-48","page","type-page","status-publish","hentry"],"_links":{"self":[{"href":"https:\/\/blog.espol.edu.ec\/allennaeg\/wp-json\/wp\/v2\/pages\/48","targetHints":{"allow":["GET"]}}],"collection":[{"href":"https:\/\/blog.espol.edu.ec\/allennaeg\/wp-json\/wp\/v2\/pages"}],"about":[{"href":"https:\/\/blog.espol.edu.ec\/allennaeg\/wp-json\/wp\/v2\/types\/page"}],"author":[{"embeddable":true,"href":"https:\/\/blog.espol.edu.ec\/allennaeg\/wp-json\/wp\/v2\/users\/10624"}],"replies":[{"embeddable":true,"href":"https:\/\/blog.espol.edu.ec\/allennaeg\/wp-json\/wp\/v2\/comments?post=48"}],"version-history":[{"count":1,"href":"https:\/\/blog.espol.edu.ec\/allennaeg\/wp-json\/wp\/v2\/pages\/48\/revisions"}],"predecessor-version":[{"id":49,"href":"https:\/\/blog.espol.edu.ec\/allennaeg\/wp-json\/wp\/v2\/pages\/48\/revisions\/49"}],"wp:attachment":[{"href":"https:\/\/blog.espol.edu.ec\/allennaeg\/wp-json\/wp\/v2\/media?parent=48"}],"curies":[{"name":"wp","href":"https:\/\/api.w.org\/{rel}","templated":true}]}}