{"id":55,"date":"2009-08-13T13:14:09","date_gmt":"2009-08-13T18:14:09","guid":{"rendered":"http:\/\/blog.espol.edu.ec\/allilazo\/?page_id=55"},"modified":"2009-08-14T17:01:40","modified_gmt":"2009-08-14T22:01:40","slug":"home","status":"publish","type":"page","link":"https:\/\/blog.espol.edu.ec\/allilazo\/","title":{"rendered":"Yop....."},"content":{"rendered":"<p><strong><span style=\"text-decoration: underline\"><span style=\"color: #cc99ff\">BIENVENID@S...<\/span><\/span><\/strong><\/p>\n<p><a href=\"http:\/\/blog.espol.edu.ec\/allilazo\/files\/2009\/08\/img003.jpg\"><img loading=\"lazy\" decoding=\"async\" class=\"aligncenter size-full wp-image-59\" src=\"http:\/\/blog.espol.edu.ec\/allilazo\/files\/2009\/08\/img003.jpg\" alt=\"Alito\" width=\"210\" height=\"314\" srcset=\"https:\/\/blog.espol.edu.ec\/allilazo\/files\/2009\/08\/img003.jpg 210w, https:\/\/blog.espol.edu.ec\/allilazo\/files\/2009\/08\/img003-200x300.jpg 200w\" sizes=\"auto, (max-width: 210px) 100vw, 210px\" \/><\/a><\/p>\n<p style=\"text-align: center\"><em><span style=\"color: #808000\">Hola a todos...........<\/span><\/em><\/p>\n<p style=\"text-align: center\"><em><span style=\"color: #808000\">Mi nombre es Allison Lazo Castro, tengo 19 a\u00f1os (en la foto toy mas chiquita \ud83d\ude42 .....) naci el 5 de Agosto de 1990, <\/span><\/em><\/p>\n<p style=\"text-align: center\"><em><span style=\"color: #808000\">mi familia esta conformada por mis padres: Matide y Gerardo; yo los quiero mucho y les doy gracias<\/span><\/em><\/p>\n<p style=\"text-align: center\"><em><span style=\"color: #808000\">por que han sabido cuidarme y ense\u00f1arme muchas cosas; y mis 2 hermanitas:<\/span><\/em><\/p>\n<p style=\"text-align: center\"><em><span style=\"color: #808000\">Denisse y Leila, de 9 y 6 a\u00f1os respectivamente; ellas son mi adoracion.<\/span><\/em><\/p>\n<p style=\"text-align: center\">\n<p style=\"text-align: center\"><em><\/em><\/p>\n<p style=\"text-align: center\"><em><span style=\"color: #808000\">Bueno algo mas sobre mi:<\/span><\/em><\/p>\n<p style=\"text-align: center\"><em><span style=\"color: #808000\">Estudi\u00e8 en el Instituto Tecnol\u00f2gico Provincia de Tungurahua,<\/span><\/em><\/p>\n<p style=\"text-align: center\"><em><span style=\"color: #808000\">me gradu\u00e8 de Contabilidad, ahi conoci a algunas de mis mejores amigas.<\/span><\/em><\/p>\n<p style=\"text-align: center\"><em><span style=\"color: #808000\">Ahora estoy estudiando en la ESPOL, estoy en la carrera de Ing. Auditoria y Control de Gesti\u00f2n,<\/span><\/em><\/p>\n<p style=\"text-align: center\"><em><span style=\"color: #808000\">perteneciente al ICM (Instituto de Ciencias Matematicas) y aqui he tenido la oprtunidad de <\/span><\/em><\/p>\n<p style=\"text-align: center\"><em><span style=\"color: #808000\">topar con compa\u00f1eras del colegio, ha sido muy grato verlas.<\/span><\/em><\/p>\n<p style=\"text-align: center\"><em><span style=\"color: #808000\">En lo personal soy muy sensible, aunque tambi\u00e8n me manejo un caracter algo fuerte,<\/span><\/em><\/p>\n<p style=\"text-align: center\"><em><span style=\"color: #808000\">me gusta mucho la m\u00f9sica rom\u00e0ntica, en especial: Ana Gabriel, Mirian Hernandez, Camila,<\/span><\/em><\/p>\n<p style=\"text-align: center\"><em><span style=\"color: #808000\">Sin Banderas.....<\/span><\/em><\/p>\n<p style=\"text-align: center\"><em><span style=\"color: #808000\">En mis tiempos libres me gusta entonar la guitarra, leer libros, sobre todo de Carlos Cuauhtemoc Sanchez, <\/span><\/em><\/p>\n<p style=\"text-align: center\"><em><span style=\"color: #808000\">del cual ya he leido: Volar sobre el Pantano, La Fuerza de Sheccid, La Ultima Oportunidad,<\/span><\/em><\/p>\n<p style=\"text-align: center\"><em><span style=\"color: #808000\">Contraveneno, Juventud en Extasis I, Juventud en Extasis II.<\/span><\/em><\/p>\n<p style=\"text-align: center\"><em><span style=\"color: #808000\">De las personas me gusta su sinceridad, su solidaridad, que sepan lo que quieren, que sean honestas....<\/span><\/em><\/p>\n<p style=\"text-align: center\"><em><span style=\"color: #808000\">No me gusta la hipocrecia, la mentira, o aquellos que tienen complejo de dictadores.<\/span><\/em><\/p>\n<p style=\"text-align: center\"><em><span style=\"color: #808000\">Esto es todo lo que puedo decir en honor a la verdad a cerca de mi.<\/span><\/em><\/p>\n<p style=\"text-align: center\"><em><span style=\"color: #808000\">Que tengas un buen dia, y gracias por visitar mi blog.<\/span><\/em><\/p>\n<p style=\"text-align: center\"><em><span style=\"color: #808000\">A continuacion una breve historia.....<\/span><\/em><\/p>\n<p style=\"text-align: center\"><em><span style=\"color: #808000\"><br \/>\n<\/span><\/em><\/p>\n<p style=\"text-align: center\"><em><span style=\"color: #666699\"><span style=\"text-decoration: underline\">EL PUENTE<\/span><\/span><\/em><\/p>\n<p style=\"text-align: center\"><em><span style=\"color: #008080\">Hab\u00eda una vez un puente para tren, el cual, estaba sobre un r\u00edo grande. Usualmente el puente estaba doblado para que los barcos pudieran pasa<\/span><\/em><\/p>\n<p style=\"text-align: center\"><em><span style=\"color: #008080\">r por los dos lados del r\u00edo. Pero en ciertas ocasiones el puente se mov\u00eda para permitir que los trenes pasaran. El puente no era muy ancho, <\/span><\/em><\/p>\n<p style=\"text-align: center\"><em><span style=\"color: #008080\">solamente era lo suficiente para tren.<\/span><\/em><\/p>\n<p style=\"text-align: center\"><em><span style=\"color: #008080\">Cada d\u00eda un hombre se sentaba en un peque\u00f1o edificio donde manejaba los controles del puente y as\u00ed ponerlo seguro. Una noche el estaba <\/span><\/em><\/p>\n<p style=\"text-align: center\"><em><span style=\"color: #008080\">esperando el ultimo tren. el miro a lo lejos y pudo ver la luz del tren a distancias. El empez\u00f3 a mover el puente en posici\u00f3n; al quererlo hacer el hombre se dio cuenta que el seguro no estaba funcionando. Si este seguro no funcionaba el tren caer\u00eda en el r\u00edo y muchos de los pasajeros <\/span><\/em><\/p>\n<p style=\"text-align: center\"><em><span style=\"color: #008080\">morir\u00edan.<br \/>\nR\u00e1pidamente, el hombre salio del edificio y se dirigi\u00f3 al otro lado del r\u00edo donde hab\u00eda una palanca de mano para bajar el puente. El tenia que <\/span><\/em><\/p>\n<p style=\"text-align: center\"><em><span style=\"color: #008080\">poner toda su fuerza en esa palanca para que el tren pudiera cruzar.<\/span><\/em><\/p>\n<p style=\"text-align: center\"><em><span style=\"color: #008080\">Cada vez el tren estaba mas cerca ; entonces el comenz\u00f3 a esforzarse mas en la palanca; \u00a1Muchas vidas depend\u00eda en la fuerza del hombre!.<\/span><\/em><\/p>\n<p style=\"text-align: center\"><em><span style=\"color: #008080\">De pronto el oy\u00f3 el sonido que hizo su sangre helarse...... \u00a1papa! \u00bfDonde estas? su hijo, quien tenia cuatro a\u00f1os de edad estaba cruzando el <\/span><\/em><\/p>\n<p style=\"text-align: center\"><em><span style=\"color: #008080\">puente para buscarlo.<br \/>\nLos primeros pensamientos de este hombre fueron de gritar,\u00a1corre, corre!. Pero el sabia que las peque\u00f1as piernas de su hijo nunca podr\u00edan <\/span><\/em><\/p>\n<p style=\"text-align: center\"><em><span style=\"color: #008080\">cruzar a tiempo. El hombre casi sale de la palanca de mano para poner a su hijo seguro, pero se dio cuenta que si hacia eso no pod\u00eda regresar a la palanca y salvar a los del tren.<\/span><\/em><\/p>\n<p style=\"text-align: center\"><em><span style=\"color: #008080\">Los pasajeros y su hijo ten\u00edan que morir. El hombre solo le tomo un momento para decidirse.<\/span><\/em><\/p>\n<p style=\"text-align: center\"><em><span style=\"color: #008080\">El tren cruzo r\u00e1pidamente y su viaje ya estaba seguro; pero ninguna persona del tren se dio cuenta del cuerpo peque\u00f1o roto que cayo en el r\u00edo <\/span><\/em><\/p>\n<p style=\"text-align: center\"><em><span style=\"color: #008080\">sin misericordia por el tren; ni tampoco vieron al hombre llorando miserablemente, poniendo todav\u00eda su fuerza en la palanca mucho tiempo despu\u00e9s que el tren hab\u00eda pasado, tampoco lo vieron a el caminando a un paso lento, El paso mas lento que el jam\u00e1s hab\u00eda caminado para llegar <\/span><\/em><\/p>\n<p style=\"text-align: center\"><em><span style=\"color: #008080\">a su casa y decirle a su esposa como el hab\u00eda sacrificado a su hijo.<\/span><\/em><\/p>\n<p><em><span style=\"color: #008080\"><br \/>\n<\/span><\/em><\/p>\n<h3 style=\"text-align: center\"><em><a><img decoding=\"async\" src=\"http:\/\/www.bc7h.com\/angeles\/angelitadormida.gif\" alt=\"\" \/><\/a><\/em><\/h3>\n","protected":false},"excerpt":{"rendered":"<p>BIENVENID@S... Hola a todos........... Mi nombre es Allison Lazo Castro, tengo 19 a\u00f1os (en la foto toy mas chiquita \ud83d\ude42 .....) naci el 5 de Agosto de 1990, mi familia esta conformada por mis padres: Matide y Gerardo; yo los quiero mucho y les doy gracias por que han sabido cuidarme y ense\u00f1arme muchas cosas; [&hellip;]<\/p>\n","protected":false},"author":1352,"featured_media":0,"parent":0,"menu_order":0,"comment_status":"open","ping_status":"open","template":"","meta":{"footnotes":""},"class_list":["post-55","page","type-page","status-publish","hentry"],"_links":{"self":[{"href":"https:\/\/blog.espol.edu.ec\/allilazo\/wp-json\/wp\/v2\/pages\/55","targetHints":{"allow":["GET"]}}],"collection":[{"href":"https:\/\/blog.espol.edu.ec\/allilazo\/wp-json\/wp\/v2\/pages"}],"about":[{"href":"https:\/\/blog.espol.edu.ec\/allilazo\/wp-json\/wp\/v2\/types\/page"}],"author":[{"embeddable":true,"href":"https:\/\/blog.espol.edu.ec\/allilazo\/wp-json\/wp\/v2\/users\/1352"}],"replies":[{"embeddable":true,"href":"https:\/\/blog.espol.edu.ec\/allilazo\/wp-json\/wp\/v2\/comments?post=55"}],"version-history":[{"count":26,"href":"https:\/\/blog.espol.edu.ec\/allilazo\/wp-json\/wp\/v2\/pages\/55\/revisions"}],"predecessor-version":[{"id":58,"href":"https:\/\/blog.espol.edu.ec\/allilazo\/wp-json\/wp\/v2\/pages\/55\/revisions\/58"}],"wp:attachment":[{"href":"https:\/\/blog.espol.edu.ec\/allilazo\/wp-json\/wp\/v2\/media?parent=55"}],"curies":[{"name":"wp","href":"https:\/\/api.w.org\/{rel}","templated":true}]}}