{"id":61,"date":"2013-11-25T18:34:36","date_gmt":"2013-11-25T18:34:36","guid":{"rendered":"http:\/\/blog.espol.edu.ec\/allparam\/?page_id=61"},"modified":"2013-11-25T18:34:36","modified_gmt":"2013-11-25T18:34:36","slug":"simbolos-principales","status":"publish","type":"page","link":"https:\/\/blog.espol.edu.ec\/allparam\/simbolos-principales\/","title":{"rendered":"S\u00edmbolos Principales"},"content":{"rendered":"<p>&nbsp;<\/p>\n<ul>\n<li style=\"text-align: justify\"><span style=\"color: #ffffff\"><b>La bandera<\/b>. Los colores verde, dorado y rojo (de la bandera Etiope) son un simbolo de la religi\u00f3n rastafariana, y son frecuentemente vistos en ropas y otras decoraciones. El rojo representa la sangre de los m\u00e1rtires. El verde la vegetaci\u00f3n de Sion (es decir, Etiop\u00eda, ver mas abajo). El dorado la riqueza y la prosperidad que Africa tiene que ofrecer. El le\u00f3n es tambi\u00e9n un simbolo Rastafariano importante, simbolizando tanto a Africa como al emperador Haile Selassie, o a Jah mismo.<\/span><\/li>\n<\/ul>\n<p style=\"text-align: justify\"><span style=\"color: #ffffff\">\u00a0<\/span><\/p>\n<ul style=\"text-align: justify\">\n<li><span style=\"color: #ffffff\"><b>DreadLocks<\/b>. Son trenzas rastas. El llevar DreadLocks est\u00e1 tambi\u00e9n asociado de cerca con el movimiento, aunque no es algo universal (ni exclusivo) a los practicantes de la religi\u00f3n. La trenzas rastas est\u00e1n apoyadas seg\u00fan el rastafarianismo por el\u00a0<a title=\"Lev\u00edtico\" href=\"http:\/\/es.wikipedia.org\/wiki\/Lev%C3%ADtico\"><span style=\"color: #ffffff\">Lev\u00edtico<\/span><\/a>\u00a021:15 (\"No mostrar\u00e1n calvicie sobre sus cabezas, ni se afeitaran el extremo de sus barbas, ni se haran cortes en su carne.\") y por el\u00a0<i>voto Nazareno<\/i>\u00a0de\u00a0<a title=\"N\u00fameros\" href=\"http:\/\/es.wikipedia.org\/wiki\/N%C3%BAmeros\"><span style=\"color: #ffffff\">N\u00fameros<\/span><\/a>\u00a06. El estilo de pelo comenz\u00f3 parcialmente para contrastar el pelo largo rizado de los hombres de raza negra con el pelo liso de la raza blanca. Los DreadLocks han llegado a simbolizar el le\u00f3n de Judea y la rebeli\u00f3n contra Babilonia.<\/span><\/li>\n<\/ul>\n<p style=\"text-align: justify\"><span style=\"color: #ffffff\">\u00a0<\/span><\/p>\n<ul>\n<li><span style=\"color: #ffffff\"><b>Ganja.<\/b>\u00a0Los rastafarianos creen por lo general que el fumar cannabis (conocido como\u00a0<i>ganja<\/i>\u00a0o la\u00a0<i>hierba sagrada<\/i>) disfruta de apoyo b\u00edblico y es una ayuda a la meditaci\u00f3n y la instrospecci\u00f3n religiosa, es decir, si fuman, ser\u00e1 para meditar y asi en una manera mas profunda, reflexionar, no lo hacen en ningun momento para conseguir placer propio, sino interior. Los versos que los rastafarianos creen que justifican el uso de la hierba:<\/span>\n<ul>\n<li style=\"text-align: justify\"><span style=\"color: #ffffff\">Exodo 10:12 \"...comed cada hierba de la tierra.\"<\/span><\/li>\n<li style=\"text-align: justify\"><span style=\"color: #ffffff\">G\u00e9nesis 3:18 \"...comereis la hierba del campo.\"<\/span><\/li>\n<li style=\"text-align: justify\"><span style=\"color: #ffffff\">Proverbios 15:17 \"Mejor es la cena de hierba donde hay amor, que un buey preparado con odio.\"<\/span><\/li>\n<li style=\"text-align: justify\"><span style=\"color: #ffffff\">Salmos 104:14 \"El causo que el forraje creciera para el ganado, y la hierba para el servicio del hombre\"<\/span><\/li>\n<\/ul>\n<\/li>\n<\/ul>\n","protected":false},"excerpt":{"rendered":"<p>&nbsp; La bandera. Los colores verde, dorado y rojo (de la bandera Etiope) son un simbolo de la religi\u00f3n rastafariana, y son frecuentemente vistos en ropas y otras decoraciones. El rojo representa la sangre de los m\u00e1rtires. El verde la vegetaci\u00f3n de Sion (es decir, Etiop\u00eda, ver mas abajo). El dorado la riqueza y la [&hellip;]<\/p>\n","protected":false},"author":8902,"featured_media":0,"parent":0,"menu_order":0,"comment_status":"open","ping_status":"open","template":"","meta":{"footnotes":""},"class_list":["post-61","page","type-page","status-publish","hentry"],"_links":{"self":[{"href":"https:\/\/blog.espol.edu.ec\/allparam\/wp-json\/wp\/v2\/pages\/61","targetHints":{"allow":["GET"]}}],"collection":[{"href":"https:\/\/blog.espol.edu.ec\/allparam\/wp-json\/wp\/v2\/pages"}],"about":[{"href":"https:\/\/blog.espol.edu.ec\/allparam\/wp-json\/wp\/v2\/types\/page"}],"author":[{"embeddable":true,"href":"https:\/\/blog.espol.edu.ec\/allparam\/wp-json\/wp\/v2\/users\/8902"}],"replies":[{"embeddable":true,"href":"https:\/\/blog.espol.edu.ec\/allparam\/wp-json\/wp\/v2\/comments?post=61"}],"version-history":[{"count":1,"href":"https:\/\/blog.espol.edu.ec\/allparam\/wp-json\/wp\/v2\/pages\/61\/revisions"}],"predecessor-version":[{"id":63,"href":"https:\/\/blog.espol.edu.ec\/allparam\/wp-json\/wp\/v2\/pages\/61\/revisions\/63"}],"wp:attachment":[{"href":"https:\/\/blog.espol.edu.ec\/allparam\/wp-json\/wp\/v2\/media?parent=61"}],"curies":[{"name":"wp","href":"https:\/\/api.w.org\/{rel}","templated":true}]}}