{"id":66,"date":"2013-11-25T18:39:40","date_gmt":"2013-11-25T18:39:40","guid":{"rendered":"http:\/\/blog.espol.edu.ec\/allparam\/?page_id=66"},"modified":"2013-11-25T18:39:40","modified_gmt":"2013-11-25T18:39:40","slug":"citas-biblicas-en-las-que-los-rastafari-se-fundamentan-para-el-uso-de-marihuana","status":"publish","type":"page","link":"https:\/\/blog.espol.edu.ec\/allparam\/citas-biblicas-en-las-que-los-rastafari-se-fundamentan-para-el-uso-de-marihuana\/","title":{"rendered":"Citas Biblicas en las que los Rastafari se fundamentan para el uso de Marihuana"},"content":{"rendered":"<p><span style=\"color: #ffffff\">Los rastafaris toman algunas citas de la Biblia para justificar el uso de la hierba:<\/span><\/p>\n<ul>\n<li>\n<ul>\n<li><span style=\"color: #ffffff\"><a href=\"http:\/\/www.vatican.va\/archive\/ESL0506\/__PZO.HTM;\" rel=\"nofollow\"><span style=\"color: #ffffff\">1 Timoteo 4:1-3<\/span><\/a>\u00a0\"El Esp\u00edritu afirma claramente que en los \u00faltimos tiempos habr\u00e1 algunos que renegar\u00e1n de su fe, para entregarse a esp\u00edritus seductores y doctrinas demon\u00edacas, seducidos por gente mentirosa e hip\u00f3crita, cuya conciencia est\u00e1 marcada a fuego. Esa gente proscribe el matrimonio y\u00a0<b>proh\u00edbe el consumo de determinados alimentos que Dios cre\u00f3 para que los creyentes y los conocedores de la verdad los comieran dando gracias<\/b>.\"<\/span><\/li>\n<li><span style=\"color: #ffffff\"><a href=\"http:\/\/www.vatican.va\/archive\/ESL0506\/__PLX.HTM;\" rel=\"nofollow\"><span style=\"color: #ffffff\">Proverbios 15:17<\/span><\/a>\u00a0\"<b>M\u00e1s vale un plato de legumbres con amor<\/b>\u00a0que un buey cebado, pero con odio.\"<\/span><\/li>\n<li><span style=\"color: #ffffff\"><a href=\"http:\/\/www.vatican.va\/archive\/ESL0506\/__PJ1.HTM;\" rel=\"nofollow\"><span style=\"color: #ffffff\">Salmos 104:14<\/span><\/a>\u00a0\"Haces brotar la hierba para el ganado y\u00a0<b>las plantas que el hombre cultiva<\/b>, para sacar de la tierra el pan\"<\/span><\/li>\n<li><span style=\"color: #ffffff\"><a href=\"http:\/\/www.vatican.va\/archive\/ESL0506\/__P4.HTM;\" rel=\"nofollow\"><span style=\"color: #ffffff\">G\u00e9nesis 3:17-19<\/span><\/a>\u00a0\"Y dijo al hombre: \u00abPorque hiciste caso a tu mujer y comiste del \u00e1rbol que yo te prohib\u00ed, maldito sea el suelo por tu culpa. Con fatiga sacar\u00e1s de \u00e9l tu alimento todos los d\u00edas de tu vida. El te producir\u00e1 cardos y espinas y\u00a0<b>comer\u00e1s la hierba del campo<\/b>. Ganar\u00e1s el pan con el sudor de tu frente, hasta que vuelvas a la tierra, de donde fuiste sacado. \u00a1Porque eres polvo y al polvo volver\u00e1s!\u00bb.\"<\/span><\/li>\n<li><span style=\"color: #ffffff\">\u00c9xodo 10:12 \"El Se\u00f1or dijo a Mois\u00e9s: \u00abExtiende tu mano sobre el territorio de Egipto, para que las langostas invadan el pa\u00eds y\u00a0<b>devoren toda la vegetaci\u00f3n<\/b>\u00a0que dej\u00f3 el granizo\u00bb.\"<\/span><\/li>\n<\/ul>\n<\/li>\n<\/ul>\n<dl>\n<dd>\n<dl>\n<dd>\n<ul>\n<li><span style=\"color: #ffffff\">Esta idea de \u00abhierba sagrada\u00bb posiblemente tendr\u00eda origen en antiguas tradiciones de civilizaciones antiguas<sup>[<i><a title=\"Wikipedia:Verificabilidad\" href=\"http:\/\/es.wikipedia.org\/wiki\/Wikipedia:Verificabilidad\"><span style=\"color: #ffffff\">cita\u00a0requerida<\/span><\/a><\/i>]<\/sup>, donde era apreciada no s\u00f3lo por sus propiedades narc\u00f3ticas. Diversas variedades de\u00a0<a title=\"Cannabis\" href=\"http:\/\/es.wikipedia.org\/wiki\/Cannabis\"><span style=\"color: #ffffff\">cannabis<\/span><\/a>\u00a0se utilizaron tambi\u00e9n por sus m\u00faltiples y vers\u00e1tiles aplicaciones t\u00e9cnicas y culturales (textil,\u00a0<a title=\"Papel\" href=\"http:\/\/es.wikipedia.org\/wiki\/Papel\"><span style=\"color: #ffffff\">papel<\/span><\/a>, medicinas, alimentaci\u00f3n, etc. v\u00e9ase\u00a0<a title=\"C\u00e1\u00f1amo\" href=\"http:\/\/es.wikipedia.org\/wiki\/C%C3%A1%C3%B1amo\"><span style=\"color: #ffffff\">C\u00e1\u00f1amo industrial<\/span><\/a>), y fueron consideradas como \"planta sagrada\" en diversas culturas.<\/span><\/li>\n<li><span style=\"color: #ffffff\">Seg\u00fan algunos estudiosos de la Historia de las Religiones, alguna variedad de\u00a0<a title=\"Cannabis\" href=\"http:\/\/es.wikipedia.org\/wiki\/Cannabis\"><span style=\"color: #ffffff\">Cannabis Sativa<\/span><\/a>\u00a0habr\u00eda sido utilizada en rituales jud\u00edos de la \u00e9poca de\u00a0<a title=\"Jesucristo\" href=\"http:\/\/es.wikipedia.org\/wiki\/Jesucristo\"><span style=\"color: #ffffff\">Jesucristo<\/span><\/a>, con fines rituales.<\/span><\/li>\n<\/ul>\n<\/dd>\n<\/dl>\n<\/dd>\n<\/dl>\n","protected":false},"excerpt":{"rendered":"<p>Los rastafaris toman algunas citas de la Biblia para justificar el uso de la hierba: 1 Timoteo 4:1-3\u00a0\"El Esp\u00edritu afirma claramente que en los \u00faltimos tiempos habr\u00e1 algunos que renegar\u00e1n de su fe, para entregarse a esp\u00edritus seductores y doctrinas demon\u00edacas, seducidos por gente mentirosa e hip\u00f3crita, cuya conciencia est\u00e1 marcada a fuego. Esa gente [&hellip;]<\/p>\n","protected":false},"author":8902,"featured_media":0,"parent":0,"menu_order":0,"comment_status":"open","ping_status":"open","template":"","meta":{"footnotes":""},"class_list":["post-66","page","type-page","status-publish","hentry"],"_links":{"self":[{"href":"https:\/\/blog.espol.edu.ec\/allparam\/wp-json\/wp\/v2\/pages\/66","targetHints":{"allow":["GET"]}}],"collection":[{"href":"https:\/\/blog.espol.edu.ec\/allparam\/wp-json\/wp\/v2\/pages"}],"about":[{"href":"https:\/\/blog.espol.edu.ec\/allparam\/wp-json\/wp\/v2\/types\/page"}],"author":[{"embeddable":true,"href":"https:\/\/blog.espol.edu.ec\/allparam\/wp-json\/wp\/v2\/users\/8902"}],"replies":[{"embeddable":true,"href":"https:\/\/blog.espol.edu.ec\/allparam\/wp-json\/wp\/v2\/comments?post=66"}],"version-history":[{"count":1,"href":"https:\/\/blog.espol.edu.ec\/allparam\/wp-json\/wp\/v2\/pages\/66\/revisions"}],"predecessor-version":[{"id":68,"href":"https:\/\/blog.espol.edu.ec\/allparam\/wp-json\/wp\/v2\/pages\/66\/revisions\/68"}],"wp:attachment":[{"href":"https:\/\/blog.espol.edu.ec\/allparam\/wp-json\/wp\/v2\/media?parent=66"}],"curies":[{"name":"wp","href":"https:\/\/api.w.org\/{rel}","templated":true}]}}