{"id":69,"date":"2013-11-25T18:40:56","date_gmt":"2013-11-25T18:40:56","guid":{"rendered":"http:\/\/blog.espol.edu.ec\/allparam\/?page_id=69"},"modified":"2013-11-25T18:40:56","modified_gmt":"2013-11-25T18:40:56","slug":"vestimenta","status":"publish","type":"page","link":"https:\/\/blog.espol.edu.ec\/allparam\/vestimenta\/","title":{"rendered":"Vestimenta"},"content":{"rendered":"<p style=\"text-align: justify\"><span style=\"color: #ffffff\"><em><\/em><\/span><\/p>\n<p style=\"text-align: justify\"><span style=\"color: #ffffff\">Los llamados Rastas apasionados por la defensa de su identidad y creencias, hacen uso de la est\u00e9tica de su fe luciendo cabelleras con\u00a0<a title=\"Dreadlocks\" href=\"http:\/\/es.wikipedia.org\/wiki\/Dreadlocks\"><span style=\"color: #ffffff\">Dreadlocks<\/span><\/a>\u00a0(cabellos trenzados), tams (gorros tejidos), ropas c\u00f3modas hechas con fibras vegetales, los solitarios con los colores de la madre tierra va en el lado izquierdo para las mujeres y en el derecho el de los hombres, pantalones anchos y camisetas holgadas. Toda su vestimenta muestra los colores de la Tierra Madre de Etiop\u00eda, a los que adjudican un gran valor simb\u00f3lico. Estos colores son verde, amarillo y rojo. El verde representa el color de la naturaleza que es cuidada y respetada por el Rasta. El amarillo representa la riqueza de su tierra. El color rojo representa tambi\u00e9n la sangre derramada por los m\u00e1rtires negros que han luchado por la ideolog\u00eda Rastafari. El negro, si bien no forma parte de la bandera de Etiop\u00eda, se utiliza para representar el color del pueblo africano.<\/span><\/p>\n<p style=\"text-align: justify\"><span style=\"color: #ffffff\">El estilo dreadlocks trata de acercarse a la figura del Le\u00f3n de Judah que forma parte de la bandera de Etiop\u00eda. El cabello de los Rasta simboliza la melena del Le\u00f3n o el voto nazareo.<\/span><\/p>\n<p style=\"text-align: justify\"><span style=\"color: #ffffff\">El movimiento rastafari en los pa\u00edses latinoamericanos hoy en d\u00eda en parte ha seguido la cultura y por otro lado ha sido ultrajada para convertirse en una moda en la cual se mantienen los\u00a0<i>dreadlocks<\/i>, los colores en la vestimenta, agregando estampados con el le\u00f3n de Judah, la hoja de Marihuana, la cara de Haile Selassie, Marcus Garvey y de Bob Marley, figura jamaiquina que muchos consideran err\u00f3neamente la cara de Rastafari ya que utiliz\u00f3 los salmos de la Biblia con su popular m\u00fasica reggae.<\/span><\/p>\n","protected":false},"excerpt":{"rendered":"<p>Los llamados Rastas apasionados por la defensa de su identidad y creencias, hacen uso de la est\u00e9tica de su fe luciendo cabelleras con\u00a0Dreadlocks\u00a0(cabellos trenzados), tams (gorros tejidos), ropas c\u00f3modas hechas con fibras vegetales, los solitarios con los colores de la madre tierra va en el lado izquierdo para las mujeres y en el derecho el [&hellip;]<\/p>\n","protected":false},"author":8902,"featured_media":0,"parent":0,"menu_order":0,"comment_status":"open","ping_status":"open","template":"","meta":{"footnotes":""},"class_list":["post-69","page","type-page","status-publish","hentry"],"_links":{"self":[{"href":"https:\/\/blog.espol.edu.ec\/allparam\/wp-json\/wp\/v2\/pages\/69","targetHints":{"allow":["GET"]}}],"collection":[{"href":"https:\/\/blog.espol.edu.ec\/allparam\/wp-json\/wp\/v2\/pages"}],"about":[{"href":"https:\/\/blog.espol.edu.ec\/allparam\/wp-json\/wp\/v2\/types\/page"}],"author":[{"embeddable":true,"href":"https:\/\/blog.espol.edu.ec\/allparam\/wp-json\/wp\/v2\/users\/8902"}],"replies":[{"embeddable":true,"href":"https:\/\/blog.espol.edu.ec\/allparam\/wp-json\/wp\/v2\/comments?post=69"}],"version-history":[{"count":2,"href":"https:\/\/blog.espol.edu.ec\/allparam\/wp-json\/wp\/v2\/pages\/69\/revisions"}],"predecessor-version":[{"id":72,"href":"https:\/\/blog.espol.edu.ec\/allparam\/wp-json\/wp\/v2\/pages\/69\/revisions\/72"}],"wp:attachment":[{"href":"https:\/\/blog.espol.edu.ec\/allparam\/wp-json\/wp\/v2\/media?parent=69"}],"curies":[{"name":"wp","href":"https:\/\/api.w.org\/{rel}","templated":true}]}}