{"id":74,"date":"2013-11-27T02:59:37","date_gmt":"2013-11-27T02:59:37","guid":{"rendered":"http:\/\/blog.espol.edu.ec\/allparam\/?page_id=74"},"modified":"2013-11-27T02:59:37","modified_gmt":"2013-11-27T02:59:37","slug":"breve-resena","status":"publish","type":"page","link":"https:\/\/blog.espol.edu.ec\/allparam\/breve-resena\/","title":{"rendered":"Breve Rese\u00f1a"},"content":{"rendered":"<p><span style=\"color: #ffffff\">Rastafari es una de las culturas surgidas en el Caribe con m\u00e1s notoriedad y de mayor expansi\u00f3n social a lo largo y ancho del planeta; germinada en la d\u00e9cada de 1930 en una Jamaica azotada por la depresi\u00f3n econ\u00f3mica y el estancamiento social, la cultura Rastafari tiene ra\u00edz en el movimiento Garveyista, una filosof\u00eda pol\u00edtica del nacionalismo negro que postulaba el panafricanismo liberador.<\/span><\/p>\n<p><span style=\"color: #ffffff\">Su nombre proviene del idioma Am\u00e1rico de Etiop\u00eda: \u201cRas\u201d, prefijo utilizado para nombrar a los pr\u00edncipes del Imperio et\u00edope y, \u201cTafari\u201d, nombre del emperador Haile Selassie hasta antes de su coronaci\u00f3n, quien adem\u00e1s, es considerado por los Rastafari como el redentor de la africania en di\u00e1spora o el prometido y esperado Dios b\u00edblico.<\/span><\/p>\n<p><span style=\"color: #ffffff\">En sus inicios, la cultura Rastafari fue catalogada como un culto sincr\u00e9tico afro-caribe\u00f1o de manifestaciones pol\u00edticas y religiosas, pero la realidad es mucho m\u00e1s compleja; fundamentalmente podr\u00eda ser descrita como una cultura de resistencia arraigada en manifestaciones espirituales\u00a0 con una visi\u00f3n africanizante, es decir, con la idealizaci\u00f3n de una \u00c1frica m\u00edtica en donde el glorioso porvenir estar\u00e1 regido bajo el mandato teocr\u00e1tico del emperador Haile Selassie.\u00a0 \u00c9sta visi\u00f3n, naci\u00f3 de las resignificaciones simb\u00f3lico-culturales que los detentares de dicha identidad otorgaron a los valores y creencias judeo-cristianas, no s\u00f3lo en el sentido espiritual (religioso), sino en un orden total de la cultura. En este sentido, Rastafari incluye una variedad de manifestaciones culturales, que van desde lo espiritual, pol\u00edtico, social y musical entre otras.<\/span><\/p>\n","protected":false},"excerpt":{"rendered":"<p>Rastafari es una de las culturas surgidas en el Caribe con m\u00e1s notoriedad y de mayor expansi\u00f3n social a lo largo y ancho del planeta; germinada en la d\u00e9cada de 1930 en una Jamaica azotada por la depresi\u00f3n econ\u00f3mica y el estancamiento social, la cultura Rastafari tiene ra\u00edz en el movimiento Garveyista, una filosof\u00eda pol\u00edtica [&hellip;]<\/p>\n","protected":false},"author":8902,"featured_media":0,"parent":0,"menu_order":0,"comment_status":"open","ping_status":"open","template":"","meta":{"footnotes":""},"class_list":["post-74","page","type-page","status-publish","hentry"],"_links":{"self":[{"href":"https:\/\/blog.espol.edu.ec\/allparam\/wp-json\/wp\/v2\/pages\/74","targetHints":{"allow":["GET"]}}],"collection":[{"href":"https:\/\/blog.espol.edu.ec\/allparam\/wp-json\/wp\/v2\/pages"}],"about":[{"href":"https:\/\/blog.espol.edu.ec\/allparam\/wp-json\/wp\/v2\/types\/page"}],"author":[{"embeddable":true,"href":"https:\/\/blog.espol.edu.ec\/allparam\/wp-json\/wp\/v2\/users\/8902"}],"replies":[{"embeddable":true,"href":"https:\/\/blog.espol.edu.ec\/allparam\/wp-json\/wp\/v2\/comments?post=74"}],"version-history":[{"count":1,"href":"https:\/\/blog.espol.edu.ec\/allparam\/wp-json\/wp\/v2\/pages\/74\/revisions"}],"predecessor-version":[{"id":75,"href":"https:\/\/blog.espol.edu.ec\/allparam\/wp-json\/wp\/v2\/pages\/74\/revisions\/75"}],"wp:attachment":[{"href":"https:\/\/blog.espol.edu.ec\/allparam\/wp-json\/wp\/v2\/media?parent=74"}],"curies":[{"name":"wp","href":"https:\/\/api.w.org\/{rel}","templated":true}]}}