{"id":16,"date":"2016-11-08T21:22:30","date_gmt":"2016-11-08T21:22:30","guid":{"rendered":"http:\/\/blog.espol.edu.ec\/alojordo\/?page_id=16"},"modified":"2016-11-13T17:23:56","modified_gmt":"2016-11-13T17:23:56","slug":"16-2","status":"publish","type":"page","link":"https:\/\/blog.espol.edu.ec\/alojordo\/16-2\/","title":{"rendered":"Historia del Tenis de Mesa"},"content":{"rendered":"<p><img loading=\"lazy\" decoding=\"async\" class=\"size-medium aligncenter\" src=\"http:\/\/www.jimlangley.net\/aboutjim\/art\/diplomacypong.gif\" alt=\"\" width=\"400\" height=\"306\" \/><\/p>\n<p>La historia del tenis de mesa data del Siglo XIX, cuando se adaptaron las normas del tenis convencional a una mesa. La ITTF recopil\u00f3 los sucesos m\u00e1s importantes de nuestro deporte y los desarroll\u00f3 cronol\u00f3gicamente en esta lista.<\/p>\n<table border=\"0\" width=\"100%\" cellpadding=\"0\">\n<tbody>\n<tr>\n<td>\n<p style=\"text-align: center\" align=\"center\">\n<\/td>\n<td width=\"522\">\n<p style=\"text-align: center\"><strong>Cronolog\u00eda del Tenis de mesa.<\/strong><\/p>\n<\/td>\n<\/tr>\n<tr>\n<td colspan=\"2\" width=\"100%\">&nbsp;<\/p>\n<table border=\"0\" width=\"100%\" cellspacing=\"3\" cellpadding=\"0\">\n<tbody>\n<tr>\n<td width=\"63\">1880<\/td>\n<td>Adaptaci\u00f3n de tenis sobre c\u00e9sped a una mesa de comedor con equipamiento improvisado<\/td>\n<\/tr>\n<tr>\n<td width=\"63\">1890<\/td>\n<td>Varias patentes son registradas en Inglaterra y los Estados Unidos<\/td>\n<\/tr>\n<tr>\n<td width=\"63\">&nbsp;<\/td>\n<td>Conjuntos manufacturados producidos bajo nombres comerciales tales como Indoor Tennis y Gossima, con las normas de estilo de tenis tradicional (hierba)<\/td>\n<\/tr>\n<tr>\n<td width=\"63\">1900<\/td>\n<td>Introducci\u00f3n de las bolas de celuloide para sustituir el caucho y el corcho.\u00a0La pelota de celuloide ten\u00eda el rebote perfecto, y el juego se convirti\u00f3 all\u00eden un gran \u00e9xito<\/td>\n<\/tr>\n<tr>\n<td width=\"63\">1901<\/td>\n<td>Table Tennis Association and rival Ping Pong Association se forman en Inglaterra, amalgamadas finalmente en 1903<\/td>\n<\/tr>\n<tr>\n<td width=\"63\">&nbsp;<\/td>\n<td>Primeros libros sobre el juego son publicados en Inglaterra<\/td>\n<\/tr>\n<tr>\n<td width=\"63\">&nbsp;<\/td>\n<td>El juego se introdujo en China a trav\u00e9s de los asentamientos del oeste<\/td>\n<\/tr>\n<tr>\n<td width=\"63\">1904<\/td>\n<td>La euforia por el tenis de mesa se desvanece, algunos focos de popularidad persisten en el este de Europa<\/td>\n<\/tr>\n<tr>\n<td width=\"63\">1922<\/td>\n<td>El renacimiento del juego en Europa, algunas reglas var\u00edan<\/td>\n<\/tr>\n<tr>\n<td width=\"63\">&nbsp;<\/td>\n<td>Establecimiento de las leyes est\u00e1ndar del juego en Inglaterra<\/td>\n<\/tr>\n<tr>\n<td width=\"63\">1926<\/td>\n<td>Federaci\u00f3n Internacional de Tenis de Mesa (ITTF) se pone en marcha en Berl\u00edn<\/td>\n<\/tr>\n<tr>\n<td width=\"63\">&nbsp;<\/td>\n<td>Primer Campeonato del Mundo celebrado en Londres, Inglaterra.\u00a0Se aprueba la constituci\u00f3n de la ITTF, junto con el primer conjunto de leyes estandarizadas<\/td>\n<\/tr>\n<\/tbody>\n<\/table>\n<p>&nbsp;<\/p>\n<p><b>1920 - 50 \u00c9poca cl\u00e1sica, golpe duro (el dominio europeo)<\/b><\/p>\n<table border=\"0\" width=\"100%\" cellspacing=\"3\" cellpadding=\"0\">\n<tbody>\n<tr>\n<td width=\"63\">1926\/31<\/td>\n<td>Mar\u00eda Mednyanszky (HUN) gana el campeonato del mundo cinco veces consecutivas.\u00a0Mednyansky gana 18 medallas de oro en total.<\/td>\n<\/tr>\n<tr>\n<td width=\"63\">1930\/35<\/td>\n<td>V\u00edctor Barna (HUN) se convierte cinco veces en campe\u00f3n del mundo y es finalista en 1931, cuando pierde la final contra su compatriota Miklos Szabados.\u00a0Barna gana un r\u00e9cord de 22 medallas de oro en los campeonatos mundiales durante su carrera, 40 medallas en total<\/td>\n<\/tr>\n<tr>\n<td width=\"63\">1936<\/td>\n<td>D\u00e9cimo Campeonato del Mundo celebrado en Praga, Checoslovaquia.\u00a0Hubo un partido que dur\u00f3 m\u00e1s de dos horas.<\/td>\n<\/tr>\n<tr>\n<td width=\"63\">1939<\/td>\n<td>Primera asociaci\u00f3n continental formada: Am\u00e9rica del Sur<\/td>\n<\/tr>\n<tr>\n<td width=\"63\">&nbsp;<\/td>\n<td>Primer Campeonato del Mundo celebrado fuera de Europa: El Cairo, Egipto<\/td>\n<\/tr>\n<tr>\n<td width=\"63\">1950\/55<\/td>\n<td>Ang\u00e9lica Rozeanu-Adelstein (ROU) gana el Campeonato del Mundo de seis veces seguidas y es la \u00faltima no-asi\u00e1tica que gan\u00f3 el t\u00edtulo de damas.<\/td>\n<\/tr>\n<\/tbody>\n<\/table>\n<p>&nbsp;<\/p>\n<p><b>1950 - 80 \u00c9poca de la esponja y la tecnolog\u00eda (Comienzo de la posici\u00f3n dominante de Asia)<\/b><\/p>\n<table border=\"0\" width=\"100%\" cellspacing=\"3\" cellpadding=\"0\">\n<tbody>\n<tr>\n<td>1952<\/td>\n<td>XIX Campeonato del Mundo celebrado en Bombay, India<\/td>\n<\/tr>\n<tr>\n<td>&nbsp;<\/td>\n<td>La primera que se disputar\u00e1 en Asia y la entrada de Jap\u00f3n a la escena internacional<\/td>\n<\/tr>\n<tr>\n<td>&nbsp;<\/td>\n<td>Hiroji Satoh (JPN) se convirti\u00f3 en el primer jugador en ganar un campeonato del mundo cuando se usa una raqueta cubierta con una esponja gruesa y es el primer no europeo ganador<\/td>\n<\/tr>\n<tr>\n<td>&nbsp;<\/td>\n<td>Inauguraci\u00f3n de la Federaci\u00f3n Asi\u00e1tica<\/td>\n<\/tr>\n<tr>\n<td>&nbsp;<\/td>\n<td>Primer campeonato asi\u00e1tico<\/td>\n<\/tr>\n<tr>\n<td>1953<\/td>\n<td>China entr\u00f3 en el Campeonato por primera vez<\/td>\n<\/tr>\n<tr>\n<td>1954<\/td>\n<td>Ichiro Ogimura (JPN) es el ep\u00edtome de la dominaci\u00f3n japonesa, con el desarrollo tecnol\u00f3gico y entrenamiento f\u00edsico<\/td>\n<\/tr>\n<tr>\n<td width=\"63\">1956<\/td>\n<td>Tomie Okada-Okawa (JPN) es el primer jugador femenino de Asia para ganar el Campeonato del Mundo y se detiene el reinado Europeo femenino en el mundial de tenis de mesa<\/td>\n<\/tr>\n<tr>\n<td width=\"63\">1957<\/td>\n<td>World Championship cambian a un ciclo de dos a\u00f1os<\/td>\n<\/tr>\n<tr>\n<td width=\"63\">1958<\/td>\n<td>Primer Campeonato de Europa de Budapest, Hungr\u00eda.\u00a0La URSS hizo su entrada a la escena internacional<\/td>\n<\/tr>\n<tr>\n<td width=\"63\">1959<\/td>\n<td>Rong Guotuan (CHN) campe\u00f3n mundial. Es el primer deporte en el que un chino se consagra en un mundial.<\/td>\n<\/tr>\n<tr>\n<td width=\"63\">&nbsp;<\/td>\n<td>Reglas de normalizaci\u00f3n de raquetas son promulgadas.<\/td>\n<\/tr>\n<tr>\n<td width=\"63\">1962<\/td>\n<td>Primer All-Africa Campeonatos, Alejandr\u00eda, Egipto<\/td>\n<\/tr>\n<tr>\n<td width=\"63\">1967<\/td>\n<td>Ivor Montagu se retira como Presidente de la ITTF, despu\u00e9s de cuarenta a\u00f1os en el cargo<\/td>\n<\/tr>\n<tr>\n<td width=\"63\">1971<\/td>\n<td>Primer Campeonato de la Commonwealth, celebrado en Singapur<\/td>\n<\/tr>\n<tr>\n<td width=\"63\">&nbsp;<\/td>\n<td>Diplomacia del ping pong: el tenis de mesa juega un papel importante en la diplomacia internacional cuando varios equipos son invitados a China para una serie de partidos de la amistad despu\u00e9s del Campeonato Mundial de 1971.\u00a0El premier chino Zhou Enlai comenta: \"Su visita a China ha abierto la puerta para los intercambios entre China y los EE.UU.\".<\/td>\n<\/tr>\n<tr>\n<td width=\"63\">1971<\/td>\n<td>Stellan Bengtsson (SWE) gana el t\u00edtulo de singles masculino y anuncia el comienzo de tres d\u00e9cadas de influencia sueca, con jugadores de la talla de Kjell Johansson, Mikael Appelgren, Erik Lindh, Jan-Ove Waldner, J\u00f6rgen Persson, y Peter Karlsson<\/td>\n<\/tr>\n<tr>\n<td width=\"63\">1973<\/td>\n<td>Primer Campeonato Mundial Universitario, Hannover, Alemania<\/td>\n<\/tr>\n<tr>\n<td width=\"63\">1977<\/td>\n<td>ITTF recibe la declaraci\u00f3n formal de reconocimiento por el Comit\u00e9 Ol\u00edmpico Internacional (COI)<\/td>\n<\/tr>\n<tr>\n<td width=\"63\">1979<\/td>\n<td>Primer Campeonato Europeo de Parapl\u00e9jicos (jugadores en silla de ruedas), celebrado en Stoke Mandeville, Inglaterra<\/td>\n<\/tr>\n<tr>\n<td width=\"63\">1980<\/td>\n<td>Primera Copa del Mundo celebrada en Hong Kong<\/td>\n<\/tr>\n<tr>\n<td width=\"63\">1981<\/td>\n<td>Campeonato del Mundo celebrado en Novi Sad, Yugoslavia.\u00a0Triunfo total de China, cuyos atletas ganan todas las medallas de oro<\/td>\n<\/tr>\n<tr>\n<td width=\"63\">&nbsp;<\/td>\n<td>Tenis de mesa admitido en el programa ol\u00edmpico (84 \u00b0 sesi\u00f3n del COI)<\/td>\n<\/tr>\n<tr>\n<td width=\"63\">1982<\/td>\n<td>Primer Campeonato del Mundo de Veteranos, celebrado en Gotemburgo, Suecia<\/td>\n<\/tr>\n<tr>\n<td width=\"63\">&nbsp;<\/td>\n<td>Primer Campeonato Mundial para personas con discapacidad, celebrado en Stoke Mandeville, Inglaterra<\/td>\n<\/tr>\n<tr>\n<td width=\"63\">1985<\/td>\n<td>Campeonato Europeo de la Juventud, celebrado en La Haya, Holanda<\/td>\n<\/tr>\n<\/tbody>\n<\/table>\n<p>&nbsp;<\/p>\n<p><b>Juegos Ol\u00edmpicos - Era Moderna (Reinado chino, con pocas excepciones)<\/b><\/p>\n<table border=\"0\" width=\"100%\" cellspacing=\"3\" cellpadding=\"0\">\n<tbody>\n<tr>\n<td width=\"63\">1988<\/td>\n<td>Por primera vez el tenis de mesa se presenta en los Juegos Ol\u00edmpicos que se celebraron en Se\u00fal, Corea del Sur<\/td>\n<\/tr>\n<tr>\n<td width=\"63\">1992<\/td>\n<td>El ex campe\u00f3n del mundo, Jan-Ove Waldner (SWE) se convierte en campe\u00f3n ol\u00edmpico de singles y seg\u00fan se dice, el primer millonario del tenis de mesa<\/td>\n<\/tr>\n<tr>\n<td width=\"63\">1995<\/td>\n<td>Campeonato del Mundo celebrado en Tianjin, China.\u00a0Total triunfo de China por segunda vez, ganando siete medallas de oro<\/td>\n<\/tr>\n<tr>\n<td width=\"63\">1996<\/td>\n<td>Comienza el Pro Tour ITTF, con eventos que tienen lugar en todo el mundo<\/td>\n<\/tr>\n<tr>\n<td width=\"63\">2000<\/td>\n<td>Despu\u00e9s de los Juegos Ol\u00edmpicos de Sydney, el tama\u00f1o de la bola se eleva a 40 mm para la mejor visualizaci\u00f3n y televisaci\u00f3n<\/td>\n<\/tr>\n<tr>\n<td width=\"63\">2001<\/td>\n<td>Resultado del set cambia de 21 a 11 puntos<\/td>\n<\/tr>\n<tr>\n<td width=\"63\">&nbsp;<\/td>\n<td>Campeonato del Mundo celebrado en Osaka, Jap\u00f3n.\u00a0Triunfo total para China por tercera vez, ganando todas las medallas de oro (7)<\/td>\n<\/tr>\n<tr>\n<td width=\"63\">2002<\/td>\n<td>Empieza el ITTF World Junior Circuit (U18) y el World Cadet Challenge (U15 competici\u00f3n por equipos continental)<\/td>\n<\/tr>\n<tr>\n<td width=\"63\">2003<\/td>\n<td>Primer Campeonato Mundial Junior de la ITTF en Santiago de Chile<\/td>\n<\/tr>\n<tr>\n<td width=\"63\">&nbsp;<\/td>\n<td>Campeonatos mundiales por equipos se dividen de los individuales, realiz\u00e1ndose uno cada a\u00f1o.<\/td>\n<\/tr>\n<tr>\n<td width=\"63\">2004<\/td>\n<td>Durante los Juegos Ol\u00edmpicos de Atenas, Tenis de Mesa ocup\u00f3 el 5\u00ba lugar entre todos los deportes para la audiencia televisiva.<\/td>\n<\/tr>\n<tr>\n<td width=\"63\">2005<\/td>\n<td>Campeonato del Mundo celebrado en Shanghai, China.\u00a0Triunfo total una vez m\u00e1s de China, al ganar todas las medallas de oro (5)<\/td>\n<\/tr>\n<tr>\n<td width=\"63\">2006<\/td>\n<td>Campeonato del Mundo celebrado en Bremen, Alemania.\u00a0Los atletas chinos completan la colecci\u00f3n con dos medallas de oro en las pruebas por equipos<\/td>\n<\/tr>\n<tr>\n<td width=\"63\">2007<\/td>\n<td>Campeonato del Mundo celebrado en Zagreb, Croacia.\u00a0El n\u00famero total es de cinco triunfos para China, al ganar todas las medallas de oro<\/td>\n<\/tr>\n<tr>\n<td width=\"63\">&nbsp;<\/td>\n<td>Primera aparici\u00f3n de tenis de mesa como deporte obligatorio en la Universidad en Bangkok, Tailandia<\/td>\n<\/tr>\n<tr>\n<td width=\"63\">2010<\/td>\n<td>Tenis de mesa es parte de los primeros Juegos Ol\u00edmpicos Juveniles<\/td>\n<\/tr>\n<\/tbody>\n<\/table>\n<\/td>\n<\/tr>\n<\/tbody>\n<\/table>\n<p><iframe loading=\"lazy\" title=\"Historia Del Tenis De Mesa Parte 1 (Table Tennis History part 01)\" width=\"610\" height=\"458\" src=\"https:\/\/www.youtube.com\/embed\/2U_gjl9TEyQ?feature=oembed\" frameborder=\"0\" allow=\"accelerometer; autoplay; clipboard-write; encrypted-media; gyroscope; picture-in-picture; web-share\" referrerpolicy=\"strict-origin-when-cross-origin\" allowfullscreen><\/iframe><\/p>\n<p>Informaci\u00f3n tomada de:\u00a0http:\/\/www.consuteme.org\/2015\/index.php?option=com_content&amp;view=article&amp;id=638&amp;Itemid=10<\/p>\n<p>&nbsp;<\/p>\n","protected":false},"excerpt":{"rendered":"<p>La historia del tenis de mesa data del Siglo XIX, cuando se adaptaron las normas del tenis convencional a una mesa. La ITTF recopil\u00f3 los sucesos m\u00e1s importantes de nuestro deporte y los desarroll\u00f3 cronol\u00f3gicamente en esta lista. Cronolog\u00eda del Tenis de mesa. &nbsp; 1880 Adaptaci\u00f3n de tenis sobre c\u00e9sped a una mesa de comedor [&hellip;]<\/p>\n","protected":false},"author":10726,"featured_media":0,"parent":0,"menu_order":0,"comment_status":"closed","ping_status":"closed","template":"","meta":{"footnotes":""},"class_list":["post-16","page","type-page","status-publish","hentry"],"_links":{"self":[{"href":"https:\/\/blog.espol.edu.ec\/alojordo\/wp-json\/wp\/v2\/pages\/16","targetHints":{"allow":["GET"]}}],"collection":[{"href":"https:\/\/blog.espol.edu.ec\/alojordo\/wp-json\/wp\/v2\/pages"}],"about":[{"href":"https:\/\/blog.espol.edu.ec\/alojordo\/wp-json\/wp\/v2\/types\/page"}],"author":[{"embeddable":true,"href":"https:\/\/blog.espol.edu.ec\/alojordo\/wp-json\/wp\/v2\/users\/10726"}],"replies":[{"embeddable":true,"href":"https:\/\/blog.espol.edu.ec\/alojordo\/wp-json\/wp\/v2\/comments?post=16"}],"version-history":[{"count":4,"href":"https:\/\/blog.espol.edu.ec\/alojordo\/wp-json\/wp\/v2\/pages\/16\/revisions"}],"predecessor-version":[{"id":37,"href":"https:\/\/blog.espol.edu.ec\/alojordo\/wp-json\/wp\/v2\/pages\/16\/revisions\/37"}],"wp:attachment":[{"href":"https:\/\/blog.espol.edu.ec\/alojordo\/wp-json\/wp\/v2\/media?parent=16"}],"curies":[{"name":"wp","href":"https:\/\/api.w.org\/{rel}","templated":true}]}}