{"id":91,"date":"2016-11-14T21:25:31","date_gmt":"2016-11-15T02:25:31","guid":{"rendered":"http:\/\/blog.espol.edu.ec\/alojordo\/?page_id=91"},"modified":"2016-11-14T21:55:54","modified_gmt":"2016-11-15T02:55:54","slug":"91-2","status":"publish","type":"page","link":"https:\/\/blog.espol.edu.ec\/alojordo\/91-2\/","title":{"rendered":"Reglamentaci\u00f3n Oficial ITTF"},"content":{"rendered":"<p style=\"text-align: justify\">Las Reglas Oficiales de Deportes de Olimpiadas Especiales deber\u00e1n regir todas las competiciones de Tenis\u00a0de Mesa de Olimpiadas Especiales. Como un programa deportivo internacional, Olimpiadas Especiales ha\u00a0creado estas reglas basadas en las Reglas de la Federaci\u00f3n Internacional de Tenis de Mesa (ITTF) y las\u00a0Reglas de Cuerpos Rectores Nacionales (NGB) para competici\u00f3n de Tenis de Mesa. Las reglas de ITTF o\u00a0de Cuerpos Rectores Nacionales deber\u00e1n usarse excepto cuando entren en conflicto con las Reglas<br \/>\nOficiales de Deportes de Olimpiadas Especiales. En tales casos, las Reglas Oficiales de Deportes de\u00a0Olimpiadas Especiales deber\u00e1n aplicarse.<\/p>\n<p style=\"text-align: justify\"><strong>SECCI\u00d3N A \u2013 EVENTOS OFICIALES<\/strong><\/p>\n<p style=\"text-align: justify\">1. Individuales<br \/>\n2. Dobles<br \/>\n3. Dobles Mixtos<br \/>\n4. Competici\u00f3n en Silla de Ruedas<br \/>\n5. Torneo Individual de Destrezas<br \/>\n6. Deportes Unificados Dobles<br \/>\n7. Deportes Unificados Dobles Mixtos<\/p>\n<p style=\"text-align: justify\"><strong>SECCI\u00d3N B \u2013 INSTALACIONES Y EQUIPO<\/strong><\/p>\n<p style=\"text-align: justify\">1. La Mesa<br \/>\na. La mesa deber\u00e1 ser rectangular, de 2.74m (nueve pies) de largo y 1.525m (cinco pies) de ancho.\u00a0Deber\u00e1 estar sostenida para que su superficie superior, denominada \u201csuperficie de juego\u201d est\u00e9 en un\u00a0plano horizontal a 76 cm (2\u2019 6\u201d) del suelo.<br \/>\nb. Puede estar hecha de cualquier material y debe permitir un rebote de no menos de 22 cm (8 \u00be\u201d) y no\u00a0m\u00e1s de 25 cm, (9 \u00be\u201d) cuando una pelota regular se deja caer desde una altura de 30.5 cm (12\u201d) sobre la superficie. Una l\u00ednea blanca de dos cent\u00edmetros (3\/4\u201d) de ancho debe demarcar los bordes de la\u00a0superficie. Las l\u00edneas de los extremos ser\u00e1n llamadas l\u00edneas de fondo, y las l\u00edneas de los lados l\u00edneas\u00a0laterales.<br \/>\nc. Para dobles, la superficie de juego deber\u00e1 estar dividida en mitades por una l\u00ednea blanca central, de\u00a0tres mil\u00edmetros (1\/8\u201d) de ancho, trazada paralela a las l\u00edneas laterales; la l\u00ednea central deber\u00e9 ser\u00a0considerada como parte de cada medio campo derecho.<br \/>\nd. La superficie de juego deber\u00e1 considerar incluyendo los bordes superiores de la mesa, pero no los\u00a0costados de la superficie de la mesa debajo de los bordes.<\/p>\n<p style=\"text-align: justify\"><img loading=\"lazy\" decoding=\"async\" class=\"size-medium wp-image-92 aligncenter\" src=\"http:\/\/blog.espol.edu.ec\/alojordo\/files\/2016\/11\/medidas-reglamentarias-mesas-ping-pong-300x150.jpg\" alt=\"medidas-reglamentarias-mesas-ping-pong\" width=\"300\" height=\"150\" srcset=\"https:\/\/blog.espol.edu.ec\/alojordo\/files\/2016\/11\/medidas-reglamentarias-mesas-ping-pong-300x150.jpg 300w, https:\/\/blog.espol.edu.ec\/alojordo\/files\/2016\/11\/medidas-reglamentarias-mesas-ping-pong.jpg 640w\" sizes=\"auto, (max-width: 300px) 100vw, 300px\" \/><\/p>\n<p style=\"text-align: justify\"><strong>2. La Red<\/strong><\/p>\n<p style=\"text-align: justify\">a. La superficie de juego debe estar dividida en dos campos del mismo tama\u00f1o por medio de una red\u00a0vertical que corre paralela con las l\u00edneas de fondo.<br \/>\nb. La red deber\u00e1 estar suspendida por una cuerda colocada a cada extremo para sostener los postes que\u00a0son de 15.25 cm (seis pulgadas) de alto.<br \/>\nc. La red con su sistema de suspensi\u00f3n, deber\u00e1 tener 183 cm (ses pies) de largo y el borde superior, en\u00a0toda su longitud, deber\u00e1 tener de 15.25 cm (seis pulgadas) sobre la superficie de juego. El borde\u00a0inferior de la red, en toda su longitud, debe estar cerca de la superficie de juego, y los extremos de la\u00a0red deben estar cerca de los postes de soporte.<br \/>\nd. El ensamblaje de la red deber\u00e1 consistir de la red, su suspensi\u00f3n, y los postes de apoyo, incluyendo\u00a0las abrazaderas que los fijan a la mesa.<\/p>\n<p style=\"text-align: justify\"><strong>3. La Pelota<\/strong><\/p>\n<p style=\"text-align: justify\">a. La pelota debe ser esf\u00e9rica con un di\u00e1metro de 40 mm (1.57 pulgadas).<br \/>\nb. La pelota debe pesar 2.7 gramos.<br \/>\nc. La pelota debe ser hecha de celuloide, o material pl\u00e1stico similar y podr\u00e1 ser de color blanco o\u00a0naranja y tono mate.<\/p>\n<p style=\"text-align: justify\"><img loading=\"lazy\" decoding=\"async\" class=\"size-medium wp-image-98 aligncenter\" src=\"http:\/\/blog.espol.edu.ec\/alojordo\/files\/2016\/11\/Pelota-300x158.jpg\" alt=\"pelota\" width=\"300\" height=\"158\" srcset=\"https:\/\/blog.espol.edu.ec\/alojordo\/files\/2016\/11\/Pelota-300x158.jpg 300w, https:\/\/blog.espol.edu.ec\/alojordo\/files\/2016\/11\/Pelota-768x403.jpg 768w, https:\/\/blog.espol.edu.ec\/alojordo\/files\/2016\/11\/Pelota.jpg 800w\" sizes=\"auto, (max-width: 300px) 100vw, 300px\" \/><\/p>\n<p style=\"text-align: justify\"><strong>4. La Raqueta<\/strong><\/p>\n<p style=\"text-align: justify\">a. La raqueta puede ser de cualquier tama\u00f1o, forma o peso.<br \/>\nb. La hoja deber\u00e1 ser de madera, continua de grosor uniforme, plana y r\u00edgida.<br \/>\nc. Al menos 85% del grosor de la hoja deber\u00e1 ser de madera natural.<br \/>\nd. Una l\u00e1mina adhesiva dentro de la hoja puede ser reforzada con material fibroso como fibra de carb\u00f3n,\u00a0fibra de vidrio o papel comprimido, pero no debe ser m\u00e1s grueso que el 7.5% del grosor total o\u00a0.35mm, lo que sea menor.<br \/>\ne. Una de las caras de la raqueta, usada para golpear la pelota deber\u00e1 estar cubierta ya sea con una\u00a0l\u00e1mina de hule con granillos externos teniendo un grosor total, incluyendo el adhesivo, de no m\u00e1s de\u00a0dos mil\u00edmetros (1\/16\u201d) o una l\u00e1mina de hule intercalada con granillos internos o externos teniendo un\u00a0grosor total, incluyendo el adhesivo, de no m\u00e1s de cuatro mil\u00edmetros.<br \/>\nf. El material que cubre la raqueta podr\u00e1 extenderse hasta, pero no m\u00e1s all\u00e1, de los l\u00edmites de la hoja,\u00a0excepto que la parte cerca del mango y asidero de los dedos podr\u00e1 ser dejada sin cubrir, o cubierta,\u00a0con cualquier material y puede ser considerado parte del mango.<br \/>\ng. Al inicio de un juego, y siempre que el jugador cambie su raqueta durante un juego, debe mostrar la\u00a0raqueta que est\u00e1 a punto de usar a su oponente y al \u00e1rbitro y debe permitirles examinarla.<br \/>\nh. La superficie del material de cubierta en una cara de la raqueta, o en un lado de la cara si no est\u00e1\u00a0cubierto, deber\u00e1 ser mate, rojo vivo en un lado y negro en el otro; cualquier borde que rodea el borde\u00a0de la cara deber\u00e1 ser mate y ninguna parte de este deber\u00e1 ser blanco. Peque\u00f1as desviaciones de\u00a0continuidad de la superficie o uniformidad del color, debido a da\u00f1o, uso o decoloraci\u00f3n, pueden ser\u00a0permitidas siempre que no cambien significativamente las caracter\u00edsticas de la superficie.<\/p>\n<p style=\"text-align: justify\"><strong>5. Definiciones<\/strong><\/p>\n<p style=\"text-align: justify\">a. Un rally es el per\u00edodo durante el cual la pelota est\u00e1 en juego.<br \/>\nb. Una interrupci\u00f3n (let) es un rally cuyo resultado no es registrado.<br \/>\nc. Un punto es un rally cuyo resultado es registrado.<br \/>\nd. La mano de la raqueta es la mano que sostiene la raqueta.<br \/>\ne. La mano libre es la mano que no sostiene la raqueta.<br \/>\nf. Un jugador golpea la pelota si la toca con su raqueta, sostenida en la mano, o con su mano de la\u00a0raqueta debajo de la mu\u00f1eca.<br \/>\ng. Un jugador obstruye la pelota si \u00e9l, o cualquier cosa que \u00e9l usa o lleva consigo, la toca en juego\u00a0cuando no ha pasado sobre la superficie de juego o su l\u00ednea de fondo, sin haber tocado su campo\u00a0desde el \u00faltimo golpe a la pelota por su oponente.<br \/>\nh. El servidor es el jugador que debe golpear la pelota de primero en un rally.<br \/>\ni. El receptor es el jugador que debe golpear la pelota de segundo en un rally.<br \/>\nj. El \u00e1rbitro es la persona nombrada para controlar el encuentro.<br \/>\nk. Cualquier cosa que un jugador usa o lleva consigo incluye cualquier cosa que \u00e9l estaba usando o\u00a0llevaba consigo al inicio del rally.<br \/>\nl. La pelota debe considerarse que pasa sobre o alrededor del ensamblaje de la red, si pasa encima,\u00a0debajo o afuera de la proyecci\u00f3n del ensamblaje de la red afuera de la mesa o, si en una devoluci\u00f3n,\u00a0es golpeada despu\u00e9s de que ha rebotado de vuelta o alrededor de la red.<br \/>\nm. La l\u00ednea de fondo de considerarse como que se extiende indefinidamente en ambas direcciones.<\/p>\n<p style=\"text-align: justify\"><strong>SECCI\u00d3N C- REGLAS DE COMPETICI\u00d3N<\/strong><\/p>\n<p style=\"text-align: justify\"><strong>1. Reglas B\u00e1sicas para Individuales y Dobles<\/strong><br \/>\n<strong>a. Un Juego<\/strong><br \/>\n1) Un juego ser\u00e1 ganado por el jugador o pareja que primero anote 11 puntos a menos que ambos\u00a0jugadores o parejas hayan anotado 10 puntos. En este caso, el ganador ser\u00e1 el jugador o pareja que\u00a0anote dos puntos m\u00e1s que el jugador o pareja oponente.<br \/>\n<strong>b. Un Partido<\/strong><br \/>\n1) Un partido consistir\u00e1 en el mejor n\u00famero impar de juegos.<br \/>\n<strong>c. La Elecci\u00f3n de Lado y Servicio<\/strong><br \/>\n1) La elecci\u00f3n de lado y el derecho a servir o recibir primero en un partido deber\u00e1 ser decidido por el\u00a0lanzamiento de una moneda.<br \/>\n2) El ganador del lanzamiento de moneda tiene la opci\u00f3n de hacer uno de los siguientes:<br \/>\na) Elegir servir o recibir primero, y el oponente tendr\u00e1 derecho a elegir el lado.<br \/>\nb) Elegir un lado, y el oponente tendr\u00e1 derecho a elegir servir o recibir primero.<br \/>\nc) En dobles, la pareja que tenga derecho a servir primero en el juego, deber\u00e1 decidir qu\u00e9<br \/>\ncompa\u00f1ero lo har\u00e1.<br \/>\ni) En el primer juego de un partido, la pareja oponente puede entonces decidir qu\u00e9 compa\u00f1ero\u00a0recibir\u00e1 primero.<br \/>\nii) En los juegos siguientes de un partido, la pareja que sirve elegir\u00e1 a su primer servidor, y el\u00a0primer receptor quedar\u00e1 establecido entonces autom\u00e1ticamente para corresponder al primer\u00a0servidor.<br \/>\n<strong>d. El Cambio de Lados<\/strong><br \/>\n1) El jugador o pareja que comienza en un lado en un juego deber\u00e1 cambiar de lado en el juego\u00a0siguiente del partido. En el \u00faltimo juego posible del partido, los jugadores o parejas deber\u00e1n\u00a0cambiar de lado cuando el primer jugador o pareja anota 5 puntos.<br \/>\n<strong>e. El Orden de Juego<\/strong><br \/>\n1) En individuales, el servidor deber\u00e1 hacer primero un servicio correcto, el receptor deber\u00e1 entonces\u00a0hacer una devoluci\u00f3n correcta y luego alternadamente el servidor y el receptor deben hacer\u00a0devoluciones correctas.<br \/>\n2) En dobles, el servidor deber\u00e1 hacer primero un servicio correcto, el receptor deber\u00e1 entonces hacer\u00a0una devoluci\u00f3n correcta, el compa\u00f1ero del servidor deber\u00e1 entonces hacer una devoluci\u00f3n\u00a0correcta, el compa\u00f1ero del receptor deber\u00e1 entonces hacer una devoluci\u00f3n correcta, y luego\u00a0alternadamente cada jugador, en esa secuencia, deber\u00e1 hacer devoluciones correctas.<br \/>\n<strong>f. El Cambio de Servicio<\/strong><br \/>\n1) Despu\u00e9s de anotar 2 puntos, el jugador o pareja que recibe deber\u00e1 ser el jugador o pareja que sirve\u00a0y as\u00ed sucesivamente hasta el final del juego, a menos que ambos jugadores o parejas anoten 10\u00a0puntos o que el sistema expedito est\u00e9 en operaci\u00f3n (cuando la secuencia de servir y recibir deber\u00e1\u00a0ser la misma pero cada jugador deber\u00e1 servir solo por 1 punto a la vez).<br \/>\n2) Dobles<br \/>\na) Los primeros dos servicios deber\u00e1n ser realizados por el compa\u00f1ero seleccionado de la pareja\u00a0que tiene el derecho a servir, y deber\u00e1n ser recibidos por el compa\u00f1ero apropiado de la pareja\u00a0oponente.<br \/>\nb) Los segundos dos servicios deber\u00e1n ser realizados por el receptor de los primeros dos servicios\u00a0y deber\u00e1n ser recibidos por el compa\u00f1ero del primer servidor.<br \/>\nc) Los terceros dos servicios deber\u00e1n ser realizados por el compa\u00f1ero del primer servidor y<br \/>\ndeber\u00e1n ser recibidos por el compa\u00f1ero del primer receptor.<br \/>\nd) Los cuartos dos servicios deber\u00e1n ser realizados por el compa\u00f1ero del primer receptor y<br \/>\ndeber\u00e1n ser recibidos por el primer servidor.<br \/>\ne) Los quintos dos servicios deber\u00e1n ser realizados y recibidos como los primeros dos servicios, y\u00a0as\u00ed sucesivamente, hasta el final del juego o si el puntaje llega a 20-20.<br \/>\nf) En cada juego de partido de dobles, el orden inicial de recepci\u00f3n deber\u00e1 ser el opuesto al que se\u00a0us\u00f3 en el juego anterior.<br \/>\n3) A partir del puntaje 10\u201310, la secuencia de servicio y recepci\u00f3n deber\u00e1 ser la misma, pero cada\u00a0jugador deber\u00e1 realizar solo un servicio a la vez, hasta el final del juego.<br \/>\n4) El jugador o pareja que sirve primero en un juego deber\u00e1 recibir de primero en el juego siguiente y\u00a0as\u00ed sucesivamente, hasta el final del partido.<br \/>\n<strong>g. Servicio, Recepci\u00f3n o Lados Fuera de Orden<\/strong><br \/>\n1) Si por error, los jugadores no han cambiado de lado cuando debieron hacerlo, el juego debe ser\u00a0interrumpido tan pronto como se descubra el error y los jugadores deber\u00e1n cambiar de lado.<\/p>\n<p style=\"text-align: justify\">2) Si por error un jugador sirve o recibe fuera de su turno, el juego deber\u00e1 ser interrumpido y deber\u00e1\u00a0continuar con el jugador que sirve o recibe, quien de acuerdo a la secuencia establecida al inicio\u00a0del partido, debe ser servidor o receptor respectivamente en el puntaje que se ha alcanzado.<br \/>\n3) En cualquier circunstancia, todos los puntos anotados antes de descubrir el error, deber\u00e1n ser\u00a0considerados v\u00e1lidos.<\/p>\n<p style=\"text-align: justify\"><strong>h. Un Servicio Correcto<\/strong><\/p>\n<p style=\"text-align: justify\"><img loading=\"lazy\" decoding=\"async\" class=\"size-medium wp-image-99 aligncenter\" src=\"http:\/\/blog.espol.edu.ec\/alojordo\/files\/2016\/11\/728px-Serve-in-Table-Tennis-Step-1-Version-2-300x225.jpg\" alt=\"728px-serve-in-table-tennis-step-1-version-2\" width=\"300\" height=\"225\" srcset=\"https:\/\/blog.espol.edu.ec\/alojordo\/files\/2016\/11\/728px-Serve-in-Table-Tennis-Step-1-Version-2-300x225.jpg 300w, https:\/\/blog.espol.edu.ec\/alojordo\/files\/2016\/11\/728px-Serve-in-Table-Tennis-Step-1-Version-2.jpg 728w\" sizes=\"auto, (max-width: 300px) 100vw, 300px\" \/><br \/>\n1) El servicio debe iniciar con la pelota en la palma de la mano libre, que deber\u00e1 estar inm\u00f3vil,\u00a0abierta y plana, con los dedos juntos y el pulgar separado.<br \/>\n2) La mano libre y la raqueta deben estar sobre el nivel de la superficie de juego desde el \u00faltimo\u00a0momento en que la pelota est\u00e1 inm\u00f3vil en la palma de la mano libre hasta que la pelota es\u00a0golpeada en el servicio.<br \/>\n3) El servidor deber\u00e1 entonces lanzar la pelota hacia arriba, \u00fanicamente con la mano y sin impartirle\u00a0ning\u00fan efecto, para que se eleve de la palma de la mano verticalmente para que se eleve al menos\u00a016 cm (seis pulgadas) despu\u00e9s de dejar la palma de la mano libre.<br \/>\n4) Cuando la pelota descienda de la altura de su trayectoria, el servidor deber\u00e1 golpearla para que\u00a0toque primero su campo y luego pase directamente sobre la red o sus soportes, y entonces toque el\u00a0campo del receptor.<br \/>\n5) En dobles, los puntos de contacto de la pelota con la superficie de juego deber\u00e1n tocar<br \/>\nsucesivamente el medio campo derecho del servidor y receptor.<br \/>\n6) Si, en un intento de servicio, un jugador falla en golpear la pelota cuando a\u00fan est\u00e1 en juego, \u00e9l\/ella\u00a0deber\u00e1 perder un punto.<br \/>\n7) Cuando la pelota es golpeada en servicio, debe ser detr\u00e1s de la l\u00ednea de fondo del campo del\u00a0servidor o una extensi\u00f3n imaginaria de la misma, pero no m\u00e1s atr\u00e1s de las partes del cuerpo del\u00a0servidor, que no sean su brazo, cabeza o pierna, que es lo m\u00e1s alejado de la red.<br \/>\n8) Cuando exista una falla clara para cumplir con los requerimientos para un servicio correcto, no se\u00a0dar\u00e1 ninguna advertencia y se marcar\u00e1 un punto en contra del servidor.<br \/>\na) Excepto cuando se haya nombrado un \u00e1rbitro asistente, el \u00e1rbitro puede, en la primera<br \/>\noportunidad en un partido en el que \u00e9l\/ella tenga duda sobre el servicio correcto del jugador,\u00a0interrumpir el juego y advertir al servidor sin otorgarle un punto. En cualquier oportunidad\u00a0siguiente en el mismo partido en que la acci\u00f3n de servicio del mismo jugador es objeto de duda\u00a0sobre si est\u00e1 correcto, por la misma o cualquier otra raz\u00f3n, no debe darse el beneficio de la\u00a0duda al jugador y deber\u00e1 perder un punto.<br \/>\nb) La estricta observaci\u00f3n del m\u00e9todo de servicio descrito anteriormente puede ser evitada (cuando\u00a0el \u00e1rbitro es notificado antes de iniciar el juego) si el cumplimiento de \u00e9sta es contra-indicado\u00a0por una discapacidad f\u00edsica del jugador(es).<br \/>\n<strong>i. Una Devoluci\u00f3n Correcta<\/strong><br \/>\n1) La pelota, habiendo sido servida o devuelta en juego, debe ser golpead para que pase sobre o\u00a0alrededor de los soportes de la red y toque el campo del oponente, ya sea directamente o despu\u00e9s de\u00a0tocar el soporte de la red.<br \/>\n2) Si la pelota, habiendo sido servida o devuelta en juego, regresa con su propio \u00edmpetu sobre la red,\u00a0puede ser golpeada para que directamete toque el campo del oponente.<br \/>\n<strong>j.\u00a0Pelota en juego<\/strong><br \/>\n1)\u00a0La pelota estar\u00e1 en juego desde el \u00faltimo momento en que est\u00e9 inm\u00f3vil antes de ser proyectada en servicio hasta que toca otra cosa que no sea la superficie de juego, el conjunto de red, la\u00a0mano o la raqueta debajo de la mu\u00f1eca, o si el rally se decide de otra manera como un let o un punto.<br \/>\n<strong>k. Una Interrupci\u00f3n (Let)<\/strong><br \/>\n1) Un rally es una interrupci\u00f3n (let) en las siguientes circunstancias:<br \/>\na) Si la pelota servida, al pasar sobre o alrededor de la red, toca la red o sus soportes, a menos que\u00a0el servicio sea correcto o sea respondido por el receptor o su compa\u00f1ero;<br \/>\nb) Si el servicio es realizado cuando, en la opini\u00f3n del \u00e1rbitro, el jugador o pareja receptor no est\u00e1\u00a0listo, siempre que ni el receptor ni su compa\u00f1ero intenten golpear la pelota;<br \/>\nc) Si, en la opini\u00f3n del \u00e1rbitro, la falla en hacer un servicio correcto o una devoluci\u00f3n correcta o\u00a0no cumplir con algunas de las reglas es debido a una interferencia fuera del control del jugador;<br \/>\nd) Si es interrumpido para corregir un error en el orden del juego o de lados;<br \/>\ne) Si es interrumpido para advertir a un jugador que su servicio no es seguro que fue correcto;<br \/>\nf) Si las condiciones de juego son alteradas en tal forma que, en la opini\u00f3n del \u00e1rbitro, es probable\u00a0que afecten el resultado del rally.<br \/>\n<strong>l. P\u00e9rdida de un Punto<\/strong><br \/>\n1) A menos que el rally sea una interrupci\u00f3n (let), un jugador perder\u00e1 un punto en los siguientes\u00a0casos:<br \/>\na) Si falla en hacer un servicio correcto.<br \/>\nb) Si falla en hacer una devoluci\u00f3n correcta.<\/p>\n<p style=\"text-align: justify\">c) Si obstruye la pelota.<br \/>\nd) Si golpea la pelota con una cara de la raqueta que tiene una superficie no reglamentaria.<br \/>\ne) Si \u00e9l\/ella o cualquier cosa que use o lleve consigo, mueve la superficie de juego mientras la\u00a0pelota est\u00e9 en juego.<br \/>\nf) Si su mano libre toca la superficie de juego mientras la pelota est\u00e1 en juego.<br \/>\ng) Si \u00e9l\/ella o cualquier cosa que use o lleve consigo, toca el ensamblaje de la red mientras la\u00a0pelota est\u00e1 en juego.<br \/>\nh) En dobles si \u00e9l\/ella golpea la pelota fuera de la secuencia apropiada, excepto cuando ha<br \/>\nocurrido un error real en el orden del juego.<\/p>\n<p style=\"text-align: justify\"><strong>2. Modificaciones para Competici\u00f3n en Silla de Ruedas<\/strong><\/p>\n<p style=\"text-align: justify\">a. Todos los competidores deber\u00e1n competir en sillas de ruedas.<br \/>\n1) Puede usarse un coj\u00edn de cualquier tama\u00f1o y forma, de cualquier combinaci\u00f3n de esponja pl\u00e1stica.<br \/>\n2) No se requiere que la silla de ruedas tenga soporte para la espalda.<br \/>\nb. La mesa no deber\u00e1 tener ninguna barrera f\u00edsica que pueda, en cualquier forma, obstaculizar el\u00a0movimiento normal y legal de la silla de ruedas del competidor.<br \/>\nc. En el servicio, se requerir\u00e1 que el receptor haga una devoluci\u00f3n correcta. Sin embargo, si el receptor\u00a0golpea la pelota antes de que cruce una l\u00ednea lateral o de un segundo rebote en su lado de la superficie\u00a0de juego, el servicio deber\u00e1 ser considerado correcto y no debe dictarse una interrupci\u00f3n (let).<br \/>\n1) En el servicio, a los jugadores clase uno y dos, no se les requiere proyectar la pelota hacia arriba\u00a0desde la palma de su mano libre. Los jugadores en estas clases pueden sostener la pelota y\u00a0proyectarla hacia arriba en cualquier forma. Independientemente del m\u00e9todo, no puede darse ning\u00fan\u00a0efecto a la pelota. La responsabilidad a\u00fan permanece en el servidor para servir en una forma que el\u00a0\u00e1rbitro pueda chequear la legalidad del servicio.<br \/>\nd. Los jugadores en silla de ruedas pueden tocar la superficie de juego con la mano libre durante el\u00a0juego sin perder el punto; sin embargo, no pueden usar la mano lire en la mesa para apoyarse\u00a0mientras golpean la pelota, siempre que la superficie de juego no haya sido movida.<br \/>\ne. Los pies o apoyo para los pies del competidor no podr\u00e1n tocar el suelo durante el juego.<br \/>\nf. Los competidores no podr\u00e1n levantarse exageradamente de sus asientos durante el juego.<br \/>\ng. En servicio de dobles, la pelota puede salir por la l\u00ednea lateral del medio campo derecho del receptor.\u00a0El servidor primero debe hacer un servicio correcto, y el receptor debe hacer una devoluci\u00f3n correcta,\u00a0y a partir de all\u00ed, cualquier jugador puede devolver la pelota. La silla de ruedas de un jugador no\u00a0deber\u00e1 salir m\u00e1s all\u00e1 de una extensi\u00f3n imaginaria de la l\u00ednea central de la mesa. Si lo hace, el \u00e1rbitro\u00a0deber\u00e1 otorgar un punto a la pareja opositora.<\/p>\n<div id=\"attachment_100\" style=\"width: 310px\" class=\"wp-caption aligncenter\"><img loading=\"lazy\" decoding=\"async\" aria-describedby=\"caption-attachment-100\" class=\"size-medium wp-image-100\" src=\"http:\/\/blog.espol.edu.ec\/alojordo\/files\/2016\/11\/tens-300x200.jpg\" alt=\"Paral\u00edmpiada de Pek\u00edn 2008 Tenis de Mesa\" width=\"300\" height=\"200\" srcset=\"https:\/\/blog.espol.edu.ec\/alojordo\/files\/2016\/11\/tens-300x200.jpg 300w, https:\/\/blog.espol.edu.ec\/alojordo\/files\/2016\/11\/tens.jpg 425w\" sizes=\"auto, (max-width: 300px) 100vw, 300px\" \/><p id=\"caption-attachment-100\" class=\"wp-caption-text\">Paral\u00edmpiada de Pek\u00edn 2008 Tenis de Mesa<\/p><\/div>\n<p>Informaci\u00f3n tomada de:\u00a0http:\/\/media.specialolympics.org\/soi\/files\/resources\/SPANISH\/SportsRules_Competitions\/Tenis_de_Mesa.pdf<\/p>\n","protected":false},"excerpt":{"rendered":"<p>Las Reglas Oficiales de Deportes de Olimpiadas Especiales deber\u00e1n regir todas las competiciones de Tenis\u00a0de Mesa de Olimpiadas Especiales. Como un programa deportivo internacional, Olimpiadas Especiales ha\u00a0creado estas reglas basadas en las Reglas de la Federaci\u00f3n Internacional de Tenis de Mesa (ITTF) y las\u00a0Reglas de Cuerpos Rectores Nacionales (NGB) para competici\u00f3n de Tenis de Mesa. [&hellip;]<\/p>\n","protected":false},"author":10726,"featured_media":0,"parent":0,"menu_order":0,"comment_status":"closed","ping_status":"closed","template":"","meta":{"footnotes":""},"class_list":["post-91","page","type-page","status-publish","hentry"],"_links":{"self":[{"href":"https:\/\/blog.espol.edu.ec\/alojordo\/wp-json\/wp\/v2\/pages\/91","targetHints":{"allow":["GET"]}}],"collection":[{"href":"https:\/\/blog.espol.edu.ec\/alojordo\/wp-json\/wp\/v2\/pages"}],"about":[{"href":"https:\/\/blog.espol.edu.ec\/alojordo\/wp-json\/wp\/v2\/types\/page"}],"author":[{"embeddable":true,"href":"https:\/\/blog.espol.edu.ec\/alojordo\/wp-json\/wp\/v2\/users\/10726"}],"replies":[{"embeddable":true,"href":"https:\/\/blog.espol.edu.ec\/alojordo\/wp-json\/wp\/v2\/comments?post=91"}],"version-history":[{"count":5,"href":"https:\/\/blog.espol.edu.ec\/alojordo\/wp-json\/wp\/v2\/pages\/91\/revisions"}],"predecessor-version":[{"id":101,"href":"https:\/\/blog.espol.edu.ec\/alojordo\/wp-json\/wp\/v2\/pages\/91\/revisions\/101"}],"wp:attachment":[{"href":"https:\/\/blog.espol.edu.ec\/alojordo\/wp-json\/wp\/v2\/media?parent=91"}],"curies":[{"name":"wp","href":"https:\/\/api.w.org\/{rel}","templated":true}]}}