{"id":42,"date":"2009-02-22T16:34:28","date_gmt":"2009-02-22T21:34:28","guid":{"rendered":"http:\/\/blog.espol.edu.ec\/alopez\/?page_id=42"},"modified":"2009-04-13T23:54:41","modified_gmt":"2009-04-14T04:54:41","slug":"mural-politecnico","status":"publish","type":"page","link":"https:\/\/blog.espol.edu.ec\/alopez\/mural-politecnico\/","title":{"rendered":"Mural Politecnico"},"content":{"rendered":"<p>En esta secci\u00f3n estar\u00e1n las \u00faltimas noticias sobre la ESPOL.<\/p>\n<p><a href=\"http:\/\/blog.espol.edu.ec\/alopez\/files\/2009\/02\/dibujo.jpg\"><img loading=\"lazy\" decoding=\"async\" class=\"aligncenter size-full wp-image-46\" src=\"http:\/\/blog.espol.edu.ec\/alopez\/files\/2009\/02\/dibujo.jpg\" alt=\"\" width=\"499\" height=\"129\" \/><\/a><\/p>\n<p><a href=\"http:\/\/blog.espol.edu.ec\/alopez\/files\/2009\/02\/club-de-bloggers.jpg\"><img loading=\"lazy\" decoding=\"async\" class=\"aligncenter size-full wp-image-47\" src=\"http:\/\/blog.espol.edu.ec\/alopez\/files\/2009\/02\/club-de-bloggers.jpg\" alt=\"\" width=\"500\" height=\"302\" \/><\/a><\/p>\n<p>El Jueves 19 de Febrero del 2009 en el Audit\u00f3rium de la Biblioteca Central de la ESPOL, se llevo a cabo la fundaci\u00f3n del Club de Bloggers.<\/p>\n<p>El Club quedo conformado en primera instancia por un grupo de amigos que constan el la foto de izquierda a derecha: Ricardo Cede\u00f1o Barcia, Luz Gabriela Rodr\u00edguez Mu\u00f1oz, Jos\u00e9 Rodr\u00edguez, Marlon Rodr\u00edguez, Jos\u00e9 Andr\u00e9s L\u00f3pez Alvarez , Cruz Mar\u00eda Falcones, Erika Perugachi, Jonathan, Leonardo Gavidia Guerra, Makubex Andrade, Andrea Rodr\u00edguez, Guido Caicedo, Alfredo Alvarez, Vicente Riofr\u00edo , Fabricio Echeverr\u00eda.<\/p>\n<p>Se conformo una directiva, la cual quedo integrada por: Leo, Makubex, Junie, Jonathan, Erika.<\/p>\n<p>Con esto quedo creado el club de bloggers, haciendo una invitaci\u00f3n a todos las personas que se quieran unir a este, y dejando planteada una cita para el jueves 26 de febrero del 2009 a las 10:30 en la sala de sesiones del ICQA.<\/p>\n<p>Felicitaciones el Club de Bloggers quedo formado.<\/p>\n","protected":false},"excerpt":{"rendered":"<p>En esta secci\u00f3n estar\u00e1n las \u00faltimas noticias sobre la ESPOL. El Jueves 19 de Febrero del 2009 en el Audit\u00f3rium de la Biblioteca Central de la ESPOL, se llevo a cabo la fundaci\u00f3n del Club de Bloggers. El Club quedo conformado en primera instancia por un grupo de amigos que constan el la foto de [&hellip;]<\/p>\n","protected":false},"author":866,"featured_media":0,"parent":0,"menu_order":0,"comment_status":"open","ping_status":"open","template":"","meta":{"_monsterinsights_skip_tracking":false,"_monsterinsights_sitenote_active":false,"_monsterinsights_sitenote_note":"","_monsterinsights_sitenote_category":0,"footnotes":""},"class_list":["post-42","page","type-page","status-publish","hentry"],"_links":{"self":[{"href":"https:\/\/blog.espol.edu.ec\/alopez\/wp-json\/wp\/v2\/pages\/42","targetHints":{"allow":["GET"]}}],"collection":[{"href":"https:\/\/blog.espol.edu.ec\/alopez\/wp-json\/wp\/v2\/pages"}],"about":[{"href":"https:\/\/blog.espol.edu.ec\/alopez\/wp-json\/wp\/v2\/types\/page"}],"author":[{"embeddable":true,"href":"https:\/\/blog.espol.edu.ec\/alopez\/wp-json\/wp\/v2\/users\/866"}],"replies":[{"embeddable":true,"href":"https:\/\/blog.espol.edu.ec\/alopez\/wp-json\/wp\/v2\/comments?post=42"}],"version-history":[{"count":5,"href":"https:\/\/blog.espol.edu.ec\/alopez\/wp-json\/wp\/v2\/pages\/42\/revisions"}],"predecessor-version":[{"id":45,"href":"https:\/\/blog.espol.edu.ec\/alopez\/wp-json\/wp\/v2\/pages\/42\/revisions\/45"}],"wp:attachment":[{"href":"https:\/\/blog.espol.edu.ec\/alopez\/wp-json\/wp\/v2\/media?parent=42"}],"curies":[{"name":"wp","href":"https:\/\/api.w.org\/{rel}","templated":true}]}}