{"id":16,"date":"2011-05-25T23:04:32","date_gmt":"2011-05-25T23:04:32","guid":{"rendered":"http:\/\/blog.espol.edu.ec\/alrirome\/?page_id=16"},"modified":"2011-06-06T01:18:45","modified_gmt":"2011-06-06T01:18:45","slug":"punk","status":"publish","type":"page","link":"https:\/\/blog.espol.edu.ec\/alrirome\/punk\/","title":{"rendered":"ANARQUIA"},"content":{"rendered":"<p>http:\/\/www.youtube.com\/watch?v=c8zb9hoUYoo<br \/>\nEl anarcopunk es m\u00e1s un g\u00e9nero tem\u00e1tico, \"punk anarquista\", que un estilo concreto de m\u00fasica, ya que puede manifestarse en el punk rock, el hardcore punk, el crust punk, el grindcore hasta en el ska punk (Left\u00f6ver Crack), garage punk (The (International) Noise Conspiracy) y el pop punk. Algunas pr\u00e1cticas pol\u00edtico-culturales promovidas por sus simpatizantes, y su terminolog\u00eda usada, son una fusi\u00f3n de aquellas de la subcultura punk con otras del movimiento anarquista.<\/p>\n<p>Agrupaciones musicales representativas de este movimiento han sido: Crass, Poison Girls, Flux of Pink Indians, Conflict, Dirt, Omega Tribe, Subhumans, Amebix, Rudimentary Peni, Rubella Ballet, Icons of Filth, Chumbawamba, en la escena anglosajona en la primera mitad de los a\u00f1os 1980.1 A veces tambi\u00e9n se cuentan en esta escena bandas como Discharge, The Varukers, Oi Polloi, Propagandhi y, en Estados Unidos, Dead Kennedys, MDC y Crucifix, entre muchos otros.<\/p>\n<p>Posteriormente se ha extendido la etiqueta \u00abanarcopunk\u00bb a bandas de muchos g\u00e9neros y procedencias que presentan un ideario anarquista. En Espa\u00f1a podemos destacar artistas como Sin Dios, Kolumna Durruti o Los Muertos de Cristo.<\/p>\n<p>El punk es un g\u00e9nero musical dentro del rock que emergi\u00f3 a mediados de los a\u00f1os 1970. \u00c9ste g\u00e9nero se caracteriza en la industria musical por su actitud independiente y amateur. En sus inicios, el punk era una m\u00fasica muy simple y cruda, a veces descuidada: un tipo de rock sencillo, con melod\u00edas simples de duraciones cortas, sonidos de guitarras amplificadas poco controlados o ruidosos, pocos arreglos e instrumentos, y, por lo general, de compases y tempos r\u00e1pidos.<\/p>\n<p>Las l\u00edneas de guitarra se caracterizan por su sencillez y la crudeza del sonido amplificado, generalmente creando un ambiente sonoro ruidoso o agresivo heredado del garage rock. El bajo, por lo general, sigue s\u00f3lo la l\u00ednea del acorde y no busca adornar con octavas ni arreglos la melod\u00eda. La bater\u00eda por su parte lleva un tempo acelerado, con ritmos sencillos de rock. Las voces var\u00edan desde expresiones fuertes e incluso violentas o desgarradas, expresivas caricaturas cantadas que alteran los par\u00e1metros convencionales de la acci\u00f3n del cantante, hasta formas m\u00e1s mel\u00f3dicas y elaboradas.<\/p>\n<p><a href=\"http:\/\/blog.espol.edu.ec\/alrirome\/files\/2011\/05\/Anarkia.png\"><img loading=\"lazy\" decoding=\"async\" src=\"http:\/\/blog.espol.edu.ec\/alrirome\/files\/2011\/05\/Anarkia-300x253.png\" alt=\"\" title=\"Anarkia\" width=\"300\" height=\"253\" class=\"alignnone size-medium wp-image-72\" srcset=\"https:\/\/blog.espol.edu.ec\/alrirome\/files\/2011\/05\/Anarkia-300x253.png 300w, https:\/\/blog.espol.edu.ec\/alrirome\/files\/2011\/05\/Anarkia.png 320w\" sizes=\"auto, (max-width: 300px) 100vw, 300px\" \/><\/a><\/p>\n<p>Yo creo que ni el trabajo, ni la ocupaci\u00f3n, ni la ley, pueden engendrar la propiedad, pues \u00e9sta es un efecto sin causa. \u00bfSe me puede censurar por ello? \u00bfCu\u00e1ntos comentarios producir\u00e1n estas afirmaciones?<br \/>\n \u00a1La propiedad es un robo! \u00a1He aqu\u00ed el toque de rebato del 93! \u00a1La turbulenta agitaci\u00f3n de las revoluciones.<br \/>\n<a href=\"http:\/\/blog.espol.edu.ec\/alrirome\/files\/2011\/05\/220px-Portrait_of_Pierre_Joseph_Proudhon_1865.jpg\"><img loading=\"lazy\" decoding=\"async\" src=\"http:\/\/blog.espol.edu.ec\/alrirome\/files\/2011\/05\/220px-Portrait_of_Pierre_Joseph_Proudhon_1865.jpg\" alt=\"\" title=\"220px-Portrait_of_Pierre_Joseph_Proudhon_1865\" width=\"220\" height=\"289\" class=\"alignnone size-full wp-image-73\" \/><\/a><br \/>\nEl anarcopunk es una corriente dentro del movimiento punk que promueve la ideolog\u00eda anarquista. El anarcopunk reformula el punk transformando su postura \u00e9tica hacia una clara posici\u00f3n a favor de la mencionada ideolog\u00eda pol\u00edtica.<\/p>\n<p>El anarcopunk es m\u00e1s un g\u00e9nero tem\u00e1tico, \"punk anarquista\", que un estilo concreto de m\u00fasica, ya que puede manifestarse en el punk rock, el hardcore punk, el crust punk, el grindcore hasta en el ska punk (Left\u00f6ver Crack), garage punk (The (International) Noise Conspiracy) y el pop punk. Algunas pr\u00e1cticas pol\u00edtico-culturales promovidas por sus simpatizantes, y su terminolog\u00eda usada, son una fusi\u00f3n de aquellas de la subcultura punk con otras del movimiento anarquista.<\/p>\n<p>Agrupaciones musicales representativas de este movimiento han sido: Crass, Poison Girls, Flux of Pink Indians, Conflict, Dirt, Omega Tribe, Subhumans, Amebix, Rudimentary Peni, Rubella Ballet, Icons of Filth, Chumbawamba, en la escena anglosajona en la primera mitad de los a\u00f1os 1980.1 A veces tambi\u00e9n se cuentan en esta escena bandas como Discharge, The Varukers, Oi Polloi, Propagandhi y, en Estados Unidos, Dead Kennedys, MDC y Crucifix, entre muchos otros.<\/p>\n<p>Posteriormente se ha extendido la etiqueta \u00abanarcopunk\u00bb a bandas de muchos g\u00e9neros y procedencias que presentan un ideario anarquista. En Espa\u00f1a podemos destacar artistas como Sin Dios, Kolumna Durruti o Los Muertos de Cristo.<br \/>\n<iframe loading=\"lazy\" title=\"eutanasia - anarkismo\" width=\"500\" height=\"375\" src=\"https:\/\/www.youtube.com\/embed\/7cyJV1B43nY?feature=oembed\" frameborder=\"0\" allow=\"accelerometer; autoplay; clipboard-write; encrypted-media; gyroscope; picture-in-picture; web-share\" referrerpolicy=\"strict-origin-when-cross-origin\" allowfullscreen><\/iframe><\/p>\n","protected":false},"excerpt":{"rendered":"<p>http:\/\/www.youtube.com\/watch?v=c8zb9hoUYoo El anarcopunk es m\u00e1s un g\u00e9nero tem\u00e1tico, \"punk anarquista\", que un estilo concreto de m\u00fasica, ya que puede manifestarse en el punk rock, el hardcore punk, el crust punk, el grindcore hasta en el ska punk (Left\u00f6ver Crack), garage punk (The (International) Noise Conspiracy) y el pop punk. Algunas pr\u00e1cticas pol\u00edtico-culturales promovidas por sus [&hellip;]<\/p>\n","protected":false},"author":5849,"featured_media":0,"parent":0,"menu_order":0,"comment_status":"open","ping_status":"open","template":"","meta":{"footnotes":""},"class_list":["post-16","page","type-page","status-publish","hentry"],"_links":{"self":[{"href":"https:\/\/blog.espol.edu.ec\/alrirome\/wp-json\/wp\/v2\/pages\/16","targetHints":{"allow":["GET"]}}],"collection":[{"href":"https:\/\/blog.espol.edu.ec\/alrirome\/wp-json\/wp\/v2\/pages"}],"about":[{"href":"https:\/\/blog.espol.edu.ec\/alrirome\/wp-json\/wp\/v2\/types\/page"}],"author":[{"embeddable":true,"href":"https:\/\/blog.espol.edu.ec\/alrirome\/wp-json\/wp\/v2\/users\/5849"}],"replies":[{"embeddable":true,"href":"https:\/\/blog.espol.edu.ec\/alrirome\/wp-json\/wp\/v2\/comments?post=16"}],"version-history":[{"count":6,"href":"https:\/\/blog.espol.edu.ec\/alrirome\/wp-json\/wp\/v2\/pages\/16\/revisions"}],"predecessor-version":[{"id":74,"href":"https:\/\/blog.espol.edu.ec\/alrirome\/wp-json\/wp\/v2\/pages\/16\/revisions\/74"}],"wp:attachment":[{"href":"https:\/\/blog.espol.edu.ec\/alrirome\/wp-json\/wp\/v2\/media?parent=16"}],"curies":[{"name":"wp","href":"https:\/\/api.w.org\/{rel}","templated":true}]}}