{"id":19,"date":"2011-05-25T23:05:40","date_gmt":"2011-05-25T23:05:40","guid":{"rendered":"http:\/\/blog.espol.edu.ec\/alrirome\/?page_id=19"},"modified":"2011-06-05T18:11:04","modified_gmt":"2011-06-05T18:11:04","slug":"historia-del-punk","status":"publish","type":"page","link":"https:\/\/blog.espol.edu.ec\/alrirome\/historia-del-punk\/","title":{"rendered":"HISTORIA DEL PUNK"},"content":{"rendered":"<p>A finales de los a\u00f1os 1960, una corriente de j\u00f3venes de Gran Breta\u00f1a, Estados Unidos y otros pa\u00edses consideraban que el rock hab\u00eda pasado de ser un medio de expresi\u00f3n para los j\u00f3venes, a una mera herramienta de mercado y escaparate para la grandilocuencia de los m\u00fasicos de ese entonces, alejando la m\u00fasica de la gente com\u00fan. El punk surgi\u00f3 como una burla a la rigidez de los convencionalismos que ocultaban formas de opresi\u00f3n social y cultural.<\/p>\n<p>Las caracter\u00edsticas del punk rock fueron precedidas por el garage rock (algunos ejemplos emblem\u00e1ticos son \"Demolicion\" de 1965 de los peruanos \"Los Saicos\" o \"Pushin Too Hard\" de 1966 de los californianos The Seeds), recrudeciendo m\u00e1s el sonido fuerte del rock y con composiciones menos profesionales, influenciados por el sonido de la \"Invasi\u00f3n Brit\u00e1nica\", como The Beatles, The Kinks o The Who, y cogiendo elementos del sonido ruidoso del garage rock de The Stooges o Velvet Underground. Tambi\u00e9n se recogen influencias del fren\u00e9tico surf rock. Estas variadas influencias se conocen ahora como proto-punk. Dentro de las mismas se puede incluir tambi\u00e9n entre las influencias tempranas a Bobby Fuller Four autor del sencillo \"I Fought the Law\", que fuera versionado por The Clash, y a Modern Lovers autores de \"Roadrunner\" dados sus ritmos acelerados, no tan cercanos al punk rock posterior pero si alejado del rock convencional y t\u00edpico de la \u00e9poca, con acordes simples pero a\u00fan sin distorsi\u00f3n o volumen alto.<\/p>\n<p>The Ramones hicieron composiciones sencillas, cuyas \u00e1cidas letras trataban temas como la discriminaci\u00f3n de otros j\u00f3venes, la anti-moda y las drogas,una pauta para las bandas por venir.<br \/>\nhttp:\/\/www.youtube.com\/watch?v=LOy8zvmIgvo<br \/>\nSex Pistols es una banda de punk formada en Londres en 1975, considerada la responsable de haber iniciado el movimiento punk en el Reino Unido y de inspirar a muchos m\u00fasicos de punk y rock alternativo<br \/>\nLos miembros de Sex Pistols eran originalmente Johnny Rotten, el guitarrista Steve Jones, el bater\u00eda Paul Cook y el bajista Glen Matlock. Matlock fue reemplazado por Sid Vicious a principios de 1977. Con el empresario Malcolm McLaren como m\u00e1nager, la banda organiz\u00f3 controversias que cautivaron al Reino Unido. Sus conciertos frecuentemente se topaban con dificultades con los organizadores y las autoridades, y sus apariciones p\u00fablicas a menudo acababan en caos. Su sencillo de 1977 \u00abGod Save the Queen\u00bb, que atacaba el conformismo social de los ingleses y el respeto a la corona, precipit\u00f3 la \u00ab\u00faltima y mayor ola de pandem\u00f3nium moral basada en el pop.<br \/>\nhttp:\/\/www.youtube.com\/watch?v=G7FdJajqxmU<br \/>\nRamones fue una banda de punk formada en Forest Hills, en el distrito de Queens, Nueva York, Estados Unidos, en el a\u00f1o 1974.<\/p>\n<p>Pioneros y l\u00edderes del naciente punk rock,1 2 cimentaron las bases de este g\u00e9nero musical con composiciones simples, minimalistas, repetitivas y letras muy simples o incluso sin sentido, en clara oposici\u00f3n a la pomposidad y la fastuosidad de las bandas que triunfaban en el mercado de los a\u00f1os 1970:3 4 los largos solos de guitarra, las complejas canciones de rock progresivo y sus enigm\u00e1ticas letras.5 Su sonido se caracteriza por ser r\u00e1pido y directo, con influencias del rockabilly de los a\u00f1os 1950, el surf rock, The Beatles, The Velvet Underground, las bandas de chicas de los 60 como The Shangri-Las y el garage proto-punk de MC5 y The Stooges.6<\/p>\n<p>Ramones lider\u00f3 la primera ola del punk en Nueva York, compartiendo el escenario del CBGB con Patti Smith, Television, Talking Heads, Johnny Thunders and the Heartbreakers, Blondie y Richard Hell, entre otros, y sirviendo de inspiraci\u00f3n para la gran mayor\u00eda de las bandas de punk surgidas en la d\u00e9cada de los 70.7 Siendo una de las bandas m\u00e1s importantes de la historia del rock, su influencia se percibe en casi todas las formaciones de punk posteriores.8 7<\/p>\n","protected":false},"excerpt":{"rendered":"<p>A finales de los a\u00f1os 1960, una corriente de j\u00f3venes de Gran Breta\u00f1a, Estados Unidos y otros pa\u00edses consideraban que el rock hab\u00eda pasado de ser un medio de expresi\u00f3n para los j\u00f3venes, a una mera herramienta de mercado y escaparate para la grandilocuencia de los m\u00fasicos de ese entonces, alejando la m\u00fasica de la [&hellip;]<\/p>\n","protected":false},"author":5849,"featured_media":0,"parent":0,"menu_order":0,"comment_status":"open","ping_status":"open","template":"","meta":{"footnotes":""},"class_list":["post-19","page","type-page","status-publish","hentry"],"_links":{"self":[{"href":"https:\/\/blog.espol.edu.ec\/alrirome\/wp-json\/wp\/v2\/pages\/19","targetHints":{"allow":["GET"]}}],"collection":[{"href":"https:\/\/blog.espol.edu.ec\/alrirome\/wp-json\/wp\/v2\/pages"}],"about":[{"href":"https:\/\/blog.espol.edu.ec\/alrirome\/wp-json\/wp\/v2\/types\/page"}],"author":[{"embeddable":true,"href":"https:\/\/blog.espol.edu.ec\/alrirome\/wp-json\/wp\/v2\/users\/5849"}],"replies":[{"embeddable":true,"href":"https:\/\/blog.espol.edu.ec\/alrirome\/wp-json\/wp\/v2\/comments?post=19"}],"version-history":[{"count":3,"href":"https:\/\/blog.espol.edu.ec\/alrirome\/wp-json\/wp\/v2\/pages\/19\/revisions"}],"predecessor-version":[{"id":65,"href":"https:\/\/blog.espol.edu.ec\/alrirome\/wp-json\/wp\/v2\/pages\/19\/revisions\/65"}],"wp:attachment":[{"href":"https:\/\/blog.espol.edu.ec\/alrirome\/wp-json\/wp\/v2\/media?parent=19"}],"curies":[{"name":"wp","href":"https:\/\/api.w.org\/{rel}","templated":true}]}}