{"id":29,"date":"2015-11-12T03:38:01","date_gmt":"2015-11-12T03:38:01","guid":{"rendered":"http:\/\/blog.espol.edu.ec\/alrivade\/?page_id=29"},"modified":"2015-11-12T03:55:13","modified_gmt":"2015-11-12T03:55:13","slug":"un-poco-sobre-mi","status":"publish","type":"page","link":"https:\/\/blog.espol.edu.ec\/alrivade\/un-poco-sobre-mi\/","title":{"rendered":"Un poco sobre m\u00ed"},"content":{"rendered":"<p>\u00a1Hola! Mi nombre es Alexis Rivadeneira, soy estudiante de la carrera de Ciencias Computacionales. Tengo 18 a\u00f1os y actualmente curso mi segundo semestre aqu\u00ed en <a href=\"http:\/\/www.espol.edu.ec\/\" target=\"_blank\">ESPOL<\/a>. Soy hincha de <a href=\"http:\/\/www.barcelonasc.com.ec\/\" target=\"_blank\">Barcelona Sporting Club<\/a> y tambi\u00e9n del <a href=\"http:\/\/www.acmilan.com\/es\" target=\"_blank\">AC Milan<\/a> de Italia. Me gusta mucho el futbol, pero tambi\u00e9n disfruto de la buena m\u00fasica, como podr\u00e1n notar. Mis gustos musicales van desde el Rock ochentero hasta el Indie actual, as\u00ed tambi\u00e9n como el rap, pop, baladas, etc. En su mayor\u00eda prefiero canciones en ingl\u00e9s y detesto el reggaet\u00f3n y todo lo que sea parecido a \u00e9l. Soy de esas personas que disfrutan mucho m\u00e1s el contenido de la canci\u00f3n que la m\u00fasica en s\u00ed. Mis artistas y bandas favoritos serian Eminem, Fall Out Boy, OneRepublic, Bryan Adams, Adele, entre otros. Y bueno, esta parte de mi blog es para que tengan una peque\u00f1a idea de quien escribe para ustedes. \u00a1Espero lo disfruten!<\/p>\n<div id=\"attachment_30\" style=\"width: 310px\" class=\"wp-caption alignnone\"><a href=\"http:\/\/blog.espol.edu.ec\/alrivade\/files\/2015\/11\/1426322_732572196772211_1508282897_n.jpg\"><img loading=\"lazy\" decoding=\"async\" aria-describedby=\"caption-attachment-30\" class=\"size-medium wp-image-30\" src=\"http:\/\/blog.espol.edu.ec\/alrivade\/files\/2015\/11\/1426322_732572196772211_1508282897_n-300x225.jpg\" alt=\"Con mis amigos del colegio...\" width=\"300\" height=\"225\" srcset=\"https:\/\/blog.espol.edu.ec\/alrivade\/files\/2015\/11\/1426322_732572196772211_1508282897_n-300x225.jpg 300w, https:\/\/blog.espol.edu.ec\/alrivade\/files\/2015\/11\/1426322_732572196772211_1508282897_n.jpg 960w\" sizes=\"auto, (max-width: 300px) 100vw, 300px\" \/><\/a><p id=\"caption-attachment-30\" class=\"wp-caption-text\">Con mis amigos del colegio...<\/p><\/div>\n","protected":false},"excerpt":{"rendered":"<p>\u00a1Hola! Mi nombre es Alexis Rivadeneira, soy estudiante de la carrera de Ciencias Computacionales. Tengo 18 a\u00f1os y actualmente curso mi segundo semestre aqu\u00ed en ESPOL. Soy hincha de Barcelona Sporting Club y tambi\u00e9n del AC Milan de Italia. Me gusta mucho el futbol, pero tambi\u00e9n disfruto de la buena m\u00fasica, como podr\u00e1n notar. Mis [&hellip;]<\/p>\n","protected":false},"author":9939,"featured_media":0,"parent":0,"menu_order":0,"comment_status":"closed","ping_status":"closed","template":"","meta":{"footnotes":""},"class_list":["post-29","page","type-page","status-publish","hentry"],"_links":{"self":[{"href":"https:\/\/blog.espol.edu.ec\/alrivade\/wp-json\/wp\/v2\/pages\/29","targetHints":{"allow":["GET"]}}],"collection":[{"href":"https:\/\/blog.espol.edu.ec\/alrivade\/wp-json\/wp\/v2\/pages"}],"about":[{"href":"https:\/\/blog.espol.edu.ec\/alrivade\/wp-json\/wp\/v2\/types\/page"}],"author":[{"embeddable":true,"href":"https:\/\/blog.espol.edu.ec\/alrivade\/wp-json\/wp\/v2\/users\/9939"}],"replies":[{"embeddable":true,"href":"https:\/\/blog.espol.edu.ec\/alrivade\/wp-json\/wp\/v2\/comments?post=29"}],"version-history":[{"count":3,"href":"https:\/\/blog.espol.edu.ec\/alrivade\/wp-json\/wp\/v2\/pages\/29\/revisions"}],"predecessor-version":[{"id":36,"href":"https:\/\/blog.espol.edu.ec\/alrivade\/wp-json\/wp\/v2\/pages\/29\/revisions\/36"}],"wp:attachment":[{"href":"https:\/\/blog.espol.edu.ec\/alrivade\/wp-json\/wp\/v2\/media?parent=29"}],"curies":[{"name":"wp","href":"https:\/\/api.w.org\/{rel}","templated":true}]}}