{"id":204,"date":"2015-11-21T06:04:29","date_gmt":"2015-11-21T06:04:29","guid":{"rendered":"http:\/\/blog.espol.edu.ec\/amarriot\/?page_id=204"},"modified":"2015-11-24T15:32:59","modified_gmt":"2015-11-24T15:32:59","slug":"stiles-stilinski","status":"publish","type":"page","link":"https:\/\/blog.espol.edu.ec\/amarriot\/stiles-stilinski\/","title":{"rendered":"Stiles Stilinski"},"content":{"rendered":"<p><strong>Biograf\u00eda<\/strong><\/p>\n<p><a href=\"http:\/\/blog.espol.edu.ec\/amarriot\/files\/2015\/11\/08d7a4bc17e103469e9158640a5fae8a.gif\"><img loading=\"lazy\" decoding=\"async\" class=\"size-full wp-image-115 aligncenter\" src=\"http:\/\/blog.espol.edu.ec\/amarriot\/files\/2015\/11\/08d7a4bc17e103469e9158640a5fae8a.gif\" alt=\"08d7a4bc17e103469e9158640a5fae8a\" width=\"245\" height=\"245\" \/><\/a><\/p>\n<p>Stiles Stilinski es estudiante de la Escuela secundaria Beacon hills y hace parte del equipo de lacrosse.<\/p>\n<p>Es hijo del alguacil Stilinski y de Claudia Stilinski. Su madre muri\u00f3 cuando \u00e9l era peque\u00f1o, haber estado presente mientras ella mor\u00eda ha hecho m\u00e1s dif\u00edcil que supere la situaci\u00f3n, adem\u00e1s lo hace sentirse en algunas ocasiones responsable del hecho.<\/p>\n<p>Adem\u00e1s, cuando este era peque\u00f1o, fue testigo de c\u00f3mo su madre le dec\u00eda a su padre que cada vez que \u00e9l le miraba, ella sent\u00eda como si pensara matarla.<\/p>\n<p>Es el mejor amigo y confidente de Scott McCall, a quien apoy\u00f3 cuando se convirti\u00f3 en Hombre Lobo, desde entonces lo ha ayudado con todos los casos sobrenaturales que los rodean.<\/p>\n<p>Desde ni\u00f1o ha estado enamorado de Lydia Martin, pero ella nunca le prest\u00f3 atenci\u00f3n por ser nerd e impopular, sin embargo, la relaci\u00f3n entre los dos ha crecido recientemente, pero no ha pasado de una gran amistad.<\/p>\n<p>Sufre de \"Trastorno por d\u00e9ficit de atenci\u00f3n con hiperactividad (TDAH)\" lo cual le genera ansiedad, nerviosismo en general y ataques de p\u00e1nico.<\/p>\n<p><strong>Personalidad<\/strong><\/p>\n<p>Stiles es divertido, sarc\u00e1stico y extrovertido, a\u00fan en situaciones dif\u00edciles. Es bastante inteligente y anal\u00edtico, lo cual lo hace bastante \u00fatil a la hora de resolver los misterios que se generan en la serie. Su af\u00e1n de ayudar lo han puesto en situaciones bastante peligrosas.<\/p>\n","protected":false},"excerpt":{"rendered":"<p>Biograf\u00eda Stiles Stilinski es estudiante de la Escuela secundaria Beacon hills y hace parte del equipo de lacrosse. Es hijo del alguacil Stilinski y de Claudia Stilinski. Su madre muri\u00f3 cuando \u00e9l era peque\u00f1o, haber estado presente mientras ella mor\u00eda ha hecho m\u00e1s dif\u00edcil que supere la situaci\u00f3n, adem\u00e1s lo hace sentirse en algunas ocasiones [&hellip;]<\/p>\n","protected":false},"author":10112,"featured_media":0,"parent":0,"menu_order":0,"comment_status":"closed","ping_status":"closed","template":"","meta":{"footnotes":""},"class_list":["post-204","page","type-page","status-publish","hentry"],"_links":{"self":[{"href":"https:\/\/blog.espol.edu.ec\/amarriot\/wp-json\/wp\/v2\/pages\/204","targetHints":{"allow":["GET"]}}],"collection":[{"href":"https:\/\/blog.espol.edu.ec\/amarriot\/wp-json\/wp\/v2\/pages"}],"about":[{"href":"https:\/\/blog.espol.edu.ec\/amarriot\/wp-json\/wp\/v2\/types\/page"}],"author":[{"embeddable":true,"href":"https:\/\/blog.espol.edu.ec\/amarriot\/wp-json\/wp\/v2\/users\/10112"}],"replies":[{"embeddable":true,"href":"https:\/\/blog.espol.edu.ec\/amarriot\/wp-json\/wp\/v2\/comments?post=204"}],"version-history":[{"count":4,"href":"https:\/\/blog.espol.edu.ec\/amarriot\/wp-json\/wp\/v2\/pages\/204\/revisions"}],"predecessor-version":[{"id":432,"href":"https:\/\/blog.espol.edu.ec\/amarriot\/wp-json\/wp\/v2\/pages\/204\/revisions\/432"}],"wp:attachment":[{"href":"https:\/\/blog.espol.edu.ec\/amarriot\/wp-json\/wp\/v2\/media?parent=204"}],"curies":[{"name":"wp","href":"https:\/\/api.w.org\/{rel}","templated":true}]}}