{"id":206,"date":"2015-11-21T06:04:43","date_gmt":"2015-11-21T06:04:43","guid":{"rendered":"http:\/\/blog.espol.edu.ec\/amarriot\/?page_id=206"},"modified":"2015-11-24T15:14:09","modified_gmt":"2015-11-24T15:14:09","slug":"derek-hale","status":"publish","type":"page","link":"https:\/\/blog.espol.edu.ec\/amarriot\/derek-hale\/","title":{"rendered":"Derek Hale"},"content":{"rendered":"<p><strong>Biograf\u00eda<\/strong><\/p>\n<p><a href=\"http:\/\/blog.espol.edu.ec\/amarriot\/files\/2015\/11\/tumblr_n9hu1uJPP61rzoil5o1_5001.gif\"><img loading=\"lazy\" decoding=\"async\" class=\"size-medium wp-image-284 aligncenter\" src=\"http:\/\/blog.espol.edu.ec\/amarriot\/files\/2015\/11\/tumblr_n9hu1uJPP61rzoil5o1_5001-250x300.gif\" alt=\"tumblr_n9hu1uJPP61rzoil5o1_500\" width=\"250\" height=\"300\" \/><\/a><\/p>\n<p>Derek Hale nace siendo un hombre lobo. \u00c9l y su familia viv\u00edan en Beacon Hills. Su madre era Talia Hale una Alfa muy respetada por otros Alfas.<\/p>\n<p><strong>Adolescencia<\/strong><\/p>\n<p>Cuando Derek ten\u00eda 15 a\u00f1os, conocio y se enamor\u00f3 de una chica llamada Paige. Ambos estudiaban en la escuela secundaria de Beacon Hills.<\/p>\n<p>Esperando estar con ella para siempre, Derek, bajo la influencia de su t\u00edo Peter Hale, se le ocurrio la idea de convertirla en una mujer lobo. Peter le pide a Ennis, un hombre lobo alfa, que le de \"la mordida\" y as\u00ed convertirla.<\/p>\n<p>Derek cita a Paige en la secundaria despu\u00e9s de clases, donde Ennis la muerde, pero Derek, al o\u00edr los gritos de dolor de Paige, ataca Ennis, lamentablemente era demasiado tarde para salvarla. Derek y Peter la llevan a Nemeton donde esperan que se transforme, despu\u00e9s de esperar un tiempo, y ver que las heridas no sanan, Derek se da cuenta de que iba a morir en lugar de transformarse. Para evitar su sufrimiento Derek le rompe la columna vertebral.<\/p>\n<p>El asesinato de una inocente hace que sus ojos cambien del amarillo al azul, oscureciendo su alma.<\/p>\n<p>A\u00f1os despu\u00e9s conoce a Kate Argent .Ella lo utiliza para llegar al resto de su familia y quemar la mayor\u00eda de ellos con vida, Derek se convierte en cinico, enojado, y desconfiado; Peter afirma que mejor aliado de Derek ha sido siempre la ira porque le falta un coraz\u00f3n. Deja Beacon Hill, despu\u00e9s del incendio.<\/p>\n<p><strong>Adultez<\/strong><\/p>\n<p>Derek regresa a Beacon Hill buscando a su hermana mayor Laura. \u00c9l sab\u00eda que su hermana estaba buscando a un Alfa que causaba problemas en el pueblo. Cuando llega al pueblo Laura ya est\u00e1 muerta.<\/p>\n","protected":false},"excerpt":{"rendered":"<p>Biograf\u00eda Derek Hale nace siendo un hombre lobo. \u00c9l y su familia viv\u00edan en Beacon Hills. Su madre era Talia Hale una Alfa muy respetada por otros Alfas. Adolescencia Cuando Derek ten\u00eda 15 a\u00f1os, conocio y se enamor\u00f3 de una chica llamada Paige. Ambos estudiaban en la escuela secundaria de Beacon Hills. Esperando estar con [&hellip;]<\/p>\n","protected":false},"author":10112,"featured_media":0,"parent":0,"menu_order":0,"comment_status":"closed","ping_status":"closed","template":"","meta":{"footnotes":""},"class_list":["post-206","page","type-page","status-publish","hentry"],"_links":{"self":[{"href":"https:\/\/blog.espol.edu.ec\/amarriot\/wp-json\/wp\/v2\/pages\/206","targetHints":{"allow":["GET"]}}],"collection":[{"href":"https:\/\/blog.espol.edu.ec\/amarriot\/wp-json\/wp\/v2\/pages"}],"about":[{"href":"https:\/\/blog.espol.edu.ec\/amarriot\/wp-json\/wp\/v2\/types\/page"}],"author":[{"embeddable":true,"href":"https:\/\/blog.espol.edu.ec\/amarriot\/wp-json\/wp\/v2\/users\/10112"}],"replies":[{"embeddable":true,"href":"https:\/\/blog.espol.edu.ec\/amarriot\/wp-json\/wp\/v2\/comments?post=206"}],"version-history":[{"count":4,"href":"https:\/\/blog.espol.edu.ec\/amarriot\/wp-json\/wp\/v2\/pages\/206\/revisions"}],"predecessor-version":[{"id":431,"href":"https:\/\/blog.espol.edu.ec\/amarriot\/wp-json\/wp\/v2\/pages\/206\/revisions\/431"}],"wp:attachment":[{"href":"https:\/\/blog.espol.edu.ec\/amarriot\/wp-json\/wp\/v2\/media?parent=206"}],"curies":[{"name":"wp","href":"https:\/\/api.w.org\/{rel}","templated":true}]}}