{"id":208,"date":"2015-11-21T06:05:03","date_gmt":"2015-11-21T06:05:03","guid":{"rendered":"http:\/\/blog.espol.edu.ec\/amarriot\/?page_id=208"},"modified":"2015-11-21T21:24:55","modified_gmt":"2015-11-21T21:24:55","slug":"sterek","status":"publish","type":"page","link":"https:\/\/blog.espol.edu.ec\/amarriot\/sterek\/","title":{"rendered":"Sterek"},"content":{"rendered":"<p>Etimolog\u00eda<\/p>\n<p>Mezcla de Stiles + Derek.<\/p>\n<p><img loading=\"lazy\" decoding=\"async\" class=\"size-medium wp-image-292 aligncenter\" src=\"http:\/\/blog.espol.edu.ec\/amarriot\/files\/2015\/11\/5651ac5e9446d600ed4a403a132889051-200x300.jpg\" alt=\"5651ac5e9446d600ed4a403a13288905\" width=\"200\" height=\"300\" srcset=\"https:\/\/blog.espol.edu.ec\/amarriot\/files\/2015\/11\/5651ac5e9446d600ed4a403a132889051-200x300.jpg 200w, https:\/\/blog.espol.edu.ec\/amarriot\/files\/2015\/11\/5651ac5e9446d600ed4a403a132889051.jpg 640w\" sizes=\"auto, (max-width: 200px) 100vw, 200px\" \/><br \/>\nDerek \/ Stiles es la pareja m\u00e1s popular en el Teen Wolf fandom y un OTP para muchos adolescentes. El espect\u00e1culo es conocido por tener hombres sin camisa y temas gay-friendly, lo que contribuy\u00f3 a que el \"Sterek\" sea cada vez m\u00e1s popular. Stiles y Derek fueron los \u00fanicos dos protagonistas masculinos de la serie que no estaban en una relaci\u00f3n rom\u00e1ntica canon. Stiles es el compa\u00f1ero de comedia y Derek es el misterioso rival. Debido a esto, la mayor\u00eda de los aficionados del Sterek creen que sus interacciones son las partes m\u00e1s agradables de la serie.<br \/>\nLos actores son muy conscientes del Sterek<\/p>\n<p>&nbsp;<\/p>\n","protected":false},"excerpt":{"rendered":"<p>Etimolog\u00eda Mezcla de Stiles + Derek. Derek \/ Stiles es la pareja m\u00e1s popular en el Teen Wolf fandom y un OTP para muchos adolescentes. El espect\u00e1culo es conocido por tener hombres sin camisa y temas gay-friendly, lo que contribuy\u00f3 a que el \"Sterek\" sea cada vez m\u00e1s popular. Stiles y Derek fueron los \u00fanicos [&hellip;]<\/p>\n","protected":false},"author":10112,"featured_media":0,"parent":0,"menu_order":0,"comment_status":"closed","ping_status":"closed","template":"","meta":{"footnotes":""},"class_list":["post-208","page","type-page","status-publish","hentry"],"_links":{"self":[{"href":"https:\/\/blog.espol.edu.ec\/amarriot\/wp-json\/wp\/v2\/pages\/208","targetHints":{"allow":["GET"]}}],"collection":[{"href":"https:\/\/blog.espol.edu.ec\/amarriot\/wp-json\/wp\/v2\/pages"}],"about":[{"href":"https:\/\/blog.espol.edu.ec\/amarriot\/wp-json\/wp\/v2\/types\/page"}],"author":[{"embeddable":true,"href":"https:\/\/blog.espol.edu.ec\/amarriot\/wp-json\/wp\/v2\/users\/10112"}],"replies":[{"embeddable":true,"href":"https:\/\/blog.espol.edu.ec\/amarriot\/wp-json\/wp\/v2\/comments?post=208"}],"version-history":[{"count":2,"href":"https:\/\/blog.espol.edu.ec\/amarriot\/wp-json\/wp\/v2\/pages\/208\/revisions"}],"predecessor-version":[{"id":293,"href":"https:\/\/blog.espol.edu.ec\/amarriot\/wp-json\/wp\/v2\/pages\/208\/revisions\/293"}],"wp:attachment":[{"href":"https:\/\/blog.espol.edu.ec\/amarriot\/wp-json\/wp\/v2\/media?parent=208"}],"curies":[{"name":"wp","href":"https:\/\/api.w.org\/{rel}","templated":true}]}}