{"id":210,"date":"2015-11-21T06:05:41","date_gmt":"2015-11-21T06:05:41","guid":{"rendered":"http:\/\/blog.espol.edu.ec\/amarriot\/?page_id=210"},"modified":"2015-11-22T01:18:26","modified_gmt":"2015-11-22T01:18:26","slug":"pack","status":"publish","type":"page","link":"https:\/\/blog.espol.edu.ec\/amarriot\/pack\/","title":{"rendered":"Pack"},"content":{"rendered":"<p><strong>The Hale Pack<\/strong><\/p>\n<p><a href=\"http:\/\/blog.espol.edu.ec\/amarriot\/files\/2015\/11\/51aa1b62bf53215d1c0a46d11daf8c40.jpg\"><img loading=\"lazy\" decoding=\"async\" class=\"size-medium wp-image-268 aligncenter\" src=\"http:\/\/blog.espol.edu.ec\/amarriot\/files\/2015\/11\/51aa1b62bf53215d1c0a46d11daf8c40-300x214.jpg\" alt=\"51aa1b62bf53215d1c0a46d11daf8c40\" width=\"300\" height=\"214\" srcset=\"https:\/\/blog.espol.edu.ec\/amarriot\/files\/2015\/11\/51aa1b62bf53215d1c0a46d11daf8c40-300x214.jpg 300w, https:\/\/blog.espol.edu.ec\/amarriot\/files\/2015\/11\/51aa1b62bf53215d1c0a46d11daf8c40.jpg 500w\" sizes=\"auto, (max-width: 300px) 100vw, 300px\" \/><\/a><\/p>\n<p>Cuando Derek se convierte en Alfa al asesinar a su t\u00edo Peter Hale, empieza a formar su propia manada para poder ser m\u00e1s fuerte.<\/p>\n<p>Decidi\u00f3 reclutar adolescentes con problemas f\u00edsicos, sociales o personales para que no se resistieran a la transformaci\u00f3n que les ofrec\u00eda.<\/p>\n<p>Al perder la condici\u00f3n de Alfa, la manada de Derek se desvaneci\u00f3, aunque al momento de hacerlo, solamente manten\u00eda tres miembros activos.<\/p>\n<p>&nbsp;<\/p>\n<p><strong>The McCall Pack<\/strong><\/p>\n<p>&nbsp;<\/p>\n<p><a id=\"irc_mil\" href=\"http:\/\/www.redbubble.com\/people\/badwolfe\/works\/10765107-mccall-pack?p=t-shirt\"><img loading=\"lazy\" decoding=\"async\" id=\"irc_mi\" class=\"aligncenter\" src=\"http:\/\/ih1.redbubble.net\/image.86592588.5107\/fc,550x550,silver.u3.jpg\" alt=\"\" width=\"351\" height=\"351\" \/><\/a><\/p>\n<p>Scott McCall es mordido por Peter Hale y adquiere la condici\u00f3n de Hombre Lobo, sin embargo, siempre estuvo buscando la cura a lo que \u00e9l consideraba una enfermedad. Por tanto, mostraba poco inter\u00e9s en adquirir informaci\u00f3n sobre su especie. Scott era un beta, tratando de mantener la vida de un adolescente normal. A medida que transcurre el tiempo le era imposible mantenerse al margen del mundo sobrenatural que lo rodea.<\/p>\n<p>Derek Hale le menciona a Scott que su grupo de amigos (Allison, Stiles, Lydia y Jackson) son su \"Manada\".<\/p>\n<p>Cuando Scott demuestra ser el Alfa Verdadero asume su condici\u00f3n del Alpha. Poco a poco, se va haciendo una manada, con hombres lobo ya convertidos y a partir de la cuarta temporada con uno al que ha convertido<\/p>\n","protected":false},"excerpt":{"rendered":"<p>The Hale Pack Cuando Derek se convierte en Alfa al asesinar a su t\u00edo Peter Hale, empieza a formar su propia manada para poder ser m\u00e1s fuerte. Decidi\u00f3 reclutar adolescentes con problemas f\u00edsicos, sociales o personales para que no se resistieran a la transformaci\u00f3n que les ofrec\u00eda. Al perder la condici\u00f3n de Alfa, la manada [&hellip;]<\/p>\n","protected":false},"author":10112,"featured_media":0,"parent":0,"menu_order":0,"comment_status":"closed","ping_status":"closed","template":"","meta":{"footnotes":""},"class_list":["post-210","page","type-page","status-publish","hentry"],"_links":{"self":[{"href":"https:\/\/blog.espol.edu.ec\/amarriot\/wp-json\/wp\/v2\/pages\/210","targetHints":{"allow":["GET"]}}],"collection":[{"href":"https:\/\/blog.espol.edu.ec\/amarriot\/wp-json\/wp\/v2\/pages"}],"about":[{"href":"https:\/\/blog.espol.edu.ec\/amarriot\/wp-json\/wp\/v2\/types\/page"}],"author":[{"embeddable":true,"href":"https:\/\/blog.espol.edu.ec\/amarriot\/wp-json\/wp\/v2\/users\/10112"}],"replies":[{"embeddable":true,"href":"https:\/\/blog.espol.edu.ec\/amarriot\/wp-json\/wp\/v2\/comments?post=210"}],"version-history":[{"count":3,"href":"https:\/\/blog.espol.edu.ec\/amarriot\/wp-json\/wp\/v2\/pages\/210\/revisions"}],"predecessor-version":[{"id":425,"href":"https:\/\/blog.espol.edu.ec\/amarriot\/wp-json\/wp\/v2\/pages\/210\/revisions\/425"}],"wp:attachment":[{"href":"https:\/\/blog.espol.edu.ec\/amarriot\/wp-json\/wp\/v2\/media?parent=210"}],"curies":[{"name":"wp","href":"https:\/\/api.w.org\/{rel}","templated":true}]}}