{"id":250,"date":"2015-11-21T20:11:31","date_gmt":"2015-11-21T20:11:31","guid":{"rendered":"http:\/\/blog.espol.edu.ec\/amarriot\/?page_id=250"},"modified":"2015-11-21T20:11:31","modified_gmt":"2015-11-21T20:11:31","slug":"one-shot","status":"publish","type":"page","link":"https:\/\/blog.espol.edu.ec\/amarriot\/one-shot\/","title":{"rendered":"One-shot"},"content":{"rendered":"<p>One-shot historia \u00fanica. Fanfics cortos, de m\u00e1s de 1000 palabras que duran un s\u00f3lo cap\u00edtulo y no suelen tener continuaci\u00f3n.<\/p>\n","protected":false},"excerpt":{"rendered":"<p>One-shot historia \u00fanica. Fanfics cortos, de m\u00e1s de 1000 palabras que duran un s\u00f3lo cap\u00edtulo y no suelen tener continuaci\u00f3n.<\/p>\n","protected":false},"author":10112,"featured_media":0,"parent":0,"menu_order":0,"comment_status":"closed","ping_status":"closed","template":"","meta":{"footnotes":""},"class_list":["post-250","page","type-page","status-publish","hentry"],"_links":{"self":[{"href":"https:\/\/blog.espol.edu.ec\/amarriot\/wp-json\/wp\/v2\/pages\/250","targetHints":{"allow":["GET"]}}],"collection":[{"href":"https:\/\/blog.espol.edu.ec\/amarriot\/wp-json\/wp\/v2\/pages"}],"about":[{"href":"https:\/\/blog.espol.edu.ec\/amarriot\/wp-json\/wp\/v2\/types\/page"}],"author":[{"embeddable":true,"href":"https:\/\/blog.espol.edu.ec\/amarriot\/wp-json\/wp\/v2\/users\/10112"}],"replies":[{"embeddable":true,"href":"https:\/\/blog.espol.edu.ec\/amarriot\/wp-json\/wp\/v2\/comments?post=250"}],"version-history":[{"count":1,"href":"https:\/\/blog.espol.edu.ec\/amarriot\/wp-json\/wp\/v2\/pages\/250\/revisions"}],"predecessor-version":[{"id":252,"href":"https:\/\/blog.espol.edu.ec\/amarriot\/wp-json\/wp\/v2\/pages\/250\/revisions\/252"}],"wp:attachment":[{"href":"https:\/\/blog.espol.edu.ec\/amarriot\/wp-json\/wp\/v2\/media?parent=250"}],"curies":[{"name":"wp","href":"https:\/\/api.w.org\/{rel}","templated":true}]}}