{"id":253,"date":"2015-11-21T20:12:16","date_gmt":"2015-11-21T20:12:16","guid":{"rendered":"http:\/\/blog.espol.edu.ec\/amarriot\/?page_id=253"},"modified":"2015-11-21T20:12:47","modified_gmt":"2015-11-21T20:12:47","slug":"fanfiction","status":"publish","type":"page","link":"https:\/\/blog.espol.edu.ec\/amarriot\/fanfiction\/","title":{"rendered":"Fanfiction"},"content":{"rendered":"<p>El t\u00e9rmino fanfiction o fan fiction (literalmente, \"ficci\u00f3n de fans\"), a menudo abreviado fanfic o simplemente fic, hace referencia a relatos de ficci\u00f3n escritos por fans de una obra literaria o dram\u00e1tica (ya sea pel\u00edcula, novela, programa de televisi\u00f3n, videojuego, anime...).<\/p>\n","protected":false},"excerpt":{"rendered":"<p>El t\u00e9rmino fanfiction o fan fiction (literalmente, \"ficci\u00f3n de fans\"), a menudo abreviado fanfic o simplemente fic, hace referencia a relatos de ficci\u00f3n escritos por fans de una obra literaria o dram\u00e1tica (ya sea pel\u00edcula, novela, programa de televisi\u00f3n, videojuego, anime...).<\/p>\n","protected":false},"author":10112,"featured_media":0,"parent":0,"menu_order":0,"comment_status":"closed","ping_status":"closed","template":"","meta":{"footnotes":""},"class_list":["post-253","page","type-page","status-publish","hentry"],"_links":{"self":[{"href":"https:\/\/blog.espol.edu.ec\/amarriot\/wp-json\/wp\/v2\/pages\/253","targetHints":{"allow":["GET"]}}],"collection":[{"href":"https:\/\/blog.espol.edu.ec\/amarriot\/wp-json\/wp\/v2\/pages"}],"about":[{"href":"https:\/\/blog.espol.edu.ec\/amarriot\/wp-json\/wp\/v2\/types\/page"}],"author":[{"embeddable":true,"href":"https:\/\/blog.espol.edu.ec\/amarriot\/wp-json\/wp\/v2\/users\/10112"}],"replies":[{"embeddable":true,"href":"https:\/\/blog.espol.edu.ec\/amarriot\/wp-json\/wp\/v2\/comments?post=253"}],"version-history":[{"count":1,"href":"https:\/\/blog.espol.edu.ec\/amarriot\/wp-json\/wp\/v2\/pages\/253\/revisions"}],"predecessor-version":[{"id":255,"href":"https:\/\/blog.espol.edu.ec\/amarriot\/wp-json\/wp\/v2\/pages\/253\/revisions\/255"}],"wp:attachment":[{"href":"https:\/\/blog.espol.edu.ec\/amarriot\/wp-json\/wp\/v2\/media?parent=253"}],"curies":[{"name":"wp","href":"https:\/\/api.w.org\/{rel}","templated":true}]}}