{"id":41,"date":"2016-11-14T09:04:30","date_gmt":"2016-11-14T09:04:30","guid":{"rendered":"http:\/\/blog.espol.edu.ec\/amavila\/?page_id=41"},"modified":"2016-11-14T09:04:30","modified_gmt":"2016-11-14T09:04:30","slug":"razas-pequenas","status":"publish","type":"page","link":"https:\/\/blog.espol.edu.ec\/amavila\/razas-pequenas\/","title":{"rendered":"Razas Peque\u00f1as"},"content":{"rendered":"<h3 class=\"smalltitle\" style=\"text-align: center\"><strong>American Eskimo<\/strong><\/h3>\n<p><img loading=\"lazy\" decoding=\"async\" class=\"alignnone size-medium\" src=\"http:\/\/www.mundoanimalia.com\/images\/61\/9a\/36\/American_Eskimo\/American_Eskimo_2310.jpg\" alt=\"\" width=\"550\" height=\"429\" \/><\/p>\n<p>&nbsp;<\/p>\n<ul>\n<li><strong>Altura a la cruz:<\/strong> el tama\u00f1o Est\u00e1ndar mide entre 38 y 48 cm; el Miniatura entre 30 y 38 cm; el Toy menos de 30 cm (las hembras siempre miden 2,5 cm menos)<\/li>\n<li><strong>Peso:<\/strong> seg\u00fan el tama\u00f1o; de 3 a 18 kg<\/li>\n<li><strong>Capa:<\/strong> blanca y blanca cremosa<\/li>\n<li><strong>Aptitudes:<\/strong> perro guardi\u00e1n, protecci\u00f3n, detecci\u00f3n de narc\u00f3ticos, agilidad, obediencia competitiva<\/li>\n<\/ul>\n<p style=\"text-align: center\"><strong>chihuahua<\/strong><\/p>\n<p style=\"text-align: center\"><img loading=\"lazy\" decoding=\"async\" class=\"alignnone size-medium\" src=\"http:\/\/www.pets4homes.co.uk\/images\/articles\/2550\/large\/hereditary-health-and-genetic-diversity-within-the-chihuahua-dog-breed-54c621220341e.jpg\" alt=\"\" width=\"1280\" height=\"851\" \/><\/p>\n<div class=\"col-lg-6\">\n<ul class=\"dot\">\n<li><strong>Altura a la cruz:<\/strong> de 16 a 20 cm aproximadamente<\/li>\n<li><strong>Peso:<\/strong> entre 1,5 y 3 kg<\/li>\n<li><strong>Capa:<\/strong> se admiten todos los colores, a menudo unicolores, desde el blanco o el crema hasta el negro, pasando por el negro y fuego<\/li>\n<li><strong>Promedio de vida:<\/strong> doce a\u00f1os<\/li>\n<li><strong>Car\u00e1cter:<\/strong> voluntarioso y afectuoso<\/li>\n<li><strong>Relaci\u00f3n con los ni\u00f1os:<\/strong> muy buena<\/li>\n<li><strong>Relaci\u00f3n con otros perros:<\/strong> muy buena<\/li>\n<li><strong>Aptitudes:<\/strong> perro de compa\u00f1\u00eda<\/li>\n<li><strong>Necesidades del espacio:<\/strong> perfectamente adaptado a la vida en el interior de la vivienda<\/li>\n<li><strong>Alimentaci\u00f3n del Chihuahua:<\/strong> de 40 a 70 g. diarios de alimento seco completo<\/li>\n<li><strong>Arreglo:<\/strong> nulo<\/li>\n<li><strong>Coste mantenimiento:<\/strong> reducido<\/li>\n<\/ul>\n<\/div>\n<div class=\"col-lg-6\"><\/div>\n<p>&nbsp;<\/p>\n","protected":false},"excerpt":{"rendered":"<p>American Eskimo &nbsp; Altura a la cruz: el tama\u00f1o Est\u00e1ndar mide entre 38 y 48 cm; el Miniatura entre 30 y 38 cm; el Toy menos de 30 cm (las hembras siempre miden 2,5 cm menos) Peso: seg\u00fan el tama\u00f1o; de 3 a 18 kg Capa: blanca y blanca cremosa Aptitudes: perro guardi\u00e1n, protecci\u00f3n, detecci\u00f3n [&hellip;]<\/p>\n","protected":false},"author":10638,"featured_media":0,"parent":0,"menu_order":0,"comment_status":"closed","ping_status":"closed","template":"","meta":{"footnotes":""},"class_list":["post-41","page","type-page","status-publish","hentry"],"_links":{"self":[{"href":"https:\/\/blog.espol.edu.ec\/amavila\/wp-json\/wp\/v2\/pages\/41","targetHints":{"allow":["GET"]}}],"collection":[{"href":"https:\/\/blog.espol.edu.ec\/amavila\/wp-json\/wp\/v2\/pages"}],"about":[{"href":"https:\/\/blog.espol.edu.ec\/amavila\/wp-json\/wp\/v2\/types\/page"}],"author":[{"embeddable":true,"href":"https:\/\/blog.espol.edu.ec\/amavila\/wp-json\/wp\/v2\/users\/10638"}],"replies":[{"embeddable":true,"href":"https:\/\/blog.espol.edu.ec\/amavila\/wp-json\/wp\/v2\/comments?post=41"}],"version-history":[{"count":1,"href":"https:\/\/blog.espol.edu.ec\/amavila\/wp-json\/wp\/v2\/pages\/41\/revisions"}],"predecessor-version":[{"id":43,"href":"https:\/\/blog.espol.edu.ec\/amavila\/wp-json\/wp\/v2\/pages\/41\/revisions\/43"}],"wp:attachment":[{"href":"https:\/\/blog.espol.edu.ec\/amavila\/wp-json\/wp\/v2\/media?parent=41"}],"curies":[{"name":"wp","href":"https:\/\/api.w.org\/{rel}","templated":true}]}}