{"id":44,"date":"2016-11-14T09:10:19","date_gmt":"2016-11-14T09:10:19","guid":{"rendered":"http:\/\/blog.espol.edu.ec\/amavila\/?page_id=44"},"modified":"2016-11-14T09:10:19","modified_gmt":"2016-11-14T09:10:19","slug":"razas-medianas","status":"publish","type":"page","link":"https:\/\/blog.espol.edu.ec\/amavila\/razas-medianas\/","title":{"rendered":"Razas medianas"},"content":{"rendered":"<p style=\"text-align: center\">basenji<\/p>\n<p style=\"text-align: center\"><img loading=\"lazy\" decoding=\"async\" class=\"alignnone size-medium\" src=\"http:\/\/puppytoob.com\/wp-content\/uploads\/sites\/3\/2015\/02\/basenji.jpg\" alt=\"\" width=\"919\" height=\"768\" \/><\/p>\n<p style=\"text-align: left\">Caracter\u00edsticas:<\/p>\n<div class=\"col-lg-6\">\n<ul class=\"dot\">\n<li><strong>Altura a la cruz:<\/strong> 43 cm en el macho<\/li>\n<li><strong>Peso:<\/strong> 11 kg en el macho.<\/li>\n<li><strong>Capa:<\/strong> negra y blanca, roja y blanca, negra, fuego y blanca, leonada y blanca<\/li>\n<li><strong>Promedio de vida:<\/strong> diez a\u00f1os<\/li>\n<li><strong>Car\u00e1cter:<\/strong> independiente<\/li>\n<li><strong>Relaci\u00f3n con los ni\u00f1os:<\/strong> buena<\/li>\n<li><strong>Relaci\u00f3n con otros perros:<\/strong> buena<\/li>\n<\/ul>\n<\/div>\n<div class=\"col-lg-6\">\n<ul class=\"dot\">\n<li><strong>Aptit<\/strong><strong>udes:<\/strong> perro de compa\u00f1\u00eda y en un origen perro de caza<\/li>\n<li><strong>Necesidades del espacio:<\/strong> puede vivir en el interior de la vivienda<\/li>\n<li><strong>Alimentaci\u00f3n del Basenji:<\/strong> de 250 a 270 g. diarios de alimento completo seco<\/li>\n<li><strong>Arreglo:<\/strong> ninguno<\/li>\n<li><strong>Coste mantenimiento:<\/strong> reducido<\/li>\n<\/ul>\n<p style=\"text-align: center\"><strong>Basset-Hound<\/strong><\/p>\n<p style=\"text-align: center\"><img loading=\"lazy\" decoding=\"async\" class=\"alignnone size-medium\" src=\"http:\/\/dogsaholic.com\/wp-content\/uploads\/2015\/08\/Basset-Hound.jpg\" alt=\"\" width=\"810\" height=\"479\" \/><\/p>\n<p style=\"text-align: left\">Caracter\u00edsticas:<\/p>\n<ul class=\"dot\">\n<li><strong>Altura a la cruz:<\/strong> 38 cm como m\u00e1ximo.<\/li>\n<li><strong>Peso:<\/strong> unos 30 kg.<\/li>\n<li><strong>Capa:<\/strong> normalmente tricolor, aunque se admiten todos los colores reconocidos en los perros sabuesos<\/li>\n<li><strong>Promedio de vida:<\/strong> doce a\u00f1os.<\/li>\n<li><strong>Car\u00e1cter:<\/strong> dulce, reservado, a veces testarudo.<\/li>\n<li><strong>Relaci\u00f3n con los ni\u00f1os:<\/strong> buena<\/li>\n<li><strong>Relaci\u00f3n con otros perros:<\/strong> buena<\/li>\n<li><strong>Aptitudes:<\/strong> caza menor, compa\u00f1\u00eda.<\/li>\n<li><strong>Necesidades del espacio:<\/strong> puede vivir en el interior de la vivienda, pero necesita hacer mucho ejercicio.<\/li>\n<li><strong>Alimentaci\u00f3n del Basset-Hound:<\/strong> hasta 500 g diarios de alimento completo seco<\/li>\n<li><strong>Arreglo:<\/strong> ninguno<\/li>\n<li><strong>Coste mantenimiento:<\/strong> mediano<\/li>\n<\/ul>\n<\/div>\n","protected":false},"excerpt":{"rendered":"<p>basenji Caracter\u00edsticas: Altura a la cruz: 43 cm en el macho Peso: 11 kg en el macho. Capa: negra y blanca, roja y blanca, negra, fuego y blanca, leonada y blanca Promedio de vida: diez a\u00f1os Car\u00e1cter: independiente Relaci\u00f3n con los ni\u00f1os: buena Relaci\u00f3n con otros perros: buena Aptitudes: perro de compa\u00f1\u00eda y en un [&hellip;]<\/p>\n","protected":false},"author":10638,"featured_media":0,"parent":0,"menu_order":0,"comment_status":"closed","ping_status":"closed","template":"","meta":{"footnotes":""},"class_list":["post-44","page","type-page","status-publish","hentry"],"_links":{"self":[{"href":"https:\/\/blog.espol.edu.ec\/amavila\/wp-json\/wp\/v2\/pages\/44","targetHints":{"allow":["GET"]}}],"collection":[{"href":"https:\/\/blog.espol.edu.ec\/amavila\/wp-json\/wp\/v2\/pages"}],"about":[{"href":"https:\/\/blog.espol.edu.ec\/amavila\/wp-json\/wp\/v2\/types\/page"}],"author":[{"embeddable":true,"href":"https:\/\/blog.espol.edu.ec\/amavila\/wp-json\/wp\/v2\/users\/10638"}],"replies":[{"embeddable":true,"href":"https:\/\/blog.espol.edu.ec\/amavila\/wp-json\/wp\/v2\/comments?post=44"}],"version-history":[{"count":1,"href":"https:\/\/blog.espol.edu.ec\/amavila\/wp-json\/wp\/v2\/pages\/44\/revisions"}],"predecessor-version":[{"id":45,"href":"https:\/\/blog.espol.edu.ec\/amavila\/wp-json\/wp\/v2\/pages\/44\/revisions\/45"}],"wp:attachment":[{"href":"https:\/\/blog.espol.edu.ec\/amavila\/wp-json\/wp\/v2\/media?parent=44"}],"curies":[{"name":"wp","href":"https:\/\/api.w.org\/{rel}","templated":true}]}}