{"id":119,"date":"2014-11-02T02:28:30","date_gmt":"2014-11-02T02:28:30","guid":{"rendered":"http:\/\/blog.espol.edu.ec\/ambailon\/?page_id=119"},"modified":"2014-11-11T12:43:23","modified_gmt":"2014-11-11T12:43:23","slug":"biografia","status":"publish","type":"page","link":"https:\/\/blog.espol.edu.ec\/ambailon\/biografia\/","title":{"rendered":"Biograf\u00eda"},"content":{"rendered":"<h1><strong>\u00a0 \u00a0 \u00a0 <span style=\"color: #ff9900\">\u00a0 \u00a0 \u00a0 \u00a0 \u00a0 \u00a0 \u00a0 \u00a0\u00a0 BIOGRAF\u00cdA DE JULIO JARAMILLO LAURIDO<\/span><\/strong><\/h1>\n<p><a href=\"http:\/\/blog.espol.edu.ec\/ambailon\/files\/2014\/11\/p35180pzjak.jpg\"><img loading=\"lazy\" decoding=\"async\" class=\"aligncenter wp-image-127 size-full\" src=\"http:\/\/blog.espol.edu.ec\/ambailon\/files\/2014\/11\/p35180pzjak.jpg\" alt=\"p35180pzjak\" width=\"200\" height=\"216\" \/><\/a><\/p>\n<h5 style=\"text-align: justify\"><span style=\"color: #000080\"><strong>Naci\u00f3 en Guayaquil en 1935, cantante ecuatoriano, m\u00e1s conocido como el \u201cRUISE\u00d1OR DE AM\u00c9RICA\u201d, considerado como el mejor cantante ecuatoriano de todos los tiempos; hijo de Juan Pantale\u00f3n Jaramillo y de Apolonia Laurido. <\/strong><\/span><\/h5>\n<h5 style=\"text-align: justify\"><span style=\"color: #000080\"><strong>Perdi\u00f3 a su padre cuando apenas ten\u00eda seis a\u00f1os de edad por un accidente laboral al fabricar una cruz para su hija que hab\u00eda, su madre qued\u00f3 viuda y fue criado junto a su hermano mayor Jos\u00e9 Jaramillo m\u00e1s conocido Pepe.<\/strong> <strong>Ambos fueron matriculados en la escuela Sociedad Filantr\u00f3pica del Guayas, pero Julio decidi\u00f3 abandonar sus estudios en tercer grado por problemas de disciplina.<\/strong><\/span><\/h5>\n<h5 style=\"text-align: justify\"><span style=\"color: #000080\"><strong>\u00a0<\/strong><strong>Su primera cercan\u00eda con la m\u00fasica fue a trav\u00e9s de Ignacio Toapanta, fue \u00e9l quien le dio lecciones de guitarra y le dejaba jugar con los instrumentos musicales fue ah\u00ed cuando se comenz\u00f3 a interesar por la m\u00fasica; tanto Jos\u00e9 como Julio cantaban en casa de Toapanta a\u00fan en contra de la voluntad de su madre. Cuando termino la primaria, comenz\u00f3 a trabajar en la zapater\u00eda de calzado para mujer, luego fue barnizador de muebles.<\/strong><\/span><\/h5>\n<h5 style=\"text-align: justify\"><span style=\"color: #000080\"><strong>Con tan solo diecisiete a\u00f1os ya era conocido por su hermosa voz, en el cual participaba en programas de Radio C\u00f3ndor; en 1950 conoci\u00f3 a dos amigos del cual se form\u00f3 un trio, en cierta ocasi\u00f3n se ve\u00eda obligado a volver a su antiguo trabajo de zapatero para poder sobrevivir. \u00c9l llevaba una vida de bohemia y parrandera su madre siempre lo rega\u00f1aba pero \u00e9l no le hac\u00eda caso. <\/strong><\/span><\/h5>\n<h5 style=\"text-align: justify\"><span style=\"color: #000080\"><strong>Su primer disco fue grabado en 1954, el tema fue <em>Pobre mi madre querida <\/em>en d\u00fao con do\u00f1a Fresia Saavedra, comenz\u00f3 a ser conocido en 1955 salto a la fama con el vals <em>Fatalidad<\/em> marc\u00f3 el inicio de su carrera musical fue difundido por todos los radio del Ecuador y tambi\u00e9n fue lanzado a las principales emisoras de otros pa\u00edses; su consagraci\u00f3n internacional fue con el pasillo de <em>Nuestro Juramento<\/em> en 1957 eso le permiti\u00f3 dar una gira por varios pa\u00edses pero cuando el regresa a su pa\u00eds es detenido para cumplir con el servicio militar. <\/strong><\/span><\/h5>\n<h5 style=\"text-align: justify\"><span style=\"color: #000080\"><strong>Ya en 1960 vuelve a su vida civil, continu\u00f3 con su carrera alcanzando actuaciones en meses consecutivos; en 1965 decide radicarse en Venezuela, donde pudo realizar giras por M\u00e9xico, Puerto Rico y toda Am\u00e9rica Central.<\/strong><\/span><\/h5>\n<h5 style=\"text-align: justify\"><span style=\"color: #000080\"><strong>En varias ocasiones fue detenido por problemas de mujeres o por incumplimiento con el Tribunal de Menores; adem\u00e1s estaba casado cinco veces tuvo hijos con otras mujeres en el que suman un total de veintiocho hijos. Ten\u00eda un programa en Radio Cristal llamado \u201cLa Hora de J.J.\u201d.<\/strong><\/span><\/h5>\n<h5 style=\"text-align: justify\"><span style=\"color: #000080\"><strong>Sus canciones hablan de amor y desencuentros jam\u00e1s neg\u00f3 sus or\u00edgenes humildes, siempre encantadores, generosos pero despilfarradores con el dinero. <\/strong><\/span><\/h5>\n<h5 style=\"text-align: justify\"><span style=\"color: #000080\"><strong>En 1975 fue consumido por la enfermedad de la cirrosis en algunas ocasiones la gente ya no quer\u00eda escuchar sus canciones ya que al cantarlas su voz ya no era la de antes.<\/strong><\/span><\/h5>\n<h5 style=\"text-align: justify\"><span style=\"color: #000080\"><strong>Julio Jaramillo muri\u00f3 a los cuarenta y tres a\u00f1os, sus restos recibieron una despedida como el m\u00e1s grande d todos los tiempos; el pueblo lo consideraba todav\u00eda como el gran cantante, contribuyo \u00a0a que se formara una leyenda. Despu\u00e9s de su muerte, un empresario argentino decidi\u00f3 lanzar los discos de larga duraci\u00f3n que Julio Jaramillo grababa cuando necesitaba dinero, dando a conocer a muchos lugares su m\u00fasica fue entonces donde se dio a conocer el dicho popular de \u201c<em>El Ruise\u00f1or cantaba mejor despu\u00e9s de muerto\u201d.<\/em><\/strong><\/span><\/h5>\n<p>M\u00e1s referencias<\/p>\n<p><a title=\"Biografia de Julio Jaramillo\" href=\"http:\/\/es.wikipedia.org\/wiki\/Julio_Jaramillo\">http:\/\/es.wikipedia.org\/wiki\/Julio_Jaramillo<\/a><\/p>\n<p><a title=\"Julio Jaramillo\" href=\"http:\/\/www.viajandox.com\/guayas\/julio-jaramillo-guayaquil.htm\">http:\/\/www.viajandox.com\/guayas\/julio-jaramillo-guayaquil.htm<\/a><\/p>\n","protected":false},"excerpt":{"rendered":"<p>\u00a0 \u00a0 \u00a0 \u00a0 \u00a0 \u00a0 \u00a0 \u00a0 \u00a0 \u00a0 \u00a0\u00a0 BIOGRAF\u00cdA DE JULIO JARAMILLO LAURIDO Naci\u00f3 en Guayaquil en 1935, cantante ecuatoriano, m\u00e1s conocido como el \u201cRUISE\u00d1OR DE AM\u00c9RICA\u201d, considerado como el mejor cantante ecuatoriano de todos los tiempos; hijo de Juan Pantale\u00f3n Jaramillo y de Apolonia Laurido. Perdi\u00f3 a su padre cuando apenas &hellip; <\/p>\n<p><a class=\"more-link btn\" href=\"https:\/\/blog.espol.edu.ec\/ambailon\/biografia\/\">Seguir leyendo<\/a><\/p>\n","protected":false},"author":9371,"featured_media":0,"parent":0,"menu_order":0,"comment_status":"open","ping_status":"open","template":"","meta":{"footnotes":""},"class_list":["post-119","page","type-page","status-publish","hentry","nodate","item-wrap"],"_links":{"self":[{"href":"https:\/\/blog.espol.edu.ec\/ambailon\/wp-json\/wp\/v2\/pages\/119","targetHints":{"allow":["GET"]}}],"collection":[{"href":"https:\/\/blog.espol.edu.ec\/ambailon\/wp-json\/wp\/v2\/pages"}],"about":[{"href":"https:\/\/blog.espol.edu.ec\/ambailon\/wp-json\/wp\/v2\/types\/page"}],"author":[{"embeddable":true,"href":"https:\/\/blog.espol.edu.ec\/ambailon\/wp-json\/wp\/v2\/users\/9371"}],"replies":[{"embeddable":true,"href":"https:\/\/blog.espol.edu.ec\/ambailon\/wp-json\/wp\/v2\/comments?post=119"}],"version-history":[{"count":9,"href":"https:\/\/blog.espol.edu.ec\/ambailon\/wp-json\/wp\/v2\/pages\/119\/revisions"}],"predecessor-version":[{"id":223,"href":"https:\/\/blog.espol.edu.ec\/ambailon\/wp-json\/wp\/v2\/pages\/119\/revisions\/223"}],"wp:attachment":[{"href":"https:\/\/blog.espol.edu.ec\/ambailon\/wp-json\/wp\/v2\/media?parent=119"}],"curies":[{"name":"wp","href":"https:\/\/api.w.org\/{rel}","templated":true}]}}