{"id":188,"date":"2014-11-09T20:39:43","date_gmt":"2014-11-09T20:39:43","guid":{"rendered":"http:\/\/blog.espol.edu.ec\/ambailon\/?page_id=188"},"modified":"2014-11-10T22:54:24","modified_gmt":"2014-11-10T22:54:24","slug":"188-2","status":"publish","type":"page","link":"https:\/\/blog.espol.edu.ec\/ambailon\/188-2\/","title":{"rendered":"Legado musical"},"content":{"rendered":"<h1 style=\"text-align: center\"><span style=\"color: #ff6600\"><strong>JULIO JARAMILLO Y SU LEGADO MUSICAL<\/strong><\/span><\/h1>\n<p>&nbsp;<\/p>\n<p><a href=\"http:\/\/blog.espol.edu.ec\/ambailon\/files\/2014\/11\/images-6.jpg\"><img loading=\"lazy\" decoding=\"async\" class=\"alignnone  wp-image-189\" src=\"http:\/\/blog.espol.edu.ec\/ambailon\/files\/2014\/11\/images-6.jpg\" alt=\"images (6)\" width=\"275\" height=\"305\" \/><\/a>\u00a0 \u00a0 \u00a0 \u00a0 <a href=\"http:\/\/blog.espol.edu.ec\/ambailon\/files\/2014\/11\/descarga-3.jpg\"><img loading=\"lazy\" decoding=\"async\" class=\"alignnone  wp-image-190\" src=\"http:\/\/blog.espol.edu.ec\/ambailon\/files\/2014\/11\/descarga-3.jpg\" alt=\"descarga (3)\" width=\"212\" height=\"307\" \/><\/a><\/p>\n<h3 style=\"text-align: justify\"><span style=\"color: #003366\"><em><strong>JULIO JARAMILLO a\u00fan no ha muerto su legado sigue vivo y hoy en d\u00eda lo podemos apreciar a trav\u00e9s de CHRISTIAN JARAMILLO su nieto que heredo su talento musical; hace un homenaje a su abuelo al no olvidar sus canciones y poder transmitirla al p\u00fablico que siempre lo queremos recordar.<\/strong><\/em><\/span><\/h3>\n<h3 style=\"text-align: center\"><span style=\"color: #993366\">\u00a0<strong>NUESTRO JURAMENTO<\/strong><\/span><\/h3>\n<p><iframe loading=\"lazy\" src=\"\/\/www.youtube.com\/embed\/H6t1b1SZZLs\" width=\"610\" height=\"341\" frameborder=\"0\" allowfullscreen=\"allowfullscreen\"><\/iframe><\/p>\n","protected":false},"excerpt":{"rendered":"<p>JULIO JARAMILLO Y SU LEGADO MUSICAL &nbsp; \u00a0 \u00a0 \u00a0 \u00a0 JULIO JARAMILLO a\u00fan no ha muerto su legado sigue vivo y hoy en d\u00eda lo podemos apreciar a trav\u00e9s de CHRISTIAN JARAMILLO su nieto que heredo su talento musical; hace un homenaje a su abuelo al no olvidar sus canciones y poder transmitirla al &hellip; <\/p>\n<p><a class=\"more-link btn\" href=\"https:\/\/blog.espol.edu.ec\/ambailon\/188-2\/\">Seguir leyendo<\/a><\/p>\n","protected":false},"author":9371,"featured_media":0,"parent":0,"menu_order":0,"comment_status":"open","ping_status":"open","template":"","meta":{"footnotes":""},"class_list":["post-188","page","type-page","status-publish","hentry","nodate","item-wrap"],"_links":{"self":[{"href":"https:\/\/blog.espol.edu.ec\/ambailon\/wp-json\/wp\/v2\/pages\/188","targetHints":{"allow":["GET"]}}],"collection":[{"href":"https:\/\/blog.espol.edu.ec\/ambailon\/wp-json\/wp\/v2\/pages"}],"about":[{"href":"https:\/\/blog.espol.edu.ec\/ambailon\/wp-json\/wp\/v2\/types\/page"}],"author":[{"embeddable":true,"href":"https:\/\/blog.espol.edu.ec\/ambailon\/wp-json\/wp\/v2\/users\/9371"}],"replies":[{"embeddable":true,"href":"https:\/\/blog.espol.edu.ec\/ambailon\/wp-json\/wp\/v2\/comments?post=188"}],"version-history":[{"count":3,"href":"https:\/\/blog.espol.edu.ec\/ambailon\/wp-json\/wp\/v2\/pages\/188\/revisions"}],"predecessor-version":[{"id":207,"href":"https:\/\/blog.espol.edu.ec\/ambailon\/wp-json\/wp\/v2\/pages\/188\/revisions\/207"}],"wp:attachment":[{"href":"https:\/\/blog.espol.edu.ec\/ambailon\/wp-json\/wp\/v2\/media?parent=188"}],"curies":[{"name":"wp","href":"https:\/\/api.w.org\/{rel}","templated":true}]}}