{"id":236,"date":"2022-05-11T00:14:25","date_gmt":"2022-05-10T22:14:25","guid":{"rendered":"http:\/\/blog.espol.edu.ec\/analisisderedes\/?page_id=236"},"modified":"2025-09-29T18:01:36","modified_gmt":"2025-09-29T16:01:36","slug":"prepracticas","status":"publish","type":"page","link":"https:\/\/blog.espol.edu.ec\/analisisderedes\/prepracticas\/","title":{"rendered":"Prepr\u00e1cticas"},"content":{"rendered":"<div id=\"pl-236\"  class=\"panel-layout\" ><div id=\"pg-236-0\"  class=\"panel-grid panel-no-style\" ><div id=\"pgc-236-0-0\"  class=\"panel-grid-cell\" ><div id=\"panel-236-0-0-0\" class=\"so-panel widget widget_sow-accordion panel-first-child panel-last-child\" data-index=\"0\" ><div\n\t\t\t\n\t\t\tclass=\"so-widget-sow-accordion so-widget-sow-accordion-default-99be652ed941-236\"\n\t\t\t\n\t\t><div>\n\t<div class=\"sow-accordion\">\n\t\t\t<div class=\"sow-accordion-panel\n\t\t\t\t\"\n\t\t\tdata-anchor-id=\"prepractica-2-analisis-de-circuitos-trifasicos\">\n\t\t\t\t<div class=\"sow-accordion-panel-header-container\" role=\"heading\" aria-level=\"2\">\n\t\t\t\t\t<div class=\"sow-accordion-panel-header\" tabindex=\"0\" role=\"button\" id=\"accordion-label-prepr%c3%a1ctica-2-an%c3%a1lisis-de-circuitos-trif%c3%a1sicos\" aria-controls=\"accordion-content-prepr%c3%a1ctica-2-an%c3%a1lisis-de-circuitos-trif%c3%a1sicos\" aria-expanded=\"false\">\n\t\t\t\t\t\t<div class=\"sow-accordion-title sow-accordion-title-icon-left\">\n\t\t\t\t\t\t\t\t\t\t\t\t\t\tPrepr\u00e1ctica 2 - An\u00e1lisis de circuitos trif\u00e1sicos\t\t\t\t\t\t\t\t\t\t\t\t\t<\/div>\n\t\t\t\t\t\t<div class=\"sow-accordion-open-close-button\">\n\t\t\t\t\t\t\t<div class=\"sow-accordion-open-button\">\n\t\t\t\t\t\t\t\t<span class=\"sow-icon-ionicons\" data-sow-icon=\"&#xf218;\"\n\t\t \n\t\taria-hidden=\"true\"><\/span>\t\t\t\t\t\t\t<\/div>\n\t\t\t\t\t\t\t<div class=\"sow-accordion-close-button\">\n\t\t\t\t\t\t\t\t<span class=\"sow-icon-ionicons\" data-sow-icon=\"&#xf209;\"\n\t\t \n\t\taria-hidden=\"true\"><\/span>\t\t\t\t\t\t\t<\/div>\n\t\t\t\t\t\t<\/div>\n\t\t\t\t\t<\/div>\n\t\t\t\t<\/div>\n\n\t\t\t<div\n\t\t\t\tclass=\"sow-accordion-panel-content\"\n\t\t\t\trole=\"region\"\n\t\t\t\taria-labelledby=\"accordion-label-prepr%c3%a1ctica-2-an%c3%a1lisis-de-circuitos-trif%c3%a1sicos\"\n\t\t\t\tid=\"accordion-content-prepr%c3%a1ctica-2-an%c3%a1lisis-de-circuitos-trif%c3%a1sicos\"\n\t\t\t\tstyle=\"display: none;\"\t\t\t>\n\t\t\t\t<div class=\"sow-accordion-panel-border\">\n\t\t\t\t\t<ul>\n<li><a href=\"https:\/\/drive.google.com\/open?id=1kFthVfj5OuHw2AJiLd-7ocsvbisG1iYQ&amp;usp=drive_fs\" target=\"_blank\" rel=\"noopener\">Prepr\u00e1ctica 2<\/a><\/li>\n<li><a href=\"https:\/\/www.youtube.com\/watch?v=B44DSsO0Knk&amp;t=3s\" target=\"_blank\" rel=\"noopener\">PP2 - Video Tutorial<\/a><\/li>\n<\/ul>\n\t\t\t\t<\/div>\n\t\t\t<\/div>\n\t\t<\/div>\n\t\t\t<div class=\"sow-accordion-panel\n\t\t\t\t\"\n\t\t\tdata-anchor-id=\"prepractica-3-potencia-en-circuitos-trifasicos\">\n\t\t\t\t<div class=\"sow-accordion-panel-header-container\" role=\"heading\" aria-level=\"2\">\n\t\t\t\t\t<div class=\"sow-accordion-panel-header\" tabindex=\"0\" role=\"button\" id=\"accordion-label-prepr%c3%a1ctica-3-potencia-en-circuitos-trif%c3%a1sicos\" aria-controls=\"accordion-content-prepr%c3%a1ctica-3-potencia-en-circuitos-trif%c3%a1sicos\" aria-expanded=\"false\">\n\t\t\t\t\t\t<div class=\"sow-accordion-title sow-accordion-title-icon-left\">\n\t\t\t\t\t\t\t\t\t\t\t\t\t\tPrepr\u00e1ctica 3 - Potencia en circuitos Trif\u00e1sicos\t\t\t\t\t\t\t\t\t\t\t\t\t<\/div>\n\t\t\t\t\t\t<div class=\"sow-accordion-open-close-button\">\n\t\t\t\t\t\t\t<div class=\"sow-accordion-open-button\">\n\t\t\t\t\t\t\t\t<span class=\"sow-icon-ionicons\" data-sow-icon=\"&#xf218;\"\n\t\t \n\t\taria-hidden=\"true\"><\/span>\t\t\t\t\t\t\t<\/div>\n\t\t\t\t\t\t\t<div class=\"sow-accordion-close-button\">\n\t\t\t\t\t\t\t\t<span class=\"sow-icon-ionicons\" data-sow-icon=\"&#xf209;\"\n\t\t \n\t\taria-hidden=\"true\"><\/span>\t\t\t\t\t\t\t<\/div>\n\t\t\t\t\t\t<\/div>\n\t\t\t\t\t<\/div>\n\t\t\t\t<\/div>\n\n\t\t\t<div\n\t\t\t\tclass=\"sow-accordion-panel-content\"\n\t\t\t\trole=\"region\"\n\t\t\t\taria-labelledby=\"accordion-label-prepr%c3%a1ctica-3-potencia-en-circuitos-trif%c3%a1sicos\"\n\t\t\t\tid=\"accordion-content-prepr%c3%a1ctica-3-potencia-en-circuitos-trif%c3%a1sicos\"\n\t\t\t\tstyle=\"display: none;\"\t\t\t>\n\t\t\t\t<div class=\"sow-accordion-panel-border\">\n\t\t\t\t\t<ul>\n<li><a href=\"https:\/\/drive.google.com\/open?id=19Ai_2s2MHWXJn1dpql9lSOZNIVO15hU2&amp;usp=drive_fs\" target=\"_blank\" rel=\"noopener\">Prepr\u00e1ctica 3<\/a><\/li>\n<li><a href=\"https:\/\/www.youtube.com\/watch?v=o0TMvVf05K4\" target=\"_blank\" rel=\"noopener\">PP3 - Video Tutorial<\/a><\/li>\n<\/ul>\n\t\t\t\t<\/div>\n\t\t\t<\/div>\n\t\t<\/div>\n\t\t\t<div class=\"sow-accordion-panel\n\t\t\t\t\"\n\t\t\tdata-anchor-id=\"prepractica-4-circuitos-electricos-de-primer-orden\">\n\t\t\t\t<div class=\"sow-accordion-panel-header-container\" role=\"heading\" aria-level=\"2\">\n\t\t\t\t\t<div class=\"sow-accordion-panel-header\" tabindex=\"0\" role=\"button\" id=\"accordion-label-prepr%c3%a1ctica-4-circuitos-el%c3%a9ctricos-de-primer-orden\" aria-controls=\"accordion-content-prepr%c3%a1ctica-4-circuitos-el%c3%a9ctricos-de-primer-orden\" aria-expanded=\"false\">\n\t\t\t\t\t\t<div class=\"sow-accordion-title sow-accordion-title-icon-left\">\n\t\t\t\t\t\t\t\t\t\t\t\t\t\tPrepr\u00e1ctica 4 - Circuitos el\u00e9ctricos de primer orden\t\t\t\t\t\t\t\t\t\t\t\t\t<\/div>\n\t\t\t\t\t\t<div class=\"sow-accordion-open-close-button\">\n\t\t\t\t\t\t\t<div class=\"sow-accordion-open-button\">\n\t\t\t\t\t\t\t\t<span class=\"sow-icon-ionicons\" data-sow-icon=\"&#xf218;\"\n\t\t \n\t\taria-hidden=\"true\"><\/span>\t\t\t\t\t\t\t<\/div>\n\t\t\t\t\t\t\t<div class=\"sow-accordion-close-button\">\n\t\t\t\t\t\t\t\t<span class=\"sow-icon-ionicons\" data-sow-icon=\"&#xf209;\"\n\t\t \n\t\taria-hidden=\"true\"><\/span>\t\t\t\t\t\t\t<\/div>\n\t\t\t\t\t\t<\/div>\n\t\t\t\t\t<\/div>\n\t\t\t\t<\/div>\n\n\t\t\t<div\n\t\t\t\tclass=\"sow-accordion-panel-content\"\n\t\t\t\trole=\"region\"\n\t\t\t\taria-labelledby=\"accordion-label-prepr%c3%a1ctica-4-circuitos-el%c3%a9ctricos-de-primer-orden\"\n\t\t\t\tid=\"accordion-content-prepr%c3%a1ctica-4-circuitos-el%c3%a9ctricos-de-primer-orden\"\n\t\t\t\tstyle=\"display: none;\"\t\t\t>\n\t\t\t\t<div class=\"sow-accordion-panel-border\">\n\t\t\t\t\t<ul>\n<li><a href=\"https:\/\/drive.google.com\/open?id=1p0RL1i44KSrVGEwI6k5iaMOs13IQ1Rjr&amp;usp=drive_fs\" target=\"_blank\" rel=\"noopener\">Prepr\u00e1ctica 4<\/a><\/li>\n<li><a href=\"https:\/\/www.youtube.com\/watch?v=uxjimDaQ600&amp;t=9s\" target=\"_blank\" rel=\"noopener\">PP4 - Video Tutorial<\/a><\/li>\n<\/ul>\n\t\t\t\t<\/div>\n\t\t\t<\/div>\n\t\t<\/div>\n\t\t\t<div class=\"sow-accordion-panel\n\t\t\t\t\"\n\t\t\tdata-anchor-id=\"prepractica-5-circuitos-electricos-de-segundo-orden\">\n\t\t\t\t<div class=\"sow-accordion-panel-header-container\" role=\"heading\" aria-level=\"2\">\n\t\t\t\t\t<div class=\"sow-accordion-panel-header\" tabindex=\"0\" role=\"button\" id=\"accordion-label-prepr%c3%a1ctica-5-circuitos-el%c3%a9ctricos-de-segundo-orden\" aria-controls=\"accordion-content-prepr%c3%a1ctica-5-circuitos-el%c3%a9ctricos-de-segundo-orden\" aria-expanded=\"false\">\n\t\t\t\t\t\t<div class=\"sow-accordion-title sow-accordion-title-icon-left\">\n\t\t\t\t\t\t\t\t\t\t\t\t\t\tPrepr\u00e1ctica 5 - Circuitos el\u00e9ctricos de segundo orden\t\t\t\t\t\t\t\t\t\t\t\t\t<\/div>\n\t\t\t\t\t\t<div class=\"sow-accordion-open-close-button\">\n\t\t\t\t\t\t\t<div class=\"sow-accordion-open-button\">\n\t\t\t\t\t\t\t\t<span class=\"sow-icon-ionicons\" data-sow-icon=\"&#xf218;\"\n\t\t \n\t\taria-hidden=\"true\"><\/span>\t\t\t\t\t\t\t<\/div>\n\t\t\t\t\t\t\t<div class=\"sow-accordion-close-button\">\n\t\t\t\t\t\t\t\t<span class=\"sow-icon-ionicons\" data-sow-icon=\"&#xf209;\"\n\t\t \n\t\taria-hidden=\"true\"><\/span>\t\t\t\t\t\t\t<\/div>\n\t\t\t\t\t\t<\/div>\n\t\t\t\t\t<\/div>\n\t\t\t\t<\/div>\n\n\t\t\t<div\n\t\t\t\tclass=\"sow-accordion-panel-content\"\n\t\t\t\trole=\"region\"\n\t\t\t\taria-labelledby=\"accordion-label-prepr%c3%a1ctica-5-circuitos-el%c3%a9ctricos-de-segundo-orden\"\n\t\t\t\tid=\"accordion-content-prepr%c3%a1ctica-5-circuitos-el%c3%a9ctricos-de-segundo-orden\"\n\t\t\t\tstyle=\"display: none;\"\t\t\t>\n\t\t\t\t<div class=\"sow-accordion-panel-border\">\n\t\t\t\t\t<ul>\n<li><a href=\"https:\/\/drive.google.com\/open?id=1uXnULHb-VKfTxxaSxBLbCPqwREuj51hj&amp;usp=drive_fs\" target=\"_blank\" rel=\"noopener\">Prepr\u00e1ctica 5<\/a><\/li>\n<li><a href=\"https:\/\/www.youtube.com\/watch?v=M8iwF_aKmZ8&amp;t=2s\" target=\"_blank\" rel=\"noopener\">PP5 - Video Tutorial<\/a><\/li>\n<\/ul>\n\t\t\t\t<\/div>\n\t\t\t<\/div>\n\t\t<\/div>\n\t\t\t<div class=\"sow-accordion-panel\n\t\t\t\t\"\n\t\t\tdata-anchor-id=\"prepractica-6-circuitos-en-el-dominio-de-la-frecuencia\">\n\t\t\t\t<div class=\"sow-accordion-panel-header-container\" role=\"heading\" aria-level=\"2\">\n\t\t\t\t\t<div class=\"sow-accordion-panel-header\" tabindex=\"0\" role=\"button\" id=\"accordion-label-prepr%c3%a1ctica-6-circuitos-en-el-dominio-de-la-frecuencia\" aria-controls=\"accordion-content-prepr%c3%a1ctica-6-circuitos-en-el-dominio-de-la-frecuencia\" aria-expanded=\"false\">\n\t\t\t\t\t\t<div class=\"sow-accordion-title sow-accordion-title-icon-left\">\n\t\t\t\t\t\t\t\t\t\t\t\t\t\tPrepr\u00e1ctica 6 - Circuitos en el dominio de la frecuencia\t\t\t\t\t\t\t\t\t\t\t\t\t<\/div>\n\t\t\t\t\t\t<div class=\"sow-accordion-open-close-button\">\n\t\t\t\t\t\t\t<div class=\"sow-accordion-open-button\">\n\t\t\t\t\t\t\t\t<span class=\"sow-icon-ionicons\" data-sow-icon=\"&#xf218;\"\n\t\t \n\t\taria-hidden=\"true\"><\/span>\t\t\t\t\t\t\t<\/div>\n\t\t\t\t\t\t\t<div class=\"sow-accordion-close-button\">\n\t\t\t\t\t\t\t\t<span class=\"sow-icon-ionicons\" data-sow-icon=\"&#xf209;\"\n\t\t \n\t\taria-hidden=\"true\"><\/span>\t\t\t\t\t\t\t<\/div>\n\t\t\t\t\t\t<\/div>\n\t\t\t\t\t<\/div>\n\t\t\t\t<\/div>\n\n\t\t\t<div\n\t\t\t\tclass=\"sow-accordion-panel-content\"\n\t\t\t\trole=\"region\"\n\t\t\t\taria-labelledby=\"accordion-label-prepr%c3%a1ctica-6-circuitos-en-el-dominio-de-la-frecuencia\"\n\t\t\t\tid=\"accordion-content-prepr%c3%a1ctica-6-circuitos-en-el-dominio-de-la-frecuencia\"\n\t\t\t\tstyle=\"display: none;\"\t\t\t>\n\t\t\t\t<div class=\"sow-accordion-panel-border\">\n\t\t\t\t\t<ul>\n<li><a href=\"https:\/\/drive.google.com\/open?id=1nLYdmEsbwSKhDoktO-fc14nuxU35hwnE&amp;usp=drive_fs\" target=\"_blank\" rel=\"noopener\">Prepr\u00e1ctica 6<\/a><\/li>\n<li><a href=\"https:\/\/www.youtube.com\/watch?v=VWvQ0UtJGjQ\" target=\"_blank\" rel=\"noopener\">PP6 - Video Tutorial<\/a><\/li>\n<\/ul>\n\t\t\t\t<\/div>\n\t\t\t<\/div>\n\t\t<\/div>\n\t\t<\/div>\n<\/div>\n<\/div><\/div><\/div><\/div><\/div>","protected":false},"excerpt":{"rendered":"<p>Prepr\u00e1ctica 2 - An\u00e1lisis de circuitos trif\u00e1sicos Prepr\u00e1ctica 2 PP2 - Video Tutorial Prepr\u00e1ctica 3 - Potencia en circuitos Trif\u00e1sicos Prepr\u00e1ctica 3 PP3 - Video Tutorial Prepr\u00e1ctica 4 - Circuitos el\u00e9ctricos de primer orden Prepr\u00e1ctica 4 PP4 - Video Tutorial Prepr\u00e1ctica 5 - Circuitos el\u00e9ctricos de segundo orden Prepr\u00e1ctica 5 PP5 - Video Tutorial Prepr\u00e1ctica &hellip; <\/p>\n<p class=\"link-more\"><a href=\"https:\/\/blog.espol.edu.ec\/analisisderedes\/prepracticas\/\" class=\"more-link\">Continuar leyendo<span class=\"screen-reader-text\"> \"Prepr\u00e1cticas\"<\/span><\/a><\/p>\n","protected":false},"author":5765,"featured_media":0,"parent":0,"menu_order":0,"comment_status":"closed","ping_status":"closed","template":"","meta":{"footnotes":""},"class_list":["post-236","page","type-page","status-publish","hentry"],"_links":{"self":[{"href":"https:\/\/blog.espol.edu.ec\/analisisderedes\/wp-json\/wp\/v2\/pages\/236","targetHints":{"allow":["GET"]}}],"collection":[{"href":"https:\/\/blog.espol.edu.ec\/analisisderedes\/wp-json\/wp\/v2\/pages"}],"about":[{"href":"https:\/\/blog.espol.edu.ec\/analisisderedes\/wp-json\/wp\/v2\/types\/page"}],"author":[{"embeddable":true,"href":"https:\/\/blog.espol.edu.ec\/analisisderedes\/wp-json\/wp\/v2\/users\/5765"}],"replies":[{"embeddable":true,"href":"https:\/\/blog.espol.edu.ec\/analisisderedes\/wp-json\/wp\/v2\/comments?post=236"}],"version-history":[{"count":24,"href":"https:\/\/blog.espol.edu.ec\/analisisderedes\/wp-json\/wp\/v2\/pages\/236\/revisions"}],"predecessor-version":[{"id":446,"href":"https:\/\/blog.espol.edu.ec\/analisisderedes\/wp-json\/wp\/v2\/pages\/236\/revisions\/446"}],"wp:attachment":[{"href":"https:\/\/blog.espol.edu.ec\/analisisderedes\/wp-json\/wp\/v2\/media?parent=236"}],"curies":[{"name":"wp","href":"https:\/\/api.w.org\/{rel}","templated":true}]}}