{"id":47,"date":"2020-10-07T20:50:03","date_gmt":"2020-10-07T18:50:03","guid":{"rendered":"http:\/\/blog.espol.edu.ec\/circuitoselectricos\/?page_id=10"},"modified":"2025-09-29T17:58:17","modified_gmt":"2025-09-29T15:58:17","slug":"planificacion","status":"publish","type":"page","link":"https:\/\/blog.espol.edu.ec\/analisisderedes\/planificacion\/","title":{"rendered":"Planificaci\u00f3n"},"content":{"rendered":"<div id=\"pl-47\"  class=\"panel-layout\" ><div id=\"pg-47-0\"  class=\"panel-grid panel-no-style\" ><div id=\"pgc-47-0-0\"  class=\"panel-grid-cell\" ><div id=\"panel-47-0-0-0\" class=\"so-panel widget widget_sow-accordion panel-first-child panel-last-child\" data-index=\"0\" ><div\n\t\t\t\n\t\t\tclass=\"so-widget-sow-accordion so-widget-sow-accordion-default-99be652ed941-47\"\n\t\t\t\n\t\t><div>\n\t<div class=\"sow-accordion\">\n\t\t\t<div class=\"sow-accordion-panel\n\t\t\t\t\"\n\t\t\tdata-anchor-id=\"politicas-del-curso\">\n\t\t\t\t<div class=\"sow-accordion-panel-header-container\" role=\"heading\" aria-level=\"2\">\n\t\t\t\t\t<div class=\"sow-accordion-panel-header\" tabindex=\"0\" role=\"button\" id=\"accordion-label-pol%c3%adticas-del-curso\" aria-controls=\"accordion-content-pol%c3%adticas-del-curso\" aria-expanded=\"false\">\n\t\t\t\t\t\t<div class=\"sow-accordion-title sow-accordion-title-icon-left\">\n\t\t\t\t\t\t\t\t\t\t\t\t\t\tPol\u00edticas del curso\t\t\t\t\t\t\t\t\t\t\t\t\t<\/div>\n\t\t\t\t\t\t<div class=\"sow-accordion-open-close-button\">\n\t\t\t\t\t\t\t<div class=\"sow-accordion-open-button\">\n\t\t\t\t\t\t\t\t<span class=\"sow-icon-ionicons\" data-sow-icon=\"&#xf218;\"\n\t\t \n\t\taria-hidden=\"true\"><\/span>\t\t\t\t\t\t\t<\/div>\n\t\t\t\t\t\t\t<div class=\"sow-accordion-close-button\">\n\t\t\t\t\t\t\t\t<span class=\"sow-icon-ionicons\" data-sow-icon=\"&#xf209;\"\n\t\t \n\t\taria-hidden=\"true\"><\/span>\t\t\t\t\t\t\t<\/div>\n\t\t\t\t\t\t<\/div>\n\t\t\t\t\t<\/div>\n\t\t\t\t<\/div>\n\n\t\t\t<div\n\t\t\t\tclass=\"sow-accordion-panel-content\"\n\t\t\t\trole=\"region\"\n\t\t\t\taria-labelledby=\"accordion-label-pol%c3%adticas-del-curso\"\n\t\t\t\tid=\"accordion-content-pol%c3%adticas-del-curso\"\n\t\t\t\tstyle=\"display: none;\"\t\t\t>\n\t\t\t\t<div class=\"sow-accordion-panel-border\">\n\t\t\t\t\t<ul>\n<li><a href=\"https:\/\/drive.google.com\/open?id=1YSLKv_fNGE8dxchRp-4qub_YQNmDIYnn&amp;usp=drive_fs\" target=\"_blank\" rel=\"noopener\">Pol\u00edticas del Laboratorio de Redes El\u00e9ctricas I PAO 2025<\/a><\/li>\n<li><a href=\"https:\/\/drive.google.com\/open?id=1kQKY-2u1gfb18gXqNQly8bek4n_Hk4J2&amp;usp=drive_fs\" target=\"_blank\" rel=\"noopener\">Horario General del Laboratorio<\/a><\/li>\n<li><a href=\"https:\/\/drive.google.com\/open?id=1kFCj6ASuAYkMC0l0dpUdOsRIa670Wa5Z&amp;usp=drive_fs\" target=\"_blank\" rel=\"noopener\">Planificaci\u00f3n de actividades de Laboratorio por semana I PAO 2025<\/a><\/li>\n<\/ul>\n\t\t\t\t<\/div>\n\t\t\t<\/div>\n\t\t<\/div>\n\t\t\t<div class=\"sow-accordion-panel\n\t\t\t\t\"\n\t\t\tdata-anchor-id=\"guia-de-informe-de-reportes\">\n\t\t\t\t<div class=\"sow-accordion-panel-header-container\" role=\"heading\" aria-level=\"2\">\n\t\t\t\t\t<div class=\"sow-accordion-panel-header\" tabindex=\"0\" role=\"button\" id=\"accordion-label-gu%c3%ada-de-informe-de-reportes\" aria-controls=\"accordion-content-gu%c3%ada-de-informe-de-reportes\" aria-expanded=\"false\">\n\t\t\t\t\t\t<div class=\"sow-accordion-title sow-accordion-title-icon-left\">\n\t\t\t\t\t\t\t\t\t\t\t\t\t\tGu\u00eda de Informe de Reportes\t\t\t\t\t\t\t\t\t\t\t\t\t<\/div>\n\t\t\t\t\t\t<div class=\"sow-accordion-open-close-button\">\n\t\t\t\t\t\t\t<div class=\"sow-accordion-open-button\">\n\t\t\t\t\t\t\t\t<span class=\"sow-icon-ionicons\" data-sow-icon=\"&#xf218;\"\n\t\t \n\t\taria-hidden=\"true\"><\/span>\t\t\t\t\t\t\t<\/div>\n\t\t\t\t\t\t\t<div class=\"sow-accordion-close-button\">\n\t\t\t\t\t\t\t\t<span class=\"sow-icon-ionicons\" data-sow-icon=\"&#xf209;\"\n\t\t \n\t\taria-hidden=\"true\"><\/span>\t\t\t\t\t\t\t<\/div>\n\t\t\t\t\t\t<\/div>\n\t\t\t\t\t<\/div>\n\t\t\t\t<\/div>\n\n\t\t\t<div\n\t\t\t\tclass=\"sow-accordion-panel-content\"\n\t\t\t\trole=\"region\"\n\t\t\t\taria-labelledby=\"accordion-label-gu%c3%ada-de-informe-de-reportes\"\n\t\t\t\tid=\"accordion-content-gu%c3%ada-de-informe-de-reportes\"\n\t\t\t\tstyle=\"display: none;\"\t\t\t>\n\t\t\t\t<div class=\"sow-accordion-panel-border\">\n\t\t\t\t\t<ul>\n<li><a href=\"https:\/\/drive.google.com\/open?id=111CFQprQ2n7Lc-CXIdXAtWg0Cqinw1pk&amp;usp=drive_fs\" target=\"_blank\" rel=\"noopener\">Guia Elaboracion Informes<\/a><\/li>\n<li><a href=\"https:\/\/docs.google.com\/document\/d\/1VfLGztu-L-4dczi3yLXQTfKCSCDwfhqB\/edit?usp=drive_link&amp;ouid=118048167658840712171&amp;rtpof=true&amp;sd=true\" target=\"_blank\" rel=\"noopener\">Formato de Prepr\u00e1cticas<\/a><\/li>\n<li><a href=\"https:\/\/docs.google.com\/document\/d\/1qzaHVYHl4yEQ1CZR0a8833fHfImctRz2\/edit?usp=drive_link&amp;ouid=118048167658840712171&amp;rtpof=true&amp;sd=true\" target=\"_blank\" rel=\"noopener\">Formato de Pr\u00e1cticas<\/a><\/li>\n<\/ul>\n\t\t\t\t<\/div>\n\t\t\t<\/div>\n\t\t<\/div>\n\t\t\t<div class=\"sow-accordion-panel\n\t\t\t\t\"\n\t\t\tdata-anchor-id=\"normas-de-seguridad-del-laboratorio\">\n\t\t\t\t<div class=\"sow-accordion-panel-header-container\" role=\"heading\" aria-level=\"2\">\n\t\t\t\t\t<div class=\"sow-accordion-panel-header\" tabindex=\"0\" role=\"button\" id=\"accordion-label-normas-de-seguridad-del-laboratorio\" aria-controls=\"accordion-content-normas-de-seguridad-del-laboratorio\" aria-expanded=\"false\">\n\t\t\t\t\t\t<div class=\"sow-accordion-title sow-accordion-title-icon-left\">\n\t\t\t\t\t\t\t\t\t\t\t\t\t\tNormas de seguridad del laboratorio\t\t\t\t\t\t\t\t\t\t\t\t\t<\/div>\n\t\t\t\t\t\t<div class=\"sow-accordion-open-close-button\">\n\t\t\t\t\t\t\t<div class=\"sow-accordion-open-button\">\n\t\t\t\t\t\t\t\t<span class=\"sow-icon-ionicons\" data-sow-icon=\"&#xf218;\"\n\t\t \n\t\taria-hidden=\"true\"><\/span>\t\t\t\t\t\t\t<\/div>\n\t\t\t\t\t\t\t<div class=\"sow-accordion-close-button\">\n\t\t\t\t\t\t\t\t<span class=\"sow-icon-ionicons\" data-sow-icon=\"&#xf209;\"\n\t\t \n\t\taria-hidden=\"true\"><\/span>\t\t\t\t\t\t\t<\/div>\n\t\t\t\t\t\t<\/div>\n\t\t\t\t\t<\/div>\n\t\t\t\t<\/div>\n\n\t\t\t<div\n\t\t\t\tclass=\"sow-accordion-panel-content\"\n\t\t\t\trole=\"region\"\n\t\t\t\taria-labelledby=\"accordion-label-normas-de-seguridad-del-laboratorio\"\n\t\t\t\tid=\"accordion-content-normas-de-seguridad-del-laboratorio\"\n\t\t\t\tstyle=\"display: none;\"\t\t\t>\n\t\t\t\t<div class=\"sow-accordion-panel-border\">\n\t\t\t\t\t<p><a href=\"http:\/\/blog.espol.edu.ec\/analisisderedes\/files\/2021\/05\/Normas-de-seguridad-del-Laboratorio-1.pdf\">Normas de seguridad del Laboratorio<\/a><\/p>\n\t\t\t\t<\/div>\n\t\t\t<\/div>\n\t\t<\/div>\n\t\t<\/div>\n<\/div>\n<\/div><\/div><\/div><\/div><\/div>","protected":false},"excerpt":{"rendered":"<p>Pol\u00edticas del curso Pol\u00edticas del Laboratorio de Redes El\u00e9ctricas I PAO 2025 Horario General del Laboratorio Planificaci\u00f3n de actividades de Laboratorio por semana I PAO 2025 Gu\u00eda de Informe de Reportes Guia Elaboracion Informes Formato de Prepr\u00e1cticas Formato de Pr\u00e1cticas Normas de seguridad del laboratorio Normas de seguridad del Laboratorio<\/p>\n","protected":false},"author":11112,"featured_media":0,"parent":0,"menu_order":0,"comment_status":"closed","ping_status":"closed","template":"","meta":{"footnotes":""},"class_list":["post-47","page","type-page","status-publish","hentry"],"_links":{"self":[{"href":"https:\/\/blog.espol.edu.ec\/analisisderedes\/wp-json\/wp\/v2\/pages\/47","targetHints":{"allow":["GET"]}}],"collection":[{"href":"https:\/\/blog.espol.edu.ec\/analisisderedes\/wp-json\/wp\/v2\/pages"}],"about":[{"href":"https:\/\/blog.espol.edu.ec\/analisisderedes\/wp-json\/wp\/v2\/types\/page"}],"author":[{"embeddable":true,"href":"https:\/\/blog.espol.edu.ec\/analisisderedes\/wp-json\/wp\/v2\/users\/11112"}],"replies":[{"embeddable":true,"href":"https:\/\/blog.espol.edu.ec\/analisisderedes\/wp-json\/wp\/v2\/comments?post=47"}],"version-history":[{"count":37,"href":"https:\/\/blog.espol.edu.ec\/analisisderedes\/wp-json\/wp\/v2\/pages\/47\/revisions"}],"predecessor-version":[{"id":444,"href":"https:\/\/blog.espol.edu.ec\/analisisderedes\/wp-json\/wp\/v2\/pages\/47\/revisions\/444"}],"wp:attachment":[{"href":"https:\/\/blog.espol.edu.ec\/analisisderedes\/wp-json\/wp\/v2\/media?parent=47"}],"curies":[{"name":"wp","href":"https:\/\/api.w.org\/{rel}","templated":true}]}}