{"id":48,"date":"2020-10-07T20:50:19","date_gmt":"2020-10-07T18:50:19","guid":{"rendered":"http:\/\/blog.espol.edu.ec\/circuitoselectricos\/?page_id=12"},"modified":"2025-09-29T17:58:22","modified_gmt":"2025-09-29T15:58:22","slug":"practicas","status":"publish","type":"page","link":"https:\/\/blog.espol.edu.ec\/analisisderedes\/practicas\/","title":{"rendered":"Pr\u00e1cticas"},"content":{"rendered":"<div id=\"pl-48\"  class=\"panel-layout\" ><div id=\"pg-48-0\"  class=\"panel-grid panel-no-style\" ><div id=\"pgc-48-0-0\"  class=\"panel-grid-cell\" ><div id=\"panel-48-0-0-0\" class=\"so-panel widget widget_sow-accordion panel-first-child panel-last-child\" data-index=\"0\" ><div\n\t\t\t\n\t\t\tclass=\"so-widget-sow-accordion so-widget-sow-accordion-default-99be652ed941-48\"\n\t\t\t\n\t\t><div>\n\t<div class=\"sow-accordion\">\n\t\t\t<div class=\"sow-accordion-panel\n\t\t\t\t\"\n\t\t\tdata-anchor-id=\"practica-1-uso-de-equipos-de-laboratorio\">\n\t\t\t\t<div class=\"sow-accordion-panel-header-container\" role=\"heading\" aria-level=\"2\">\n\t\t\t\t\t<div class=\"sow-accordion-panel-header\" tabindex=\"0\" role=\"button\" id=\"accordion-label-pr%c3%a1ctica-1-uso-de-equipos-de-laboratorio\" aria-controls=\"accordion-content-pr%c3%a1ctica-1-uso-de-equipos-de-laboratorio\" aria-expanded=\"false\">\n\t\t\t\t\t\t<div class=\"sow-accordion-title sow-accordion-title-icon-left\">\n\t\t\t\t\t\t\t\t\t\t\t\t\t\tPr\u00e1ctica 1 - Uso de equipos de laboratorio\t\t\t\t\t\t\t\t\t\t\t\t\t<\/div>\n\t\t\t\t\t\t<div class=\"sow-accordion-open-close-button\">\n\t\t\t\t\t\t\t<div class=\"sow-accordion-open-button\">\n\t\t\t\t\t\t\t\t<span class=\"sow-icon-ionicons\" data-sow-icon=\"&#xf218;\"\n\t\t \n\t\taria-hidden=\"true\"><\/span>\t\t\t\t\t\t\t<\/div>\n\t\t\t\t\t\t\t<div class=\"sow-accordion-close-button\">\n\t\t\t\t\t\t\t\t<span class=\"sow-icon-ionicons\" data-sow-icon=\"&#xf209;\"\n\t\t \n\t\taria-hidden=\"true\"><\/span>\t\t\t\t\t\t\t<\/div>\n\t\t\t\t\t\t<\/div>\n\t\t\t\t\t<\/div>\n\t\t\t\t<\/div>\n\n\t\t\t<div\n\t\t\t\tclass=\"sow-accordion-panel-content\"\n\t\t\t\trole=\"region\"\n\t\t\t\taria-labelledby=\"accordion-label-pr%c3%a1ctica-1-uso-de-equipos-de-laboratorio\"\n\t\t\t\tid=\"accordion-content-pr%c3%a1ctica-1-uso-de-equipos-de-laboratorio\"\n\t\t\t\tstyle=\"display: none;\"\t\t\t>\n\t\t\t\t<div class=\"sow-accordion-panel-border\">\n\t\t\t\t\t<ul>\n<li><a href=\"https:\/\/drive.google.com\/open?id=1yWNCqsumWAtp73ZTPoNWr3yX-faHvHB6&amp;usp=drive_fs\" target=\"_blank\" rel=\"noopener\">Pr\u00e1ctica 1<\/a><\/li>\n<\/ul>\n\t\t\t\t<\/div>\n\t\t\t<\/div>\n\t\t<\/div>\n\t\t\t<div class=\"sow-accordion-panel\n\t\t\t\t\"\n\t\t\tdata-anchor-id=\"practica-2-analisis-de-circuitos-trifasicos\">\n\t\t\t\t<div class=\"sow-accordion-panel-header-container\" role=\"heading\" aria-level=\"2\">\n\t\t\t\t\t<div class=\"sow-accordion-panel-header\" tabindex=\"0\" role=\"button\" id=\"accordion-label-pr%c3%a1ctica-2-an%c3%a1lisis-de-circuitos-trif%c3%a1sicos\" aria-controls=\"accordion-content-pr%c3%a1ctica-2-an%c3%a1lisis-de-circuitos-trif%c3%a1sicos\" aria-expanded=\"false\">\n\t\t\t\t\t\t<div class=\"sow-accordion-title sow-accordion-title-icon-left\">\n\t\t\t\t\t\t\t\t\t\t\t\t\t\tPr\u00e1ctica 2 - An\u00e1lisis de circuitos trif\u00e1sicos\t\t\t\t\t\t\t\t\t\t\t\t\t<\/div>\n\t\t\t\t\t\t<div class=\"sow-accordion-open-close-button\">\n\t\t\t\t\t\t\t<div class=\"sow-accordion-open-button\">\n\t\t\t\t\t\t\t\t<span class=\"sow-icon-ionicons\" data-sow-icon=\"&#xf218;\"\n\t\t \n\t\taria-hidden=\"true\"><\/span>\t\t\t\t\t\t\t<\/div>\n\t\t\t\t\t\t\t<div class=\"sow-accordion-close-button\">\n\t\t\t\t\t\t\t\t<span class=\"sow-icon-ionicons\" data-sow-icon=\"&#xf209;\"\n\t\t \n\t\taria-hidden=\"true\"><\/span>\t\t\t\t\t\t\t<\/div>\n\t\t\t\t\t\t<\/div>\n\t\t\t\t\t<\/div>\n\t\t\t\t<\/div>\n\n\t\t\t<div\n\t\t\t\tclass=\"sow-accordion-panel-content\"\n\t\t\t\trole=\"region\"\n\t\t\t\taria-labelledby=\"accordion-label-pr%c3%a1ctica-2-an%c3%a1lisis-de-circuitos-trif%c3%a1sicos\"\n\t\t\t\tid=\"accordion-content-pr%c3%a1ctica-2-an%c3%a1lisis-de-circuitos-trif%c3%a1sicos\"\n\t\t\t\tstyle=\"display: none;\"\t\t\t>\n\t\t\t\t<div class=\"sow-accordion-panel-border\">\n\t\t\t\t\t<ul>\n<li><a href=\"https:\/\/drive.google.com\/open?id=1forcoXFXqwrI0eJt0u59C1UO3inpYERT&amp;usp=drive_fs\" target=\"_blank\" rel=\"noopener\">Pr\u00e1ctica 2<\/a><\/li>\n<li><a href=\"https:\/\/drive.google.com\/open?id=1D-dpcb08UUSOBom5pfp_YzkKLDrQyla-&amp;usp=drive_fs\" target=\"_blank\" rel=\"noopener\">HojaDeDatos_P2<\/a><\/li>\n<\/ul>\n\t\t\t\t<\/div>\n\t\t\t<\/div>\n\t\t<\/div>\n\t\t\t<div class=\"sow-accordion-panel\n\t\t\t\t\"\n\t\t\tdata-anchor-id=\"practica-3-potencia-en-circuitos-trifasicos\">\n\t\t\t\t<div class=\"sow-accordion-panel-header-container\" role=\"heading\" aria-level=\"2\">\n\t\t\t\t\t<div class=\"sow-accordion-panel-header\" tabindex=\"0\" role=\"button\" id=\"accordion-label-pr%c3%a1ctica-3-potencia-en-circuitos-trif%c3%a1sicos\" aria-controls=\"accordion-content-pr%c3%a1ctica-3-potencia-en-circuitos-trif%c3%a1sicos\" aria-expanded=\"false\">\n\t\t\t\t\t\t<div class=\"sow-accordion-title sow-accordion-title-icon-left\">\n\t\t\t\t\t\t\t\t\t\t\t\t\t\tPr\u00e1ctica 3 - Potencia en Circuitos trif\u00e1sicos\t\t\t\t\t\t\t\t\t\t\t\t\t<\/div>\n\t\t\t\t\t\t<div class=\"sow-accordion-open-close-button\">\n\t\t\t\t\t\t\t<div class=\"sow-accordion-open-button\">\n\t\t\t\t\t\t\t\t<span class=\"sow-icon-ionicons\" data-sow-icon=\"&#xf218;\"\n\t\t \n\t\taria-hidden=\"true\"><\/span>\t\t\t\t\t\t\t<\/div>\n\t\t\t\t\t\t\t<div class=\"sow-accordion-close-button\">\n\t\t\t\t\t\t\t\t<span class=\"sow-icon-ionicons\" data-sow-icon=\"&#xf209;\"\n\t\t \n\t\taria-hidden=\"true\"><\/span>\t\t\t\t\t\t\t<\/div>\n\t\t\t\t\t\t<\/div>\n\t\t\t\t\t<\/div>\n\t\t\t\t<\/div>\n\n\t\t\t<div\n\t\t\t\tclass=\"sow-accordion-panel-content\"\n\t\t\t\trole=\"region\"\n\t\t\t\taria-labelledby=\"accordion-label-pr%c3%a1ctica-3-potencia-en-circuitos-trif%c3%a1sicos\"\n\t\t\t\tid=\"accordion-content-pr%c3%a1ctica-3-potencia-en-circuitos-trif%c3%a1sicos\"\n\t\t\t\tstyle=\"display: none;\"\t\t\t>\n\t\t\t\t<div class=\"sow-accordion-panel-border\">\n\t\t\t\t\t<ul>\n<li><a href=\"https:\/\/drive.google.com\/open?id=16tGCzhoz4v8YORMTmWEJiQH19K8cAhUD&amp;usp=drive_fs\" target=\"_blank\" rel=\"noopener\">Pr\u00e1ctica3<\/a><\/li>\n<li><a href=\"https:\/\/drive.google.com\/open?id=1bu-1-PlyNSrAFH54WVrzVshuZeMEtmiQ&amp;usp=drive_fs\" target=\"_blank\" rel=\"noopener\">HojaDeDatos_P3<\/a><\/li>\n<\/ul>\n\t\t\t\t<\/div>\n\t\t\t<\/div>\n\t\t<\/div>\n\t\t\t<div class=\"sow-accordion-panel\n\t\t\t\t\"\n\t\t\tdata-anchor-id=\"practica-4-circuitos-electricos-de-primer-orden\">\n\t\t\t\t<div class=\"sow-accordion-panel-header-container\" role=\"heading\" aria-level=\"2\">\n\t\t\t\t\t<div class=\"sow-accordion-panel-header\" tabindex=\"0\" role=\"button\" id=\"accordion-label-pr%c3%a1ctica-4-circuitos-el%c3%a9ctricos-de-primer-orden\" aria-controls=\"accordion-content-pr%c3%a1ctica-4-circuitos-el%c3%a9ctricos-de-primer-orden\" aria-expanded=\"false\">\n\t\t\t\t\t\t<div class=\"sow-accordion-title sow-accordion-title-icon-left\">\n\t\t\t\t\t\t\t\t\t\t\t\t\t\tPr\u00e1ctica 4 - Circuitos el\u00e9ctricos de primer orden\t\t\t\t\t\t\t\t\t\t\t\t\t<\/div>\n\t\t\t\t\t\t<div class=\"sow-accordion-open-close-button\">\n\t\t\t\t\t\t\t<div class=\"sow-accordion-open-button\">\n\t\t\t\t\t\t\t\t<span class=\"sow-icon-ionicons\" data-sow-icon=\"&#xf218;\"\n\t\t \n\t\taria-hidden=\"true\"><\/span>\t\t\t\t\t\t\t<\/div>\n\t\t\t\t\t\t\t<div class=\"sow-accordion-close-button\">\n\t\t\t\t\t\t\t\t<span class=\"sow-icon-ionicons\" data-sow-icon=\"&#xf209;\"\n\t\t \n\t\taria-hidden=\"true\"><\/span>\t\t\t\t\t\t\t<\/div>\n\t\t\t\t\t\t<\/div>\n\t\t\t\t\t<\/div>\n\t\t\t\t<\/div>\n\n\t\t\t<div\n\t\t\t\tclass=\"sow-accordion-panel-content\"\n\t\t\t\trole=\"region\"\n\t\t\t\taria-labelledby=\"accordion-label-pr%c3%a1ctica-4-circuitos-el%c3%a9ctricos-de-primer-orden\"\n\t\t\t\tid=\"accordion-content-pr%c3%a1ctica-4-circuitos-el%c3%a9ctricos-de-primer-orden\"\n\t\t\t\tstyle=\"display: none;\"\t\t\t>\n\t\t\t\t<div class=\"sow-accordion-panel-border\">\n\t\t\t\t\t<ul>\n<li><a href=\"https:\/\/drive.google.com\/open?id=1Y_2zUrBjVqQyZb_rJub6m9nXlHE1kUCC&amp;usp=drive_fs\" target=\"_blank\" rel=\"noopener\">Pr\u00e1ctica4<\/a><\/li>\n<li><a href=\"https:\/\/drive.google.com\/open?id=1NG0RJCaBLLoghLzBrqiScHzxO2YXwlkW&amp;usp=drive_fs\" target=\"_blank\" rel=\"noopener\">HojaDeDatos_P4<\/a><\/li>\n<li><a href=\"http:\/\/blog.espol.edu.ec\/analisisderedes\/files\/2023\/11\/Osciloscopio-Tektronix-Serie-TBS1000C.pdf\" target=\"_blank\" rel=\"noopener\">Manual Osciloscopio Tektronix Serie TBS1000C<\/a><\/li>\n<\/ul>\n\t\t\t\t<\/div>\n\t\t\t<\/div>\n\t\t<\/div>\n\t\t\t<div class=\"sow-accordion-panel\n\t\t\t\t\"\n\t\t\tdata-anchor-id=\"practica-5-circuitos-electricos-de-segundo-orden\">\n\t\t\t\t<div class=\"sow-accordion-panel-header-container\" role=\"heading\" aria-level=\"2\">\n\t\t\t\t\t<div class=\"sow-accordion-panel-header\" tabindex=\"0\" role=\"button\" id=\"accordion-label-pr%c3%a1ctica-5-circuitos-el%c3%a9ctricos-de-segundo-orden\" aria-controls=\"accordion-content-pr%c3%a1ctica-5-circuitos-el%c3%a9ctricos-de-segundo-orden\" aria-expanded=\"false\">\n\t\t\t\t\t\t<div class=\"sow-accordion-title sow-accordion-title-icon-left\">\n\t\t\t\t\t\t\t\t\t\t\t\t\t\tPr\u00e1ctica 5 - Circuitos el\u00e9ctricos de segundo orden\t\t\t\t\t\t\t\t\t\t\t\t\t<\/div>\n\t\t\t\t\t\t<div class=\"sow-accordion-open-close-button\">\n\t\t\t\t\t\t\t<div class=\"sow-accordion-open-button\">\n\t\t\t\t\t\t\t\t<span class=\"sow-icon-ionicons\" data-sow-icon=\"&#xf218;\"\n\t\t \n\t\taria-hidden=\"true\"><\/span>\t\t\t\t\t\t\t<\/div>\n\t\t\t\t\t\t\t<div class=\"sow-accordion-close-button\">\n\t\t\t\t\t\t\t\t<span class=\"sow-icon-ionicons\" data-sow-icon=\"&#xf209;\"\n\t\t \n\t\taria-hidden=\"true\"><\/span>\t\t\t\t\t\t\t<\/div>\n\t\t\t\t\t\t<\/div>\n\t\t\t\t\t<\/div>\n\t\t\t\t<\/div>\n\n\t\t\t<div\n\t\t\t\tclass=\"sow-accordion-panel-content\"\n\t\t\t\trole=\"region\"\n\t\t\t\taria-labelledby=\"accordion-label-pr%c3%a1ctica-5-circuitos-el%c3%a9ctricos-de-segundo-orden\"\n\t\t\t\tid=\"accordion-content-pr%c3%a1ctica-5-circuitos-el%c3%a9ctricos-de-segundo-orden\"\n\t\t\t\tstyle=\"display: none;\"\t\t\t>\n\t\t\t\t<div class=\"sow-accordion-panel-border\">\n\t\t\t\t\t<ul>\n<li><a href=\"https:\/\/drive.google.com\/open?id=1LaEaTGA7UEEfE88qYozkYD6hFyuZBU6M&amp;usp=drive_fs\" target=\"_blank\" rel=\"noopener\">Pr\u00e1ctica5<\/a><\/li>\n<li><a href=\"https:\/\/drive.google.com\/open?id=1tmbcjMInD3xK3tQTPTKU6hcYZexinGeL&amp;usp=drive_fs\" target=\"_blank\" rel=\"noopener\">HojaDeDatos_P5<\/a><\/li>\n<\/ul>\n\t\t\t\t<\/div>\n\t\t\t<\/div>\n\t\t<\/div>\n\t\t\t<div class=\"sow-accordion-panel\n\t\t\t\t\"\n\t\t\tdata-anchor-id=\"practica-6-circuitos-en-el-dominio-de-la-frecuencia\">\n\t\t\t\t<div class=\"sow-accordion-panel-header-container\" role=\"heading\" aria-level=\"2\">\n\t\t\t\t\t<div class=\"sow-accordion-panel-header\" tabindex=\"0\" role=\"button\" id=\"accordion-label-pr%c3%a1ctica-6-circuitos-en-el-dominio-de-la-frecuencia\" aria-controls=\"accordion-content-pr%c3%a1ctica-6-circuitos-en-el-dominio-de-la-frecuencia\" aria-expanded=\"false\">\n\t\t\t\t\t\t<div class=\"sow-accordion-title sow-accordion-title-icon-left\">\n\t\t\t\t\t\t\t\t\t\t\t\t\t\tPr\u00e1ctica 6 - Circuitos en el dominio de la frecuencia\t\t\t\t\t\t\t\t\t\t\t\t\t<\/div>\n\t\t\t\t\t\t<div class=\"sow-accordion-open-close-button\">\n\t\t\t\t\t\t\t<div class=\"sow-accordion-open-button\">\n\t\t\t\t\t\t\t\t<span class=\"sow-icon-ionicons\" data-sow-icon=\"&#xf218;\"\n\t\t \n\t\taria-hidden=\"true\"><\/span>\t\t\t\t\t\t\t<\/div>\n\t\t\t\t\t\t\t<div class=\"sow-accordion-close-button\">\n\t\t\t\t\t\t\t\t<span class=\"sow-icon-ionicons\" data-sow-icon=\"&#xf209;\"\n\t\t \n\t\taria-hidden=\"true\"><\/span>\t\t\t\t\t\t\t<\/div>\n\t\t\t\t\t\t<\/div>\n\t\t\t\t\t<\/div>\n\t\t\t\t<\/div>\n\n\t\t\t<div\n\t\t\t\tclass=\"sow-accordion-panel-content\"\n\t\t\t\trole=\"region\"\n\t\t\t\taria-labelledby=\"accordion-label-pr%c3%a1ctica-6-circuitos-en-el-dominio-de-la-frecuencia\"\n\t\t\t\tid=\"accordion-content-pr%c3%a1ctica-6-circuitos-en-el-dominio-de-la-frecuencia\"\n\t\t\t\tstyle=\"display: none;\"\t\t\t>\n\t\t\t\t<div class=\"sow-accordion-panel-border\">\n\t\t\t\t\t<ul>\n<li><a href=\"https:\/\/drive.google.com\/open?id=1PVsMe5fUDhinJNluNxx6C1n28ggEWCGK&amp;usp=drive_fs\" target=\"_blank\" rel=\"noopener\">Pr\u00e1ctica 6<\/a><\/li>\n<li><a href=\"https:\/\/drive.google.com\/open?id=1bPVjJ3qONJuEFcERwe-7HP2omeFPCyX0&amp;usp=drive_fs\" target=\"_blank\" rel=\"noopener\">Hoja De Datos P6<\/a><\/li>\n<\/ul>\n\t\t\t\t<\/div>\n\t\t\t<\/div>\n\t\t<\/div>\n\t\t\t<div class=\"sow-accordion-panel\n\t\t\t\t\"\n\t\t\tdata-anchor-id=\"semana-de-examen-practico\">\n\t\t\t\t<div class=\"sow-accordion-panel-header-container\" role=\"heading\" aria-level=\"2\">\n\t\t\t\t\t<div class=\"sow-accordion-panel-header\" tabindex=\"0\" role=\"button\" id=\"accordion-label-semana-de-examen-pr%c3%a1ctico\" aria-controls=\"accordion-content-semana-de-examen-pr%c3%a1ctico\" aria-expanded=\"false\">\n\t\t\t\t\t\t<div class=\"sow-accordion-title sow-accordion-title-icon-left\">\n\t\t\t\t\t\t\t\t\t\t\t\t\t\tSemana de examen pr\u00e1ctico\t\t\t\t\t\t\t\t\t\t\t\t\t<\/div>\n\t\t\t\t\t\t<div class=\"sow-accordion-open-close-button\">\n\t\t\t\t\t\t\t<div class=\"sow-accordion-open-button\">\n\t\t\t\t\t\t\t\t<span class=\"sow-icon-ionicons\" data-sow-icon=\"&#xf218;\"\n\t\t \n\t\taria-hidden=\"true\"><\/span>\t\t\t\t\t\t\t<\/div>\n\t\t\t\t\t\t\t<div class=\"sow-accordion-close-button\">\n\t\t\t\t\t\t\t\t<span class=\"sow-icon-ionicons\" data-sow-icon=\"&#xf209;\"\n\t\t \n\t\taria-hidden=\"true\"><\/span>\t\t\t\t\t\t\t<\/div>\n\t\t\t\t\t\t<\/div>\n\t\t\t\t\t<\/div>\n\t\t\t\t<\/div>\n\n\t\t\t<div\n\t\t\t\tclass=\"sow-accordion-panel-content\"\n\t\t\t\trole=\"region\"\n\t\t\t\taria-labelledby=\"accordion-label-semana-de-examen-pr%c3%a1ctico\"\n\t\t\t\tid=\"accordion-content-semana-de-examen-pr%c3%a1ctico\"\n\t\t\t\tstyle=\"display: none;\"\t\t\t>\n\t\t\t\t<div class=\"sow-accordion-panel-border\">\n\t\t\t\t\t\t\t\t\t<\/div>\n\t\t\t<\/div>\n\t\t<\/div>\n\t\t<\/div>\n<\/div>\n<\/div><\/div><\/div><\/div><\/div>","protected":false},"excerpt":{"rendered":"<p>Pr\u00e1ctica 1 - Uso de equipos de laboratorio Pr\u00e1ctica 1 Pr\u00e1ctica 2 - An\u00e1lisis de circuitos trif\u00e1sicos Pr\u00e1ctica 2 HojaDeDatos_P2 Pr\u00e1ctica 3 - Potencia en Circuitos trif\u00e1sicos Pr\u00e1ctica3 HojaDeDatos_P3 Pr\u00e1ctica 4 - Circuitos el\u00e9ctricos de primer orden Pr\u00e1ctica4 HojaDeDatos_P4 Manual Osciloscopio Tektronix Serie TBS1000C Pr\u00e1ctica 5 - Circuitos el\u00e9ctricos de segundo orden Pr\u00e1ctica5 HojaDeDatos_P5 Pr\u00e1ctica &hellip; <\/p>\n<p class=\"link-more\"><a href=\"https:\/\/blog.espol.edu.ec\/analisisderedes\/practicas\/\" class=\"more-link\">Continuar leyendo<span class=\"screen-reader-text\"> \"Pr\u00e1cticas\"<\/span><\/a><\/p>\n","protected":false},"author":11112,"featured_media":0,"parent":0,"menu_order":0,"comment_status":"closed","ping_status":"closed","template":"","meta":{"footnotes":""},"class_list":["post-48","page","type-page","status-publish","hentry"],"_links":{"self":[{"href":"https:\/\/blog.espol.edu.ec\/analisisderedes\/wp-json\/wp\/v2\/pages\/48","targetHints":{"allow":["GET"]}}],"collection":[{"href":"https:\/\/blog.espol.edu.ec\/analisisderedes\/wp-json\/wp\/v2\/pages"}],"about":[{"href":"https:\/\/blog.espol.edu.ec\/analisisderedes\/wp-json\/wp\/v2\/types\/page"}],"author":[{"embeddable":true,"href":"https:\/\/blog.espol.edu.ec\/analisisderedes\/wp-json\/wp\/v2\/users\/11112"}],"replies":[{"embeddable":true,"href":"https:\/\/blog.espol.edu.ec\/analisisderedes\/wp-json\/wp\/v2\/comments?post=48"}],"version-history":[{"count":55,"href":"https:\/\/blog.espol.edu.ec\/analisisderedes\/wp-json\/wp\/v2\/pages\/48\/revisions"}],"predecessor-version":[{"id":445,"href":"https:\/\/blog.espol.edu.ec\/analisisderedes\/wp-json\/wp\/v2\/pages\/48\/revisions\/445"}],"wp:attachment":[{"href":"https:\/\/blog.espol.edu.ec\/analisisderedes\/wp-json\/wp\/v2\/media?parent=48"}],"curies":[{"name":"wp","href":"https:\/\/api.w.org\/{rel}","templated":true}]}}