{"id":50,"date":"2020-10-07T20:51:00","date_gmt":"2020-10-07T18:51:00","guid":{"rendered":"http:\/\/blog.espol.edu.ec\/circuitoselectricos\/?page_id=16"},"modified":"2022-02-18T06:12:02","modified_gmt":"2022-02-18T05:12:02","slug":"videostutoriales","status":"publish","type":"page","link":"https:\/\/blog.espol.edu.ec\/analisisderedes\/videostutoriales\/","title":{"rendered":"Videos tutoriales"},"content":{"rendered":"<div id=\"pl-50\"  class=\"panel-layout\" ><div id=\"pg-50-0\"  class=\"panel-grid panel-no-style\" ><div id=\"pgc-50-0-0\"  class=\"panel-grid-cell\" ><div id=\"panel-50-0-0-0\" class=\"so-panel widget widget_sow-accordion panel-first-child\" data-index=\"0\" ><div\n\t\t\t\n\t\t\tclass=\"so-widget-sow-accordion so-widget-sow-accordion-default-99be652ed941-50\"\n\t\t\t\n\t\t><div>\n\t<div class=\"sow-accordion\">\n\t\t\t<div class=\"sow-accordion-panel\n\t\t\t\t\"\n\t\t\tdata-anchor-id=\"practica-1-analisis-de-circuitos-trifasicos\">\n\t\t\t\t<div class=\"sow-accordion-panel-header-container\" role=\"heading\" aria-level=\"2\">\n\t\t\t\t\t<div class=\"sow-accordion-panel-header\" tabindex=\"0\" role=\"button\" id=\"accordion-label-pr%c3%a1ctica-1-an%c3%a1lisis-de-circuitos-trif%c3%a1sicos\" aria-controls=\"accordion-content-pr%c3%a1ctica-1-an%c3%a1lisis-de-circuitos-trif%c3%a1sicos\" aria-expanded=\"false\">\n\t\t\t\t\t\t<div class=\"sow-accordion-title sow-accordion-title-icon-left\">\n\t\t\t\t\t\t\t\t\t\t\t\t\t\tPr\u00e1ctica 1.- An\u00e1lisis de Circuitos Trif\u00e1sicos\t\t\t\t\t\t\t\t\t\t\t\t\t<\/div>\n\t\t\t\t\t\t<div class=\"sow-accordion-open-close-button\">\n\t\t\t\t\t\t\t<div class=\"sow-accordion-open-button\">\n\t\t\t\t\t\t\t\t<span class=\"sow-icon-ionicons\" data-sow-icon=\"&#xf218;\"\n\t\t \n\t\taria-hidden=\"true\"><\/span>\t\t\t\t\t\t\t<\/div>\n\t\t\t\t\t\t\t<div class=\"sow-accordion-close-button\">\n\t\t\t\t\t\t\t\t<span class=\"sow-icon-ionicons\" data-sow-icon=\"&#xf209;\"\n\t\t \n\t\taria-hidden=\"true\"><\/span>\t\t\t\t\t\t\t<\/div>\n\t\t\t\t\t\t<\/div>\n\t\t\t\t\t<\/div>\n\t\t\t\t<\/div>\n\n\t\t\t<div\n\t\t\t\tclass=\"sow-accordion-panel-content\"\n\t\t\t\trole=\"region\"\n\t\t\t\taria-labelledby=\"accordion-label-pr%c3%a1ctica-1-an%c3%a1lisis-de-circuitos-trif%c3%a1sicos\"\n\t\t\t\tid=\"accordion-content-pr%c3%a1ctica-1-an%c3%a1lisis-de-circuitos-trif%c3%a1sicos\"\n\t\t\t\tstyle=\"display: none;\"\t\t\t>\n\t\t\t\t<div class=\"sow-accordion-panel-border\">\n\t\t\t\t\t<ul>\n<li><a href=\"https:\/\/drive.google.com\/file\/d\/1HxaidTDz-srEAHaO1zw_fQa_zCwttu5D\/view?usp=sharing\">An\u00e1lisis de Circuitos Trif\u00e1sicos Parte 1<\/a><\/li>\n<li><a href=\"https:\/\/drive.google.com\/file\/d\/1eozFayFW_bZjZZ1VGZ9NyAXoAi2Ne6yn\/view?usp=sharing\">An\u00e1lisis de Circuitos Trif\u00e1sicos Parte 2<\/a><\/li>\n<li><a href=\"https:\/\/youtu.be\/NrDFOUHEqvA\">Manejo del software Smulink y simulaci\u00f3n de circuitos trif\u00e1sicos<\/a><\/li>\n<\/ul>\n<p>Laboratorio: An\u00e1lisis de Circuitos Trif\u00e1sicos. Medici\u00f3n de Corrientes y Voltajes<\/p>\n<p><iframe loading=\"lazy\" title=\"YouTube video player\" src=\"https:\/\/www.youtube.com\/embed\/yFAkV7m1gSg\" width=\"560\" height=\"315\" frameborder=\"0\" allowfullscreen=\"allowfullscreen\"><\/iframe><\/p>\n\t\t\t\t<\/div>\n\t\t\t<\/div>\n\t\t<\/div>\n\t\t\t<div class=\"sow-accordion-panel\n\t\t\t\t\"\n\t\t\tdata-anchor-id=\"circuitos-trifasicos-complejos\">\n\t\t\t\t<div class=\"sow-accordion-panel-header-container\" role=\"heading\" aria-level=\"2\">\n\t\t\t\t\t<div class=\"sow-accordion-panel-header\" tabindex=\"0\" role=\"button\" id=\"accordion-label-circuitos-trif%c3%a1sicos-complejos\" aria-controls=\"accordion-content-circuitos-trif%c3%a1sicos-complejos\" aria-expanded=\"false\">\n\t\t\t\t\t\t<div class=\"sow-accordion-title sow-accordion-title-icon-left\">\n\t\t\t\t\t\t\t\t\t\t\t\t\t\tCircuitos trif\u00e1sicos complejos \t\t\t\t\t\t\t\t\t\t\t\t\t<\/div>\n\t\t\t\t\t\t<div class=\"sow-accordion-open-close-button\">\n\t\t\t\t\t\t\t<div class=\"sow-accordion-open-button\">\n\t\t\t\t\t\t\t\t<span class=\"sow-icon-ionicons\" data-sow-icon=\"&#xf218;\"\n\t\t \n\t\taria-hidden=\"true\"><\/span>\t\t\t\t\t\t\t<\/div>\n\t\t\t\t\t\t\t<div class=\"sow-accordion-close-button\">\n\t\t\t\t\t\t\t\t<span class=\"sow-icon-ionicons\" data-sow-icon=\"&#xf209;\"\n\t\t \n\t\taria-hidden=\"true\"><\/span>\t\t\t\t\t\t\t<\/div>\n\t\t\t\t\t\t<\/div>\n\t\t\t\t\t<\/div>\n\t\t\t\t<\/div>\n\n\t\t\t<div\n\t\t\t\tclass=\"sow-accordion-panel-content\"\n\t\t\t\trole=\"region\"\n\t\t\t\taria-labelledby=\"accordion-label-circuitos-trif%c3%a1sicos-complejos\"\n\t\t\t\tid=\"accordion-content-circuitos-trif%c3%a1sicos-complejos\"\n\t\t\t\tstyle=\"display: none;\"\t\t\t>\n\t\t\t\t<div class=\"sow-accordion-panel-border\">\n\t\t\t\t\t<ul>\n \t<li><a href=\"https:\/\/youtu.be\/uZmOR4DFVJQ\" target=\"_blank\" rel=\"noopener\">Parte 1<\/a><\/li>\n \t<li><a href=\"https:\/\/youtu.be\/WFSlErkW_Fw\" target=\"_blank\" rel=\"noopener\">Parte 2<\/a><\/li>\n \t<li><a href=\"https:\/\/youtu.be\/E_RAr0xHb7w\" target=\"_blank\" rel=\"noopener\">Circuitos con 2 fuentes trif\u00e1sicas y secuencia negativa<\/a><\/li>\n<li><a href=\"https:\/\/youtu.be\/YotzB7sWqss\" target=\"_blank\" rel=\"noopener\">Pr\u00e1ctica#2 Cargas balanceadas y desbalanceadas<\/a><\/li>\n\n<\/ul>\t\t\t\t<\/div>\n\t\t\t<\/div>\n\t\t<\/div>\n\t\t\t<div class=\"sow-accordion-panel\n\t\t\t\t\"\n\t\t\tdata-anchor-id=\"circuitos-de-primer-orden\">\n\t\t\t\t<div class=\"sow-accordion-panel-header-container\" role=\"heading\" aria-level=\"2\">\n\t\t\t\t\t<div class=\"sow-accordion-panel-header\" tabindex=\"0\" role=\"button\" id=\"accordion-label-circuitos-de-primer-orden\" aria-controls=\"accordion-content-circuitos-de-primer-orden\" aria-expanded=\"false\">\n\t\t\t\t\t\t<div class=\"sow-accordion-title sow-accordion-title-icon-left\">\n\t\t\t\t\t\t\t\t\t\t\t\t\t\tCircuitos de primer orden\t\t\t\t\t\t\t\t\t\t\t\t\t<\/div>\n\t\t\t\t\t\t<div class=\"sow-accordion-open-close-button\">\n\t\t\t\t\t\t\t<div class=\"sow-accordion-open-button\">\n\t\t\t\t\t\t\t\t<span class=\"sow-icon-ionicons\" data-sow-icon=\"&#xf218;\"\n\t\t \n\t\taria-hidden=\"true\"><\/span>\t\t\t\t\t\t\t<\/div>\n\t\t\t\t\t\t\t<div class=\"sow-accordion-close-button\">\n\t\t\t\t\t\t\t\t<span class=\"sow-icon-ionicons\" data-sow-icon=\"&#xf209;\"\n\t\t \n\t\taria-hidden=\"true\"><\/span>\t\t\t\t\t\t\t<\/div>\n\t\t\t\t\t\t<\/div>\n\t\t\t\t\t<\/div>\n\t\t\t\t<\/div>\n\n\t\t\t<div\n\t\t\t\tclass=\"sow-accordion-panel-content\"\n\t\t\t\trole=\"region\"\n\t\t\t\taria-labelledby=\"accordion-label-circuitos-de-primer-orden\"\n\t\t\t\tid=\"accordion-content-circuitos-de-primer-orden\"\n\t\t\t\tstyle=\"display: none;\"\t\t\t>\n\t\t\t\t<div class=\"sow-accordion-panel-border\">\n\t\t\t\t\t<ul>\n \t<li><a href=\"https:\/\/youtu.be\/VdYYeclpwBM\" target=\"_blank\" rel=\"noopener\">Realizar circuitos RL Y RC en simulink<\/a><\/li>\n \t<li><a href=\"https:\/\/youtu.be\/ZEx2xuhuvQs\" target=\"_blank\" rel=\"noopener\">Simulaci\u00f3n de circuitos RC y RL en simulink<\/a><\/li>\n \t<li><a href=\"https:\/\/youtu.be\/bHj51AnCrDU\" target=\"_blank\" rel=\"noopener\">C\u00e1lculos te\u00f3ricos de circuito de primer orden (RC y RL)<\/a><\/li>\n<\/ul>\t\t\t\t<\/div>\n\t\t\t<\/div>\n\t\t<\/div>\n\t\t\t<div class=\"sow-accordion-panel\n\t\t\t\t\"\n\t\t\tdata-anchor-id=\"circuitos-de-segundo-orden\">\n\t\t\t\t<div class=\"sow-accordion-panel-header-container\" role=\"heading\" aria-level=\"2\">\n\t\t\t\t\t<div class=\"sow-accordion-panel-header\" tabindex=\"0\" role=\"button\" id=\"accordion-label-circuitos-de-segundo-orden\" aria-controls=\"accordion-content-circuitos-de-segundo-orden\" aria-expanded=\"false\">\n\t\t\t\t\t\t<div class=\"sow-accordion-title sow-accordion-title-icon-left\">\n\t\t\t\t\t\t\t\t\t\t\t\t\t\tCircuitos de segundo orden\t\t\t\t\t\t\t\t\t\t\t\t\t<\/div>\n\t\t\t\t\t\t<div class=\"sow-accordion-open-close-button\">\n\t\t\t\t\t\t\t<div class=\"sow-accordion-open-button\">\n\t\t\t\t\t\t\t\t<span class=\"sow-icon-ionicons\" data-sow-icon=\"&#xf218;\"\n\t\t \n\t\taria-hidden=\"true\"><\/span>\t\t\t\t\t\t\t<\/div>\n\t\t\t\t\t\t\t<div class=\"sow-accordion-close-button\">\n\t\t\t\t\t\t\t\t<span class=\"sow-icon-ionicons\" data-sow-icon=\"&#xf209;\"\n\t\t \n\t\taria-hidden=\"true\"><\/span>\t\t\t\t\t\t\t<\/div>\n\t\t\t\t\t\t<\/div>\n\t\t\t\t\t<\/div>\n\t\t\t\t<\/div>\n\n\t\t\t<div\n\t\t\t\tclass=\"sow-accordion-panel-content\"\n\t\t\t\trole=\"region\"\n\t\t\t\taria-labelledby=\"accordion-label-circuitos-de-segundo-orden\"\n\t\t\t\tid=\"accordion-content-circuitos-de-segundo-orden\"\n\t\t\t\tstyle=\"display: none;\"\t\t\t>\n\t\t\t\t<div class=\"sow-accordion-panel-border\">\n\t\t\t\t\t<ul>\n<li><a href=\"https:\/\/youtu.be\/JGlBFjvJGDo\" target=\"_blank\" rel=\"noopener\">Simulaci\u00f3n de circuitos de segundo orden en simulink<\/a><\/li>\n<li><a href=\"https:\/\/youtu.be\/q6aQvwhYJEg\" target=\"_blank\" rel=\"noopener\">C\u00e1lculos te\u00f3ricos de circuitos de segundo orden<\/a><\/li>\n<\/ul>\n\t\t\t\t<\/div>\n\t\t\t<\/div>\n\t\t<\/div>\n\t\t\t<div class=\"sow-accordion-panel\n\t\t\t\t\"\n\t\t\tdata-anchor-id=\"circuitos-en-el-dominio-de-la-frecuencia\">\n\t\t\t\t<div class=\"sow-accordion-panel-header-container\" role=\"heading\" aria-level=\"2\">\n\t\t\t\t\t<div class=\"sow-accordion-panel-header\" tabindex=\"0\" role=\"button\" id=\"accordion-label-circuitos-en-el-dominio-de-la-frecuencia\" aria-controls=\"accordion-content-circuitos-en-el-dominio-de-la-frecuencia\" aria-expanded=\"false\">\n\t\t\t\t\t\t<div class=\"sow-accordion-title sow-accordion-title-icon-left\">\n\t\t\t\t\t\t\t\t\t\t\t\t\t\tCircuitos en el dominio de la frecuencia \t\t\t\t\t\t\t\t\t\t\t\t\t<\/div>\n\t\t\t\t\t\t<div class=\"sow-accordion-open-close-button\">\n\t\t\t\t\t\t\t<div class=\"sow-accordion-open-button\">\n\t\t\t\t\t\t\t\t<span class=\"sow-icon-ionicons\" data-sow-icon=\"&#xf218;\"\n\t\t \n\t\taria-hidden=\"true\"><\/span>\t\t\t\t\t\t\t<\/div>\n\t\t\t\t\t\t\t<div class=\"sow-accordion-close-button\">\n\t\t\t\t\t\t\t\t<span class=\"sow-icon-ionicons\" data-sow-icon=\"&#xf209;\"\n\t\t \n\t\taria-hidden=\"true\"><\/span>\t\t\t\t\t\t\t<\/div>\n\t\t\t\t\t\t<\/div>\n\t\t\t\t\t<\/div>\n\t\t\t\t<\/div>\n\n\t\t\t<div\n\t\t\t\tclass=\"sow-accordion-panel-content\"\n\t\t\t\trole=\"region\"\n\t\t\t\taria-labelledby=\"accordion-label-circuitos-en-el-dominio-de-la-frecuencia\"\n\t\t\t\tid=\"accordion-content-circuitos-en-el-dominio-de-la-frecuencia\"\n\t\t\t\tstyle=\"display: none;\"\t\t\t>\n\t\t\t\t<div class=\"sow-accordion-panel-border\">\n\t\t\t\t\t<ul>\n \t<li><a href=\"https:\/\/www.youtube.com\/watch?v=5GS1q4AEVYs&amp;t=2s\" target=\"_blank\" rel=\"noopener\">Clase te\u00f3rica de filtros\u00a0<\/a><\/li>\n \t<li><a href=\"https:\/\/youtu.be\/-rVNbVaeUfY\" target=\"_blank\" rel=\"noopener\">C\u00e1lculos te\u00f3ricos de circuitos en el dominio de la frecuencia<\/a><\/li>\n \t<li><a href=\"https:\/\/youtu.be\/bBNyyGqSE4I\" target=\"_blank\" rel=\"noopener\">Simulaci\u00f3n de\u00a0circuitos en el dominio de la frecuencia<\/a><\/li>\n<\/ul>\t\t\t\t<\/div>\n\t\t\t<\/div>\n\t\t<\/div>\n\t\t\t<div class=\"sow-accordion-panel\n\t\t\t\t\"\n\t\t\tdata-anchor-id=\"redes-de-dos-puertos\">\n\t\t\t\t<div class=\"sow-accordion-panel-header-container\" role=\"heading\" aria-level=\"2\">\n\t\t\t\t\t<div class=\"sow-accordion-panel-header\" tabindex=\"0\" role=\"button\" id=\"accordion-label-redes-de-dos-puertos\" aria-controls=\"accordion-content-redes-de-dos-puertos\" aria-expanded=\"false\">\n\t\t\t\t\t\t<div class=\"sow-accordion-title sow-accordion-title-icon-left\">\n\t\t\t\t\t\t\t\t\t\t\t\t\t\tRedes de dos puertos\t\t\t\t\t\t\t\t\t\t\t\t\t<\/div>\n\t\t\t\t\t\t<div class=\"sow-accordion-open-close-button\">\n\t\t\t\t\t\t\t<div class=\"sow-accordion-open-button\">\n\t\t\t\t\t\t\t\t<span class=\"sow-icon-ionicons\" data-sow-icon=\"&#xf218;\"\n\t\t \n\t\taria-hidden=\"true\"><\/span>\t\t\t\t\t\t\t<\/div>\n\t\t\t\t\t\t\t<div class=\"sow-accordion-close-button\">\n\t\t\t\t\t\t\t\t<span class=\"sow-icon-ionicons\" data-sow-icon=\"&#xf209;\"\n\t\t \n\t\taria-hidden=\"true\"><\/span>\t\t\t\t\t\t\t<\/div>\n\t\t\t\t\t\t<\/div>\n\t\t\t\t\t<\/div>\n\t\t\t\t<\/div>\n\n\t\t\t<div\n\t\t\t\tclass=\"sow-accordion-panel-content\"\n\t\t\t\trole=\"region\"\n\t\t\t\taria-labelledby=\"accordion-label-redes-de-dos-puertos\"\n\t\t\t\tid=\"accordion-content-redes-de-dos-puertos\"\n\t\t\t\tstyle=\"display: none;\"\t\t\t>\n\t\t\t\t<div class=\"sow-accordion-panel-border\">\n\t\t\t\t\t<ul>\n<li><a href=\"https:\/\/youtu.be\/4wQe0Xygs0g\" target=\"_blank\" rel=\"noopener\">C\u00e1lculos te\u00f3ricos de redes de dos puertos<\/a><\/li>\n<li><a href=\"https:\/\/youtu.be\/o-UW2IZUA8k\" target=\"_blank\" rel=\"noopener\">Simulaci\u00f3n de redes de dos puertos en simulink <\/a><\/li>\n<\/ul>\n\t\t\t\t<\/div>\n\t\t\t<\/div>\n\t\t<\/div>\n\t\t<\/div>\n<\/div>\n<\/div><\/div><div id=\"panel-50-0-0-1\" class=\"so-panel widget widget_text panel-last-child\" data-index=\"1\" ><h3 class=\"widget-title\">Clases grabadas<\/h3>\t\t\t<div class=\"textwidget\"><p>En el siguiente <a href=\"https:\/\/drive.google.com\/drive\/folders\/1RYMkuIqbkQaT__yWavEPV8qw2LHYh6Ja?usp=sharing\">link<\/a> podr\u00e1n encontrar las clases grabadas del Laboratorio de An\u00e1lisis de Redes El\u00e9ctricas<\/p>\n<\/div>\n\t\t<\/div><\/div><\/div><\/div>","protected":false},"excerpt":{"rendered":"<p>En el siguiente link podr\u00e1n encontrar las clases grabadas del Laboratorio de An\u00e1lisis de Redes El\u00e9ctricas<\/p>\n","protected":false},"author":11112,"featured_media":0,"parent":0,"menu_order":3,"comment_status":"closed","ping_status":"closed","template":"","meta":{"footnotes":""},"class_list":["post-50","page","type-page","status-publish","hentry"],"_links":{"self":[{"href":"https:\/\/blog.espol.edu.ec\/analisisderedes\/wp-json\/wp\/v2\/pages\/50","targetHints":{"allow":["GET"]}}],"collection":[{"href":"https:\/\/blog.espol.edu.ec\/analisisderedes\/wp-json\/wp\/v2\/pages"}],"about":[{"href":"https:\/\/blog.espol.edu.ec\/analisisderedes\/wp-json\/wp\/v2\/types\/page"}],"author":[{"embeddable":true,"href":"https:\/\/blog.espol.edu.ec\/analisisderedes\/wp-json\/wp\/v2\/users\/11112"}],"replies":[{"embeddable":true,"href":"https:\/\/blog.espol.edu.ec\/analisisderedes\/wp-json\/wp\/v2\/comments?post=50"}],"version-history":[{"count":20,"href":"https:\/\/blog.espol.edu.ec\/analisisderedes\/wp-json\/wp\/v2\/pages\/50\/revisions"}],"predecessor-version":[{"id":170,"href":"https:\/\/blog.espol.edu.ec\/analisisderedes\/wp-json\/wp\/v2\/pages\/50\/revisions\/170"}],"wp:attachment":[{"href":"https:\/\/blog.espol.edu.ec\/analisisderedes\/wp-json\/wp\/v2\/media?parent=50"}],"curies":[{"name":"wp","href":"https:\/\/api.w.org\/{rel}","templated":true}]}}